{"id":8997,"date":"2026-03-06T17:00:25","date_gmt":"2026-03-06T17:00:25","guid":{"rendered":"https:\/\/agronomiciq.com\/?page_id=8997"},"modified":"2026-03-25T15:36:13","modified_gmt":"2026-03-25T15:36:13","slug":"contact-2","status":"publish","type":"page","link":"https:\/\/agronomiciq.com\/fr\/contact-2\/","title":{"rendered":"Contact"},"content":{"rendered":"\t\t<div data-elementor-type=\"wp-page\" data-elementor-id=\"8997\" class=\"elementor elementor-8997 elementor-8996\" data-elementor-post-type=\"page\">\n\t\t\t\t\t\t<section class=\"elementor-section elementor-top-section elementor-element elementor-element-a5ba59d elementor-section-boxed elementor-section-height-default elementor-section-height-default\" data-id=\"a5ba59d\" data-element_type=\"section\" data-e-type=\"section\">\n\t\t\t\t\t\t<div class=\"elementor-container elementor-column-gap-no\">\n\t\t\t\t\t<div class=\"elementor-column elementor-col-100 elementor-top-column elementor-element elementor-element-be6be99\" data-id=\"be6be99\" data-element_type=\"column\" data-e-type=\"column\">\n\t\t\t<div class=\"elementor-widget-wrap elementor-element-populated\">\n\t\t\t\t\t\t<div class=\"elementor-element elementor-element-d6dfaf8 elementor-widget elementor-widget-spacer\" data-id=\"d6dfaf8\" data-element_type=\"widget\" data-e-type=\"widget\" data-widget_type=\"spacer.default\">\n\t\t\t\t<div class=\"elementor-widget-container\">\n\t\t\t\t\t\t\t<div class=\"elementor-spacer\">\n\t\t\t<div class=\"elementor-spacer-inner\"><\/div>\n\t\t<\/div>\n\t\t\t\t\t\t<\/div>\n\t\t\t\t<\/div>\n\t\t\t\t<section class=\"elementor-section elementor-inner-section elementor-element elementor-element-df0df66 elementor-section-boxed elementor-section-height-default elementor-section-height-default\" data-id=\"df0df66\" data-element_type=\"section\" data-e-type=\"section\">\n\t\t\t\t\t\t<div class=\"elementor-container elementor-column-gap-no\">\n\t\t\t\t\t<div class=\"elementor-column elementor-col-100 elementor-inner-column elementor-element elementor-element-e466293\" data-id=\"e466293\" data-element_type=\"column\" data-e-type=\"column\">\n\t\t\t<div class=\"elementor-widget-wrap elementor-element-populated\">\n\t\t\t\t\t\t<div class=\"elementor-element elementor-element-78b566f elementor-widget elementor-widget-text-editor\" data-id=\"78b566f\" data-element_type=\"widget\" data-e-type=\"widget\" data-widget_type=\"text-editor.default\">\n\t\t\t\t<div class=\"elementor-widget-container\">\n\t\t\t\t\t\t\t\t\t<p>La s\u00e9rie AGronomic IQ est le syst\u00e8me de choix pour les cultivateurs commerciaux dans les \u00e9tats am\u00e9ricains r\u00e9glement\u00e9s et dans tout le Canada. C&rsquo;est parce que nous offrons une expertise \u00e9prouv\u00e9e en mati\u00e8re de conception de syst\u00e8mes de chauffage, de ventilation et de climatisation des salles de culture, un service exceptionnel et une approche partenariale des affaires qui assurera le succ\u00e8s \u00e0 long terme. <\/p>\n<p>Vous cherchez \u00e0 vous associer avec le leader de l&rsquo;industrie du chauffage, de la ventilation et de la climatisation des chambres de culture ?&nbsp;<\/p>\t\t\t\t\t\t\t\t<\/div>\n\t\t\t\t<\/div>\n\t\t\t\t\t<\/div>\n\t\t<\/div>\n\t\t\t\t\t<\/div>\n\t\t<\/section>\n\t\t\t\t<section class=\"elementor-section elementor-inner-section elementor-element elementor-element-b075095 elementor-section-boxed elementor-section-height-default elementor-section-height-default\" data-id=\"b075095\" data-element_type=\"section\" data-e-type=\"section\">\n\t\t\t\t\t\t<div class=\"elementor-container elementor-column-gap-extended\">\n\t\t\t\t\t<div class=\"elementor-column elementor-col-50 elementor-inner-column elementor-element elementor-element-4938ff6\" data-id=\"4938ff6\" data-element_type=\"column\" data-e-type=\"column\">\n\t\t\t<div class=\"elementor-widget-wrap elementor-element-populated\">\n\t\t\t\t\t\t<div class=\"elementor-element elementor-element-f791738 elementor-widget elementor-widget-heading\" data-id=\"f791738\" data-element_type=\"widget\" data-e-type=\"widget\" data-widget_type=\"heading.default\">\n\t\t\t\t<div class=\"elementor-widget-container\">\n\t\t\t\t\t<h4 class=\"elementor-heading-title elementor-size-default\">Connectons-nous<\/h4>\t\t\t\t<\/div>\n\t\t\t\t<\/div>\n\t\t\t\t<div class=\"elementor-element elementor-element-6c6e9a3 elementor-widget elementor-widget-text-editor\" data-id=\"6c6e9a3\" data-element_type=\"widget\" data-e-type=\"widget\" data-widget_type=\"text-editor.default\">\n\t\t\t\t<div class=\"elementor-widget-container\">\n\t\t\t\t\t\t\t\t\t<script charset=\"utf-8\" type=\"text\/javascript\" src=\"\/\/js.hsforms.net\/forms\/embed\/v2.js\"><\/script>\n<script>\n  hbspt.forms.create({\n    portalId: \"6898905\",\n    formId: \"b7d3c818-9862-436b-a2dd-1a2755f5e71b\"\n  });\n<\/script>\t\t\t\t\t\t\t\t<\/div>\n\t\t\t\t<\/div>\n\t\t\t\t\t<\/div>\n\t\t<\/div>\n\t\t\t\t<div class=\"elementor-column elementor-col-50 elementor-inner-column elementor-element elementor-element-0eaef4b elementor-hidden-tablet elementor-hidden-phone\" data-id=\"0eaef4b\" data-element_type=\"column\" data-e-type=\"column\">\n\t\t\t<div class=\"elementor-widget-wrap elementor-element-populated\">\n\t\t\t\t\t\t<div class=\"elementor-element elementor-element-6651469 elementor-widget elementor-widget-heading\" data-id=\"6651469\" data-element_type=\"widget\" data-e-type=\"widget\" data-widget_type=\"heading.default\">\n\t\t\t\t<div class=\"elementor-widget-container\">\n\t\t\t\t\t<h4 class=\"elementor-heading-title elementor-size-default\">Informations<\/h4>\t\t\t\t<\/div>\n\t\t\t\t<\/div>\n\t\t\t\t<div class=\"elementor-element elementor-element-69654df elementor-widget elementor-widget-text-editor\" data-id=\"69654df\" data-element_type=\"widget\" data-e-type=\"widget\" data-widget_type=\"text-editor.default\">\n\t\t\t\t<div class=\"elementor-widget-container\">\n\t\t\t\t\t\t\t\t\t<p><strong>AGronomic IQ<\/strong><br \/>5685 Rue Cypihot<br \/>Saint-Laurent, QC<br \/>Canada H4S 1R3<\/p>\n<p><b>1.833.327.AGIQ (2447)<\/b><\/p>\n\t\t\t\t\t\t\t\t<\/div>\n\t\t\t\t<\/div>\n\t\t\t\t\t<\/div>\n\t\t<\/div>\n\t\t\t\t\t<\/div>\n\t\t<\/section>\n\t\t\t\t<div class=\"elementor-element elementor-element-8f65db6 elementor-widget elementor-widget-spacer\" data-id=\"8f65db6\" data-element_type=\"widget\" data-e-type=\"widget\" data-widget_type=\"spacer.default\">\n\t\t\t\t<div class=\"elementor-widget-container\">\n\t\t\t\t\t\t\t<div class=\"elementor-spacer\">\n\t\t\t<div class=\"elementor-spacer-inner\"><\/div>\n\t\t<\/div>\n\t\t\t\t\t\t<\/div>\n\t\t\t\t<\/div>\n\t\t\t\t\t<\/div>\n\t\t<\/div>\n\t\t\t\t\t<\/div>\n\t\t<\/section>\n\t\t\t\t<\/div>\n\t\t","protected":false},"excerpt":{"rendered":"<p>La s\u00e9rie AGronomic IQ est le syst\u00e8me de choix pour les cultivateurs commerciaux dans les \u00e9tats am\u00e9ricains r\u00e9glement\u00e9s et dans tout le Canada. C&rsquo;est parce que nous offrons une expertise \u00e9prouv\u00e9e en mati\u00e8re de conception de syst\u00e8mes de chauffage, de ventilation et de climatisation des salles de culture, un service exceptionnel et une approche partenariale &#8230; <a title=\"Contact\" class=\"read-more\" href=\"https:\/\/agronomiciq.com\/fr\/contact-2\/\" aria-label=\"En savoir plus sur Contact\">Lire plus<\/a><\/p>\n","protected":false},"author":1,"featured_media":0,"parent":0,"menu_order":0,"comment_status":"closed","ping_status":"closed","template":"elementor_header_footer","meta":{"footnotes":""},"class_list":["post-8997","page","type-page","status-publish"],"yoast_head":"<!-- This site is optimized with the Yoast SEO Premium plugin v27.4 (Yoast SEO v27.4) - https:\/\/yoast.com\/product\/yoast-seo-premium-wordpress\/ -->\n<title>Contact &#8211; AGronomic IQ<\/title>\n<meta name=\"robots\" content=\"index, follow, max-snippet:-1, max-image-preview:large, max-video-preview:-1\" \/>\n<link rel=\"canonical\" href=\"https:\/\/agronomiciq.com\/fr\/contact-2\/\" \/>\n<meta property=\"og:locale\" content=\"fr_FR\" \/>\n<meta property=\"og:type\" content=\"article\" \/>\n<meta property=\"og:title\" content=\"Contact\" \/>\n<meta property=\"og:description\" content=\"La s\u00e9rie AGronomic IQ est le syst\u00e8me de choix pour les cultivateurs commerciaux dans les \u00e9tats am\u00e9ricains r\u00e9glement\u00e9s et dans tout le Canada. C&#039;est parce\" \/>\n<meta property=\"og:url\" content=\"https:\/\/agronomiciq.com\/fr\/contact-2\/\" \/>\n<meta property=\"og:site_name\" content=\"AGronomic IQ\" \/>\n<meta property=\"article:modified_time\" content=\"2026-03-25T15:36:13+00:00\" \/>\n<meta name=\"twitter:card\" content=\"summary_large_image\" \/>\n<meta name=\"twitter:label1\" content=\"Dur\u00e9e de lecture estim\u00e9e\" \/>\n\t<meta name=\"twitter:data1\" content=\"1 minute\" \/>\n<script type=\"application\/ld+json\" class=\"yoast-schema-graph\">{\"@context\":\"https:\\\/\\\/schema.org\",\"@graph\":[{\"@type\":\"WebPage\",\"@id\":\"https:\\\/\\\/agronomiciq.com\\\/fr\\\/contact-2\\\/\",\"url\":\"https:\\\/\\\/agronomiciq.com\\\/fr\\\/contact-2\\\/\",\"name\":\"Contact &#8211; AGronomic IQ\",\"isPartOf\":{\"@id\":\"https:\\\/\\\/agronomiciq.com\\\/fr\\\/#website\"},\"datePublished\":\"2026-03-06T17:00:25+00:00\",\"dateModified\":\"2026-03-25T15:36:13+00:00\",\"inLanguage\":\"fr-FR\",\"potentialAction\":[{\"@type\":\"ReadAction\",\"target\":[\"https:\\\/\\\/agronomiciq.com\\\/fr\\\/contact-2\\\/\"]}]},{\"@type\":\"WebSite\",\"@id\":\"https:\\\/\\\/agronomiciq.com\\\/fr\\\/#website\",\"url\":\"https:\\\/\\\/agronomiciq.com\\\/fr\\\/\",\"name\":\"AGronomic IQ\",\"description\":\"Smart HVAC for Growth\",\"publisher\":{\"@id\":\"https:\\\/\\\/agronomiciq.com\\\/fr\\\/#organization\"},\"potentialAction\":[{\"@type\":\"SearchAction\",\"target\":{\"@type\":\"EntryPoint\",\"urlTemplate\":\"https:\\\/\\\/agronomiciq.com\\\/fr\\\/?s={search_term_string}\"},\"query-input\":{\"@type\":\"PropertyValueSpecification\",\"valueRequired\":true,\"valueName\":\"search_term_string\"}}],\"inLanguage\":\"fr-FR\"},{\"@type\":\"Organization\",\"@id\":\"https:\\\/\\\/agronomiciq.com\\\/fr\\\/#organization\",\"name\":\"AGronomic IQ\",\"url\":\"https:\\\/\\\/agronomiciq.com\\\/fr\\\/\",\"logo\":{\"@type\":\"ImageObject\",\"inLanguage\":\"fr-FR\",\"@id\":\"https:\\\/\\\/agronomiciq.com\\\/fr\\\/#\\\/schema\\\/logo\\\/image\\\/\",\"url\":\"https:\\\/\\\/agronomiciq.com\\\/wp-content\\\/uploads\\\/2022\\\/05\\\/agiq-logo-sm.png\",\"contentUrl\":\"https:\\\/\\\/agronomiciq.com\\\/wp-content\\\/uploads\\\/2022\\\/05\\\/agiq-logo-sm.png\",\"width\":800,\"height\":169,\"caption\":\"AGronomic IQ\"},\"image\":{\"@id\":\"https:\\\/\\\/agronomiciq.com\\\/fr\\\/#\\\/schema\\\/logo\\\/image\\\/\"},\"sameAs\":[\"https:\\\/\\\/www.linkedin.com\\\/company\\\/agronomic-iq\\\/\",\"https:\\\/\\\/www.youtube.com\\\/channel\\\/UC_aE0qmeFqR6yVgiEczVhaA\"]}]}<\/script>\n<!-- \/ Yoast SEO Premium plugin. -->","yoast_head_json":{"title":"Contact &#8211; AGronomic IQ","robots":{"index":"index","follow":"follow","max-snippet":"max-snippet:-1","max-image-preview":"max-image-preview:large","max-video-preview":"max-video-preview:-1"},"canonical":"https:\/\/agronomiciq.com\/fr\/contact-2\/","og_locale":"fr_FR","og_type":"article","og_title":"Contact","og_description":"La s\u00e9rie AGronomic IQ est le syst\u00e8me de choix pour les cultivateurs commerciaux dans les \u00e9tats am\u00e9ricains r\u00e9glement\u00e9s et dans tout le Canada. C'est parce","og_url":"https:\/\/agronomiciq.com\/fr\/contact-2\/","og_site_name":"AGronomic IQ","article_modified_time":"2026-03-25T15:36:13+00:00","twitter_card":"summary_large_image","twitter_misc":{"Dur\u00e9e de lecture estim\u00e9e":"1 minute"},"schema":{"@context":"https:\/\/schema.org","@graph":[{"@type":"WebPage","@id":"https:\/\/agronomiciq.com\/fr\/contact-2\/","url":"https:\/\/agronomiciq.com\/fr\/contact-2\/","name":"Contact &#8211; AGronomic IQ","isPartOf":{"@id":"https:\/\/agronomiciq.com\/fr\/#website"},"datePublished":"2026-03-06T17:00:25+00:00","dateModified":"2026-03-25T15:36:13+00:00","inLanguage":"fr-FR","potentialAction":[{"@type":"ReadAction","target":["https:\/\/agronomiciq.com\/fr\/contact-2\/"]}]},{"@type":"WebSite","@id":"https:\/\/agronomiciq.com\/fr\/#website","url":"https:\/\/agronomiciq.com\/fr\/","name":"AGronomic IQ","description":"Smart HVAC for Growth","publisher":{"@id":"https:\/\/agronomiciq.com\/fr\/#organization"},"potentialAction":[{"@type":"SearchAction","target":{"@type":"EntryPoint","urlTemplate":"https:\/\/agronomiciq.com\/fr\/?s={search_term_string}"},"query-input":{"@type":"PropertyValueSpecification","valueRequired":true,"valueName":"search_term_string"}}],"inLanguage":"fr-FR"},{"@type":"Organization","@id":"https:\/\/agronomiciq.com\/fr\/#organization","name":"AGronomic IQ","url":"https:\/\/agronomiciq.com\/fr\/","logo":{"@type":"ImageObject","inLanguage":"fr-FR","@id":"https:\/\/agronomiciq.com\/fr\/#\/schema\/logo\/image\/","url":"https:\/\/agronomiciq.com\/wp-content\/uploads\/2022\/05\/agiq-logo-sm.png","contentUrl":"https:\/\/agronomiciq.com\/wp-content\/uploads\/2022\/05\/agiq-logo-sm.png","width":800,"height":169,"caption":"AGronomic IQ"},"image":{"@id":"https:\/\/agronomiciq.com\/fr\/#\/schema\/logo\/image\/"},"sameAs":["https:\/\/www.linkedin.com\/company\/agronomic-iq\/","https:\/\/www.youtube.com\/channel\/UC_aE0qmeFqR6yVgiEczVhaA"]}]}},"_links":{"self":[{"href":"https:\/\/agronomiciq.com\/fr\/wp-json\/wp\/v2\/pages\/8997","targetHints":{"allow":["GET"]}}],"collection":[{"href":"https:\/\/agronomiciq.com\/fr\/wp-json\/wp\/v2\/pages"}],"about":[{"href":"https:\/\/agronomiciq.com\/fr\/wp-json\/wp\/v2\/types\/page"}],"author":[{"embeddable":true,"href":"https:\/\/agronomiciq.com\/fr\/wp-json\/wp\/v2\/users\/1"}],"replies":[{"embeddable":true,"href":"https:\/\/agronomiciq.com\/fr\/wp-json\/wp\/v2\/comments?post=8997"}],"version-history":[{"count":1,"href":"https:\/\/agronomiciq.com\/fr\/wp-json\/wp\/v2\/pages\/8997\/revisions"}],"predecessor-version":[{"id":9051,"href":"https:\/\/agronomiciq.com\/fr\/wp-json\/wp\/v2\/pages\/8997\/revisions\/9051"}],"wp:attachment":[{"href":"https:\/\/agronomiciq.com\/fr\/wp-json\/wp\/v2\/media?parent=8997"}],"curies":[{"name":"wp","href":"https:\/\/api.w.org\/{rel}","templated":true}]}}