{"id":8588,"date":"2020-12-16T01:44:37","date_gmt":"2020-12-16T01:44:37","guid":{"rendered":"https:\/\/agronomiciq.com\/politique-de-confidentialite-et-conditions-dutilisation\/"},"modified":"2024-10-17T18:08:45","modified_gmt":"2024-10-17T18:08:45","slug":"politique-de-confidentialite-et-conditions-dutilisation","status":"publish","type":"page","link":"https:\/\/agronomiciq.com\/fr\/politique-de-confidentialite-et-conditions-dutilisation\/","title":{"rendered":"Politique de confidentialit\u00e9 et conditions d&rsquo;utilisation"},"content":{"rendered":"\t\t<div data-elementor-type=\"wp-page\" data-elementor-id=\"8588\" class=\"elementor elementor-8588 elementor-3\" data-elementor-post-type=\"page\">\n\t\t\t\t\t\t<section class=\"elementor-section elementor-top-section elementor-element elementor-element-1b69cfbc elementor-section-boxed elementor-section-height-default elementor-section-height-default\" data-id=\"1b69cfbc\" data-element_type=\"section\" data-e-type=\"section\">\n\t\t\t\t\t\t<div class=\"elementor-container elementor-column-gap-default\">\n\t\t\t\t\t<div class=\"elementor-column elementor-col-100 elementor-top-column elementor-element elementor-element-52f396e1\" data-id=\"52f396e1\" data-element_type=\"column\" data-e-type=\"column\">\n\t\t\t<div class=\"elementor-widget-wrap elementor-element-populated\">\n\t\t\t\t\t\t<div class=\"elementor-element elementor-element-b78c0f8 elementor-widget elementor-widget-spacer\" data-id=\"b78c0f8\" data-element_type=\"widget\" data-e-type=\"widget\" data-widget_type=\"spacer.default\">\n\t\t\t\t<div class=\"elementor-widget-container\">\n\t\t\t\t\t\t\t<div class=\"elementor-spacer\">\n\t\t\t<div class=\"elementor-spacer-inner\"><\/div>\n\t\t<\/div>\n\t\t\t\t\t\t<\/div>\n\t\t\t\t<\/div>\n\t\t\t\t<div class=\"elementor-element elementor-element-4dd08687 elementor-widget elementor-widget-text-editor\" data-id=\"4dd08687\" data-element_type=\"widget\" data-e-type=\"widget\" data-widget_type=\"text-editor.default\">\n\t\t\t\t<div class=\"elementor-widget-container\">\n\t\t\t\t\t\t\t\t\t<p><\/p>\n<p><strong>Politique de confidentialit\u00e9 &#8211; Utilisation du courrier \u00e9lectronique et du site web<br><\/strong>Nous avons \u00e9labor\u00e9 cette politique de confidentialit\u00e9 pour le courrier \u00e9lectronique afin de d\u00e9montrer notre engagement ferme \u00e0 l&rsquo;\u00e9gard de votre vie priv\u00e9e et de la protection de vos informations.<\/p>\n<p><\/p>\n<p><\/p>\n<p><strong>Publipostage<\/strong><br>Si vous avez re\u00e7u un publipostage de notre part, (a) votre adresse \u00e9lectronique figure sur notre liste en tant que personne ayant express\u00e9ment communiqu\u00e9 cette adresse dans le but de recevoir des informations \u00e0 l&rsquo;avenir (\u00ab\u00a0opt-in\u00a0\u00bb), ou (b) vous vous \u00eates inscrit ou avez effectu\u00e9 un achat, ou vous avez une relation existante avec nous. Nous respectons votre temps et votre attention en contr\u00f4lant la fr\u00e9quence de nos envois.   <\/p>\n<p><\/p>\n<p><\/p>\n<p><strong>Vie priv\u00e9e<\/strong><br>Nous utilisons des mesures de s\u00e9curit\u00e9 pour nous prot\u00e9ger contre la perte, l&rsquo;utilisation abusive et l&rsquo;alt\u00e9ration des donn\u00e9es utilis\u00e9es par notre syst\u00e8me.<\/p>\n<p><\/p>\n<p><\/p>\n<p><strong>Partage et utilisation<\/strong><br>Nous ne partagerons, ne vendrons ni ne louerons jamais des informations personnelles individuelles \u00e0 qui que ce soit sans votre autorisation pr\u00e9alable ou \u00e0 moins que cela ne soit ordonn\u00e9 par un tribunal. Les informations qui nous sont communiqu\u00e9es ne sont accessibles qu&rsquo;aux employ\u00e9s qui les g\u00e8rent afin de vous contacter ou de vous envoyer des courriers \u00e9lectroniques \u00e0 la suite de votre demande d&rsquo;information, ainsi qu&rsquo;aux prestataires de services sous contrat afin de fournir des services li\u00e9s \u00e0 nos communications avec vous. <\/p>\n<p><\/p>\n<p><\/p>\n<p><strong>Opt-In<\/strong><br>En vous abonnant aux mises \u00e0 jour d&rsquo;AGronomic IQ, vous acceptez de recevoir des notifications par courrier \u00e9lectronique avec un consentement explicite qui reste valide jusqu&rsquo;\u00e0 ce que le consentement soit retir\u00e9.<\/p>\n<p><\/p>\n<p><\/p>\n<p><strong>D\u00e9sinscription<\/strong><br>Si vous souhaitez ne plus recevoir de communications \u00e9lectroniques de notre part ou modifier l&rsquo;int\u00e9r\u00eat que vous avez manifest\u00e9, il vous suffit d&rsquo;envoyer un message \u00e0 marketingsupport@DehumidfiedAirSolutions.com, en indiquant \u00ab\u00a0d\u00e9sinscription\u00a0\u00bb dans l&rsquo;objet du message.<\/p>\n<p><\/p>\n<p><\/p>\n<p>AGronomic IQ adh\u00e8re \u00e0 toutes les r\u00e9glementations applicables en mati\u00e8re de communication de messages \u00e9lectroniques commerciaux, y compris la l\u00e9gislation anti-pourriel du Canada (CASL) et la loi CAN-SPAM aux \u00c9tats-Unis. Nous comprenons la valeur de vos informations personnelles et nous respectons votre droit \u00e0 la vie priv\u00e9e. Nous nous engageons \u00e0 conserver votre confiance. Cet engagement comprend la protection des informations personnelles que nous obtenons de vous.   <\/p>\n<p><\/p>\n<p><\/p>\n<p><strong>Informations que nous recueillons<\/strong><br>\u00c0 moins que vous ne fournissiez volontairement des informations, nous ne recueillons aucune information personnelle vous concernant lorsque vous visitez le site agronomiciq.com. Si nous vous demandons de fournir des informations qui vous identifient personnellement, notre demande sera sp\u00e9cifique. <\/p>\n<p><\/p>\n<p><\/p>\n<p><strong>Courrier \u00e9lectronique de votre part<\/strong><br>Vous pouvez nous envoyer des messages \u00e9lectroniques contenant votre nom d&rsquo;utilisateur et votre adresse \u00e9lectronique, ainsi que toute information suppl\u00e9mentaire que vous souhaiteriez inclure dans le texte de votre message.<\/p>\n<p><\/p>\n<p><\/p>\n<p><strong>Enqu\u00eates<\/strong><br>Occasionnellement, nous menons des enqu\u00eates en ligne sur un sujet sp\u00e9cifique. Nos enqu\u00eates sont enti\u00e8rement priv\u00e9es et s\u00e9curis\u00e9es. Les informations personnelles identifiables ne seront jamais partag\u00e9es.  <\/p>\n<p><\/p>\n<p><\/p>\n<p><strong>Informations sur l&rsquo;utilisation du site web<\/strong><br>Notre serveur web recueille et agr\u00e8ge automatiquement des informations sur votre visite \u00e0 www.agronomiciq.com, notamment votre adresse IP, votre fournisseur de services, votre type de navigateur, les noms de domaine des sites web de r\u00e9f\u00e9rence, votre syst\u00e8me d&rsquo;exploitation, les pages consult\u00e9es sur notre site web, ainsi que la date et l&rsquo;heure de votre acc\u00e8s. Ces informations ne sont pas personnellement identifiables. Nous analysons ces informations agr\u00e9g\u00e9es dans le but d&rsquo;optimiser votre exp\u00e9rience et d&rsquo;am\u00e9liorer le temps que vous passez avec nous en ligne.  <\/p>\n<p><\/p>\n<p><\/p>\n<p><strong>Utilisation des informations que nous recueillons<\/strong><br>Nous utilisons vos informations personnelles de plusieurs mani\u00e8res :<\/p>\n<p><\/p>\n<p><\/p>\n<p><strong>Pour r\u00e9pondre \u00e0 vos messages \u00e9lectroniques.<\/strong><br>Pour soutenir votre relation client avec AGronomic IQ. Par exemple, si vous nous fournissez une adresse \u00e9lectronique ou postale, vous pouvez recevoir des courriers d&rsquo;AGronomic IQ avec des informations concernant des offres sp\u00e9ciales, de nouveaux services ou produits. Vous pouvez vous d\u00e9sabonner \u00e0 tout moment. Veuillez vous r\u00e9f\u00e9rer \u00e0 la section \u00ab\u00a0Confidentialit\u00e9 des courriels\u00a0\u00bb de la pr\u00e9sente politique pour plus de d\u00e9tails sur le processus de \u00ab\u00a0d\u00e9sinscription\u00a0\u00bb.   <\/p>\n<p><\/p>\n<p><\/p>\n<p>Nous pouvons combiner les informations personnelles que nous recueillons aupr\u00e8s de vous sur nos sites web avec d&rsquo;autres informations que vous nous fournissez dans le cadre de votre utilisation de nos autres produits et services.<\/p>\n<p><\/p>\n<p><\/p>\n<p><strong>Relations avec des tiers<\/strong><br>Nous engageons occasionnellement d&rsquo;autres soci\u00e9t\u00e9s pour fournir des services limit\u00e9s au nom d&rsquo;AGronomic IQ. Nous ne fournirons \u00e0 ces soci\u00e9t\u00e9s que les informations personnelles dont elles ont besoin pour fournir le service que nous leur avons demand\u00e9. Il leur est interdit d&rsquo;utiliser les informations personnelles que nous leur fournissons \u00e0 d&rsquo;autres fins, et nous faisons des efforts raisonnables pour nous assurer que tous les tiers avec lesquels nous partageons des informations personnelles s&rsquo;engagent \u00e0 adh\u00e9rer \u00e0 la pr\u00e9sente politique. Nous ne partageons pas autrement vos informations personnelles avec des tiers, sauf si vous nous en avez donn\u00e9 l&rsquo;autorisation.   <\/p>\n<p><\/p>\n<p><\/p>\n<p>Nous pouvons divulguer ou utiliser vos informations personnelles lorsque nous pensons, en toute bonne foi, que la loi nous y oblige ou qu&rsquo;une telle action est n\u00e9cessaire pour prot\u00e9ger ou d\u00e9fendre les droits ou la propri\u00e9t\u00e9 d&rsquo;AGronomic IQ.<\/p>\n<p><\/p>\n<p><\/p>\n<p><strong>Acc\u00e8s, correction et mise \u00e0 jour des informations personnelles<\/strong><br>Nous vous fournissons un acc\u00e8s raisonnable et pratique pour vous permettre d&rsquo;identifier les inexactitudes dans vos informations personnelles. Si vous nous fournissez des informations personnelles par l&rsquo;interm\u00e9diaire du site web d&rsquo;AGronomic IQ, vous avez le droit d&rsquo;acc\u00e9der \u00e0 ces donn\u00e9es. <\/p>\n<p><\/p>\n<p><\/p>\n<p>Pour demander la mise \u00e0 jour, la modification ou la suppression de toute information personnelle conserv\u00e9e par AGronomic IQ, vous pouvez envoyer un courriel \u00e0 <a href=\"mailto:marketingsupport@DehumidfieidAirSolutions.com\">marketingsupport@DehumidfieidAirSolutions.com<\/a>. Sur demande, nous mettrons \u00e0 jour ou supprimerons vos informations personnelles ; cependant, nous ne serons pas en mesure de mettre \u00e0 jour ou de supprimer des donn\u00e9es qui ont \u00e9t\u00e9 archiv\u00e9es dans le cadre de nos op\u00e9rations commerciales normales. Nous conservons les informations personnelles collect\u00e9es sur notre site web aussi longtemps qu&rsquo;elles sont n\u00e9cessaires pour r\u00e9pondre \u00e0 votre demande, ou jusqu&rsquo;\u00e0 ce que vous demandiez leur suppression. Nous conservons les informations agr\u00e9g\u00e9es collect\u00e9es \u00e0 propos de votre visite sur notre site web (c&rsquo;est-\u00e0-dire le type de navigateur, le nom de domaine, les pages visit\u00e9es) jusqu&rsquo;\u00e0 ce que nous ayons achev\u00e9 l&rsquo;examen et l&rsquo;analyse de ces informations.   <\/p>\n<p><\/p>\n<p><\/p>\n<p>Nous n&rsquo;ajoutons pas de donn\u00e9es de tiers \u00e0 vos informations personnelles et nous conservons vos informations personnelles dans un format fusionn\u00e9 ou compl\u00e9t\u00e9.<\/p>\n<p><\/p>\n<p><\/p>\n<p><strong>Liens vers des sites Web de tiers et utilisation de forums de discussion<\/strong><br>Les sites Web accessibles \u00e0 partir du site agronomiciq.com et par le biais d&rsquo;hyperliens ou de liens vers d&rsquo;autres sites peuvent \u00eatre r\u00e9gis par des politiques et des pratiques en mati\u00e8re de protection de la vie priv\u00e9e qui diff\u00e8rent de la pr\u00e9sente politique. Les pratiques d&rsquo;information d&rsquo;autres sites Web tiers li\u00e9s \u00e0 agronomiciq.com ne sont pas couvertes par la pr\u00e9sente politique. Nous vous encourageons \u00e0 vous familiariser avec les politiques et pratiques en mati\u00e8re de protection de la vie priv\u00e9e de chaque site Web que vous visitez avant de divulguer des informations personnelles.  <\/p>\n<p><\/p>\n<p><\/p>\n<p>Les informations publi\u00e9es sur les forums de discussion, les tableaux d&rsquo;affichage, les salles de chat et autres forums publics peuvent \u00eatre affich\u00e9es publiquement. Veuillez en tenir compte avant de les publier. <\/p>\n<p><\/p>\n<p><\/p>\n<p><strong>S\u00e9curit\u00e9 des informations personnelles<\/strong><br>Nous conservons vos informations personnelles dans un endroit s\u00e9curis\u00e9 auquel seul le personnel d\u00e9sign\u00e9 a acc\u00e8s. Nous faisons des efforts raisonnables pour prot\u00e9ger vos informations personnelles contre la perte, l&rsquo;utilisation abusive, l&rsquo;acc\u00e8s ou la divulgation non autoris\u00e9s, l&rsquo;alt\u00e9ration ou la destruction. <\/p>\n<p><\/p>\n<p><\/p>\n<p><strong>Utilisation des cookies<\/strong><br>Un cookie est un petit fichier texte contenant un identifiant unique qui est plac\u00e9 sur le disque dur de votre ordinateur lorsque vous visitez un site web. Nous utilisons des cookies de premi\u00e8re partie bas\u00e9s sur la session et persistants afin d&rsquo;am\u00e9liorer votre acc\u00e8s \u00e0 notre site web et d&rsquo;en faciliter l&rsquo;utilisation. Nous utilisons \u00e9galement des cookies de premi\u00e8re partie pour mieux comprendre vos besoins et vos int\u00e9r\u00eats, afin de vous offrir un contenu personnalis\u00e9 et d&rsquo;am\u00e9liorer votre exp\u00e9rience de navigation sur le web. Les informations non personnelles collect\u00e9es gr\u00e2ce \u00e0 l&rsquo;utilisation de cookies de premi\u00e8re partie ne sont pas li\u00e9es \u00e0 vos informations personnelles. Les cookies n&rsquo;endommagent en aucune fa\u00e7on votre syst\u00e8me ou vos fichiers.    <\/p>\n<p><\/p>\n<p><\/p>\n<p>La plupart des navigateurs reconnaissent maintenant qu&rsquo;un cookie est propos\u00e9 et permettent aux utilisateurs de contr\u00f4ler comment et quand ils l&rsquo;acceptent. Si vous n&rsquo;\u00eates pas s\u00fbr que votre navigateur dispose de cette capacit\u00e9, vous devez consulter la documentation qui accompagne votre navigateur ou v\u00e9rifier aupr\u00e8s de votre fournisseur d&rsquo;acc\u00e8s \u00e0 Internet (FAI). Si vous choisissez de refuser les cookies, il se peut que vous ne puissiez pas profiter pleinement des fonctions interactives du site web d&rsquo;AGronomic IQ.  <\/p>\n<p><\/p>\n<p><\/p>\n<p><b>Modifications de la politique de confidentialit\u00e9 d&rsquo;AGronomic IQ<\/b><br>Nous pouvons modifier ou amender cette politique de temps \u00e0 autre. Afin de vous tenir inform\u00e9 des changements apport\u00e9s \u00e0 cette politique, nous indiquerons la date d&rsquo;entr\u00e9e en vigueur de la politique actuellement affich\u00e9e en haut de la politique. En cas de modification substantielle de la pr\u00e9sente politique, nous vous en informerons en pla\u00e7ant un avis bien visible sur notre page d&rsquo;accueil. Les modifications apport\u00e9es \u00e0 la pr\u00e9sente politique n&rsquo;affecteront pas l&rsquo;utilisation que nous ferons des informations personnelles pr\u00e9c\u00e9demment fournies. Aucune information personnelle que vous avez fournie dans le cadre de la pr\u00e9sente politique (ou de toute version ant\u00e9rieure de cette politique) ne sera utilis\u00e9e d&rsquo;une mani\u00e8re qui soit mat\u00e9riellement incompatible avec celle-ci, sans votre autorisation \u00e9crite pr\u00e9alable.    <\/p>\n<p><\/p>\n<p><\/p>\n<p><strong>Acceptation<\/strong><br>En utilisant www.agronomiciq.com, vous signifiez votre acceptation de la pr\u00e9sente politique, telle que modifi\u00e9e de temps \u00e0 autre conform\u00e9ment \u00e0 la section concernant les modifications de la politique ci-dessus. Si vous n&rsquo;\u00eates pas d&rsquo;accord avec les termes et conditions contenus dans la pr\u00e9sente politique, veuillez ne pas utiliser ce site web. <\/p>\n<p><\/p>\n<p><\/p>\n<p><strong>Contactez-nous<\/strong><br>Si vous avez des id\u00e9es, des questions ou des suggestions concernant cette d\u00e9claration de politique de confidentialit\u00e9 ou tout autre aspect de votre relation avec AGronomic IQ, veuillez nous contacter \u00e0 l&rsquo;adresse suivante :<\/p>\n<p><\/p>\n<p><\/p>\n<p>Courriel : <a href=\"mailto:marketingsupport@DehumidifiedAirSolutions.com\">marketingsupport@DehumidifiedAirSolutions.com<\/a><\/p>\n<p><\/p>\n<p><\/p>\n<p><strong>\u00c9crire \u00e0 :<\/strong><br>Website Manager<br>AGronomic IQ Series<br>c\/0 Dehumidified Air Solutions<br>Ville Saint Laurent,<br>QC, Canada,<br>H4S 1R3<\/p>\n<p><\/p>\t\t\t\t\t\t\t\t<\/div>\n\t\t\t\t<\/div>\n\t\t\t\t<div class=\"elementor-element elementor-element-077ca60 elementor-widget elementor-widget-spacer\" data-id=\"077ca60\" data-element_type=\"widget\" data-e-type=\"widget\" data-widget_type=\"spacer.default\">\n\t\t\t\t<div class=\"elementor-widget-container\">\n\t\t\t\t\t\t\t<div class=\"elementor-spacer\">\n\t\t\t<div class=\"elementor-spacer-inner\"><\/div>\n\t\t<\/div>\n\t\t\t\t\t\t<\/div>\n\t\t\t\t<\/div>\n\t\t\t\t\t<\/div>\n\t\t<\/div>\n\t\t\t\t\t<\/div>\n\t\t<\/section>\n\t\t\t\t<\/div>\n\t\t","protected":false},"excerpt":{"rendered":"<p>Politique de confidentialit\u00e9 &#8211; Utilisation du courrier \u00e9lectronique et du site webNous avons \u00e9labor\u00e9 cette politique de confidentialit\u00e9 pour le courrier \u00e9lectronique afin de d\u00e9montrer notre engagement ferme \u00e0 l&rsquo;\u00e9gard de votre vie priv\u00e9e et de la protection de vos informations. PublipostageSi vous avez re\u00e7u un publipostage de notre part, (a) votre adresse \u00e9lectronique figure &#8230; <a title=\"Politique de confidentialit\u00e9 et conditions d&rsquo;utilisation\" class=\"read-more\" href=\"https:\/\/agronomiciq.com\/fr\/politique-de-confidentialite-et-conditions-dutilisation\/\" aria-label=\"En savoir plus sur Politique de confidentialit\u00e9 et conditions d&rsquo;utilisation\">Lire plus<\/a><\/p>\n","protected":false},"author":1,"featured_media":0,"parent":0,"menu_order":0,"comment_status":"closed","ping_status":"open","template":"elementor_header_footer","meta":{"footnotes":""},"class_list":["post-8588","page","type-page","status-publish"],"yoast_head":"<!-- This site is optimized with the Yoast SEO Premium plugin v27.1 (Yoast SEO v27.1.1) - https:\/\/yoast.com\/product\/yoast-seo-premium-wordpress\/ -->\n<title>Politique de confidentialit\u00e9 et conditions d&#039;utilisation &#8211; AGronomic IQ<\/title>\n<meta name=\"robots\" content=\"index, follow, max-snippet:-1, max-image-preview:large, max-video-preview:-1\" \/>\n<link rel=\"canonical\" href=\"https:\/\/agronomiciq.com\/fr\/politique-de-confidentialite-et-conditions-dutilisation\/\" \/>\n<meta property=\"og:locale\" content=\"fr_FR\" \/>\n<meta property=\"og:type\" content=\"article\" \/>\n<meta property=\"og:title\" content=\"Politique de confidentialit\u00e9 et conditions d&#039;utilisation\" \/>\n<meta property=\"og:description\" content=\"Politique de confidentialit\u00e9 - Utilisation du courrier \u00e9lectronique et du site webNous avons \u00e9labor\u00e9 cette politique de confidentialit\u00e9 pour le courrier\" \/>\n<meta property=\"og:url\" content=\"https:\/\/agronomiciq.com\/fr\/politique-de-confidentialite-et-conditions-dutilisation\/\" \/>\n<meta property=\"og:site_name\" content=\"AGronomic IQ\" \/>\n<meta property=\"article:modified_time\" content=\"2024-10-17T18:08:45+00:00\" \/>\n<meta name=\"twitter:card\" content=\"summary_large_image\" \/>\n<meta name=\"twitter:label1\" content=\"Dur\u00e9e de lecture estim\u00e9e\" \/>\n\t<meta name=\"twitter:data1\" content=\"9 minutes\" \/>\n<script type=\"application\/ld+json\" class=\"yoast-schema-graph\">{\"@context\":\"https:\/\/schema.org\",\"@graph\":[{\"@type\":\"WebPage\",\"@id\":\"https:\/\/agronomiciq.com\/fr\/politique-de-confidentialite-et-conditions-dutilisation\/\",\"url\":\"https:\/\/agronomiciq.com\/fr\/politique-de-confidentialite-et-conditions-dutilisation\/\",\"name\":\"Politique de confidentialit\u00e9 et conditions d'utilisation &#8211; AGronomic IQ\",\"isPartOf\":{\"@id\":\"https:\/\/agronomiciq.com\/fr\/#website\"},\"datePublished\":\"2020-12-16T01:44:37+00:00\",\"dateModified\":\"2024-10-17T18:08:45+00:00\",\"inLanguage\":\"fr-FR\",\"potentialAction\":[{\"@type\":\"ReadAction\",\"target\":[\"https:\/\/agronomiciq.com\/fr\/politique-de-confidentialite-et-conditions-dutilisation\/\"]}]},{\"@type\":\"WebSite\",\"@id\":\"https:\/\/agronomiciq.com\/fr\/#website\",\"url\":\"https:\/\/agronomiciq.com\/fr\/\",\"name\":\"AGronomic IQ\",\"description\":\"Smart HVAC for Growth\",\"publisher\":{\"@id\":\"https:\/\/agronomiciq.com\/fr\/#organization\"},\"potentialAction\":[{\"@type\":\"SearchAction\",\"target\":{\"@type\":\"EntryPoint\",\"urlTemplate\":\"https:\/\/agronomiciq.com\/fr\/?s={search_term_string}\"},\"query-input\":{\"@type\":\"PropertyValueSpecification\",\"valueRequired\":true,\"valueName\":\"search_term_string\"}}],\"inLanguage\":\"fr-FR\"},{\"@type\":\"Organization\",\"@id\":\"https:\/\/agronomiciq.com\/fr\/#organization\",\"name\":\"AGronomic IQ\",\"url\":\"https:\/\/agronomiciq.com\/fr\/\",\"logo\":{\"@type\":\"ImageObject\",\"inLanguage\":\"fr-FR\",\"@id\":\"https:\/\/agronomiciq.com\/fr\/#\/schema\/logo\/image\/\",\"url\":\"https:\/\/agronomiciq.com\/wp-content\/uploads\/2022\/05\/agiq-logo-sm.png\",\"contentUrl\":\"https:\/\/agronomiciq.com\/wp-content\/uploads\/2022\/05\/agiq-logo-sm.png\",\"width\":800,\"height\":169,\"caption\":\"AGronomic IQ\"},\"image\":{\"@id\":\"https:\/\/agronomiciq.com\/fr\/#\/schema\/logo\/image\/\"},\"sameAs\":[\"https:\/\/www.linkedin.com\/company\/agronomic-iq\/\",\"https:\/\/www.youtube.com\/channel\/UC_aE0qmeFqR6yVgiEczVhaA\"]}]}<\/script>\n<!-- \/ Yoast SEO Premium plugin. -->","yoast_head_json":{"title":"Politique de confidentialit\u00e9 et conditions d'utilisation &#8211; AGronomic IQ","robots":{"index":"index","follow":"follow","max-snippet":"max-snippet:-1","max-image-preview":"max-image-preview:large","max-video-preview":"max-video-preview:-1"},"canonical":"https:\/\/agronomiciq.com\/fr\/politique-de-confidentialite-et-conditions-dutilisation\/","og_locale":"fr_FR","og_type":"article","og_title":"Politique de confidentialit\u00e9 et conditions d'utilisation","og_description":"Politique de confidentialit\u00e9 - Utilisation du courrier \u00e9lectronique et du site webNous avons \u00e9labor\u00e9 cette politique de confidentialit\u00e9 pour le courrier","og_url":"https:\/\/agronomiciq.com\/fr\/politique-de-confidentialite-et-conditions-dutilisation\/","og_site_name":"AGronomic IQ","article_modified_time":"2024-10-17T18:08:45+00:00","twitter_card":"summary_large_image","twitter_misc":{"Dur\u00e9e de lecture estim\u00e9e":"9 minutes"},"schema":{"@context":"https:\/\/schema.org","@graph":[{"@type":"WebPage","@id":"https:\/\/agronomiciq.com\/fr\/politique-de-confidentialite-et-conditions-dutilisation\/","url":"https:\/\/agronomiciq.com\/fr\/politique-de-confidentialite-et-conditions-dutilisation\/","name":"Politique de confidentialit\u00e9 et conditions d'utilisation &#8211; AGronomic IQ","isPartOf":{"@id":"https:\/\/agronomiciq.com\/fr\/#website"},"datePublished":"2020-12-16T01:44:37+00:00","dateModified":"2024-10-17T18:08:45+00:00","inLanguage":"fr-FR","potentialAction":[{"@type":"ReadAction","target":["https:\/\/agronomiciq.com\/fr\/politique-de-confidentialite-et-conditions-dutilisation\/"]}]},{"@type":"WebSite","@id":"https:\/\/agronomiciq.com\/fr\/#website","url":"https:\/\/agronomiciq.com\/fr\/","name":"AGronomic IQ","description":"Smart HVAC for Growth","publisher":{"@id":"https:\/\/agronomiciq.com\/fr\/#organization"},"potentialAction":[{"@type":"SearchAction","target":{"@type":"EntryPoint","urlTemplate":"https:\/\/agronomiciq.com\/fr\/?s={search_term_string}"},"query-input":{"@type":"PropertyValueSpecification","valueRequired":true,"valueName":"search_term_string"}}],"inLanguage":"fr-FR"},{"@type":"Organization","@id":"https:\/\/agronomiciq.com\/fr\/#organization","name":"AGronomic IQ","url":"https:\/\/agronomiciq.com\/fr\/","logo":{"@type":"ImageObject","inLanguage":"fr-FR","@id":"https:\/\/agronomiciq.com\/fr\/#\/schema\/logo\/image\/","url":"https:\/\/agronomiciq.com\/wp-content\/uploads\/2022\/05\/agiq-logo-sm.png","contentUrl":"https:\/\/agronomiciq.com\/wp-content\/uploads\/2022\/05\/agiq-logo-sm.png","width":800,"height":169,"caption":"AGronomic IQ"},"image":{"@id":"https:\/\/agronomiciq.com\/fr\/#\/schema\/logo\/image\/"},"sameAs":["https:\/\/www.linkedin.com\/company\/agronomic-iq\/","https:\/\/www.youtube.com\/channel\/UC_aE0qmeFqR6yVgiEczVhaA"]}]}},"_links":{"self":[{"href":"https:\/\/agronomiciq.com\/fr\/wp-json\/wp\/v2\/pages\/8588","targetHints":{"allow":["GET"]}}],"collection":[{"href":"https:\/\/agronomiciq.com\/fr\/wp-json\/wp\/v2\/pages"}],"about":[{"href":"https:\/\/agronomiciq.com\/fr\/wp-json\/wp\/v2\/types\/page"}],"author":[{"embeddable":true,"href":"https:\/\/agronomiciq.com\/fr\/wp-json\/wp\/v2\/users\/1"}],"replies":[{"embeddable":true,"href":"https:\/\/agronomiciq.com\/fr\/wp-json\/wp\/v2\/comments?post=8588"}],"version-history":[{"count":3,"href":"https:\/\/agronomiciq.com\/fr\/wp-json\/wp\/v2\/pages\/8588\/revisions"}],"predecessor-version":[{"id":8613,"href":"https:\/\/agronomiciq.com\/fr\/wp-json\/wp\/v2\/pages\/8588\/revisions\/8613"}],"wp:attachment":[{"href":"https:\/\/agronomiciq.com\/fr\/wp-json\/wp\/v2\/media?parent=8588"}],"curies":[{"name":"wp","href":"https:\/\/api.w.org\/{rel}","templated":true}]}}