{"id":8587,"date":"2021-02-25T15:33:56","date_gmt":"2021-02-25T15:33:56","guid":{"rendered":"https:\/\/agronomiciq.com\/technologie-growsentry\/"},"modified":"2024-10-17T18:08:20","modified_gmt":"2024-10-17T18:08:20","slug":"technologie-growsentry","status":"publish","type":"page","link":"https:\/\/agronomiciq.com\/fr\/technologie-growsentry\/","title":{"rendered":"Technologie GrowSentry\u2122"},"content":{"rendered":"\t\t<div data-elementor-type=\"wp-page\" data-elementor-id=\"8587\" class=\"elementor elementor-8587 elementor-3542\" data-elementor-post-type=\"page\">\n\t\t\t\t\t\t<section class=\"elementor-section elementor-top-section elementor-element elementor-element-a5ba59d elementor-section-boxed elementor-section-height-default elementor-section-height-default\" data-id=\"a5ba59d\" data-element_type=\"section\" data-e-type=\"section\">\n\t\t\t\t\t\t<div class=\"elementor-container elementor-column-gap-no\">\n\t\t\t\t\t<div class=\"elementor-column elementor-col-100 elementor-top-column elementor-element elementor-element-be6be99\" data-id=\"be6be99\" data-element_type=\"column\" data-e-type=\"column\">\n\t\t\t<div class=\"elementor-widget-wrap elementor-element-populated\">\n\t\t\t\t\t\t<div class=\"elementor-element elementor-element-d6dfaf8 elementor-widget elementor-widget-spacer\" data-id=\"d6dfaf8\" data-element_type=\"widget\" data-e-type=\"widget\" data-widget_type=\"spacer.default\">\n\t\t\t\t<div class=\"elementor-widget-container\">\n\t\t\t\t\t\t\t<div class=\"elementor-spacer\">\n\t\t\t<div class=\"elementor-spacer-inner\"><\/div>\n\t\t<\/div>\n\t\t\t\t\t\t<\/div>\n\t\t\t\t<\/div>\n\t\t\t\t<section class=\"elementor-section elementor-inner-section elementor-element elementor-element-5a2a620 elementor-section-boxed elementor-section-height-default elementor-section-height-default\" data-id=\"5a2a620\" data-element_type=\"section\" data-e-type=\"section\">\n\t\t\t\t\t\t<div class=\"elementor-container elementor-column-gap-extended\">\n\t\t\t\t\t<div class=\"elementor-column elementor-col-100 elementor-inner-column elementor-element elementor-element-84e1a4e\" data-id=\"84e1a4e\" data-element_type=\"column\" data-e-type=\"column\">\n\t\t\t<div class=\"elementor-widget-wrap elementor-element-populated\">\n\t\t\t\t\t\t<div class=\"elementor-element elementor-element-72a8c34 elementor-widget elementor-widget-heading\" data-id=\"72a8c34\" data-element_type=\"widget\" data-e-type=\"widget\" data-widget_type=\"heading.default\">\n\t\t\t\t<div class=\"elementor-widget-container\">\n\t\t\t\t\t<h4 class=\"elementor-heading-title elementor-size-default\">SURVEILLANCE INTERNET EN TEMPS R\u00c9EL 24\/7 ET CONTR\u00d4LE \u00c0 DISTANCE<\/h4>\t\t\t\t<\/div>\n\t\t\t\t<\/div>\n\t\t\t\t<div class=\"elementor-element elementor-element-d213a5a elementor-widget elementor-widget-text-editor\" data-id=\"d213a5a\" data-element_type=\"widget\" data-e-type=\"widget\" data-widget_type=\"text-editor.default\">\n\t\t\t\t<div class=\"elementor-widget-container\">\n\t\t\t\t\t\t\t\t\t<p>Nous avons lanc\u00e9 notre technologie exclusive de surveillance de l&rsquo;Internet GrowSentry\u2122 il y a plus de 15 ans, alors que l&rsquo;Internet \u00e9tait encore jeune et que la surveillance de l&rsquo;Internet \u00e9tait plut\u00f4t rare. Les gens disaient que c&rsquo;\u00e9tait r\u00e9volutionnaire, et \u00e7a l&rsquo;\u00e9tait. <\/p>\n<p>Cette technologie s&rsquo;est d\u00e9velopp\u00e9e et am\u00e9lior\u00e9e au fil du temps pour fournir aujourd&rsquo;hui la technologie de surveillance et de contr\u00f4le \u00e0 distance la plus compl\u00e8te, pr\u00e9dictive et protectrice de l&rsquo;industrie. Maintenant personnalis\u00e9e pour devenir GrowSentry\u2122, sp\u00e9cifiquement con\u00e7ue pour la surveillance des chambres de culture, aucune autre technologie n&rsquo;est comparable dans sa capacit\u00e9 \u00e0 maximiser la performance, la valeur et la fiabilit\u00e9 de votre d\u00e9shumidificateur. <\/p>\n\t\t\t\t\t\t\t\t<\/div>\n\t\t\t\t<\/div>\n\t\t\t\t\t<\/div>\n\t\t<\/div>\n\t\t\t\t\t<\/div>\n\t\t<\/section>\n\t\t\t\t<section class=\"elementor-section elementor-inner-section elementor-element elementor-element-b075095 elementor-section-boxed elementor-section-height-default elementor-section-height-default\" data-id=\"b075095\" data-element_type=\"section\" data-e-type=\"section\">\n\t\t\t\t\t\t<div class=\"elementor-container elementor-column-gap-extended\">\n\t\t\t\t\t<div class=\"elementor-column elementor-col-50 elementor-inner-column elementor-element elementor-element-4e1d308\" data-id=\"4e1d308\" data-element_type=\"column\" data-e-type=\"column\">\n\t\t\t<div class=\"elementor-widget-wrap elementor-element-populated\">\n\t\t\t\t\t\t<div class=\"elementor-element elementor-element-98a5e91 elementor-widget elementor-widget-heading\" data-id=\"98a5e91\" data-element_type=\"widget\" data-e-type=\"widget\" data-widget_type=\"heading.default\">\n\t\t\t\t<div class=\"elementor-widget-container\">\n\t\t\t\t\t<h4 class=\"elementor-heading-title elementor-size-default\">Le nec plus ultra en mati\u00e8re de contr\u00f4le des performances<\/h4>\t\t\t\t<\/div>\n\t\t\t\t<\/div>\n\t\t\t\t<div class=\"elementor-element elementor-element-702a29d elementor-widget elementor-widget-text-editor\" data-id=\"702a29d\" data-element_type=\"widget\" data-e-type=\"widget\" data-widget_type=\"text-editor.default\">\n\t\t\t\t<div class=\"elementor-widget-container\">\n\t\t\t\t\t\t\t\t\t<p>La meilleure partie de GrowSentry\u2122 ? Il est int\u00e9gr\u00e9 \u00e0 chaque d\u00e9shumidificateur que nous fabriquons pour offrir une surveillance Internet \u00e0 vie, un contr\u00f4le \u00e0 distance et un enregistrement des donn\u00e9es \u00e0 distance &#8211; sans frais ! Tout ce que vous avez \u00e0 faire est de le connecter \u00e0 Internet avec un simple c\u00e2ble Ethernet (des options Wi-Fi et cellulaires sont \u00e9galement disponibles). GrowSentry\u2122 se connecte alors en toute s\u00e9curit\u00e9 \u00e0 nos serveurs distants et commence \u00e0 envoyer des donn\u00e9es de performance toutes les 60 secondes, 24 heures sur 24, 7 jours sur 7 &#8211; pour le nec plus ultra en mati\u00e8re de surveillance des performances.   <\/p>\n\t\t\t\t\t\t\t\t<\/div>\n\t\t\t\t<\/div>\n\t\t\t\t<div class=\"elementor-element elementor-element-8e3de98 elementor-widget elementor-widget-heading\" data-id=\"8e3de98\" data-element_type=\"widget\" data-e-type=\"widget\" data-widget_type=\"heading.default\">\n\t\t\t\t<div class=\"elementor-widget-container\">\n\t\t\t\t\t<h4 class=\"elementor-heading-title elementor-size-default\">La garantie \u00e9tendue par excellence<\/h4>\t\t\t\t<\/div>\n\t\t\t\t<\/div>\n\t\t\t\t<div class=\"elementor-element elementor-element-34e97dc elementor-widget elementor-widget-text-editor\" data-id=\"34e97dc\" data-element_type=\"widget\" data-e-type=\"widget\" data-widget_type=\"text-editor.default\">\n\t\t\t\t<div class=\"elementor-widget-container\">\n\t\t\t\t\t\t\t\t\t<p>Avec un \u00e9quipement de d\u00e9shumidification sophistiqu\u00e9, une vie de service et de fiabilit\u00e9 commence par une installation, un d\u00e9marrage et une mise en service experts. Avec l&rsquo;aide de la surveillance en direct GrowSentry\u2122, lorsque votre entrepreneur installateur profite de la surveillance intensive de 90 jours AGronomic IQ Series WebCheck\u2122, c&rsquo;est comme si les m\u00eames ing\u00e9nieurs et techniciens qui ont con\u00e7u et construit votre d\u00e9shumidificateur veillaient sur lui \u00e0 distance pendant les trois premiers mois critiques de fonctionnement. C&rsquo;est pourquoi, lorsque GrowSentry\u2122 est connect\u00e9 au d\u00e9marrage, nous vous offrons automatiquement, \u00e0 vous et \u00e0 votre entrepreneur, une garantie premium d&rsquo;un an sur la main-d&rsquo;\u0153uvre.  <\/p>\n\t\t\t\t\t\t\t\t<\/div>\n\t\t\t\t<\/div>\n\t\t\t\t\t<\/div>\n\t\t<\/div>\n\t\t\t\t<div class=\"elementor-column elementor-col-50 elementor-inner-column elementor-element elementor-element-4938ff6\" data-id=\"4938ff6\" data-element_type=\"column\" data-e-type=\"column\">\n\t\t\t<div class=\"elementor-widget-wrap elementor-element-populated\">\n\t\t\t\t\t\t<div class=\"elementor-element elementor-element-f6035b7 elementor-widget elementor-widget-image\" data-id=\"f6035b7\" data-element_type=\"widget\" data-e-type=\"widget\" data-widget_type=\"image.default\">\n\t\t\t\t<div class=\"elementor-widget-container\">\n\t\t\t\t\t\t\t\t\t\t\t\t\t\t\t<img fetchpriority=\"high\" decoding=\"async\" width=\"1000\" height=\"771\" src=\"https:\/\/agronomiciq.com\/wp-content\/uploads\/2021\/10\/growsentry-agiq.png\" class=\"attachment-large size-large wp-image-8394\" alt=\"\" srcset=\"https:\/\/agronomiciq.com\/wp-content\/uploads\/2021\/10\/growsentry-agiq.png 1000w, https:\/\/agronomiciq.com\/wp-content\/uploads\/2021\/10\/growsentry-agiq-300x231.png 300w, https:\/\/agronomiciq.com\/wp-content\/uploads\/2021\/10\/growsentry-agiq-768x592.png 768w\" sizes=\"(max-width: 1000px) 100vw, 1000px\" \/>\t\t\t\t\t\t\t\t\t\t\t\t\t\t\t<\/div>\n\t\t\t\t<\/div>\n\t\t\t\t\t<\/div>\n\t\t<\/div>\n\t\t\t\t\t<\/div>\n\t\t<\/section>\n\t\t\t\t\t<\/div>\n\t\t<\/div>\n\t\t\t\t\t<\/div>\n\t\t<\/section>\n\t\t\t\t<section class=\"elementor-section elementor-inner-section elementor-element elementor-element-4a2703f2 elementor-section-boxed elementor-section-height-default elementor-section-height-default\" data-id=\"4a2703f2\" data-element_type=\"section\" data-e-type=\"section\">\n\t\t\t\t\t\t<div class=\"elementor-container elementor-column-gap-default\">\n\t\t\t\t\t<div class=\"elementor-column elementor-col-100 elementor-inner-column elementor-element elementor-element-26085405\" data-id=\"26085405\" data-element_type=\"column\" data-e-type=\"column\">\n\t\t\t<div class=\"elementor-widget-wrap elementor-element-populated\">\n\t\t\t\t\t\t<div class=\"elementor-element elementor-element-5ca909d6 elementor-widget-divider--view-line elementor-widget elementor-widget-divider\" data-id=\"5ca909d6\" data-element_type=\"widget\" data-e-type=\"widget\" data-widget_type=\"divider.default\">\n\t\t\t\t<div class=\"elementor-widget-container\">\n\t\t\t\t\t\t\t<div class=\"elementor-divider\">\n\t\t\t<span class=\"elementor-divider-separator\">\n\t\t\t\t\t\t<\/span>\n\t\t<\/div>\n\t\t\t\t\t\t<\/div>\n\t\t\t\t<\/div>\n\t\t\t\t\t<\/div>\n\t\t<\/div>\n\t\t\t\t\t<\/div>\n\t\t<\/section>\n\t\t\t\t<section class=\"elementor-section elementor-inner-section elementor-element elementor-element-3039b226 elementor-section-boxed elementor-section-height-default elementor-section-height-default\" data-id=\"3039b226\" data-element_type=\"section\" data-e-type=\"section\" data-settings=\"{&quot;background_background&quot;:&quot;classic&quot;}\">\n\t\t\t\t\t\t<div class=\"elementor-container elementor-column-gap-extended\">\n\t\t\t\t\t<div class=\"elementor-column elementor-col-100 elementor-inner-column elementor-element elementor-element-9d3e3fe\" data-id=\"9d3e3fe\" data-element_type=\"column\" data-e-type=\"column\">\n\t\t\t<div class=\"elementor-widget-wrap elementor-element-populated\">\n\t\t\t\t\t\t<div class=\"elementor-element elementor-element-1a9460ca elementor-widget elementor-widget-heading\" data-id=\"1a9460ca\" data-element_type=\"widget\" data-e-type=\"widget\" data-widget_type=\"heading.default\">\n\t\t\t\t<div class=\"elementor-widget-container\">\n\t\t\t\t\t<h4 class=\"elementor-heading-title elementor-size-default\">Avantages de GrowSentry\u2122<\/h4>\t\t\t\t<\/div>\n\t\t\t\t<\/div>\n\t\t\t\t\t<\/div>\n\t\t<\/div>\n\t\t\t\t\t<\/div>\n\t\t<\/section>\n\t\t\t\t<section class=\"elementor-section elementor-inner-section elementor-element elementor-element-16d80e83 elementor-section-boxed elementor-section-height-default elementor-section-height-default\" data-id=\"16d80e83\" data-element_type=\"section\" data-e-type=\"section\" data-settings=\"{&quot;background_background&quot;:&quot;classic&quot;}\">\n\t\t\t\t\t\t<div class=\"elementor-container elementor-column-gap-extended\">\n\t\t\t\t\t<div class=\"elementor-column elementor-col-50 elementor-inner-column elementor-element elementor-element-60c89f22\" data-id=\"60c89f22\" data-element_type=\"column\" data-e-type=\"column\">\n\t\t\t<div class=\"elementor-widget-wrap elementor-element-populated\">\n\t\t\t\t\t\t<div class=\"elementor-element elementor-element-13793e3b elementor-widget elementor-widget-text-editor\" data-id=\"13793e3b\" data-element_type=\"widget\" data-e-type=\"widget\" data-widget_type=\"text-editor.default\">\n\t\t\t\t<div class=\"elementor-widget-container\">\n\t\t\t\t\t\t\t\t\t<ul>\n<li>Une v\u00e9ritable tranquillit\u00e9 d&rsquo;esprit &#8211; surveillance gratuite de l&rsquo;unit\u00e9 24 heures sur 24, 7 jours sur 7, \u00e0 vie<\/li>\n<li>Rapports en ligne robustes sur les donn\u00e9es de performance en temps r\u00e9el<\/li>\n<li>Une caract\u00e9ristique standard sur tous les appareils de la s\u00e9rie AGronomic IQ<\/li>\n<li>Connexion Ethernet simple et pr\u00eate \u00e0 l&#8217;emploi<\/li>\n<li>Connexions Wi-Fi et cellulaires disponibles en option<\/li>\n<li>Fonctionne en parall\u00e8le avec BACnet, Lon Works et Modbus<\/li>\n<li>Acc\u00e8s et contr\u00f4le s\u00e9curis\u00e9s via un ordinateur, une tablette ou un smartphone<\/li>\n<li>La connexion active la garantie prolong\u00e9e de premi\u00e8re ann\u00e9e sur la main d&rsquo;\u0153uvre<\/li>\n<\/ul>\t\t\t\t\t\t\t\t<\/div>\n\t\t\t\t<\/div>\n\t\t\t\t\t<\/div>\n\t\t<\/div>\n\t\t\t\t<div class=\"elementor-column elementor-col-50 elementor-inner-column elementor-element elementor-element-17a2a8e6\" data-id=\"17a2a8e6\" data-element_type=\"column\" data-e-type=\"column\">\n\t\t\t<div class=\"elementor-widget-wrap elementor-element-populated\">\n\t\t\t\t\t\t<div class=\"elementor-element elementor-element-3f5575a8 elementor-widget elementor-widget-text-editor\" data-id=\"3f5575a8\" data-element_type=\"widget\" data-e-type=\"widget\" data-widget_type=\"text-editor.default\">\n\t\t\t\t<div class=\"elementor-widget-container\">\n\t\t\t\t\t\t\t\t\t<ul>\n \n \t<li>Les techniciens agr\u00e9\u00e9s peuvent affiner les performances de l&rsquo;appareil \u00e0 distance.<\/li>\n \t<li>Surveillance en temps r\u00e9el de tous les capteurs, y compris les pressions de r\u00e9frig\u00e9ration<\/li>\n \t<li>Historique des donn\u00e9es d&rsquo;exploitation stock\u00e9es sur des serveurs distants<\/li>\n \t<li>Acc\u00e8s et contr\u00f4le \u00e0 distance pour le personnel de service autoris\u00e9<\/li>\n \t<li>Rappels de maintenance et alertes de service automatis\u00e9s<\/li>\n \t<li>Service d&rsquo;alarme avec envoi automatis\u00e9 d&rsquo;e-mails au personnel cl\u00e9 ou aux prestataires de services<\/li>\n<\/ul>\t\t\t\t\t\t\t\t<\/div>\n\t\t\t\t<\/div>\n\t\t\t\t\t<\/div>\n\t\t<\/div>\n\t\t\t\t\t<\/div>\n\t\t<\/section>\n\t\t\t\t<\/div>\n\t\t","protected":false},"excerpt":{"rendered":"<p>SURVEILLANCE INTERNET EN TEMPS R\u00c9EL 24\/7 ET CONTR\u00d4LE \u00c0 DISTANCE Nous avons lanc\u00e9 notre technologie exclusive de surveillance de l&rsquo;Internet GrowSentry\u2122 il y a plus de 15 ans, alors que l&rsquo;Internet \u00e9tait encore jeune et que la surveillance de l&rsquo;Internet \u00e9tait plut\u00f4t rare. Les gens disaient que c&rsquo;\u00e9tait r\u00e9volutionnaire, et \u00e7a l&rsquo;\u00e9tait. Cette technologie s&rsquo;est &#8230; <a title=\"Technologie GrowSentry\u2122\" class=\"read-more\" href=\"https:\/\/agronomiciq.com\/fr\/technologie-growsentry\/\" aria-label=\"En savoir plus sur Technologie GrowSentry\u2122\">Lire plus<\/a><\/p>\n","protected":false},"author":1,"featured_media":8393,"parent":0,"menu_order":0,"comment_status":"closed","ping_status":"closed","template":"elementor_header_footer","meta":{"footnotes":""},"class_list":["post-8587","page","type-page","status-publish","has-post-thumbnail"],"yoast_head":"<!-- This site is optimized with the Yoast SEO Premium plugin v27.1 (Yoast SEO v27.1.1) - https:\/\/yoast.com\/product\/yoast-seo-premium-wordpress\/ -->\n<title>Technologie GrowSentry\u2122 &#8211; AGronomic IQ<\/title>\n<meta name=\"robots\" content=\"index, follow, max-snippet:-1, max-image-preview:large, max-video-preview:-1\" \/>\n<link rel=\"canonical\" href=\"https:\/\/agronomiciq.com\/fr\/technologie-growsentry\/\" \/>\n<meta property=\"og:locale\" content=\"fr_FR\" \/>\n<meta property=\"og:type\" content=\"article\" \/>\n<meta property=\"og:title\" content=\"Technologie GrowSentry\u2122\" \/>\n<meta property=\"og:description\" content=\"SURVEILLANCE INTERNET EN TEMPS R\u00c9EL 24\/7 ET CONTR\u00d4LE \u00c0 DISTANCE Nous avons lanc\u00e9 notre technologie exclusive de surveillance de l&#039;Internet GrowSentry\u2122 il\" \/>\n<meta property=\"og:url\" content=\"https:\/\/agronomiciq.com\/fr\/technologie-growsentry\/\" \/>\n<meta property=\"og:site_name\" content=\"AGronomic IQ\" \/>\n<meta property=\"article:modified_time\" content=\"2024-10-17T18:08:20+00:00\" \/>\n<meta property=\"og:image\" content=\"https:\/\/agronomiciq.com\/wp-content\/uploads\/2021\/10\/grow-sentry-hero.jpg\" \/>\n\t<meta property=\"og:image:width\" content=\"1920\" \/>\n\t<meta property=\"og:image:height\" content=\"1080\" \/>\n\t<meta property=\"og:image:type\" content=\"image\/jpeg\" \/>\n<meta name=\"twitter:card\" content=\"summary_large_image\" \/>\n<meta name=\"twitter:label1\" content=\"Dur\u00e9e de lecture estim\u00e9e\" \/>\n\t<meta name=\"twitter:data1\" content=\"3 minutes\" \/>\n<script type=\"application\/ld+json\" class=\"yoast-schema-graph\">{\"@context\":\"https:\/\/schema.org\",\"@graph\":[{\"@type\":\"WebPage\",\"@id\":\"https:\/\/agronomiciq.com\/fr\/technologie-growsentry\/\",\"url\":\"https:\/\/agronomiciq.com\/fr\/technologie-growsentry\/\",\"name\":\"Technologie GrowSentry\u2122 &#8211; AGronomic IQ\",\"isPartOf\":{\"@id\":\"https:\/\/agronomiciq.com\/fr\/#website\"},\"primaryImageOfPage\":{\"@id\":\"https:\/\/agronomiciq.com\/fr\/technologie-growsentry\/#primaryimage\"},\"image\":{\"@id\":\"https:\/\/agronomiciq.com\/fr\/technologie-growsentry\/#primaryimage\"},\"thumbnailUrl\":\"https:\/\/agronomiciq.com\/wp-content\/uploads\/2021\/10\/grow-sentry-hero.jpg\",\"datePublished\":\"2021-02-25T15:33:56+00:00\",\"dateModified\":\"2024-10-17T18:08:20+00:00\",\"inLanguage\":\"fr-FR\",\"potentialAction\":[{\"@type\":\"ReadAction\",\"target\":[\"https:\/\/agronomiciq.com\/fr\/technologie-growsentry\/\"]}]},{\"@type\":\"ImageObject\",\"inLanguage\":\"fr-FR\",\"@id\":\"https:\/\/agronomiciq.com\/fr\/technologie-growsentry\/#primaryimage\",\"url\":\"https:\/\/agronomiciq.com\/wp-content\/uploads\/2021\/10\/grow-sentry-hero.jpg\",\"contentUrl\":\"https:\/\/agronomiciq.com\/wp-content\/uploads\/2021\/10\/grow-sentry-hero.jpg\",\"width\":1920,\"height\":1080},{\"@type\":\"WebSite\",\"@id\":\"https:\/\/agronomiciq.com\/fr\/#website\",\"url\":\"https:\/\/agronomiciq.com\/fr\/\",\"name\":\"AGronomic IQ\",\"description\":\"Smart HVAC for Growth\",\"publisher\":{\"@id\":\"https:\/\/agronomiciq.com\/fr\/#organization\"},\"potentialAction\":[{\"@type\":\"SearchAction\",\"target\":{\"@type\":\"EntryPoint\",\"urlTemplate\":\"https:\/\/agronomiciq.com\/fr\/?s={search_term_string}\"},\"query-input\":{\"@type\":\"PropertyValueSpecification\",\"valueRequired\":true,\"valueName\":\"search_term_string\"}}],\"inLanguage\":\"fr-FR\"},{\"@type\":\"Organization\",\"@id\":\"https:\/\/agronomiciq.com\/fr\/#organization\",\"name\":\"AGronomic IQ\",\"url\":\"https:\/\/agronomiciq.com\/fr\/\",\"logo\":{\"@type\":\"ImageObject\",\"inLanguage\":\"fr-FR\",\"@id\":\"https:\/\/agronomiciq.com\/fr\/#\/schema\/logo\/image\/\",\"url\":\"https:\/\/agronomiciq.com\/wp-content\/uploads\/2022\/05\/agiq-logo-sm.png\",\"contentUrl\":\"https:\/\/agronomiciq.com\/wp-content\/uploads\/2022\/05\/agiq-logo-sm.png\",\"width\":800,\"height\":169,\"caption\":\"AGronomic IQ\"},\"image\":{\"@id\":\"https:\/\/agronomiciq.com\/fr\/#\/schema\/logo\/image\/\"},\"sameAs\":[\"https:\/\/www.linkedin.com\/company\/agronomic-iq\/\",\"https:\/\/www.youtube.com\/channel\/UC_aE0qmeFqR6yVgiEczVhaA\"]}]}<\/script>\n<!-- \/ Yoast SEO Premium plugin. -->","yoast_head_json":{"title":"Technologie GrowSentry\u2122 &#8211; AGronomic IQ","robots":{"index":"index","follow":"follow","max-snippet":"max-snippet:-1","max-image-preview":"max-image-preview:large","max-video-preview":"max-video-preview:-1"},"canonical":"https:\/\/agronomiciq.com\/fr\/technologie-growsentry\/","og_locale":"fr_FR","og_type":"article","og_title":"Technologie GrowSentry\u2122","og_description":"SURVEILLANCE INTERNET EN TEMPS R\u00c9EL 24\/7 ET CONTR\u00d4LE \u00c0 DISTANCE Nous avons lanc\u00e9 notre technologie exclusive de surveillance de l'Internet GrowSentry\u2122 il","og_url":"https:\/\/agronomiciq.com\/fr\/technologie-growsentry\/","og_site_name":"AGronomic IQ","article_modified_time":"2024-10-17T18:08:20+00:00","og_image":[{"width":1920,"height":1080,"url":"https:\/\/agronomiciq.com\/wp-content\/uploads\/2021\/10\/grow-sentry-hero.jpg","type":"image\/jpeg"}],"twitter_card":"summary_large_image","twitter_misc":{"Dur\u00e9e de lecture estim\u00e9e":"3 minutes"},"schema":{"@context":"https:\/\/schema.org","@graph":[{"@type":"WebPage","@id":"https:\/\/agronomiciq.com\/fr\/technologie-growsentry\/","url":"https:\/\/agronomiciq.com\/fr\/technologie-growsentry\/","name":"Technologie GrowSentry\u2122 &#8211; AGronomic IQ","isPartOf":{"@id":"https:\/\/agronomiciq.com\/fr\/#website"},"primaryImageOfPage":{"@id":"https:\/\/agronomiciq.com\/fr\/technologie-growsentry\/#primaryimage"},"image":{"@id":"https:\/\/agronomiciq.com\/fr\/technologie-growsentry\/#primaryimage"},"thumbnailUrl":"https:\/\/agronomiciq.com\/wp-content\/uploads\/2021\/10\/grow-sentry-hero.jpg","datePublished":"2021-02-25T15:33:56+00:00","dateModified":"2024-10-17T18:08:20+00:00","inLanguage":"fr-FR","potentialAction":[{"@type":"ReadAction","target":["https:\/\/agronomiciq.com\/fr\/technologie-growsentry\/"]}]},{"@type":"ImageObject","inLanguage":"fr-FR","@id":"https:\/\/agronomiciq.com\/fr\/technologie-growsentry\/#primaryimage","url":"https:\/\/agronomiciq.com\/wp-content\/uploads\/2021\/10\/grow-sentry-hero.jpg","contentUrl":"https:\/\/agronomiciq.com\/wp-content\/uploads\/2021\/10\/grow-sentry-hero.jpg","width":1920,"height":1080},{"@type":"WebSite","@id":"https:\/\/agronomiciq.com\/fr\/#website","url":"https:\/\/agronomiciq.com\/fr\/","name":"AGronomic IQ","description":"Smart HVAC for Growth","publisher":{"@id":"https:\/\/agronomiciq.com\/fr\/#organization"},"potentialAction":[{"@type":"SearchAction","target":{"@type":"EntryPoint","urlTemplate":"https:\/\/agronomiciq.com\/fr\/?s={search_term_string}"},"query-input":{"@type":"PropertyValueSpecification","valueRequired":true,"valueName":"search_term_string"}}],"inLanguage":"fr-FR"},{"@type":"Organization","@id":"https:\/\/agronomiciq.com\/fr\/#organization","name":"AGronomic IQ","url":"https:\/\/agronomiciq.com\/fr\/","logo":{"@type":"ImageObject","inLanguage":"fr-FR","@id":"https:\/\/agronomiciq.com\/fr\/#\/schema\/logo\/image\/","url":"https:\/\/agronomiciq.com\/wp-content\/uploads\/2022\/05\/agiq-logo-sm.png","contentUrl":"https:\/\/agronomiciq.com\/wp-content\/uploads\/2022\/05\/agiq-logo-sm.png","width":800,"height":169,"caption":"AGronomic IQ"},"image":{"@id":"https:\/\/agronomiciq.com\/fr\/#\/schema\/logo\/image\/"},"sameAs":["https:\/\/www.linkedin.com\/company\/agronomic-iq\/","https:\/\/www.youtube.com\/channel\/UC_aE0qmeFqR6yVgiEczVhaA"]}]}},"_links":{"self":[{"href":"https:\/\/agronomiciq.com\/fr\/wp-json\/wp\/v2\/pages\/8587","targetHints":{"allow":["GET"]}}],"collection":[{"href":"https:\/\/agronomiciq.com\/fr\/wp-json\/wp\/v2\/pages"}],"about":[{"href":"https:\/\/agronomiciq.com\/fr\/wp-json\/wp\/v2\/types\/page"}],"author":[{"embeddable":true,"href":"https:\/\/agronomiciq.com\/fr\/wp-json\/wp\/v2\/users\/1"}],"replies":[{"embeddable":true,"href":"https:\/\/agronomiciq.com\/fr\/wp-json\/wp\/v2\/comments?post=8587"}],"version-history":[{"count":1,"href":"https:\/\/agronomiciq.com\/fr\/wp-json\/wp\/v2\/pages\/8587\/revisions"}],"predecessor-version":[{"id":8589,"href":"https:\/\/agronomiciq.com\/fr\/wp-json\/wp\/v2\/pages\/8587\/revisions\/8589"}],"wp:featuredmedia":[{"embeddable":true,"href":"https:\/\/agronomiciq.com\/fr\/wp-json\/wp\/v2\/media\/8393"}],"wp:attachment":[{"href":"https:\/\/agronomiciq.com\/fr\/wp-json\/wp\/v2\/media?parent=8587"}],"curies":[{"name":"wp","href":"https:\/\/api.w.org\/{rel}","templated":true}]}}