{"id":8582,"date":"2021-03-16T21:11:40","date_gmt":"2021-03-16T21:11:40","guid":{"rendered":"https:\/\/agronomiciq.com\/la-technologie-avancee-de-refroidissement-a-sec-dagronomic-iq\/"},"modified":"2024-10-17T18:07:45","modified_gmt":"2024-10-17T18:07:45","slug":"la-technologie-avancee-de-refroidissement-a-sec-dagronomic-iq","status":"publish","type":"page","link":"https:\/\/agronomiciq.com\/fr\/la-technologie-avancee-de-refroidissement-a-sec-dagronomic-iq\/","title":{"rendered":"La technologie avanc\u00e9e de refroidissement \u00e0 sec d&rsquo;AGronomic IQ"},"content":{"rendered":"\t\t<div data-elementor-type=\"wp-page\" data-elementor-id=\"8582\" class=\"elementor elementor-8582 elementor-4972\" data-elementor-post-type=\"page\">\n\t\t\t\t\t\t<section class=\"elementor-section elementor-top-section elementor-element elementor-element-a5ba59d elementor-section-boxed elementor-section-height-default elementor-section-height-default\" data-id=\"a5ba59d\" data-element_type=\"section\" data-e-type=\"section\">\n\t\t\t\t\t\t<div class=\"elementor-container elementor-column-gap-no\">\n\t\t\t\t\t<div class=\"elementor-column elementor-col-100 elementor-top-column elementor-element elementor-element-be6be99\" data-id=\"be6be99\" data-element_type=\"column\" data-e-type=\"column\">\n\t\t\t<div class=\"elementor-widget-wrap elementor-element-populated\">\n\t\t\t\t\t\t<div class=\"elementor-element elementor-element-d6dfaf8 elementor-widget elementor-widget-spacer\" data-id=\"d6dfaf8\" data-element_type=\"widget\" data-e-type=\"widget\" data-widget_type=\"spacer.default\">\n\t\t\t\t<div class=\"elementor-widget-container\">\n\t\t\t\t\t\t\t<div class=\"elementor-spacer\">\n\t\t\t<div class=\"elementor-spacer-inner\"><\/div>\n\t\t<\/div>\n\t\t\t\t\t\t<\/div>\n\t\t\t\t<\/div>\n\t\t\t\t<section class=\"elementor-section elementor-inner-section elementor-element elementor-element-b075095 elementor-section-boxed elementor-section-height-default elementor-section-height-default\" data-id=\"b075095\" data-element_type=\"section\" data-e-type=\"section\">\n\t\t\t\t\t\t<div class=\"elementor-container elementor-column-gap-extended\">\n\t\t\t\t\t<div class=\"elementor-column elementor-col-50 elementor-inner-column elementor-element elementor-element-4e1d308\" data-id=\"4e1d308\" data-element_type=\"column\" data-e-type=\"column\">\n\t\t\t<div class=\"elementor-widget-wrap elementor-element-populated\">\n\t\t\t\t\t\t<div class=\"elementor-element elementor-element-f4ac54c elementor-widget elementor-widget-image\" data-id=\"f4ac54c\" data-element_type=\"widget\" data-e-type=\"widget\" data-widget_type=\"image.default\">\n\t\t\t\t<div class=\"elementor-widget-container\">\n\t\t\t\t\t\t\t\t\t\t\t\t\t\t\t\t<a href=\"https:\/\/agronomiciq.com\/dry-coolers\/#video\">\n\t\t\t\t\t\t\t<img fetchpriority=\"high\" decoding=\"async\" width=\"739\" height=\"415\" src=\"https:\/\/agronomiciq.com\/wp-content\/uploads\/2022\/03\/agronomic-iq-advanced-dry-cooler-heat-rejection-technology-high.gif\" class=\"attachment-large size-large wp-image-8446\" alt=\"\" \/>\t\t\t\t\t\t\t\t<\/a>\n\t\t\t\t\t\t\t\t\t\t\t\t\t\t\t<\/div>\n\t\t\t\t<\/div>\n\t\t\t\t\t<\/div>\n\t\t<\/div>\n\t\t\t\t<div class=\"elementor-column elementor-col-50 elementor-inner-column elementor-element elementor-element-4938ff6\" data-id=\"4938ff6\" data-element_type=\"column\" data-e-type=\"column\">\n\t\t\t<div class=\"elementor-widget-wrap elementor-element-populated\">\n\t\t\t\t\t\t<div class=\"elementor-element elementor-element-4cd8d8b elementor-widget elementor-widget-text-editor\" data-id=\"4cd8d8b\" data-element_type=\"widget\" data-e-type=\"widget\" data-widget_type=\"text-editor.default\">\n\t\t\t\t<div class=\"elementor-widget-container\">\n\t\t\t\t\t\t\t\t\t<p>Comme la gamme compl\u00e8te de produits AGronomic IQ est refroidie \u00e0 l&rsquo;eau, nous avons d\u00e9cid\u00e9 qu&rsquo;il \u00e9tait logique pour nous d&rsquo;aller sur le march\u00e9 avec une offre tr\u00e8s comp\u00e9titive et compl\u00e8te de refroidisseurs \u00e0 sec pour compl\u00e9ter nos unit\u00e9s sur les syst\u00e8mes split. En fait, nous utilisons \u00e9galement ces m\u00eames refroidisseurs secs pour nos unit\u00e9s conditionn\u00e9es. Nous allons vous parler des syst\u00e8mes split, des dry coolers et de ce qu&rsquo;ils apportent au march\u00e9.  <\/p>\n<p>Mais je vais vous expliquer bri\u00e8vement pourquoi nous utilisons des unit\u00e9s refroidies \u00e0 l&rsquo;eau et pourquoi le m\u00e9lange eau-glycol est tr\u00e8s important pour nous, et ce pour plusieurs raisons. Tout d&rsquo;abord, il nous permet de r\u00e9duire la charge de r\u00e9frig\u00e9rant dans nos syst\u00e8mes de 85 \u00e0 90 % par rapport au fractionnement de l&rsquo;\u00e9quipement. La gestion de l&rsquo;environnement est tr\u00e8s importante pour nous et pour ce march\u00e9.  <\/p>\n<p>Le fait de ne pas r\u00e9duire la charge de r\u00e9frig\u00e9rant en fait partie. Cela nous permet \u00e9galement d&rsquo;isoler compl\u00e8tement nos compresseurs des conditions ambiantes ext\u00e9rieures. Cela signifie que nous n&rsquo;avons pas \u00e0 craindre, les jours o\u00f9 les conditions ambiantes sont faibles, que la temp\u00e9rature d&rsquo;aspiration s&rsquo;effondre ou que des gouttes froides de r\u00e9frig\u00e9rant reviennent dans le syst\u00e8me lorsque vous changez de mode de fonctionnement. Cela nous permet d&rsquo;avoir des conditions ambiantes tr\u00e8s stables et un fonctionnement tr\u00e8s stable de l&rsquo;\u00e9quipement dans une large gamme de conditions ext\u00e9rieures.   <\/p>\n<p>Ces refroidisseurs secs sont dot\u00e9s de caract\u00e9ristiques int\u00e9gr\u00e9es qui sont tr\u00e8s importantes sur ce march\u00e9. Comme vous le voyez derri\u00e8re moi, tous nos refroidisseurs \u00e0 sec divis\u00e9s sont \u00e9quip\u00e9s de pompes redondantes. Ces pompes sont dot\u00e9es d&rsquo;un syst\u00e8me de d\u00e9tection des pannes. Nous avons des ventilateurs redondants \u00e0 bord. Ces ventilateurs sont dot\u00e9s d&rsquo;un syst\u00e8me de d\u00e9tection des pannes. Nous avons des syst\u00e8mes de contr\u00f4le int\u00e9gr\u00e9s pour ces refroidisseurs secs, qui mesurent la temp\u00e9rature ambiante, la temp\u00e9rature de l&rsquo;eau \u00e0 l&rsquo;entr\u00e9e et \u00e0 la sortie, ainsi que l&rsquo;\u00e9tat des pompes et des ventilateurs, et ces refroidisseurs secs ne sont pas seulement disponibles dans cette configuration en un seul V derri\u00e8re moi, ils sont disponibles \u00e0 un tarif et demi.     <\/p>\n<p>Il peut s&rsquo;agir d&rsquo;un seul ventilateur ou de six. Nous avons des refroidisseurs secs \u00e0 12 ventilateurs et m\u00eame dans le cas de tr\u00e8s grands refroidisseurs secs. Chaque V a la m\u00eame mesure de redondance qu&rsquo;un seul V. Ainsi, dans un refroidisseur sec \u00e0 six V, vous avez 12 pompes ind\u00e9pendantes, vous avez 12 ventilateurs ind\u00e9pendants. Ainsi, dans un refroidisseur sec \u00e0 six V, vous avez 12 pompes ind\u00e9pendantes, vous avez 12 ventilateurs ind\u00e9pendants. Et toute d\u00e9faillance individuelle n&rsquo;affecte pas l&rsquo;\u00e9quilibre de l&rsquo;op\u00e9ration.    <\/p>\n<p>de ce refroidisseur sec du point de vue de l&rsquo;op\u00e9rabilit\u00e9 ou de la redondance. Ils sont con\u00e7us sp\u00e9cifiquement pour cela. Encore une fois, ils sont \u00e9galement disponibles en tant que syst\u00e8me global. Vous pouvez voir derri\u00e8re moi une unit\u00e9 de 55 tonnes \u00e9quip\u00e9e d&rsquo;un refroidisseur sec \u00e0 deux ou quatre ventilateurs. Nous pouvons \u00e9galement conditionner des unit\u00e9s plus grandes. Nous emballons souvent des unit\u00e9s plus petites.     <\/p>\n<p>Cela d\u00e9pendra de votre cas d&rsquo;utilisation sp\u00e9cifique, mais nous vous invitons \u00e0 prendre contact avec nous. Parlons de votre application. Pourquoi le dry cooler est vraiment int\u00e9ressant pour vous et pour nous, et nous serions ravis de travailler avec vous sur votre prochain projet.  <\/p>\n\t\t\t\t\t\t\t\t<\/div>\n\t\t\t\t<\/div>\n\t\t\t\t<div class=\"elementor-element elementor-element-02b1bbb back elementor-widget elementor-widget-text-editor\" data-id=\"02b1bbb\" data-element_type=\"widget\" data-e-type=\"widget\" data-widget_type=\"text-editor.default\">\n\t\t\t\t<div class=\"elementor-widget-container\">\n\t\t\t\t\t\t\t\t\t<p><a href=\"https:\/\/agronomiciq.com\/dry-coolers\/#video\">retour \u00e0 la vid\u00e9o<\/a><\/p>\n\t\t\t\t\t\t\t\t<\/div>\n\t\t\t\t<\/div>\n\t\t\t\t\t<\/div>\n\t\t<\/div>\n\t\t\t\t\t<\/div>\n\t\t<\/section>\n\t\t\t\t<div class=\"elementor-element elementor-element-8f65db6 elementor-widget elementor-widget-spacer\" data-id=\"8f65db6\" data-element_type=\"widget\" data-e-type=\"widget\" data-widget_type=\"spacer.default\">\n\t\t\t\t<div class=\"elementor-widget-container\">\n\t\t\t\t\t\t\t<div class=\"elementor-spacer\">\n\t\t\t<div class=\"elementor-spacer-inner\"><\/div>\n\t\t<\/div>\n\t\t\t\t\t\t<\/div>\n\t\t\t\t<\/div>\n\t\t\t\t\t<\/div>\n\t\t<\/div>\n\t\t\t\t\t<\/div>\n\t\t<\/section>\n\t\t\t\t<\/div>\n\t\t","protected":false},"excerpt":{"rendered":"<p>Comme la gamme compl\u00e8te de produits AGronomic IQ est refroidie \u00e0 l&rsquo;eau, nous avons d\u00e9cid\u00e9 qu&rsquo;il \u00e9tait logique pour nous d&rsquo;aller sur le march\u00e9 avec une offre tr\u00e8s comp\u00e9titive et compl\u00e8te de refroidisseurs \u00e0 sec pour compl\u00e9ter nos unit\u00e9s sur les syst\u00e8mes split. En fait, nous utilisons \u00e9galement ces m\u00eames refroidisseurs secs pour nos unit\u00e9s &#8230; <a title=\"La technologie avanc\u00e9e de refroidissement \u00e0 sec d&rsquo;AGronomic IQ\" class=\"read-more\" href=\"https:\/\/agronomiciq.com\/fr\/la-technologie-avancee-de-refroidissement-a-sec-dagronomic-iq\/\" aria-label=\"En savoir plus sur La technologie avanc\u00e9e de refroidissement \u00e0 sec d&rsquo;AGronomic IQ\">Lire plus<\/a><\/p>\n","protected":false},"author":1,"featured_media":0,"parent":0,"menu_order":0,"comment_status":"closed","ping_status":"closed","template":"elementor_header_footer","meta":{"footnotes":""},"class_list":["post-8582","page","type-page","status-publish"],"yoast_head":"<!-- This site is optimized with the Yoast SEO Premium plugin v27.1 (Yoast SEO v27.1.1) - https:\/\/yoast.com\/product\/yoast-seo-premium-wordpress\/ -->\n<title>La technologie avanc\u00e9e de refroidissement \u00e0 sec d&#039;AGronomic IQ &#8211; AGronomic IQ<\/title>\n<meta name=\"robots\" content=\"index, follow, max-snippet:-1, max-image-preview:large, max-video-preview:-1\" \/>\n<link rel=\"canonical\" href=\"https:\/\/agronomiciq.com\/fr\/la-technologie-avancee-de-refroidissement-a-sec-dagronomic-iq\/\" \/>\n<meta property=\"og:locale\" content=\"fr_FR\" \/>\n<meta property=\"og:type\" content=\"article\" \/>\n<meta property=\"og:title\" content=\"La technologie avanc\u00e9e de refroidissement \u00e0 sec d&#039;AGronomic IQ\" \/>\n<meta property=\"og:description\" content=\"Comme la gamme compl\u00e8te de produits AGronomic IQ est refroidie \u00e0 l&#039;eau, nous avons d\u00e9cid\u00e9 qu&#039;il \u00e9tait logique pour nous d&#039;aller sur le march\u00e9 avec une\" \/>\n<meta property=\"og:url\" content=\"https:\/\/agronomiciq.com\/fr\/la-technologie-avancee-de-refroidissement-a-sec-dagronomic-iq\/\" \/>\n<meta property=\"og:site_name\" content=\"AGronomic IQ\" \/>\n<meta property=\"article:modified_time\" content=\"2024-10-17T18:07:45+00:00\" \/>\n<meta property=\"og:image\" content=\"https:\/\/agronomiciq.com\/wp-content\/uploads\/2022\/03\/agronomic-iq-advanced-dry-cooler-heat-rejection-technology-high.gif\" \/>\n\t<meta property=\"og:image:width\" content=\"739\" \/>\n\t<meta property=\"og:image:height\" content=\"415\" \/>\n\t<meta property=\"og:image:type\" content=\"image\/gif\" \/>\n<meta name=\"twitter:card\" content=\"summary_large_image\" \/>\n<meta name=\"twitter:label1\" content=\"Dur\u00e9e de lecture estim\u00e9e\" \/>\n\t<meta name=\"twitter:data1\" content=\"3 minutes\" \/>\n<script type=\"application\/ld+json\" class=\"yoast-schema-graph\">{\"@context\":\"https:\/\/schema.org\",\"@graph\":[{\"@type\":\"WebPage\",\"@id\":\"https:\/\/agronomiciq.com\/fr\/la-technologie-avancee-de-refroidissement-a-sec-dagronomic-iq\/\",\"url\":\"https:\/\/agronomiciq.com\/fr\/la-technologie-avancee-de-refroidissement-a-sec-dagronomic-iq\/\",\"name\":\"La technologie avanc\u00e9e de refroidissement \u00e0 sec d'AGronomic IQ &#8211; AGronomic IQ\",\"isPartOf\":{\"@id\":\"https:\/\/agronomiciq.com\/fr\/#website\"},\"primaryImageOfPage\":{\"@id\":\"https:\/\/agronomiciq.com\/fr\/la-technologie-avancee-de-refroidissement-a-sec-dagronomic-iq\/#primaryimage\"},\"image\":{\"@id\":\"https:\/\/agronomiciq.com\/fr\/la-technologie-avancee-de-refroidissement-a-sec-dagronomic-iq\/#primaryimage\"},\"thumbnailUrl\":\"https:\/\/agronomiciq.com\/wp-content\/uploads\/2022\/03\/agronomic-iq-advanced-dry-cooler-heat-rejection-technology-high.gif\",\"datePublished\":\"2021-03-16T21:11:40+00:00\",\"dateModified\":\"2024-10-17T18:07:45+00:00\",\"inLanguage\":\"fr-FR\",\"potentialAction\":[{\"@type\":\"ReadAction\",\"target\":[\"https:\/\/agronomiciq.com\/fr\/la-technologie-avancee-de-refroidissement-a-sec-dagronomic-iq\/\"]}]},{\"@type\":\"ImageObject\",\"inLanguage\":\"fr-FR\",\"@id\":\"https:\/\/agronomiciq.com\/fr\/la-technologie-avancee-de-refroidissement-a-sec-dagronomic-iq\/#primaryimage\",\"url\":\"https:\/\/agronomiciq.com\/wp-content\/uploads\/2022\/03\/agronomic-iq-advanced-dry-cooler-heat-rejection-technology-high.gif\",\"contentUrl\":\"https:\/\/agronomiciq.com\/wp-content\/uploads\/2022\/03\/agronomic-iq-advanced-dry-cooler-heat-rejection-technology-high.gif\"},{\"@type\":\"WebSite\",\"@id\":\"https:\/\/agronomiciq.com\/fr\/#website\",\"url\":\"https:\/\/agronomiciq.com\/fr\/\",\"name\":\"AGronomic IQ\",\"description\":\"Smart HVAC for Growth\",\"publisher\":{\"@id\":\"https:\/\/agronomiciq.com\/fr\/#organization\"},\"potentialAction\":[{\"@type\":\"SearchAction\",\"target\":{\"@type\":\"EntryPoint\",\"urlTemplate\":\"https:\/\/agronomiciq.com\/fr\/?s={search_term_string}\"},\"query-input\":{\"@type\":\"PropertyValueSpecification\",\"valueRequired\":true,\"valueName\":\"search_term_string\"}}],\"inLanguage\":\"fr-FR\"},{\"@type\":\"Organization\",\"@id\":\"https:\/\/agronomiciq.com\/fr\/#organization\",\"name\":\"AGronomic IQ\",\"url\":\"https:\/\/agronomiciq.com\/fr\/\",\"logo\":{\"@type\":\"ImageObject\",\"inLanguage\":\"fr-FR\",\"@id\":\"https:\/\/agronomiciq.com\/fr\/#\/schema\/logo\/image\/\",\"url\":\"https:\/\/agronomiciq.com\/wp-content\/uploads\/2022\/05\/agiq-logo-sm.png\",\"contentUrl\":\"https:\/\/agronomiciq.com\/wp-content\/uploads\/2022\/05\/agiq-logo-sm.png\",\"width\":800,\"height\":169,\"caption\":\"AGronomic IQ\"},\"image\":{\"@id\":\"https:\/\/agronomiciq.com\/fr\/#\/schema\/logo\/image\/\"},\"sameAs\":[\"https:\/\/www.linkedin.com\/company\/agronomic-iq\/\",\"https:\/\/www.youtube.com\/channel\/UC_aE0qmeFqR6yVgiEczVhaA\"]}]}<\/script>\n<!-- \/ Yoast SEO Premium plugin. -->","yoast_head_json":{"title":"La technologie avanc\u00e9e de refroidissement \u00e0 sec d'AGronomic IQ &#8211; AGronomic IQ","robots":{"index":"index","follow":"follow","max-snippet":"max-snippet:-1","max-image-preview":"max-image-preview:large","max-video-preview":"max-video-preview:-1"},"canonical":"https:\/\/agronomiciq.com\/fr\/la-technologie-avancee-de-refroidissement-a-sec-dagronomic-iq\/","og_locale":"fr_FR","og_type":"article","og_title":"La technologie avanc\u00e9e de refroidissement \u00e0 sec d'AGronomic IQ","og_description":"Comme la gamme compl\u00e8te de produits AGronomic IQ est refroidie \u00e0 l'eau, nous avons d\u00e9cid\u00e9 qu'il \u00e9tait logique pour nous d'aller sur le march\u00e9 avec une","og_url":"https:\/\/agronomiciq.com\/fr\/la-technologie-avancee-de-refroidissement-a-sec-dagronomic-iq\/","og_site_name":"AGronomic IQ","article_modified_time":"2024-10-17T18:07:45+00:00","og_image":[{"url":"https:\/\/agronomiciq.com\/wp-content\/uploads\/2022\/03\/agronomic-iq-advanced-dry-cooler-heat-rejection-technology-high.gif","width":739,"height":415,"type":"image\/gif"}],"twitter_card":"summary_large_image","twitter_misc":{"Dur\u00e9e de lecture estim\u00e9e":"3 minutes"},"schema":{"@context":"https:\/\/schema.org","@graph":[{"@type":"WebPage","@id":"https:\/\/agronomiciq.com\/fr\/la-technologie-avancee-de-refroidissement-a-sec-dagronomic-iq\/","url":"https:\/\/agronomiciq.com\/fr\/la-technologie-avancee-de-refroidissement-a-sec-dagronomic-iq\/","name":"La technologie avanc\u00e9e de refroidissement \u00e0 sec d'AGronomic IQ &#8211; AGronomic IQ","isPartOf":{"@id":"https:\/\/agronomiciq.com\/fr\/#website"},"primaryImageOfPage":{"@id":"https:\/\/agronomiciq.com\/fr\/la-technologie-avancee-de-refroidissement-a-sec-dagronomic-iq\/#primaryimage"},"image":{"@id":"https:\/\/agronomiciq.com\/fr\/la-technologie-avancee-de-refroidissement-a-sec-dagronomic-iq\/#primaryimage"},"thumbnailUrl":"https:\/\/agronomiciq.com\/wp-content\/uploads\/2022\/03\/agronomic-iq-advanced-dry-cooler-heat-rejection-technology-high.gif","datePublished":"2021-03-16T21:11:40+00:00","dateModified":"2024-10-17T18:07:45+00:00","inLanguage":"fr-FR","potentialAction":[{"@type":"ReadAction","target":["https:\/\/agronomiciq.com\/fr\/la-technologie-avancee-de-refroidissement-a-sec-dagronomic-iq\/"]}]},{"@type":"ImageObject","inLanguage":"fr-FR","@id":"https:\/\/agronomiciq.com\/fr\/la-technologie-avancee-de-refroidissement-a-sec-dagronomic-iq\/#primaryimage","url":"https:\/\/agronomiciq.com\/wp-content\/uploads\/2022\/03\/agronomic-iq-advanced-dry-cooler-heat-rejection-technology-high.gif","contentUrl":"https:\/\/agronomiciq.com\/wp-content\/uploads\/2022\/03\/agronomic-iq-advanced-dry-cooler-heat-rejection-technology-high.gif"},{"@type":"WebSite","@id":"https:\/\/agronomiciq.com\/fr\/#website","url":"https:\/\/agronomiciq.com\/fr\/","name":"AGronomic IQ","description":"Smart HVAC for Growth","publisher":{"@id":"https:\/\/agronomiciq.com\/fr\/#organization"},"potentialAction":[{"@type":"SearchAction","target":{"@type":"EntryPoint","urlTemplate":"https:\/\/agronomiciq.com\/fr\/?s={search_term_string}"},"query-input":{"@type":"PropertyValueSpecification","valueRequired":true,"valueName":"search_term_string"}}],"inLanguage":"fr-FR"},{"@type":"Organization","@id":"https:\/\/agronomiciq.com\/fr\/#organization","name":"AGronomic IQ","url":"https:\/\/agronomiciq.com\/fr\/","logo":{"@type":"ImageObject","inLanguage":"fr-FR","@id":"https:\/\/agronomiciq.com\/fr\/#\/schema\/logo\/image\/","url":"https:\/\/agronomiciq.com\/wp-content\/uploads\/2022\/05\/agiq-logo-sm.png","contentUrl":"https:\/\/agronomiciq.com\/wp-content\/uploads\/2022\/05\/agiq-logo-sm.png","width":800,"height":169,"caption":"AGronomic IQ"},"image":{"@id":"https:\/\/agronomiciq.com\/fr\/#\/schema\/logo\/image\/"},"sameAs":["https:\/\/www.linkedin.com\/company\/agronomic-iq\/","https:\/\/www.youtube.com\/channel\/UC_aE0qmeFqR6yVgiEczVhaA"]}]}},"_links":{"self":[{"href":"https:\/\/agronomiciq.com\/fr\/wp-json\/wp\/v2\/pages\/8582","targetHints":{"allow":["GET"]}}],"collection":[{"href":"https:\/\/agronomiciq.com\/fr\/wp-json\/wp\/v2\/pages"}],"about":[{"href":"https:\/\/agronomiciq.com\/fr\/wp-json\/wp\/v2\/types\/page"}],"author":[{"embeddable":true,"href":"https:\/\/agronomiciq.com\/fr\/wp-json\/wp\/v2\/users\/1"}],"replies":[{"embeddable":true,"href":"https:\/\/agronomiciq.com\/fr\/wp-json\/wp\/v2\/comments?post=8582"}],"version-history":[{"count":1,"href":"https:\/\/agronomiciq.com\/fr\/wp-json\/wp\/v2\/pages\/8582\/revisions"}],"predecessor-version":[{"id":8584,"href":"https:\/\/agronomiciq.com\/fr\/wp-json\/wp\/v2\/pages\/8582\/revisions\/8584"}],"wp:attachment":[{"href":"https:\/\/agronomiciq.com\/fr\/wp-json\/wp\/v2\/media?parent=8582"}],"curies":[{"name":"wp","href":"https:\/\/api.w.org\/{rel}","templated":true}]}}