{"id":8580,"date":"2021-03-17T19:23:17","date_gmt":"2021-03-17T19:23:17","guid":{"rendered":"https:\/\/agronomiciq.com\/conception-et-selection-des-bobines\/"},"modified":"2024-10-17T18:07:54","modified_gmt":"2024-10-17T18:07:54","slug":"conception-et-selection-des-bobines","status":"publish","type":"page","link":"https:\/\/agronomiciq.com\/fr\/conception-et-selection-des-bobines\/","title":{"rendered":"Conception et s\u00e9lection des bobines"},"content":{"rendered":"\t\t<div data-elementor-type=\"wp-page\" data-elementor-id=\"8580\" class=\"elementor elementor-8580 elementor-5166\" data-elementor-post-type=\"page\">\n\t\t\t\t\t\t<section class=\"elementor-section elementor-top-section elementor-element elementor-element-a5ba59d elementor-section-boxed elementor-section-height-default elementor-section-height-default\" data-id=\"a5ba59d\" data-element_type=\"section\" data-e-type=\"section\">\n\t\t\t\t\t\t<div class=\"elementor-container elementor-column-gap-no\">\n\t\t\t\t\t<div class=\"elementor-column elementor-col-100 elementor-top-column elementor-element elementor-element-be6be99\" data-id=\"be6be99\" data-element_type=\"column\" data-e-type=\"column\">\n\t\t\t<div class=\"elementor-widget-wrap elementor-element-populated\">\n\t\t\t\t\t\t<div class=\"elementor-element elementor-element-d6dfaf8 elementor-widget elementor-widget-spacer\" data-id=\"d6dfaf8\" data-element_type=\"widget\" data-e-type=\"widget\" data-widget_type=\"spacer.default\">\n\t\t\t\t<div class=\"elementor-widget-container\">\n\t\t\t\t\t\t\t<div class=\"elementor-spacer\">\n\t\t\t<div class=\"elementor-spacer-inner\"><\/div>\n\t\t<\/div>\n\t\t\t\t\t\t<\/div>\n\t\t\t\t<\/div>\n\t\t\t\t<section class=\"elementor-section elementor-inner-section elementor-element elementor-element-b075095 elementor-section-boxed elementor-section-height-default elementor-section-height-default\" data-id=\"b075095\" data-element_type=\"section\" data-e-type=\"section\">\n\t\t\t\t\t\t<div class=\"elementor-container elementor-column-gap-extended\">\n\t\t\t\t\t<div class=\"elementor-column elementor-col-50 elementor-inner-column elementor-element elementor-element-4e1d308\" data-id=\"4e1d308\" data-element_type=\"column\" data-e-type=\"column\">\n\t\t\t<div class=\"elementor-widget-wrap elementor-element-populated\">\n\t\t\t\t\t\t<div class=\"elementor-element elementor-element-f4ac54c elementor-widget elementor-widget-image\" data-id=\"f4ac54c\" data-element_type=\"widget\" data-e-type=\"widget\" data-widget_type=\"image.default\">\n\t\t\t\t<div class=\"elementor-widget-container\">\n\t\t\t\t\t\t\t\t\t\t\t\t\t\t\t\t<a href=\"https:\/\/agronomiciq.com\/compressor-wall\/#littlethings\">\n\t\t\t\t\t\t\t<img fetchpriority=\"high\" decoding=\"async\" width=\"739\" height=\"415\" src=\"https:\/\/agronomiciq.com\/wp-content\/uploads\/2021\/03\/quest-iq-coil-design-low.gif\" class=\"attachment-large size-large wp-image-8322\" alt=\"\" \/>\t\t\t\t\t\t\t\t<\/a>\n\t\t\t\t\t\t\t\t\t\t\t\t\t\t\t<\/div>\n\t\t\t\t<\/div>\n\t\t\t\t<div class=\"elementor-element elementor-element-f92011a elementor-widget elementor-widget-heading\" data-id=\"f92011a\" data-element_type=\"widget\" data-e-type=\"widget\" data-widget_type=\"heading.default\">\n\t\t\t\t<div class=\"elementor-widget-container\">\n\t\t\t\t\t<p class=\"elementor-heading-title elementor-size-small\"><a href=\"https:\/\/agronomiciq.com\/compressor-wall\/#littlethings\">Voir la vid\u00e9o compl\u00e8te<\/a><\/p>\t\t\t\t<\/div>\n\t\t\t\t<\/div>\n\t\t\t\t\t<\/div>\n\t\t<\/div>\n\t\t\t\t<div class=\"elementor-column elementor-col-50 elementor-inner-column elementor-element elementor-element-4938ff6\" data-id=\"4938ff6\" data-element_type=\"column\" data-e-type=\"column\">\n\t\t\t<div class=\"elementor-widget-wrap elementor-element-populated\">\n\t\t\t\t\t\t<div class=\"elementor-element elementor-element-4cd8d8b elementor-widget elementor-widget-text-editor\" data-id=\"4cd8d8b\" data-element_type=\"widget\" data-e-type=\"widget\" data-widget_type=\"text-editor.default\">\n\t\t\t\t<div class=\"elementor-widget-container\">\n\t\t\t\t\t\t\t\t\t<p>Dans cette vid\u00e9o, je vais vous parler rapidement de la conception de la bobine qui existe dans toute la s\u00e9rie IQ.<\/p>\n<p>Nous utilisons deux technologies principales de bobines : le tube et l&rsquo;ailette et le microcanal. Je vais vous parler rapidement du tube et de l&rsquo;ailette. Nous utilisons un serpentin turbo spiral\u00e9 expans\u00e9, c&rsquo;est-\u00e0-dire un tube de cuivre dont l&rsquo;int\u00e9rieur est spiral\u00e9, comme les rayures d&rsquo;un canon, d&rsquo;un canon d&rsquo;arme \u00e0 feu. Cela permet d&rsquo;augmenter le transfert d&rsquo;\u00e9nergie entre le fluide de travail et la paroi du tube, ce qui accro\u00eet l&rsquo;efficacit\u00e9. C&rsquo;est un co\u00fbt suppl\u00e9mentaire pour nous, mais il est logique de rendre ces serpentins plus petits et plus l\u00e9gers tout en maintenant l&rsquo;efficacit\u00e9 que vous recherchez. Cela r\u00e9duit la p\u00e9nalit\u00e9 de poids sur votre toit tout en obtenant chaque once de performance que vous recherchez. Nous utilisons cette technologie dans tous nos serpentins d&rsquo;\u00e9vaporation, dans nos serpentins de r\u00e9chauffage hydronique et dans nos serpentins de refroidissement des fluides. Les deux serpentins \u00e0 eau, ainsi que le serpentin d&rsquo;\u00e9vaporation, doivent \u00eatre plus profonds et se drainer correctement. Ces serpentins g\u00e8rent tr\u00e8s bien l&rsquo;humidit\u00e9 dans le serpentin, et c&rsquo;est pourquoi nous continuons \u00e0 utiliser cette technologie pour le serpentin d&rsquo;\u00e9vaporation. C&rsquo;est vraiment la meilleure fa\u00e7on de proc\u00e9der.         <\/p><p>Notre \u00e9vaporateur et le serpentin de r\u00e9chauffage hydronique utilisent le rev\u00eatement ph\u00e9nolique cuit de Luvata. Il s&rsquo;agit d&rsquo;un rev\u00eatement con\u00e7u pour le march\u00e9 de la restauration et con\u00e7u pour r\u00e9sister aux composants acides. En particulier, pour vous, producteur, cela signifie que dans un environnement d&rsquo;acide sulfurique, lorsque vous faites un br\u00fblage de soufre, par exemple, vous n&rsquo;allez pas ronger le rev\u00eatement du serpentin. Et comme ce rev\u00eatement de serpentin est enti\u00e8rement tremp\u00e9, il couvre les coudes de retour, le bo\u00eetier du serpentin, ainsi que toutes les ailettes. Le condensat r\u00e9cup\u00e9r\u00e9 est exempt d&rsquo;oxydes m\u00e9talliques, ce qui signifie que vous pouvez prendre ce condensat et le mettre dans votre r\u00e9servoir d&rsquo;alimentation en eau d&rsquo;appoint relativement non trait\u00e9. Nous vous recommandons toujours de traiter et de d\u00e9sinfecter cette eau avant de l&rsquo;utiliser \u00e0 nouveau comme mati\u00e8re premi\u00e8re, mais sa concentration en oxydes m\u00e9talliques est tr\u00e8s, tr\u00e8s faible. Cela signifie simplement qu&rsquo;elle sera meilleure pour vos plantes.      <\/p><p>Nos refroidisseurs de liquide sont dot\u00e9s d&rsquo;un rev\u00eatement exclusif r\u00e9sistant au brouillard salin. Ils sont con\u00e7us pour une application SeaCoast. Ils sont \u00e9galement dot\u00e9s d&rsquo;une couche de finition brevet\u00e9e autonettoyante. Toute salet\u00e9 qui s&rsquo;infiltre dans le serpentin sera \u00e9limin\u00e9e par la pluie. Nous voulons donc que l&rsquo;eau contenue dans le serpentin l&rsquo;\u00e9limine. C&rsquo;est une excellente occasion pour nous de r\u00e9duire le fardeau de la maintenance, de r\u00e9duire la quantit\u00e9 de nettoyage que vous devez faire sur ces bobines. Encore une fois, en tant que cultivateur, il est tr\u00e8s important pour nous de r\u00e9duire la charge d&rsquo;entretien, de r\u00e9duire tout ce que vous devez faire pour maintenir le fonctionnement de l&rsquo;\u00e9quipement. La facilit\u00e9 est importante.       <\/p><p>Nos serpentins de r\u00e9chauffage des gaz chauds et nos serpentins d&rsquo;eau chaude sont des serpentins \u00e0 microcanaux enti\u00e8rement en aluminium. Il s&rsquo;agit du m\u00eame type de serpentin que l&rsquo;on trouve dans les radiateurs des voitures depuis tr\u00e8s longtemps. Ils sont utilis\u00e9s parce qu&rsquo;ils peuvent \u00eatre tr\u00e8s compacts et obtenir des transferts de chaleur tr\u00e8s, tr\u00e8s \u00e9lev\u00e9s. Nous avons ces bobines rev\u00eatues d&rsquo;ElectroFin E. Il s&rsquo;agit d&rsquo;un excellent rev\u00eatement. Il s&rsquo;agit d&rsquo;un excellent rev\u00eatement. L\u00e0 encore, il est tr\u00e8s, tr\u00e8s r\u00e9sistant \u00e0 l&rsquo;acide sulfurique dans le flux d&rsquo;air, jusqu&rsquo;\u00e0 30 % d&rsquo;acide sulfurique, et a une r\u00e9sistance au brouillard salin de plus de 6 000 heures. Encore une fois, nous concevons l&rsquo;ensemble du tunnel d&rsquo;air pour qu&rsquo;il soit aussi imperm\u00e9able que possible \u00e0 tout ce que vous pouvez lui faire subir, ce qui est tr\u00e8s important pour la long\u00e9vit\u00e9 de l&rsquo;\u00e9quipement. Nous savons que cet investissement n&rsquo;est pas pour vous un an ou deux, mais qu&rsquo;il devrait durer 15 ou 20 ans. Et nos serpentins sont con\u00e7us pour durer tout ce temps.        <\/p>\t\t\t\t\t\t\t\t<\/div>\n\t\t\t\t<\/div>\n\t\t\t\t<div class=\"elementor-element elementor-element-02b1bbb back elementor-widget elementor-widget-text-editor\" data-id=\"02b1bbb\" data-element_type=\"widget\" data-e-type=\"widget\" data-widget_type=\"text-editor.default\">\n\t\t\t\t<div class=\"elementor-widget-container\">\n\t\t\t\t\t\t\t\t\t<p><a href=\"https:\/\/agronomiciq.com\/compressor-wall\/#littlethings\">retour \u00e0 la vid\u00e9o<\/a><\/p>\n\t\t\t\t\t\t\t\t<\/div>\n\t\t\t\t<\/div>\n\t\t\t\t\t<\/div>\n\t\t<\/div>\n\t\t\t\t\t<\/div>\n\t\t<\/section>\n\t\t\t\t<div class=\"elementor-element elementor-element-8f65db6 elementor-widget elementor-widget-spacer\" data-id=\"8f65db6\" data-element_type=\"widget\" data-e-type=\"widget\" data-widget_type=\"spacer.default\">\n\t\t\t\t<div class=\"elementor-widget-container\">\n\t\t\t\t\t\t\t<div class=\"elementor-spacer\">\n\t\t\t<div class=\"elementor-spacer-inner\"><\/div>\n\t\t<\/div>\n\t\t\t\t\t\t<\/div>\n\t\t\t\t<\/div>\n\t\t\t\t\t<\/div>\n\t\t<\/div>\n\t\t\t\t\t<\/div>\n\t\t<\/section>\n\t\t\t\t<\/div>\n\t\t","protected":false},"excerpt":{"rendered":"<p>Voir la vid\u00e9o compl\u00e8te Dans cette vid\u00e9o, je vais vous parler rapidement de la conception de la bobine qui existe dans toute la s\u00e9rie IQ. Nous utilisons deux technologies principales de bobines : le tube et l&rsquo;ailette et le microcanal. Je vais vous parler rapidement du tube et de l&rsquo;ailette. Nous utilisons un serpentin turbo &#8230; <a title=\"Conception et s\u00e9lection des bobines\" class=\"read-more\" href=\"https:\/\/agronomiciq.com\/fr\/conception-et-selection-des-bobines\/\" aria-label=\"En savoir plus sur Conception et s\u00e9lection des bobines\">Lire plus<\/a><\/p>\n","protected":false},"author":1,"featured_media":0,"parent":0,"menu_order":0,"comment_status":"closed","ping_status":"closed","template":"elementor_header_footer","meta":{"footnotes":""},"class_list":["post-8580","page","type-page","status-publish"],"yoast_head":"<!-- This site is optimized with the Yoast SEO Premium plugin v27.1 (Yoast SEO v27.1.1) - https:\/\/yoast.com\/product\/yoast-seo-premium-wordpress\/ -->\n<title>Conception et s\u00e9lection des bobines &#8211; AGronomic IQ<\/title>\n<meta name=\"robots\" content=\"index, follow, max-snippet:-1, max-image-preview:large, max-video-preview:-1\" \/>\n<link rel=\"canonical\" href=\"https:\/\/agronomiciq.com\/fr\/conception-et-selection-des-bobines\/\" \/>\n<meta property=\"og:locale\" content=\"fr_FR\" \/>\n<meta property=\"og:type\" content=\"article\" \/>\n<meta property=\"og:title\" content=\"Conception et s\u00e9lection des bobines\" \/>\n<meta property=\"og:description\" content=\"Voir la vid\u00e9o compl\u00e8te Dans cette vid\u00e9o, je vais vous parler rapidement de la conception de la bobine qui existe dans toute la s\u00e9rie IQ. Nous utilisons\" \/>\n<meta property=\"og:url\" content=\"https:\/\/agronomiciq.com\/fr\/conception-et-selection-des-bobines\/\" \/>\n<meta property=\"og:site_name\" content=\"AGronomic IQ\" \/>\n<meta property=\"article:modified_time\" content=\"2024-10-17T18:07:54+00:00\" \/>\n<meta property=\"og:image\" content=\"https:\/\/agronomiciq.com\/wp-content\/uploads\/2021\/03\/quest-iq-coil-design-low.gif\" \/>\n\t<meta property=\"og:image:width\" content=\"739\" \/>\n\t<meta property=\"og:image:height\" content=\"415\" \/>\n\t<meta property=\"og:image:type\" content=\"image\/gif\" \/>\n<meta name=\"twitter:card\" content=\"summary_large_image\" \/>\n<meta name=\"twitter:label1\" content=\"Dur\u00e9e de lecture estim\u00e9e\" \/>\n\t<meta name=\"twitter:data1\" content=\"4 minutes\" \/>\n<script type=\"application\/ld+json\" class=\"yoast-schema-graph\">{\"@context\":\"https:\/\/schema.org\",\"@graph\":[{\"@type\":\"WebPage\",\"@id\":\"https:\/\/agronomiciq.com\/fr\/conception-et-selection-des-bobines\/\",\"url\":\"https:\/\/agronomiciq.com\/fr\/conception-et-selection-des-bobines\/\",\"name\":\"Conception et s\u00e9lection des bobines &#8211; AGronomic IQ\",\"isPartOf\":{\"@id\":\"https:\/\/agronomiciq.com\/fr\/#website\"},\"primaryImageOfPage\":{\"@id\":\"https:\/\/agronomiciq.com\/fr\/conception-et-selection-des-bobines\/#primaryimage\"},\"image\":{\"@id\":\"https:\/\/agronomiciq.com\/fr\/conception-et-selection-des-bobines\/#primaryimage\"},\"thumbnailUrl\":\"https:\/\/agronomiciq.com\/wp-content\/uploads\/2021\/03\/quest-iq-coil-design-low.gif\",\"datePublished\":\"2021-03-17T19:23:17+00:00\",\"dateModified\":\"2024-10-17T18:07:54+00:00\",\"inLanguage\":\"fr-FR\",\"potentialAction\":[{\"@type\":\"ReadAction\",\"target\":[\"https:\/\/agronomiciq.com\/fr\/conception-et-selection-des-bobines\/\"]}]},{\"@type\":\"ImageObject\",\"inLanguage\":\"fr-FR\",\"@id\":\"https:\/\/agronomiciq.com\/fr\/conception-et-selection-des-bobines\/#primaryimage\",\"url\":\"https:\/\/agronomiciq.com\/wp-content\/uploads\/2021\/03\/quest-iq-coil-design-low.gif\",\"contentUrl\":\"https:\/\/agronomiciq.com\/wp-content\/uploads\/2021\/03\/quest-iq-coil-design-low.gif\"},{\"@type\":\"WebSite\",\"@id\":\"https:\/\/agronomiciq.com\/fr\/#website\",\"url\":\"https:\/\/agronomiciq.com\/fr\/\",\"name\":\"AGronomic IQ\",\"description\":\"Smart HVAC for Growth\",\"publisher\":{\"@id\":\"https:\/\/agronomiciq.com\/fr\/#organization\"},\"potentialAction\":[{\"@type\":\"SearchAction\",\"target\":{\"@type\":\"EntryPoint\",\"urlTemplate\":\"https:\/\/agronomiciq.com\/fr\/?s={search_term_string}\"},\"query-input\":{\"@type\":\"PropertyValueSpecification\",\"valueRequired\":true,\"valueName\":\"search_term_string\"}}],\"inLanguage\":\"fr-FR\"},{\"@type\":\"Organization\",\"@id\":\"https:\/\/agronomiciq.com\/fr\/#organization\",\"name\":\"AGronomic IQ\",\"url\":\"https:\/\/agronomiciq.com\/fr\/\",\"logo\":{\"@type\":\"ImageObject\",\"inLanguage\":\"fr-FR\",\"@id\":\"https:\/\/agronomiciq.com\/fr\/#\/schema\/logo\/image\/\",\"url\":\"https:\/\/agronomiciq.com\/wp-content\/uploads\/2022\/05\/agiq-logo-sm.png\",\"contentUrl\":\"https:\/\/agronomiciq.com\/wp-content\/uploads\/2022\/05\/agiq-logo-sm.png\",\"width\":800,\"height\":169,\"caption\":\"AGronomic IQ\"},\"image\":{\"@id\":\"https:\/\/agronomiciq.com\/fr\/#\/schema\/logo\/image\/\"},\"sameAs\":[\"https:\/\/www.linkedin.com\/company\/agronomic-iq\/\",\"https:\/\/www.youtube.com\/channel\/UC_aE0qmeFqR6yVgiEczVhaA\"]}]}<\/script>\n<!-- \/ Yoast SEO Premium plugin. -->","yoast_head_json":{"title":"Conception et s\u00e9lection des bobines &#8211; AGronomic IQ","robots":{"index":"index","follow":"follow","max-snippet":"max-snippet:-1","max-image-preview":"max-image-preview:large","max-video-preview":"max-video-preview:-1"},"canonical":"https:\/\/agronomiciq.com\/fr\/conception-et-selection-des-bobines\/","og_locale":"fr_FR","og_type":"article","og_title":"Conception et s\u00e9lection des bobines","og_description":"Voir la vid\u00e9o compl\u00e8te Dans cette vid\u00e9o, je vais vous parler rapidement de la conception de la bobine qui existe dans toute la s\u00e9rie IQ. Nous utilisons","og_url":"https:\/\/agronomiciq.com\/fr\/conception-et-selection-des-bobines\/","og_site_name":"AGronomic IQ","article_modified_time":"2024-10-17T18:07:54+00:00","og_image":[{"width":739,"height":415,"url":"https:\/\/agronomiciq.com\/wp-content\/uploads\/2021\/03\/quest-iq-coil-design-low.gif","type":"image\/gif"}],"twitter_card":"summary_large_image","twitter_misc":{"Dur\u00e9e de lecture estim\u00e9e":"4 minutes"},"schema":{"@context":"https:\/\/schema.org","@graph":[{"@type":"WebPage","@id":"https:\/\/agronomiciq.com\/fr\/conception-et-selection-des-bobines\/","url":"https:\/\/agronomiciq.com\/fr\/conception-et-selection-des-bobines\/","name":"Conception et s\u00e9lection des bobines &#8211; AGronomic IQ","isPartOf":{"@id":"https:\/\/agronomiciq.com\/fr\/#website"},"primaryImageOfPage":{"@id":"https:\/\/agronomiciq.com\/fr\/conception-et-selection-des-bobines\/#primaryimage"},"image":{"@id":"https:\/\/agronomiciq.com\/fr\/conception-et-selection-des-bobines\/#primaryimage"},"thumbnailUrl":"https:\/\/agronomiciq.com\/wp-content\/uploads\/2021\/03\/quest-iq-coil-design-low.gif","datePublished":"2021-03-17T19:23:17+00:00","dateModified":"2024-10-17T18:07:54+00:00","inLanguage":"fr-FR","potentialAction":[{"@type":"ReadAction","target":["https:\/\/agronomiciq.com\/fr\/conception-et-selection-des-bobines\/"]}]},{"@type":"ImageObject","inLanguage":"fr-FR","@id":"https:\/\/agronomiciq.com\/fr\/conception-et-selection-des-bobines\/#primaryimage","url":"https:\/\/agronomiciq.com\/wp-content\/uploads\/2021\/03\/quest-iq-coil-design-low.gif","contentUrl":"https:\/\/agronomiciq.com\/wp-content\/uploads\/2021\/03\/quest-iq-coil-design-low.gif"},{"@type":"WebSite","@id":"https:\/\/agronomiciq.com\/fr\/#website","url":"https:\/\/agronomiciq.com\/fr\/","name":"AGronomic IQ","description":"Smart HVAC for Growth","publisher":{"@id":"https:\/\/agronomiciq.com\/fr\/#organization"},"potentialAction":[{"@type":"SearchAction","target":{"@type":"EntryPoint","urlTemplate":"https:\/\/agronomiciq.com\/fr\/?s={search_term_string}"},"query-input":{"@type":"PropertyValueSpecification","valueRequired":true,"valueName":"search_term_string"}}],"inLanguage":"fr-FR"},{"@type":"Organization","@id":"https:\/\/agronomiciq.com\/fr\/#organization","name":"AGronomic IQ","url":"https:\/\/agronomiciq.com\/fr\/","logo":{"@type":"ImageObject","inLanguage":"fr-FR","@id":"https:\/\/agronomiciq.com\/fr\/#\/schema\/logo\/image\/","url":"https:\/\/agronomiciq.com\/wp-content\/uploads\/2022\/05\/agiq-logo-sm.png","contentUrl":"https:\/\/agronomiciq.com\/wp-content\/uploads\/2022\/05\/agiq-logo-sm.png","width":800,"height":169,"caption":"AGronomic IQ"},"image":{"@id":"https:\/\/agronomiciq.com\/fr\/#\/schema\/logo\/image\/"},"sameAs":["https:\/\/www.linkedin.com\/company\/agronomic-iq\/","https:\/\/www.youtube.com\/channel\/UC_aE0qmeFqR6yVgiEczVhaA"]}]}},"_links":{"self":[{"href":"https:\/\/agronomiciq.com\/fr\/wp-json\/wp\/v2\/pages\/8580","targetHints":{"allow":["GET"]}}],"collection":[{"href":"https:\/\/agronomiciq.com\/fr\/wp-json\/wp\/v2\/pages"}],"about":[{"href":"https:\/\/agronomiciq.com\/fr\/wp-json\/wp\/v2\/types\/page"}],"author":[{"embeddable":true,"href":"https:\/\/agronomiciq.com\/fr\/wp-json\/wp\/v2\/users\/1"}],"replies":[{"embeddable":true,"href":"https:\/\/agronomiciq.com\/fr\/wp-json\/wp\/v2\/comments?post=8580"}],"version-history":[{"count":1,"href":"https:\/\/agronomiciq.com\/fr\/wp-json\/wp\/v2\/pages\/8580\/revisions"}],"predecessor-version":[{"id":8583,"href":"https:\/\/agronomiciq.com\/fr\/wp-json\/wp\/v2\/pages\/8580\/revisions\/8583"}],"wp:attachment":[{"href":"https:\/\/agronomiciq.com\/fr\/wp-json\/wp\/v2\/media?parent=8580"}],"curies":[{"name":"wp","href":"https:\/\/api.w.org\/{rel}","templated":true}]}}