{"id":8579,"date":"2021-03-16T20:13:59","date_gmt":"2021-03-16T20:13:59","guid":{"rendered":"https:\/\/agronomiciq.com\/video-sur-le-tableau-blanc\/"},"modified":"2024-10-17T18:07:45","modified_gmt":"2024-10-17T18:07:45","slug":"video-sur-le-tableau-blanc","status":"publish","type":"page","link":"https:\/\/agronomiciq.com\/fr\/video-sur-le-tableau-blanc\/","title":{"rendered":"Vid\u00e9o sur le tableau blanc"},"content":{"rendered":"\t\t<div data-elementor-type=\"wp-page\" data-elementor-id=\"8579\" class=\"elementor elementor-8579 elementor-4900\" data-elementor-post-type=\"page\">\n\t\t\t\t\t\t<section class=\"elementor-section elementor-top-section elementor-element elementor-element-a5ba59d elementor-section-boxed elementor-section-height-default elementor-section-height-default\" data-id=\"a5ba59d\" data-element_type=\"section\" data-e-type=\"section\">\n\t\t\t\t\t\t<div class=\"elementor-container elementor-column-gap-no\">\n\t\t\t\t\t<div class=\"elementor-column elementor-col-100 elementor-top-column elementor-element elementor-element-be6be99\" data-id=\"be6be99\" data-element_type=\"column\" data-e-type=\"column\">\n\t\t\t<div class=\"elementor-widget-wrap elementor-element-populated\">\n\t\t\t\t\t\t<div class=\"elementor-element elementor-element-d6dfaf8 elementor-widget elementor-widget-spacer\" data-id=\"d6dfaf8\" data-element_type=\"widget\" data-e-type=\"widget\" data-widget_type=\"spacer.default\">\n\t\t\t\t<div class=\"elementor-widget-container\">\n\t\t\t\t\t\t\t<div class=\"elementor-spacer\">\n\t\t\t<div class=\"elementor-spacer-inner\"><\/div>\n\t\t<\/div>\n\t\t\t\t\t\t<\/div>\n\t\t\t\t<\/div>\n\t\t\t\t<section class=\"elementor-section elementor-inner-section elementor-element elementor-element-b075095 elementor-section-boxed elementor-section-height-default elementor-section-height-default\" data-id=\"b075095\" data-element_type=\"section\" data-e-type=\"section\">\n\t\t\t\t\t\t<div class=\"elementor-container elementor-column-gap-extended\">\n\t\t\t\t\t<div class=\"elementor-column elementor-col-50 elementor-inner-column elementor-element elementor-element-4e1d308\" data-id=\"4e1d308\" data-element_type=\"column\" data-e-type=\"column\">\n\t\t\t<div class=\"elementor-widget-wrap elementor-element-populated\">\n\t\t\t\t\t\t<div class=\"elementor-element elementor-element-f4ac54c elementor-widget elementor-widget-image\" data-id=\"f4ac54c\" data-element_type=\"widget\" data-e-type=\"widget\" data-widget_type=\"image.default\">\n\t\t\t\t<div class=\"elementor-widget-container\">\n\t\t\t\t\t\t\t\t\t\t\t\t\t\t\t\t<a href=\"https:\/\/agronomiciq.com\/fr\/#whiteboard\">\n\t\t\t\t\t\t\t<img fetchpriority=\"high\" decoding=\"async\" width=\"739\" height=\"415\" src=\"https:\/\/agronomiciq.com\/wp-content\/uploads\/2021\/03\/quest-iq-video-generic-low.gif\" class=\"attachment-large size-large wp-image-8313\" alt=\"\" \/>\t\t\t\t\t\t\t\t<\/a>\n\t\t\t\t\t\t\t\t\t\t\t\t\t\t\t<\/div>\n\t\t\t\t<\/div>\n\t\t\t\t<div class=\"elementor-element elementor-element-56eb455 elementor-widget elementor-widget-heading\" data-id=\"56eb455\" data-element_type=\"widget\" data-e-type=\"widget\" data-widget_type=\"heading.default\">\n\t\t\t\t<div class=\"elementor-widget-container\">\n\t\t\t\t\t<p class=\"elementor-heading-title elementor-size-small\"><a href=\"https:\/\/agronomiciq.com\/#whiteboard\">Voir la vid\u00e9o compl\u00e8te<\/a><\/p>\t\t\t\t<\/div>\n\t\t\t\t<\/div>\n\t\t\t\t\t<\/div>\n\t\t<\/div>\n\t\t\t\t<div class=\"elementor-column elementor-col-50 elementor-inner-column elementor-element elementor-element-4938ff6\" data-id=\"4938ff6\" data-element_type=\"column\" data-e-type=\"column\">\n\t\t\t<div class=\"elementor-widget-wrap elementor-element-populated\">\n\t\t\t\t\t\t<div class=\"elementor-element elementor-element-4cd8d8b elementor-widget elementor-widget-text-editor\" data-id=\"4cd8d8b\" data-element_type=\"widget\" data-e-type=\"widget\" data-widget_type=\"text-editor.default\">\n\t\t\t\t<div class=\"elementor-widget-container\">\n\t\t\t\t\t\t\t\t\t<p>Vous souhaitez cr\u00e9er l&rsquo;installation de culture de cannabis id\u00e9ale. Mais c&rsquo;est une t\u00e2che complexe et difficile, et il y a tant de choses \u00e0 prendre en compte. En mati\u00e8re de CVC, et plus particuli\u00e8rement de contr\u00f4le de la temp\u00e9rature et de l&rsquo;humidit\u00e9, il existe des vendeurs et des consultants, petits et grands, qui pr\u00e9tendent avoir la r\u00e9ponse.  <\/p>\n<p>Mais est-ce vraiment le cas ? \u00c0 qui faites-vous confiance pour un aspect aussi critique de la cr\u00e9ation d&rsquo;un environnement de culture \u00e0 haut rendement qui a un impact aussi important sur vos r\u00e9sultats ? <\/p>\n<p>Nous sommes Quest, la marque la plus fiable de l&rsquo;industrie du cannabis et le leader du march\u00e9 des d\u00e9shumidificateurs autonomes pour les chambres de culture depuis 2006. Aujourd&rsquo;hui, pour r\u00e9pondre aux exigences des cultivateurs \u00e0 grande \u00e9chelle comme vous, nous avons port\u00e9 notre capacit\u00e9 \u00e0 r\u00e9soudre les probl\u00e8mes complexes des chambres de culture \u00e0 un tout autre niveau, avec notre nouvelle s\u00e9rie r\u00e9volutionnaire Quest IQ. <\/p>\n\t\t\t\t\t\t\t\t<\/div>\n\t\t\t\t<\/div>\n\t\t\t\t<div class=\"elementor-element elementor-element-e75bf86 elementor-widget elementor-widget-heading\" data-id=\"e75bf86\" data-element_type=\"widget\" data-e-type=\"widget\" data-widget_type=\"heading.default\">\n\t\t\t\t<div class=\"elementor-widget-container\">\n\t\t\t\t\t<h4 class=\"elementor-heading-title elementor-size-default\">Comment avons-nous proc\u00e9d\u00e9 ?<\/h4>\t\t\t\t<\/div>\n\t\t\t\t<\/div>\n\t\t\t\t<div class=\"elementor-element elementor-element-4cc23b2 elementor-widget elementor-widget-text-editor\" data-id=\"4cc23b2\" data-element_type=\"widget\" data-e-type=\"widget\" data-widget_type=\"text-editor.default\">\n\t\t\t\t<div class=\"elementor-widget-container\">\n\t\t\t\t\t\t\t\t\t<p>Notre soci\u00e9t\u00e9 m\u00e8re a acquis Dehumidified Air Solutions, le fabricant de d\u00e9shumidificateurs commerciaux le plus important et le plus avanc\u00e9 d&rsquo;Am\u00e9rique du Nord. En nous appuyant sur plus de 40 ans d&rsquo;expertise dans le domaine de la d\u00e9shumidification, nous avons con\u00e7u la s\u00e9rie Quest IQ \u00e0 partir de z\u00e9ro &#8211; un \u00e9quipement unique qui offre un contr\u00f4le total de l&rsquo;environnement et une pr\u00e9cision et une fiabilit\u00e9 sans pr\u00e9c\u00e9dent. <\/p>\n<p>Notre technologie Compressor Wall, prim\u00e9e et en instance de brevet, a r\u00e9volutionn\u00e9 le chauffage, la ventilation et la climatisation des chambres de culture avec plus d&rsquo;une douzaine d&rsquo;innovations qui changent la donne et des performances impressionnantes qui am\u00e9liorent le rendement.<\/p>\n<p>En plus d&rsquo;un \u00e9quipement extraordinaire, d&rsquo;une expertise profond\u00e9ment enracin\u00e9e dans l&rsquo;industrie du cannabis et de l&rsquo;\u00e9chelle requise pour servir avec succ\u00e8s les grands cultivateurs, nous sommes fiers d&rsquo;op\u00e9rer comme des partenaires commerciaux, et non comme de simples vendeurs. De la consultation au d\u00e9marrage de l&rsquo;usine et \u00e0 la mise en service, nous nous engageons \u00e0 assurer la r\u00e9ussite de votre projet \u00e0 chaque \u00e9tape, bien apr\u00e8s l&rsquo;installation initiale. Nous soutenons \u00e9galement tous nos \u00e9quipements avec la plus grande \u00e9quipe de service direct d&rsquo;usine en Am\u00e9rique du Nord, des garanties exceptionnelles, des plans de service optionnels et une surveillance Web \u00e0 distance pour vous offrir le genre d&rsquo;exp\u00e9rience de propri\u00e9t\u00e9 sans souci et sans probl\u00e8me qu&rsquo;aucun autre concurrent ne peut offrir.  <\/p>\n<p>L&rsquo;\u00e9tablissement d&rsquo;une relation solide avec un partenaire de confiance commence d\u00e8s la premi\u00e8re rencontre. Nous nous r\u00e9jouissons de cette opportunit\u00e9 et vous remercions de votre attention. <\/p>\n\t\t\t\t\t\t\t\t<\/div>\n\t\t\t\t<\/div>\n\t\t\t\t<div class=\"elementor-element elementor-element-02b1bbb back elementor-widget elementor-widget-text-editor\" data-id=\"02b1bbb\" data-element_type=\"widget\" data-e-type=\"widget\" data-widget_type=\"text-editor.default\">\n\t\t\t\t<div class=\"elementor-widget-container\">\n\t\t\t\t\t\t\t\t\t<p><a href=\"https:\/\/agronomiciq.com\/fr\/#whiteboard\">Voir la vid\u00e9o compl\u00e8te<\/a><\/p>\n\t\t\t\t\t\t\t\t<\/div>\n\t\t\t\t<\/div>\n\t\t\t\t\t<\/div>\n\t\t<\/div>\n\t\t\t\t\t<\/div>\n\t\t<\/section>\n\t\t\t\t<div class=\"elementor-element elementor-element-8f65db6 elementor-widget elementor-widget-spacer\" data-id=\"8f65db6\" data-element_type=\"widget\" data-e-type=\"widget\" data-widget_type=\"spacer.default\">\n\t\t\t\t<div class=\"elementor-widget-container\">\n\t\t\t\t\t\t\t<div class=\"elementor-spacer\">\n\t\t\t<div class=\"elementor-spacer-inner\"><\/div>\n\t\t<\/div>\n\t\t\t\t\t\t<\/div>\n\t\t\t\t<\/div>\n\t\t\t\t\t<\/div>\n\t\t<\/div>\n\t\t\t\t\t<\/div>\n\t\t<\/section>\n\t\t\t\t<\/div>\n\t\t","protected":false},"excerpt":{"rendered":"<p>Voir la vid\u00e9o compl\u00e8te Vous souhaitez cr\u00e9er l&rsquo;installation de culture de cannabis id\u00e9ale. Mais c&rsquo;est une t\u00e2che complexe et difficile, et il y a tant de choses \u00e0 prendre en compte. En mati\u00e8re de CVC, et plus particuli\u00e8rement de contr\u00f4le de la temp\u00e9rature et de l&rsquo;humidit\u00e9, il existe des vendeurs et des consultants, petits et &#8230; <a title=\"Vid\u00e9o sur le tableau blanc\" class=\"read-more\" href=\"https:\/\/agronomiciq.com\/fr\/video-sur-le-tableau-blanc\/\" aria-label=\"En savoir plus sur Vid\u00e9o sur le tableau blanc\">Lire plus<\/a><\/p>\n","protected":false},"author":1,"featured_media":0,"parent":0,"menu_order":0,"comment_status":"closed","ping_status":"closed","template":"elementor_header_footer","meta":{"footnotes":""},"class_list":["post-8579","page","type-page","status-publish"],"yoast_head":"<!-- This site is optimized with the Yoast SEO Premium plugin v27.1 (Yoast SEO v27.1.1) - https:\/\/yoast.com\/product\/yoast-seo-premium-wordpress\/ -->\n<title>Vid\u00e9o sur le tableau blanc &#8211; AGronomic IQ<\/title>\n<meta name=\"robots\" content=\"index, follow, max-snippet:-1, max-image-preview:large, max-video-preview:-1\" \/>\n<link rel=\"canonical\" href=\"https:\/\/agronomiciq.com\/fr\/video-sur-le-tableau-blanc\/\" \/>\n<meta property=\"og:locale\" content=\"fr_FR\" \/>\n<meta property=\"og:type\" content=\"article\" \/>\n<meta property=\"og:title\" content=\"Vid\u00e9o sur le tableau blanc\" \/>\n<meta property=\"og:description\" content=\"Voir la vid\u00e9o compl\u00e8te Vous souhaitez cr\u00e9er l&#039;installation de culture de cannabis id\u00e9ale. Mais c&#039;est une t\u00e2che complexe et difficile, et il y a tant de\" \/>\n<meta property=\"og:url\" content=\"https:\/\/agronomiciq.com\/fr\/video-sur-le-tableau-blanc\/\" \/>\n<meta property=\"og:site_name\" content=\"AGronomic IQ\" \/>\n<meta property=\"article:modified_time\" content=\"2024-10-17T18:07:45+00:00\" \/>\n<meta property=\"og:image\" content=\"https:\/\/agronomiciq.com\/wp-content\/uploads\/2021\/03\/quest-iq-video-generic-low.gif\" \/>\n\t<meta property=\"og:image:width\" content=\"739\" \/>\n\t<meta property=\"og:image:height\" content=\"415\" \/>\n\t<meta property=\"og:image:type\" content=\"image\/gif\" \/>\n<meta name=\"twitter:card\" content=\"summary_large_image\" \/>\n<meta name=\"twitter:label1\" content=\"Dur\u00e9e de lecture estim\u00e9e\" \/>\n\t<meta name=\"twitter:data1\" content=\"2 minutes\" \/>\n<script type=\"application\/ld+json\" class=\"yoast-schema-graph\">{\"@context\":\"https:\/\/schema.org\",\"@graph\":[{\"@type\":\"WebPage\",\"@id\":\"https:\/\/agronomiciq.com\/fr\/video-sur-le-tableau-blanc\/\",\"url\":\"https:\/\/agronomiciq.com\/fr\/video-sur-le-tableau-blanc\/\",\"name\":\"Vid\u00e9o sur le tableau blanc &#8211; AGronomic IQ\",\"isPartOf\":{\"@id\":\"https:\/\/agronomiciq.com\/fr\/#website\"},\"primaryImageOfPage\":{\"@id\":\"https:\/\/agronomiciq.com\/fr\/video-sur-le-tableau-blanc\/#primaryimage\"},\"image\":{\"@id\":\"https:\/\/agronomiciq.com\/fr\/video-sur-le-tableau-blanc\/#primaryimage\"},\"thumbnailUrl\":\"https:\/\/agronomiciq.com\/wp-content\/uploads\/2021\/03\/quest-iq-video-generic-low.gif\",\"datePublished\":\"2021-03-16T20:13:59+00:00\",\"dateModified\":\"2024-10-17T18:07:45+00:00\",\"inLanguage\":\"fr-FR\",\"potentialAction\":[{\"@type\":\"ReadAction\",\"target\":[\"https:\/\/agronomiciq.com\/fr\/video-sur-le-tableau-blanc\/\"]}]},{\"@type\":\"ImageObject\",\"inLanguage\":\"fr-FR\",\"@id\":\"https:\/\/agronomiciq.com\/fr\/video-sur-le-tableau-blanc\/#primaryimage\",\"url\":\"https:\/\/agronomiciq.com\/wp-content\/uploads\/2021\/03\/quest-iq-video-generic-low.gif\",\"contentUrl\":\"https:\/\/agronomiciq.com\/wp-content\/uploads\/2021\/03\/quest-iq-video-generic-low.gif\"},{\"@type\":\"WebSite\",\"@id\":\"https:\/\/agronomiciq.com\/fr\/#website\",\"url\":\"https:\/\/agronomiciq.com\/fr\/\",\"name\":\"AGronomic IQ\",\"description\":\"Smart HVAC for Growth\",\"publisher\":{\"@id\":\"https:\/\/agronomiciq.com\/fr\/#organization\"},\"potentialAction\":[{\"@type\":\"SearchAction\",\"target\":{\"@type\":\"EntryPoint\",\"urlTemplate\":\"https:\/\/agronomiciq.com\/fr\/?s={search_term_string}\"},\"query-input\":{\"@type\":\"PropertyValueSpecification\",\"valueRequired\":true,\"valueName\":\"search_term_string\"}}],\"inLanguage\":\"fr-FR\"},{\"@type\":\"Organization\",\"@id\":\"https:\/\/agronomiciq.com\/fr\/#organization\",\"name\":\"AGronomic IQ\",\"url\":\"https:\/\/agronomiciq.com\/fr\/\",\"logo\":{\"@type\":\"ImageObject\",\"inLanguage\":\"fr-FR\",\"@id\":\"https:\/\/agronomiciq.com\/fr\/#\/schema\/logo\/image\/\",\"url\":\"https:\/\/agronomiciq.com\/wp-content\/uploads\/2022\/05\/agiq-logo-sm.png\",\"contentUrl\":\"https:\/\/agronomiciq.com\/wp-content\/uploads\/2022\/05\/agiq-logo-sm.png\",\"width\":800,\"height\":169,\"caption\":\"AGronomic IQ\"},\"image\":{\"@id\":\"https:\/\/agronomiciq.com\/fr\/#\/schema\/logo\/image\/\"},\"sameAs\":[\"https:\/\/www.linkedin.com\/company\/agronomic-iq\/\",\"https:\/\/www.youtube.com\/channel\/UC_aE0qmeFqR6yVgiEczVhaA\"]}]}<\/script>\n<!-- \/ Yoast SEO Premium plugin. -->","yoast_head_json":{"title":"Vid\u00e9o sur le tableau blanc &#8211; AGronomic IQ","robots":{"index":"index","follow":"follow","max-snippet":"max-snippet:-1","max-image-preview":"max-image-preview:large","max-video-preview":"max-video-preview:-1"},"canonical":"https:\/\/agronomiciq.com\/fr\/video-sur-le-tableau-blanc\/","og_locale":"fr_FR","og_type":"article","og_title":"Vid\u00e9o sur le tableau blanc","og_description":"Voir la vid\u00e9o compl\u00e8te Vous souhaitez cr\u00e9er l'installation de culture de cannabis id\u00e9ale. Mais c'est une t\u00e2che complexe et difficile, et il y a tant de","og_url":"https:\/\/agronomiciq.com\/fr\/video-sur-le-tableau-blanc\/","og_site_name":"AGronomic IQ","article_modified_time":"2024-10-17T18:07:45+00:00","og_image":[{"width":739,"height":415,"url":"https:\/\/agronomiciq.com\/wp-content\/uploads\/2021\/03\/quest-iq-video-generic-low.gif","type":"image\/gif"}],"twitter_card":"summary_large_image","twitter_misc":{"Dur\u00e9e de lecture estim\u00e9e":"2 minutes"},"schema":{"@context":"https:\/\/schema.org","@graph":[{"@type":"WebPage","@id":"https:\/\/agronomiciq.com\/fr\/video-sur-le-tableau-blanc\/","url":"https:\/\/agronomiciq.com\/fr\/video-sur-le-tableau-blanc\/","name":"Vid\u00e9o sur le tableau blanc &#8211; AGronomic IQ","isPartOf":{"@id":"https:\/\/agronomiciq.com\/fr\/#website"},"primaryImageOfPage":{"@id":"https:\/\/agronomiciq.com\/fr\/video-sur-le-tableau-blanc\/#primaryimage"},"image":{"@id":"https:\/\/agronomiciq.com\/fr\/video-sur-le-tableau-blanc\/#primaryimage"},"thumbnailUrl":"https:\/\/agronomiciq.com\/wp-content\/uploads\/2021\/03\/quest-iq-video-generic-low.gif","datePublished":"2021-03-16T20:13:59+00:00","dateModified":"2024-10-17T18:07:45+00:00","inLanguage":"fr-FR","potentialAction":[{"@type":"ReadAction","target":["https:\/\/agronomiciq.com\/fr\/video-sur-le-tableau-blanc\/"]}]},{"@type":"ImageObject","inLanguage":"fr-FR","@id":"https:\/\/agronomiciq.com\/fr\/video-sur-le-tableau-blanc\/#primaryimage","url":"https:\/\/agronomiciq.com\/wp-content\/uploads\/2021\/03\/quest-iq-video-generic-low.gif","contentUrl":"https:\/\/agronomiciq.com\/wp-content\/uploads\/2021\/03\/quest-iq-video-generic-low.gif"},{"@type":"WebSite","@id":"https:\/\/agronomiciq.com\/fr\/#website","url":"https:\/\/agronomiciq.com\/fr\/","name":"AGronomic IQ","description":"Smart HVAC for Growth","publisher":{"@id":"https:\/\/agronomiciq.com\/fr\/#organization"},"potentialAction":[{"@type":"SearchAction","target":{"@type":"EntryPoint","urlTemplate":"https:\/\/agronomiciq.com\/fr\/?s={search_term_string}"},"query-input":{"@type":"PropertyValueSpecification","valueRequired":true,"valueName":"search_term_string"}}],"inLanguage":"fr-FR"},{"@type":"Organization","@id":"https:\/\/agronomiciq.com\/fr\/#organization","name":"AGronomic IQ","url":"https:\/\/agronomiciq.com\/fr\/","logo":{"@type":"ImageObject","inLanguage":"fr-FR","@id":"https:\/\/agronomiciq.com\/fr\/#\/schema\/logo\/image\/","url":"https:\/\/agronomiciq.com\/wp-content\/uploads\/2022\/05\/agiq-logo-sm.png","contentUrl":"https:\/\/agronomiciq.com\/wp-content\/uploads\/2022\/05\/agiq-logo-sm.png","width":800,"height":169,"caption":"AGronomic IQ"},"image":{"@id":"https:\/\/agronomiciq.com\/fr\/#\/schema\/logo\/image\/"},"sameAs":["https:\/\/www.linkedin.com\/company\/agronomic-iq\/","https:\/\/www.youtube.com\/channel\/UC_aE0qmeFqR6yVgiEczVhaA"]}]}},"_links":{"self":[{"href":"https:\/\/agronomiciq.com\/fr\/wp-json\/wp\/v2\/pages\/8579","targetHints":{"allow":["GET"]}}],"collection":[{"href":"https:\/\/agronomiciq.com\/fr\/wp-json\/wp\/v2\/pages"}],"about":[{"href":"https:\/\/agronomiciq.com\/fr\/wp-json\/wp\/v2\/types\/page"}],"author":[{"embeddable":true,"href":"https:\/\/agronomiciq.com\/fr\/wp-json\/wp\/v2\/users\/1"}],"replies":[{"embeddable":true,"href":"https:\/\/agronomiciq.com\/fr\/wp-json\/wp\/v2\/comments?post=8579"}],"version-history":[{"count":1,"href":"https:\/\/agronomiciq.com\/fr\/wp-json\/wp\/v2\/pages\/8579\/revisions"}],"predecessor-version":[{"id":8581,"href":"https:\/\/agronomiciq.com\/fr\/wp-json\/wp\/v2\/pages\/8579\/revisions\/8581"}],"wp:attachment":[{"href":"https:\/\/agronomiciq.com\/fr\/wp-json\/wp\/v2\/media?parent=8579"}],"curies":[{"name":"wp","href":"https:\/\/api.w.org\/{rel}","templated":true}]}}