{"id":8574,"date":"2021-03-16T22:29:43","date_gmt":"2021-03-16T22:29:43","guid":{"rendered":"https:\/\/agronomiciq.com\/telechargements\/"},"modified":"2026-03-25T14:42:23","modified_gmt":"2026-03-25T14:42:23","slug":"telechargements","status":"publish","type":"page","link":"https:\/\/agronomiciq.com\/fr\/telechargements\/","title":{"rendered":"T\u00e9l\u00e9chargements"},"content":{"rendered":"\t\t<div data-elementor-type=\"wp-page\" data-elementor-id=\"8574\" class=\"elementor elementor-8574 elementor-5050\" data-elementor-post-type=\"page\">\n\t\t\t\t\t\t<section class=\"elementor-section elementor-top-section elementor-element elementor-element-6a3bb56 elementor-section-stretched elementor-section-boxed elementor-section-height-default elementor-section-height-default\" data-id=\"6a3bb56\" data-element_type=\"section\" data-e-type=\"section\" id=\"brochures\" data-settings=\"{&quot;background_background&quot;:&quot;classic&quot;,&quot;stretch_section&quot;:&quot;section-stretched&quot;}\">\n\t\t\t\t\t\t<div class=\"elementor-container elementor-column-gap-default\">\n\t\t\t\t\t<div class=\"elementor-column elementor-col-100 elementor-top-column elementor-element elementor-element-b4cfd76\" data-id=\"b4cfd76\" data-element_type=\"column\" data-e-type=\"column\">\n\t\t\t<div class=\"elementor-widget-wrap elementor-element-populated\">\n\t\t\t\t\t\t<div class=\"elementor-element elementor-element-66ce3b7 elementor-widget elementor-widget-heading\" data-id=\"66ce3b7\" data-element_type=\"widget\" data-e-type=\"widget\" data-widget_type=\"heading.default\">\n\t\t\t\t<div class=\"elementor-widget-container\">\n\t\t\t\t\t<h2 class=\"elementor-heading-title elementor-size-default\">Brochures<\/h2>\t\t\t\t<\/div>\n\t\t\t\t<\/div>\n\t\t\t\t<section class=\"elementor-section elementor-inner-section elementor-element elementor-element-0b11d7b elementor-section-boxed elementor-section-height-default elementor-section-height-default\" data-id=\"0b11d7b\" data-element_type=\"section\" data-e-type=\"section\">\n\t\t\t\t\t\t<div class=\"elementor-container elementor-column-gap-default\">\n\t\t\t\t\t<div class=\"elementor-column elementor-col-25 elementor-inner-column elementor-element elementor-element-9d7c396\" data-id=\"9d7c396\" data-element_type=\"column\" data-e-type=\"column\">\n\t\t\t<div class=\"elementor-widget-wrap elementor-element-populated\">\n\t\t\t\t\t\t<div class=\"elementor-element elementor-element-b8be11a elementor-position-top elementor-widget elementor-widget-image-box\" data-id=\"b8be11a\" data-element_type=\"widget\" data-e-type=\"widget\" data-widget_type=\"image-box.default\">\n\t\t\t\t<div class=\"elementor-widget-container\">\n\t\t\t\t\t<div class=\"elementor-image-box-wrapper\"><figure class=\"elementor-image-box-img\"><a href=\"https:\/\/agronomiciq.com\/wp-content\/uploads\/2024\/11\/cwt-brochure7-agiq-2022-fr.pdf\" target=\"_blank\" rel=\"nofollow\" tabindex=\"-1\"><img fetchpriority=\"high\" decoding=\"async\" width=\"612\" height=\"792\" src=\"https:\/\/agronomiciq.com\/wp-content\/uploads\/2024\/11\/cwt-brochure-thumbnail.jpg\" class=\"elementor-animation-float attachment-full size-full wp-image-8869\" alt=\"\" srcset=\"https:\/\/agronomiciq.com\/wp-content\/uploads\/2024\/11\/cwt-brochure-thumbnail.jpg 612w, https:\/\/agronomiciq.com\/wp-content\/uploads\/2024\/11\/cwt-brochure-thumbnail-232x300.jpg 232w\" sizes=\"(max-width: 612px) 100vw, 612px\" \/><\/a><\/figure><div class=\"elementor-image-box-content\"><h3 class=\"elementor-image-box-title\"><a href=\"https:\/\/agronomiciq.com\/wp-content\/uploads\/2024\/11\/cwt-brochure7-agiq-2022-fr.pdf\" target=\"_blank\" rel=\"nofollow\">CWT (Compressor Wall)<\/a><\/h3><\/div><\/div>\t\t\t\t<\/div>\n\t\t\t\t<\/div>\n\t\t\t\t\t<\/div>\n\t\t<\/div>\n\t\t\t\t<div class=\"elementor-column elementor-col-25 elementor-inner-column elementor-element elementor-element-dc5938e\" data-id=\"dc5938e\" data-element_type=\"column\" data-e-type=\"column\">\n\t\t\t<div class=\"elementor-widget-wrap elementor-element-populated\">\n\t\t\t\t\t\t<div class=\"elementor-element elementor-element-f4e0789 elementor-position-top elementor-widget elementor-widget-image-box\" data-id=\"f4e0789\" data-element_type=\"widget\" data-e-type=\"widget\" data-widget_type=\"image-box.default\">\n\t\t\t\t<div class=\"elementor-widget-container\">\n\t\t\t\t\t<div class=\"elementor-image-box-wrapper\"><figure class=\"elementor-image-box-img\"><a href=\"https:\/\/agronomiciq.com\/wp-content\/uploads\/2024\/11\/agiq-evolution-2x-series-2022-fr.pdf\" target=\"_blank\" rel=\"nofollow\" tabindex=\"-1\"><img decoding=\"async\" width=\"612\" height=\"792\" src=\"https:\/\/agronomiciq.com\/wp-content\/uploads\/2024\/11\/evolution-2x-brochure-thumbnail.jpg\" class=\"elementor-animation-float attachment-full size-full wp-image-8867\" alt=\"\" srcset=\"https:\/\/agronomiciq.com\/wp-content\/uploads\/2024\/11\/evolution-2x-brochure-thumbnail.jpg 612w, https:\/\/agronomiciq.com\/wp-content\/uploads\/2024\/11\/evolution-2x-brochure-thumbnail-232x300.jpg 232w\" sizes=\"(max-width: 612px) 100vw, 612px\" \/><\/a><\/figure><div class=\"elementor-image-box-content\"><h3 class=\"elementor-image-box-title\"><a href=\"https:\/\/agronomiciq.com\/wp-content\/uploads\/2024\/11\/agiq-evolution-2x-series-2022-fr.pdf\" target=\"_blank\" rel=\"nofollow\">S\u00e9rie Evolution 2x<\/a><\/h3><\/div><\/div>\t\t\t\t<\/div>\n\t\t\t\t<\/div>\n\t\t\t\t\t<\/div>\n\t\t<\/div>\n\t\t\t\t<div class=\"elementor-column elementor-col-25 elementor-inner-column elementor-element elementor-element-27179af\" data-id=\"27179af\" data-element_type=\"column\" data-e-type=\"column\">\n\t\t\t<div class=\"elementor-widget-wrap elementor-element-populated\">\n\t\t\t\t\t\t<div class=\"elementor-element elementor-element-98c0469 elementor-position-top elementor-widget elementor-widget-image-box\" data-id=\"98c0469\" data-element_type=\"widget\" data-e-type=\"widget\" data-widget_type=\"image-box.default\">\n\t\t\t\t<div class=\"elementor-widget-container\">\n\t\t\t\t\t<div class=\"elementor-image-box-wrapper\"><figure class=\"elementor-image-box-img\"><a href=\"https:\/\/agronomiciq.com\/wp-content\/uploads\/2024\/11\/agiq-evolution-4x-series-2022-fr.pdf\" target=\"_blank\" rel=\"nofollow\" tabindex=\"-1\"><img decoding=\"async\" width=\"612\" height=\"792\" src=\"https:\/\/agronomiciq.com\/wp-content\/uploads\/2024\/11\/evolution-4x-brochure-thumbnail.jpg\" class=\"elementor-animation-float attachment-full size-full wp-image-8865\" alt=\"\" srcset=\"https:\/\/agronomiciq.com\/wp-content\/uploads\/2024\/11\/evolution-4x-brochure-thumbnail.jpg 612w, https:\/\/agronomiciq.com\/wp-content\/uploads\/2024\/11\/evolution-4x-brochure-thumbnail-232x300.jpg 232w\" sizes=\"(max-width: 612px) 100vw, 612px\" \/><\/a><\/figure><div class=\"elementor-image-box-content\"><h3 class=\"elementor-image-box-title\"><a href=\"https:\/\/agronomiciq.com\/wp-content\/uploads\/2024\/11\/agiq-evolution-4x-series-2022-fr.pdf\" target=\"_blank\" rel=\"nofollow\">S\u00e9rie Evolution 4x<\/a><\/h3><\/div><\/div>\t\t\t\t<\/div>\n\t\t\t\t<\/div>\n\t\t\t\t\t<\/div>\n\t\t<\/div>\n\t\t\t\t<div class=\"elementor-column elementor-col-25 elementor-inner-column elementor-element elementor-element-c98856e\" data-id=\"c98856e\" data-element_type=\"column\" data-e-type=\"column\">\n\t\t\t<div class=\"elementor-widget-wrap elementor-element-populated\">\n\t\t\t\t\t\t<div class=\"elementor-element elementor-element-66ef146 elementor-position-top elementor-widget elementor-widget-image-box\" data-id=\"66ef146\" data-element_type=\"widget\" data-e-type=\"widget\" data-widget_type=\"image-box.default\">\n\t\t\t\t<div class=\"elementor-widget-container\">\n\t\t\t\t\t<div class=\"elementor-image-box-wrapper\"><figure class=\"elementor-image-box-img\"><a href=\"https:\/\/agronomiciq.com\/wp-content\/uploads\/2024\/11\/quest-dry-cooler6-agiq-fr.pdf\" target=\"_blank\" rel=\"nofollow\" tabindex=\"-1\"><img loading=\"lazy\" decoding=\"async\" width=\"612\" height=\"792\" src=\"https:\/\/agronomiciq.com\/wp-content\/uploads\/2024\/11\/dry-cooler-brochure-thumbnail.jpg\" class=\"elementor-animation-float attachment-full size-full wp-image-8871\" alt=\"\" srcset=\"https:\/\/agronomiciq.com\/wp-content\/uploads\/2024\/11\/dry-cooler-brochure-thumbnail.jpg 612w, https:\/\/agronomiciq.com\/wp-content\/uploads\/2024\/11\/dry-cooler-brochure-thumbnail-232x300.jpg 232w\" sizes=\"(max-width: 612px) 100vw, 612px\" \/><\/a><\/figure><div class=\"elementor-image-box-content\"><h3 class=\"elementor-image-box-title\"><a href=\"https:\/\/agronomiciq.com\/wp-content\/uploads\/2024\/11\/quest-dry-cooler6-agiq-fr.pdf\" target=\"_blank\" rel=\"nofollow\">Refroidissement \u00e0 sec<\/a><\/h3><\/div><\/div>\t\t\t\t<\/div>\n\t\t\t\t<\/div>\n\t\t\t\t\t<\/div>\n\t\t<\/div>\n\t\t\t\t\t<\/div>\n\t\t<\/section>\n\t\t\t\t\t<\/div>\n\t\t<\/div>\n\t\t\t\t\t<\/div>\n\t\t<\/section>\n\t\t\t\t<\/div>\n\t\t","protected":false},"excerpt":{"rendered":"<p>Brochures CWT (Compressor Wall) S\u00e9rie Evolution 2x S\u00e9rie Evolution 4x Refroidissement \u00e0 sec<\/p>\n","protected":false},"author":1,"featured_media":0,"parent":0,"menu_order":0,"comment_status":"closed","ping_status":"closed","template":"elementor_header_footer","meta":{"footnotes":""},"class_list":["post-8574","page","type-page","status-publish"],"yoast_head":"<!-- This site is optimized with the Yoast SEO Premium plugin v27.1 (Yoast SEO v27.1.1) - https:\/\/yoast.com\/product\/yoast-seo-premium-wordpress\/ -->\n<title>T\u00e9l\u00e9chargements &#8211; AGronomic IQ<\/title>\n<meta name=\"robots\" content=\"index, follow, max-snippet:-1, max-image-preview:large, max-video-preview:-1\" \/>\n<link rel=\"canonical\" href=\"https:\/\/agronomiciq.com\/fr\/telechargements\/\" \/>\n<meta property=\"og:locale\" content=\"fr_FR\" \/>\n<meta property=\"og:type\" content=\"article\" \/>\n<meta property=\"og:title\" content=\"T\u00e9l\u00e9chargements\" \/>\n<meta property=\"og:description\" content=\"Brochures   CWT (Compressor Wall)   S\u00e9rie Evolution 2x   S\u00e9rie Evolution 4x   Refroidissement \u00e0 sec\" \/>\n<meta property=\"og:url\" content=\"https:\/\/agronomiciq.com\/fr\/telechargements\/\" \/>\n<meta property=\"og:site_name\" content=\"AGronomic IQ\" \/>\n<meta property=\"article:modified_time\" content=\"2026-03-25T14:42:23+00:00\" \/>\n<meta property=\"og:image\" content=\"https:\/\/agronomiciq.com\/wp-content\/uploads\/2024\/11\/cwt-brochure-thumbnail.jpg\" \/>\n<meta name=\"twitter:card\" content=\"summary_large_image\" \/>\n<meta name=\"twitter:label1\" content=\"Dur\u00e9e de lecture estim\u00e9e\" \/>\n\t<meta name=\"twitter:data1\" content=\"1 minute\" \/>\n<script type=\"application\/ld+json\" class=\"yoast-schema-graph\">{\"@context\":\"https:\/\/schema.org\",\"@graph\":[{\"@type\":\"WebPage\",\"@id\":\"https:\/\/agronomiciq.com\/fr\/telechargements\/\",\"url\":\"https:\/\/agronomiciq.com\/fr\/telechargements\/\",\"name\":\"T\u00e9l\u00e9chargements &#8211; AGronomic IQ\",\"isPartOf\":{\"@id\":\"https:\/\/agronomiciq.com\/fr\/#website\"},\"primaryImageOfPage\":{\"@id\":\"https:\/\/agronomiciq.com\/fr\/telechargements\/#primaryimage\"},\"image\":{\"@id\":\"https:\/\/agronomiciq.com\/fr\/telechargements\/#primaryimage\"},\"thumbnailUrl\":\"https:\/\/agronomiciq.com\/wp-content\/uploads\/2024\/11\/cwt-brochure-thumbnail.jpg\",\"datePublished\":\"2021-03-16T22:29:43+00:00\",\"dateModified\":\"2026-03-25T14:42:23+00:00\",\"inLanguage\":\"fr-FR\",\"potentialAction\":[{\"@type\":\"ReadAction\",\"target\":[\"https:\/\/agronomiciq.com\/fr\/telechargements\/\"]}]},{\"@type\":\"ImageObject\",\"inLanguage\":\"fr-FR\",\"@id\":\"https:\/\/agronomiciq.com\/fr\/telechargements\/#primaryimage\",\"url\":\"https:\/\/agronomiciq.com\/wp-content\/uploads\/2024\/11\/cwt-brochure-thumbnail.jpg\",\"contentUrl\":\"https:\/\/agronomiciq.com\/wp-content\/uploads\/2024\/11\/cwt-brochure-thumbnail.jpg\"},{\"@type\":\"WebSite\",\"@id\":\"https:\/\/agronomiciq.com\/fr\/#website\",\"url\":\"https:\/\/agronomiciq.com\/fr\/\",\"name\":\"AGronomic IQ\",\"description\":\"Smart HVAC for Growth\",\"publisher\":{\"@id\":\"https:\/\/agronomiciq.com\/fr\/#organization\"},\"potentialAction\":[{\"@type\":\"SearchAction\",\"target\":{\"@type\":\"EntryPoint\",\"urlTemplate\":\"https:\/\/agronomiciq.com\/fr\/?s={search_term_string}\"},\"query-input\":{\"@type\":\"PropertyValueSpecification\",\"valueRequired\":true,\"valueName\":\"search_term_string\"}}],\"inLanguage\":\"fr-FR\"},{\"@type\":\"Organization\",\"@id\":\"https:\/\/agronomiciq.com\/fr\/#organization\",\"name\":\"AGronomic IQ\",\"url\":\"https:\/\/agronomiciq.com\/fr\/\",\"logo\":{\"@type\":\"ImageObject\",\"inLanguage\":\"fr-FR\",\"@id\":\"https:\/\/agronomiciq.com\/fr\/#\/schema\/logo\/image\/\",\"url\":\"https:\/\/agronomiciq.com\/wp-content\/uploads\/2022\/05\/agiq-logo-sm.png\",\"contentUrl\":\"https:\/\/agronomiciq.com\/wp-content\/uploads\/2022\/05\/agiq-logo-sm.png\",\"width\":800,\"height\":169,\"caption\":\"AGronomic IQ\"},\"image\":{\"@id\":\"https:\/\/agronomiciq.com\/fr\/#\/schema\/logo\/image\/\"},\"sameAs\":[\"https:\/\/www.linkedin.com\/company\/agronomic-iq\/\",\"https:\/\/www.youtube.com\/channel\/UC_aE0qmeFqR6yVgiEczVhaA\"]}]}<\/script>\n<!-- \/ Yoast SEO Premium plugin. -->","yoast_head_json":{"title":"T\u00e9l\u00e9chargements &#8211; AGronomic IQ","robots":{"index":"index","follow":"follow","max-snippet":"max-snippet:-1","max-image-preview":"max-image-preview:large","max-video-preview":"max-video-preview:-1"},"canonical":"https:\/\/agronomiciq.com\/fr\/telechargements\/","og_locale":"fr_FR","og_type":"article","og_title":"T\u00e9l\u00e9chargements","og_description":"Brochures   CWT (Compressor Wall)   S\u00e9rie Evolution 2x   S\u00e9rie Evolution 4x   Refroidissement \u00e0 sec","og_url":"https:\/\/agronomiciq.com\/fr\/telechargements\/","og_site_name":"AGronomic IQ","article_modified_time":"2026-03-25T14:42:23+00:00","og_image":[{"url":"https:\/\/agronomiciq.com\/wp-content\/uploads\/2024\/11\/cwt-brochure-thumbnail.jpg","type":"","width":"","height":""}],"twitter_card":"summary_large_image","twitter_misc":{"Dur\u00e9e de lecture estim\u00e9e":"1 minute"},"schema":{"@context":"https:\/\/schema.org","@graph":[{"@type":"WebPage","@id":"https:\/\/agronomiciq.com\/fr\/telechargements\/","url":"https:\/\/agronomiciq.com\/fr\/telechargements\/","name":"T\u00e9l\u00e9chargements &#8211; AGronomic IQ","isPartOf":{"@id":"https:\/\/agronomiciq.com\/fr\/#website"},"primaryImageOfPage":{"@id":"https:\/\/agronomiciq.com\/fr\/telechargements\/#primaryimage"},"image":{"@id":"https:\/\/agronomiciq.com\/fr\/telechargements\/#primaryimage"},"thumbnailUrl":"https:\/\/agronomiciq.com\/wp-content\/uploads\/2024\/11\/cwt-brochure-thumbnail.jpg","datePublished":"2021-03-16T22:29:43+00:00","dateModified":"2026-03-25T14:42:23+00:00","inLanguage":"fr-FR","potentialAction":[{"@type":"ReadAction","target":["https:\/\/agronomiciq.com\/fr\/telechargements\/"]}]},{"@type":"ImageObject","inLanguage":"fr-FR","@id":"https:\/\/agronomiciq.com\/fr\/telechargements\/#primaryimage","url":"https:\/\/agronomiciq.com\/wp-content\/uploads\/2024\/11\/cwt-brochure-thumbnail.jpg","contentUrl":"https:\/\/agronomiciq.com\/wp-content\/uploads\/2024\/11\/cwt-brochure-thumbnail.jpg"},{"@type":"WebSite","@id":"https:\/\/agronomiciq.com\/fr\/#website","url":"https:\/\/agronomiciq.com\/fr\/","name":"AGronomic IQ","description":"Smart HVAC for Growth","publisher":{"@id":"https:\/\/agronomiciq.com\/fr\/#organization"},"potentialAction":[{"@type":"SearchAction","target":{"@type":"EntryPoint","urlTemplate":"https:\/\/agronomiciq.com\/fr\/?s={search_term_string}"},"query-input":{"@type":"PropertyValueSpecification","valueRequired":true,"valueName":"search_term_string"}}],"inLanguage":"fr-FR"},{"@type":"Organization","@id":"https:\/\/agronomiciq.com\/fr\/#organization","name":"AGronomic IQ","url":"https:\/\/agronomiciq.com\/fr\/","logo":{"@type":"ImageObject","inLanguage":"fr-FR","@id":"https:\/\/agronomiciq.com\/fr\/#\/schema\/logo\/image\/","url":"https:\/\/agronomiciq.com\/wp-content\/uploads\/2022\/05\/agiq-logo-sm.png","contentUrl":"https:\/\/agronomiciq.com\/wp-content\/uploads\/2022\/05\/agiq-logo-sm.png","width":800,"height":169,"caption":"AGronomic IQ"},"image":{"@id":"https:\/\/agronomiciq.com\/fr\/#\/schema\/logo\/image\/"},"sameAs":["https:\/\/www.linkedin.com\/company\/agronomic-iq\/","https:\/\/www.youtube.com\/channel\/UC_aE0qmeFqR6yVgiEczVhaA"]}]}},"_links":{"self":[{"href":"https:\/\/agronomiciq.com\/fr\/wp-json\/wp\/v2\/pages\/8574","targetHints":{"allow":["GET"]}}],"collection":[{"href":"https:\/\/agronomiciq.com\/fr\/wp-json\/wp\/v2\/pages"}],"about":[{"href":"https:\/\/agronomiciq.com\/fr\/wp-json\/wp\/v2\/types\/page"}],"author":[{"embeddable":true,"href":"https:\/\/agronomiciq.com\/fr\/wp-json\/wp\/v2\/users\/1"}],"replies":[{"embeddable":true,"href":"https:\/\/agronomiciq.com\/fr\/wp-json\/wp\/v2\/comments?post=8574"}],"version-history":[{"count":3,"href":"https:\/\/agronomiciq.com\/fr\/wp-json\/wp\/v2\/pages\/8574\/revisions"}],"predecessor-version":[{"id":8875,"href":"https:\/\/agronomiciq.com\/fr\/wp-json\/wp\/v2\/pages\/8574\/revisions\/8875"}],"wp:attachment":[{"href":"https:\/\/agronomiciq.com\/fr\/wp-json\/wp\/v2\/media?parent=8574"}],"curies":[{"name":"wp","href":"https:\/\/api.w.org\/{rel}","templated":true}]}}