{"id":8564,"date":"2021-03-18T17:12:56","date_gmt":"2021-03-18T17:12:56","guid":{"rendered":"https:\/\/agronomiciq.com\/raison-n-3-performance-et-redondance-integrees\/"},"modified":"2024-10-17T18:06:53","modified_gmt":"2024-10-17T18:06:53","slug":"raison-n-3-performance-et-redondance-integrees","status":"publish","type":"page","link":"https:\/\/agronomiciq.com\/fr\/raison-n-3-performance-et-redondance-integrees\/","title":{"rendered":"Raison n\u00b0 3 : Performance et redondance int\u00e9gr\u00e9es"},"content":{"rendered":"\t\t<div data-elementor-type=\"wp-page\" data-elementor-id=\"8564\" class=\"elementor elementor-8564 elementor-5572\" data-elementor-post-type=\"page\">\n\t\t\t\t\t\t<section class=\"elementor-section elementor-top-section elementor-element elementor-element-a5ba59d elementor-section-boxed elementor-section-height-default elementor-section-height-default\" data-id=\"a5ba59d\" data-element_type=\"section\" data-e-type=\"section\">\n\t\t\t\t\t\t<div class=\"elementor-container elementor-column-gap-no\">\n\t\t\t\t\t<div class=\"elementor-column elementor-col-100 elementor-top-column elementor-element elementor-element-be6be99\" data-id=\"be6be99\" data-element_type=\"column\" data-e-type=\"column\">\n\t\t\t<div class=\"elementor-widget-wrap elementor-element-populated\">\n\t\t\t\t\t\t<div class=\"elementor-element elementor-element-d6dfaf8 elementor-widget elementor-widget-spacer\" data-id=\"d6dfaf8\" data-element_type=\"widget\" data-e-type=\"widget\" data-widget_type=\"spacer.default\">\n\t\t\t\t<div class=\"elementor-widget-container\">\n\t\t\t\t\t\t\t<div class=\"elementor-spacer\">\n\t\t\t<div class=\"elementor-spacer-inner\"><\/div>\n\t\t<\/div>\n\t\t\t\t\t\t<\/div>\n\t\t\t\t<\/div>\n\t\t\t\t<section class=\"elementor-section elementor-inner-section elementor-element elementor-element-b075095 elementor-section-boxed elementor-section-height-default elementor-section-height-default\" data-id=\"b075095\" data-element_type=\"section\" data-e-type=\"section\">\n\t\t\t\t\t\t<div class=\"elementor-container elementor-column-gap-extended\">\n\t\t\t\t\t<div class=\"elementor-column elementor-col-50 elementor-inner-column elementor-element elementor-element-4e1d308\" data-id=\"4e1d308\" data-element_type=\"column\" data-e-type=\"column\">\n\t\t\t<div class=\"elementor-widget-wrap elementor-element-populated\">\n\t\t\t\t\t\t<div class=\"elementor-element elementor-element-f4ac54c elementor-widget elementor-widget-image\" data-id=\"f4ac54c\" data-element_type=\"widget\" data-e-type=\"widget\" data-widget_type=\"image.default\">\n\t\t\t\t<div class=\"elementor-widget-container\">\n\t\t\t\t\t\t\t\t\t\t\t\t\t\t\t\t<a href=\"https:\/\/agronomiciq.com\/top-10-reasons\/#reason3\">\n\t\t\t\t\t\t\t<img fetchpriority=\"high\" decoding=\"async\" width=\"640\" height=\"360\" src=\"https:\/\/agronomiciq.com\/wp-content\/uploads\/2021\/12\/agiq-10-reasons-3-low.gif\" class=\"attachment-large size-large wp-image-8418\" alt=\"\" \/>\t\t\t\t\t\t\t\t<\/a>\n\t\t\t\t\t\t\t\t\t\t\t\t\t\t\t<\/div>\n\t\t\t\t<\/div>\n\t\t\t\t\t<\/div>\n\t\t<\/div>\n\t\t\t\t<div class=\"elementor-column elementor-col-50 elementor-inner-column elementor-element elementor-element-4938ff6\" data-id=\"4938ff6\" data-element_type=\"column\" data-e-type=\"column\">\n\t\t\t<div class=\"elementor-widget-wrap elementor-element-populated\">\n\t\t\t\t\t\t<div class=\"elementor-element elementor-element-4cd8d8b elementor-widget elementor-widget-text-editor\" data-id=\"4cd8d8b\" data-element_type=\"widget\" data-e-type=\"widget\" data-widget_type=\"text-editor.default\">\n\t\t\t\t<div class=\"elementor-widget-container\">\n\t\t\t\t\t\t\t\t\t<p>La troisi\u00e8me raison est notre performance int\u00e9gr\u00e9e et nos fonctions de redondance. L&rsquo;une des caract\u00e9ristiques de notre gamme de produits est la redondance. Nous comprenons ce march\u00e9 et l&rsquo;effet qu&rsquo;une panne d&rsquo;\u00e9quipement peut avoir sur une salle, et les probl\u00e8mes li\u00e9s \u00e0 l&rsquo;\u00e9quipement m\u00e9canique ne manqueront pas de survenir.  <\/p>\n<p>Mais nous avons att\u00e9nu\u00e9 ces probl\u00e8mes de mani\u00e8re \u00e0 ne jamais mettre votre r\u00e9colte en danger. Et c&rsquo;est l\u00e0 tout l&rsquo;objectif du syst\u00e8me. Je veux que vous vous concentriez sur la culture de plantes plus grandes, sur l&rsquo;obtention de meilleurs rendements, sur la livraison d&rsquo;un produit coh\u00e9rent, et non sur la gestion d&rsquo;un syst\u00e8me CVC.  <\/p>\n<p>Pour ce faire, il faut notamment disposer d&rsquo;un syst\u00e8me huit pistes qui tol\u00e8re les pannes et auquel on fait confiance, de sorte que si un probl\u00e8me survient, il est facile de le r\u00e9soudre. Vous savez que votre salle a un, vous savez, vous n&rsquo;avez pas perdu une r\u00e9colte, vous n&rsquo;avez pas perdu votre pleine capacit\u00e9 de retour et vous \u00eates en mesure de poursuivre vos activit\u00e9s quotidiennes sans vous en pr\u00e9occuper. <\/p>\n\t\t\t\t\t\t\t\t<\/div>\n\t\t\t\t<\/div>\n\t\t\t\t<div class=\"elementor-element elementor-element-02b1bbb back elementor-widget elementor-widget-text-editor\" data-id=\"02b1bbb\" data-element_type=\"widget\" data-e-type=\"widget\" data-widget_type=\"text-editor.default\">\n\t\t\t\t<div class=\"elementor-widget-container\">\n\t\t\t\t\t\t\t\t\t<p><a href=\"https:\/\/agronomiciq.com\/top-10-reasons\/#reason3\">retour \u00e0 la vid\u00e9o<\/a><\/p>\n\t\t\t\t\t\t\t\t<\/div>\n\t\t\t\t<\/div>\n\t\t\t\t\t<\/div>\n\t\t<\/div>\n\t\t\t\t\t<\/div>\n\t\t<\/section>\n\t\t\t\t<div class=\"elementor-element elementor-element-8f65db6 elementor-widget elementor-widget-spacer\" data-id=\"8f65db6\" data-element_type=\"widget\" data-e-type=\"widget\" data-widget_type=\"spacer.default\">\n\t\t\t\t<div class=\"elementor-widget-container\">\n\t\t\t\t\t\t\t<div class=\"elementor-spacer\">\n\t\t\t<div class=\"elementor-spacer-inner\"><\/div>\n\t\t<\/div>\n\t\t\t\t\t\t<\/div>\n\t\t\t\t<\/div>\n\t\t\t\t\t<\/div>\n\t\t<\/div>\n\t\t\t\t\t<\/div>\n\t\t<\/section>\n\t\t\t\t<\/div>\n\t\t","protected":false},"excerpt":{"rendered":"<p>La troisi\u00e8me raison est notre performance int\u00e9gr\u00e9e et nos fonctions de redondance. L&rsquo;une des caract\u00e9ristiques de notre gamme de produits est la redondance. Nous comprenons ce march\u00e9 et l&rsquo;effet qu&rsquo;une panne d&rsquo;\u00e9quipement peut avoir sur une salle, et les probl\u00e8mes li\u00e9s \u00e0 l&rsquo;\u00e9quipement m\u00e9canique ne manqueront pas de survenir. Mais nous avons att\u00e9nu\u00e9 ces probl\u00e8mes &#8230; <a title=\"Raison n\u00b0 3 : Performance et redondance int\u00e9gr\u00e9es\" class=\"read-more\" href=\"https:\/\/agronomiciq.com\/fr\/raison-n-3-performance-et-redondance-integrees\/\" aria-label=\"En savoir plus sur Raison n\u00b0 3 : Performance et redondance int\u00e9gr\u00e9es\">Lire plus<\/a><\/p>\n","protected":false},"author":1,"featured_media":0,"parent":0,"menu_order":0,"comment_status":"closed","ping_status":"closed","template":"elementor_header_footer","meta":{"footnotes":""},"class_list":["post-8564","page","type-page","status-publish"],"yoast_head":"<!-- This site is optimized with the Yoast SEO Premium plugin v27.1 (Yoast SEO v27.1.1) - https:\/\/yoast.com\/product\/yoast-seo-premium-wordpress\/ -->\n<title>Raison n\u00b0 3 : Performance et redondance int\u00e9gr\u00e9es &#8211; AGronomic IQ<\/title>\n<meta name=\"robots\" content=\"index, follow, max-snippet:-1, max-image-preview:large, max-video-preview:-1\" \/>\n<link rel=\"canonical\" href=\"https:\/\/agronomiciq.com\/fr\/raison-n-3-performance-et-redondance-integrees\/\" \/>\n<meta property=\"og:locale\" content=\"fr_FR\" \/>\n<meta property=\"og:type\" content=\"article\" \/>\n<meta property=\"og:title\" content=\"Raison n\u00b0 3 : Performance et redondance int\u00e9gr\u00e9es\" \/>\n<meta property=\"og:description\" content=\"La troisi\u00e8me raison est notre performance int\u00e9gr\u00e9e et nos fonctions de redondance. L&#039;une des caract\u00e9ristiques de notre gamme de produits est la\" \/>\n<meta property=\"og:url\" content=\"https:\/\/agronomiciq.com\/fr\/raison-n-3-performance-et-redondance-integrees\/\" \/>\n<meta property=\"og:site_name\" content=\"AGronomic IQ\" \/>\n<meta property=\"article:modified_time\" content=\"2024-10-17T18:06:53+00:00\" \/>\n<meta property=\"og:image\" content=\"https:\/\/agronomiciq.com\/wp-content\/uploads\/2021\/12\/agiq-10-reasons-3-low.gif\" \/>\n\t<meta property=\"og:image:width\" content=\"640\" \/>\n\t<meta property=\"og:image:height\" content=\"360\" \/>\n\t<meta property=\"og:image:type\" content=\"image\/gif\" \/>\n<meta name=\"twitter:card\" content=\"summary_large_image\" \/>\n<meta name=\"twitter:label1\" content=\"Dur\u00e9e de lecture estim\u00e9e\" \/>\n\t<meta name=\"twitter:data1\" content=\"1 minute\" \/>\n<script type=\"application\/ld+json\" class=\"yoast-schema-graph\">{\"@context\":\"https:\/\/schema.org\",\"@graph\":[{\"@type\":\"WebPage\",\"@id\":\"https:\/\/agronomiciq.com\/fr\/raison-n-3-performance-et-redondance-integrees\/\",\"url\":\"https:\/\/agronomiciq.com\/fr\/raison-n-3-performance-et-redondance-integrees\/\",\"name\":\"Raison n\u00b0 3 : Performance et redondance int\u00e9gr\u00e9es &#8211; AGronomic IQ\",\"isPartOf\":{\"@id\":\"https:\/\/agronomiciq.com\/fr\/#website\"},\"primaryImageOfPage\":{\"@id\":\"https:\/\/agronomiciq.com\/fr\/raison-n-3-performance-et-redondance-integrees\/#primaryimage\"},\"image\":{\"@id\":\"https:\/\/agronomiciq.com\/fr\/raison-n-3-performance-et-redondance-integrees\/#primaryimage\"},\"thumbnailUrl\":\"https:\/\/agronomiciq.com\/wp-content\/uploads\/2021\/12\/agiq-10-reasons-3-low.gif\",\"datePublished\":\"2021-03-18T17:12:56+00:00\",\"dateModified\":\"2024-10-17T18:06:53+00:00\",\"inLanguage\":\"fr-FR\",\"potentialAction\":[{\"@type\":\"ReadAction\",\"target\":[\"https:\/\/agronomiciq.com\/fr\/raison-n-3-performance-et-redondance-integrees\/\"]}]},{\"@type\":\"ImageObject\",\"inLanguage\":\"fr-FR\",\"@id\":\"https:\/\/agronomiciq.com\/fr\/raison-n-3-performance-et-redondance-integrees\/#primaryimage\",\"url\":\"https:\/\/agronomiciq.com\/wp-content\/uploads\/2021\/12\/agiq-10-reasons-3-low.gif\",\"contentUrl\":\"https:\/\/agronomiciq.com\/wp-content\/uploads\/2021\/12\/agiq-10-reasons-3-low.gif\"},{\"@type\":\"WebSite\",\"@id\":\"https:\/\/agronomiciq.com\/fr\/#website\",\"url\":\"https:\/\/agronomiciq.com\/fr\/\",\"name\":\"AGronomic IQ\",\"description\":\"Smart HVAC for Growth\",\"publisher\":{\"@id\":\"https:\/\/agronomiciq.com\/fr\/#organization\"},\"potentialAction\":[{\"@type\":\"SearchAction\",\"target\":{\"@type\":\"EntryPoint\",\"urlTemplate\":\"https:\/\/agronomiciq.com\/fr\/?s={search_term_string}\"},\"query-input\":{\"@type\":\"PropertyValueSpecification\",\"valueRequired\":true,\"valueName\":\"search_term_string\"}}],\"inLanguage\":\"fr-FR\"},{\"@type\":\"Organization\",\"@id\":\"https:\/\/agronomiciq.com\/fr\/#organization\",\"name\":\"AGronomic IQ\",\"url\":\"https:\/\/agronomiciq.com\/fr\/\",\"logo\":{\"@type\":\"ImageObject\",\"inLanguage\":\"fr-FR\",\"@id\":\"https:\/\/agronomiciq.com\/fr\/#\/schema\/logo\/image\/\",\"url\":\"https:\/\/agronomiciq.com\/wp-content\/uploads\/2022\/05\/agiq-logo-sm.png\",\"contentUrl\":\"https:\/\/agronomiciq.com\/wp-content\/uploads\/2022\/05\/agiq-logo-sm.png\",\"width\":800,\"height\":169,\"caption\":\"AGronomic IQ\"},\"image\":{\"@id\":\"https:\/\/agronomiciq.com\/fr\/#\/schema\/logo\/image\/\"},\"sameAs\":[\"https:\/\/www.linkedin.com\/company\/agronomic-iq\/\",\"https:\/\/www.youtube.com\/channel\/UC_aE0qmeFqR6yVgiEczVhaA\"]}]}<\/script>\n<!-- \/ Yoast SEO Premium plugin. -->","yoast_head_json":{"title":"Raison n\u00b0 3 : Performance et redondance int\u00e9gr\u00e9es &#8211; AGronomic IQ","robots":{"index":"index","follow":"follow","max-snippet":"max-snippet:-1","max-image-preview":"max-image-preview:large","max-video-preview":"max-video-preview:-1"},"canonical":"https:\/\/agronomiciq.com\/fr\/raison-n-3-performance-et-redondance-integrees\/","og_locale":"fr_FR","og_type":"article","og_title":"Raison n\u00b0 3 : Performance et redondance int\u00e9gr\u00e9es","og_description":"La troisi\u00e8me raison est notre performance int\u00e9gr\u00e9e et nos fonctions de redondance. L'une des caract\u00e9ristiques de notre gamme de produits est la","og_url":"https:\/\/agronomiciq.com\/fr\/raison-n-3-performance-et-redondance-integrees\/","og_site_name":"AGronomic IQ","article_modified_time":"2024-10-17T18:06:53+00:00","og_image":[{"width":640,"height":360,"url":"https:\/\/agronomiciq.com\/wp-content\/uploads\/2021\/12\/agiq-10-reasons-3-low.gif","type":"image\/gif"}],"twitter_card":"summary_large_image","twitter_misc":{"Dur\u00e9e de lecture estim\u00e9e":"1 minute"},"schema":{"@context":"https:\/\/schema.org","@graph":[{"@type":"WebPage","@id":"https:\/\/agronomiciq.com\/fr\/raison-n-3-performance-et-redondance-integrees\/","url":"https:\/\/agronomiciq.com\/fr\/raison-n-3-performance-et-redondance-integrees\/","name":"Raison n\u00b0 3 : Performance et redondance int\u00e9gr\u00e9es &#8211; AGronomic IQ","isPartOf":{"@id":"https:\/\/agronomiciq.com\/fr\/#website"},"primaryImageOfPage":{"@id":"https:\/\/agronomiciq.com\/fr\/raison-n-3-performance-et-redondance-integrees\/#primaryimage"},"image":{"@id":"https:\/\/agronomiciq.com\/fr\/raison-n-3-performance-et-redondance-integrees\/#primaryimage"},"thumbnailUrl":"https:\/\/agronomiciq.com\/wp-content\/uploads\/2021\/12\/agiq-10-reasons-3-low.gif","datePublished":"2021-03-18T17:12:56+00:00","dateModified":"2024-10-17T18:06:53+00:00","inLanguage":"fr-FR","potentialAction":[{"@type":"ReadAction","target":["https:\/\/agronomiciq.com\/fr\/raison-n-3-performance-et-redondance-integrees\/"]}]},{"@type":"ImageObject","inLanguage":"fr-FR","@id":"https:\/\/agronomiciq.com\/fr\/raison-n-3-performance-et-redondance-integrees\/#primaryimage","url":"https:\/\/agronomiciq.com\/wp-content\/uploads\/2021\/12\/agiq-10-reasons-3-low.gif","contentUrl":"https:\/\/agronomiciq.com\/wp-content\/uploads\/2021\/12\/agiq-10-reasons-3-low.gif"},{"@type":"WebSite","@id":"https:\/\/agronomiciq.com\/fr\/#website","url":"https:\/\/agronomiciq.com\/fr\/","name":"AGronomic IQ","description":"Smart HVAC for Growth","publisher":{"@id":"https:\/\/agronomiciq.com\/fr\/#organization"},"potentialAction":[{"@type":"SearchAction","target":{"@type":"EntryPoint","urlTemplate":"https:\/\/agronomiciq.com\/fr\/?s={search_term_string}"},"query-input":{"@type":"PropertyValueSpecification","valueRequired":true,"valueName":"search_term_string"}}],"inLanguage":"fr-FR"},{"@type":"Organization","@id":"https:\/\/agronomiciq.com\/fr\/#organization","name":"AGronomic IQ","url":"https:\/\/agronomiciq.com\/fr\/","logo":{"@type":"ImageObject","inLanguage":"fr-FR","@id":"https:\/\/agronomiciq.com\/fr\/#\/schema\/logo\/image\/","url":"https:\/\/agronomiciq.com\/wp-content\/uploads\/2022\/05\/agiq-logo-sm.png","contentUrl":"https:\/\/agronomiciq.com\/wp-content\/uploads\/2022\/05\/agiq-logo-sm.png","width":800,"height":169,"caption":"AGronomic IQ"},"image":{"@id":"https:\/\/agronomiciq.com\/fr\/#\/schema\/logo\/image\/"},"sameAs":["https:\/\/www.linkedin.com\/company\/agronomic-iq\/","https:\/\/www.youtube.com\/channel\/UC_aE0qmeFqR6yVgiEczVhaA"]}]}},"_links":{"self":[{"href":"https:\/\/agronomiciq.com\/fr\/wp-json\/wp\/v2\/pages\/8564","targetHints":{"allow":["GET"]}}],"collection":[{"href":"https:\/\/agronomiciq.com\/fr\/wp-json\/wp\/v2\/pages"}],"about":[{"href":"https:\/\/agronomiciq.com\/fr\/wp-json\/wp\/v2\/types\/page"}],"author":[{"embeddable":true,"href":"https:\/\/agronomiciq.com\/fr\/wp-json\/wp\/v2\/users\/1"}],"replies":[{"embeddable":true,"href":"https:\/\/agronomiciq.com\/fr\/wp-json\/wp\/v2\/comments?post=8564"}],"version-history":[{"count":1,"href":"https:\/\/agronomiciq.com\/fr\/wp-json\/wp\/v2\/pages\/8564\/revisions"}],"predecessor-version":[{"id":8566,"href":"https:\/\/agronomiciq.com\/fr\/wp-json\/wp\/v2\/pages\/8564\/revisions\/8566"}],"wp:attachment":[{"href":"https:\/\/agronomiciq.com\/fr\/wp-json\/wp\/v2\/media?parent=8564"}],"curies":[{"name":"wp","href":"https:\/\/api.w.org\/{rel}","templated":true}]}}