{"id":8563,"date":"2021-03-18T17:14:42","date_gmt":"2021-03-18T17:14:42","guid":{"rendered":"https:\/\/agronomiciq.com\/raison-8-controle-precis-de-la-performance-par-modulation\/"},"modified":"2024-10-17T18:06:53","modified_gmt":"2024-10-17T18:06:53","slug":"raison-8-controle-precis-de-la-performance-par-modulation","status":"publish","type":"page","link":"https:\/\/agronomiciq.com\/fr\/raison-8-controle-precis-de-la-performance-par-modulation\/","title":{"rendered":"Raison #8 : Contr\u00f4le pr\u00e9cis de la performance par modulation"},"content":{"rendered":"\t\t<div data-elementor-type=\"wp-page\" data-elementor-id=\"8563\" class=\"elementor elementor-8563 elementor-5582\" data-elementor-post-type=\"page\">\n\t\t\t\t\t\t<section class=\"elementor-section elementor-top-section elementor-element elementor-element-a5ba59d elementor-section-boxed elementor-section-height-default elementor-section-height-default\" data-id=\"a5ba59d\" data-element_type=\"section\" data-e-type=\"section\">\n\t\t\t\t\t\t<div class=\"elementor-container elementor-column-gap-no\">\n\t\t\t\t\t<div class=\"elementor-column elementor-col-100 elementor-top-column elementor-element elementor-element-be6be99\" data-id=\"be6be99\" data-element_type=\"column\" data-e-type=\"column\">\n\t\t\t<div class=\"elementor-widget-wrap elementor-element-populated\">\n\t\t\t\t\t\t<div class=\"elementor-element elementor-element-d6dfaf8 elementor-widget elementor-widget-spacer\" data-id=\"d6dfaf8\" data-element_type=\"widget\" data-e-type=\"widget\" data-widget_type=\"spacer.default\">\n\t\t\t\t<div class=\"elementor-widget-container\">\n\t\t\t\t\t\t\t<div class=\"elementor-spacer\">\n\t\t\t<div class=\"elementor-spacer-inner\"><\/div>\n\t\t<\/div>\n\t\t\t\t\t\t<\/div>\n\t\t\t\t<\/div>\n\t\t\t\t<section class=\"elementor-section elementor-inner-section elementor-element elementor-element-b075095 elementor-section-boxed elementor-section-height-default elementor-section-height-default\" data-id=\"b075095\" data-element_type=\"section\" data-e-type=\"section\">\n\t\t\t\t\t\t<div class=\"elementor-container elementor-column-gap-extended\">\n\t\t\t\t\t<div class=\"elementor-column elementor-col-50 elementor-inner-column elementor-element elementor-element-4e1d308\" data-id=\"4e1d308\" data-element_type=\"column\" data-e-type=\"column\">\n\t\t\t<div class=\"elementor-widget-wrap elementor-element-populated\">\n\t\t\t\t\t\t<div class=\"elementor-element elementor-element-f4ac54c elementor-widget elementor-widget-image\" data-id=\"f4ac54c\" data-element_type=\"widget\" data-e-type=\"widget\" data-widget_type=\"image.default\">\n\t\t\t\t<div class=\"elementor-widget-container\">\n\t\t\t\t\t\t\t\t\t\t\t\t\t\t\t\t<a href=\"https:\/\/agronomiciq.com\/top-10-reasons\/#reason8\">\n\t\t\t\t\t\t\t<img fetchpriority=\"high\" decoding=\"async\" width=\"640\" height=\"360\" src=\"https:\/\/agronomiciq.com\/wp-content\/uploads\/2021\/12\/agiq-10-reasons-8b-low.gif\" class=\"attachment-large size-large wp-image-8423\" alt=\"\" \/>\t\t\t\t\t\t\t\t<\/a>\n\t\t\t\t\t\t\t\t\t\t\t\t\t\t\t<\/div>\n\t\t\t\t<\/div>\n\t\t\t\t\t<\/div>\n\t\t<\/div>\n\t\t\t\t<div class=\"elementor-column elementor-col-50 elementor-inner-column elementor-element elementor-element-4938ff6\" data-id=\"4938ff6\" data-element_type=\"column\" data-e-type=\"column\">\n\t\t\t<div class=\"elementor-widget-wrap elementor-element-populated\">\n\t\t\t\t\t\t<div class=\"elementor-element elementor-element-4cd8d8b elementor-widget elementor-widget-text-editor\" data-id=\"4cd8d8b\" data-element_type=\"widget\" data-e-type=\"widget\" data-widget_type=\"text-editor.default\">\n\t\t\t\t<div class=\"elementor-widget-container\">\n\t\t\t\t\t\t\t\t\t<p>La huiti\u00e8me raison est notre contr\u00f4le pr\u00e9cis de la modulation de la chaleur. Chaque unit\u00e9 que nous livrons est \u00e9quip\u00e9e d&rsquo;un serpentin de modulation de la chaleur et donc d&rsquo;un syst\u00e8me de climatisation modulante. Cela signifie que nous sommes en mesure d&rsquo;adapter la quantit\u00e9 d&rsquo;\u00e9nergie renvoy\u00e9e dans votre pi\u00e8ce et de maintenir un \u00e9tat tr\u00e8s stable, que l&rsquo;unit\u00e9 soit en mode climatisation, en mode d\u00e9shumidification ou en mode chauffage. Beaucoup de nos concurrents utilisent encore des circuits tout ou rien pour cela. Le circuit marche-arr\u00eat typique est donc de 0 %, 50 % ou 100 %, alors que nous avons la capacit\u00e9 d&rsquo;aller de z\u00e9ro \u00e0 100 % en autant d&rsquo;\u00e9tapes que nous le souhaitons.   <\/p>\n<p>Cela signifie que nous sommes en mesure de maintenir des conditions ambiantes tr\u00e8s stables. La plupart des cultivateurs sont en mesure d&rsquo;obtenir plus ou moins un demi-degr\u00e9, et beaucoup sont m\u00eame capables d&rsquo;atteindre plus -0,2 degr\u00e9 Fahrenheit. En termes de contr\u00f4le, le fait d&rsquo;avoir une temp\u00e9rature ambiante tr\u00e8s stable signifie que nous pouvons maintenir nos compresseurs en marche, ce qui permet d&rsquo;att\u00e9nuer l&rsquo;usure des compresseurs, comme nous l&rsquo;avons mentionn\u00e9 dans la section sur la capacit\u00e9 variable. Cela signifie \u00e9galement que je re\u00e7ois un rapport tr\u00e8s pr\u00e9cis de votre humidit\u00e9. L&rsquo;humidit\u00e9 relative est exactement cela. Elle est relative, elle est relative \u00e0 la temp\u00e9rature de l&rsquo;espace.     <\/p>\n<p>Ainsi, si je peux contr\u00f4ler tr\u00e8s pr\u00e9cis\u00e9ment la temp\u00e9rature de votre espace, cela signifie que je suis mieux \u00e0 m\u00eame de surveiller les tendances en mati\u00e8re d&rsquo;humidit\u00e9 et d&rsquo;y r\u00e9pondre plus pr\u00e9cis\u00e9ment. Cela signifie que je suis mieux \u00e0 m\u00eame de surveiller les tendances du c\u00f4t\u00e9 de l&rsquo;humidit\u00e9 et d&rsquo;y r\u00e9pondre avec plus de pr\u00e9cision. Ce qui se passe g\u00e9n\u00e9ralement avec une r\u00e9gulation tout ou rien, c&rsquo;est que vous avez une double onde sinuso\u00efdale, une onde de temp\u00e9rature et une onde inverse d&rsquo;humidit\u00e9, et que vous \u00eates toujours en train de courir apr\u00e8s le dragon. Vous \u00eates toujours \u00e0 la recherche de conditions ambiantes stables avec un syst\u00e8me de chauffage modulant. Nous sommes en mesure de maintenir une temp\u00e9rature tr\u00e8s pr\u00e9cise, ce qui signifie que nous sommes en mesure de contr\u00f4ler tr\u00e8s pr\u00e9cis\u00e9ment votre humidit\u00e9 relative, et vous ne pourrez jamais contr\u00f4ler votre humidit\u00e9 relative avec pr\u00e9cision sans le r\u00e9chauffage modulant.    <\/p>\n\t\t\t\t\t\t\t\t<\/div>\n\t\t\t\t<\/div>\n\t\t\t\t<div class=\"elementor-element elementor-element-02b1bbb back elementor-widget elementor-widget-text-editor\" data-id=\"02b1bbb\" data-element_type=\"widget\" data-e-type=\"widget\" data-widget_type=\"text-editor.default\">\n\t\t\t\t<div class=\"elementor-widget-container\">\n\t\t\t\t\t\t\t\t\t<p><a href=\"https:\/\/agronomiciq.com\/top-10-reasons\/#reason8\">retour \u00e0 la vid\u00e9o<\/a><\/p>\n\t\t\t\t\t\t\t\t<\/div>\n\t\t\t\t<\/div>\n\t\t\t\t\t<\/div>\n\t\t<\/div>\n\t\t\t\t\t<\/div>\n\t\t<\/section>\n\t\t\t\t<div class=\"elementor-element elementor-element-8f65db6 elementor-widget elementor-widget-spacer\" data-id=\"8f65db6\" data-element_type=\"widget\" data-e-type=\"widget\" data-widget_type=\"spacer.default\">\n\t\t\t\t<div class=\"elementor-widget-container\">\n\t\t\t\t\t\t\t<div class=\"elementor-spacer\">\n\t\t\t<div class=\"elementor-spacer-inner\"><\/div>\n\t\t<\/div>\n\t\t\t\t\t\t<\/div>\n\t\t\t\t<\/div>\n\t\t\t\t\t<\/div>\n\t\t<\/div>\n\t\t\t\t\t<\/div>\n\t\t<\/section>\n\t\t\t\t<\/div>\n\t\t","protected":false},"excerpt":{"rendered":"<p>La huiti\u00e8me raison est notre contr\u00f4le pr\u00e9cis de la modulation de la chaleur. Chaque unit\u00e9 que nous livrons est \u00e9quip\u00e9e d&rsquo;un serpentin de modulation de la chaleur et donc d&rsquo;un syst\u00e8me de climatisation modulante. Cela signifie que nous sommes en mesure d&rsquo;adapter la quantit\u00e9 d&rsquo;\u00e9nergie renvoy\u00e9e dans votre pi\u00e8ce et de maintenir un \u00e9tat tr\u00e8s &#8230; <a title=\"Raison #8 : Contr\u00f4le pr\u00e9cis de la performance par modulation\" class=\"read-more\" href=\"https:\/\/agronomiciq.com\/fr\/raison-8-controle-precis-de-la-performance-par-modulation\/\" aria-label=\"En savoir plus sur Raison #8 : Contr\u00f4le pr\u00e9cis de la performance par modulation\">Lire plus<\/a><\/p>\n","protected":false},"author":1,"featured_media":0,"parent":0,"menu_order":0,"comment_status":"closed","ping_status":"closed","template":"elementor_header_footer","meta":{"footnotes":""},"class_list":["post-8563","page","type-page","status-publish"],"yoast_head":"<!-- This site is optimized with the Yoast SEO Premium plugin v27.1 (Yoast SEO v27.1.1) - https:\/\/yoast.com\/product\/yoast-seo-premium-wordpress\/ -->\n<title>Raison #8 : Contr\u00f4le pr\u00e9cis de la performance par modulation &#8211; AGronomic IQ<\/title>\n<meta name=\"robots\" content=\"index, follow, max-snippet:-1, max-image-preview:large, max-video-preview:-1\" \/>\n<link rel=\"canonical\" href=\"https:\/\/agronomiciq.com\/fr\/raison-8-controle-precis-de-la-performance-par-modulation\/\" \/>\n<meta property=\"og:locale\" content=\"fr_FR\" \/>\n<meta property=\"og:type\" content=\"article\" \/>\n<meta property=\"og:title\" content=\"Raison #8 : Contr\u00f4le pr\u00e9cis de la performance par modulation\" \/>\n<meta property=\"og:description\" content=\"La huiti\u00e8me raison est notre contr\u00f4le pr\u00e9cis de la modulation de la chaleur. Chaque unit\u00e9 que nous livrons est \u00e9quip\u00e9e d&#039;un serpentin de modulation de la\" \/>\n<meta property=\"og:url\" content=\"https:\/\/agronomiciq.com\/fr\/raison-8-controle-precis-de-la-performance-par-modulation\/\" \/>\n<meta property=\"og:site_name\" content=\"AGronomic IQ\" \/>\n<meta property=\"article:modified_time\" content=\"2024-10-17T18:06:53+00:00\" \/>\n<meta property=\"og:image\" content=\"https:\/\/agronomiciq.com\/wp-content\/uploads\/2021\/12\/agiq-10-reasons-8b-low.gif\" \/>\n\t<meta property=\"og:image:width\" content=\"640\" \/>\n\t<meta property=\"og:image:height\" content=\"360\" \/>\n\t<meta property=\"og:image:type\" content=\"image\/gif\" \/>\n<meta name=\"twitter:card\" content=\"summary_large_image\" \/>\n<meta name=\"twitter:label1\" content=\"Dur\u00e9e de lecture estim\u00e9e\" \/>\n\t<meta name=\"twitter:data1\" content=\"2 minutes\" \/>\n<script type=\"application\/ld+json\" class=\"yoast-schema-graph\">{\"@context\":\"https:\/\/schema.org\",\"@graph\":[{\"@type\":\"WebPage\",\"@id\":\"https:\/\/agronomiciq.com\/fr\/raison-8-controle-precis-de-la-performance-par-modulation\/\",\"url\":\"https:\/\/agronomiciq.com\/fr\/raison-8-controle-precis-de-la-performance-par-modulation\/\",\"name\":\"Raison #8 : Contr\u00f4le pr\u00e9cis de la performance par modulation &#8211; AGronomic IQ\",\"isPartOf\":{\"@id\":\"https:\/\/agronomiciq.com\/fr\/#website\"},\"primaryImageOfPage\":{\"@id\":\"https:\/\/agronomiciq.com\/fr\/raison-8-controle-precis-de-la-performance-par-modulation\/#primaryimage\"},\"image\":{\"@id\":\"https:\/\/agronomiciq.com\/fr\/raison-8-controle-precis-de-la-performance-par-modulation\/#primaryimage\"},\"thumbnailUrl\":\"https:\/\/agronomiciq.com\/wp-content\/uploads\/2021\/12\/agiq-10-reasons-8b-low.gif\",\"datePublished\":\"2021-03-18T17:14:42+00:00\",\"dateModified\":\"2024-10-17T18:06:53+00:00\",\"inLanguage\":\"fr-FR\",\"potentialAction\":[{\"@type\":\"ReadAction\",\"target\":[\"https:\/\/agronomiciq.com\/fr\/raison-8-controle-precis-de-la-performance-par-modulation\/\"]}]},{\"@type\":\"ImageObject\",\"inLanguage\":\"fr-FR\",\"@id\":\"https:\/\/agronomiciq.com\/fr\/raison-8-controle-precis-de-la-performance-par-modulation\/#primaryimage\",\"url\":\"https:\/\/agronomiciq.com\/wp-content\/uploads\/2021\/12\/agiq-10-reasons-8b-low.gif\",\"contentUrl\":\"https:\/\/agronomiciq.com\/wp-content\/uploads\/2021\/12\/agiq-10-reasons-8b-low.gif\"},{\"@type\":\"WebSite\",\"@id\":\"https:\/\/agronomiciq.com\/fr\/#website\",\"url\":\"https:\/\/agronomiciq.com\/fr\/\",\"name\":\"AGronomic IQ\",\"description\":\"Smart HVAC for Growth\",\"publisher\":{\"@id\":\"https:\/\/agronomiciq.com\/fr\/#organization\"},\"potentialAction\":[{\"@type\":\"SearchAction\",\"target\":{\"@type\":\"EntryPoint\",\"urlTemplate\":\"https:\/\/agronomiciq.com\/fr\/?s={search_term_string}\"},\"query-input\":{\"@type\":\"PropertyValueSpecification\",\"valueRequired\":true,\"valueName\":\"search_term_string\"}}],\"inLanguage\":\"fr-FR\"},{\"@type\":\"Organization\",\"@id\":\"https:\/\/agronomiciq.com\/fr\/#organization\",\"name\":\"AGronomic IQ\",\"url\":\"https:\/\/agronomiciq.com\/fr\/\",\"logo\":{\"@type\":\"ImageObject\",\"inLanguage\":\"fr-FR\",\"@id\":\"https:\/\/agronomiciq.com\/fr\/#\/schema\/logo\/image\/\",\"url\":\"https:\/\/agronomiciq.com\/wp-content\/uploads\/2022\/05\/agiq-logo-sm.png\",\"contentUrl\":\"https:\/\/agronomiciq.com\/wp-content\/uploads\/2022\/05\/agiq-logo-sm.png\",\"width\":800,\"height\":169,\"caption\":\"AGronomic IQ\"},\"image\":{\"@id\":\"https:\/\/agronomiciq.com\/fr\/#\/schema\/logo\/image\/\"},\"sameAs\":[\"https:\/\/www.linkedin.com\/company\/agronomic-iq\/\",\"https:\/\/www.youtube.com\/channel\/UC_aE0qmeFqR6yVgiEczVhaA\"]}]}<\/script>\n<!-- \/ Yoast SEO Premium plugin. -->","yoast_head_json":{"title":"Raison #8 : Contr\u00f4le pr\u00e9cis de la performance par modulation &#8211; AGronomic IQ","robots":{"index":"index","follow":"follow","max-snippet":"max-snippet:-1","max-image-preview":"max-image-preview:large","max-video-preview":"max-video-preview:-1"},"canonical":"https:\/\/agronomiciq.com\/fr\/raison-8-controle-precis-de-la-performance-par-modulation\/","og_locale":"fr_FR","og_type":"article","og_title":"Raison #8 : Contr\u00f4le pr\u00e9cis de la performance par modulation","og_description":"La huiti\u00e8me raison est notre contr\u00f4le pr\u00e9cis de la modulation de la chaleur. Chaque unit\u00e9 que nous livrons est \u00e9quip\u00e9e d'un serpentin de modulation de la","og_url":"https:\/\/agronomiciq.com\/fr\/raison-8-controle-precis-de-la-performance-par-modulation\/","og_site_name":"AGronomic IQ","article_modified_time":"2024-10-17T18:06:53+00:00","og_image":[{"width":640,"height":360,"url":"https:\/\/agronomiciq.com\/wp-content\/uploads\/2021\/12\/agiq-10-reasons-8b-low.gif","type":"image\/gif"}],"twitter_card":"summary_large_image","twitter_misc":{"Dur\u00e9e de lecture estim\u00e9e":"2 minutes"},"schema":{"@context":"https:\/\/schema.org","@graph":[{"@type":"WebPage","@id":"https:\/\/agronomiciq.com\/fr\/raison-8-controle-precis-de-la-performance-par-modulation\/","url":"https:\/\/agronomiciq.com\/fr\/raison-8-controle-precis-de-la-performance-par-modulation\/","name":"Raison #8 : Contr\u00f4le pr\u00e9cis de la performance par modulation &#8211; AGronomic IQ","isPartOf":{"@id":"https:\/\/agronomiciq.com\/fr\/#website"},"primaryImageOfPage":{"@id":"https:\/\/agronomiciq.com\/fr\/raison-8-controle-precis-de-la-performance-par-modulation\/#primaryimage"},"image":{"@id":"https:\/\/agronomiciq.com\/fr\/raison-8-controle-precis-de-la-performance-par-modulation\/#primaryimage"},"thumbnailUrl":"https:\/\/agronomiciq.com\/wp-content\/uploads\/2021\/12\/agiq-10-reasons-8b-low.gif","datePublished":"2021-03-18T17:14:42+00:00","dateModified":"2024-10-17T18:06:53+00:00","inLanguage":"fr-FR","potentialAction":[{"@type":"ReadAction","target":["https:\/\/agronomiciq.com\/fr\/raison-8-controle-precis-de-la-performance-par-modulation\/"]}]},{"@type":"ImageObject","inLanguage":"fr-FR","@id":"https:\/\/agronomiciq.com\/fr\/raison-8-controle-precis-de-la-performance-par-modulation\/#primaryimage","url":"https:\/\/agronomiciq.com\/wp-content\/uploads\/2021\/12\/agiq-10-reasons-8b-low.gif","contentUrl":"https:\/\/agronomiciq.com\/wp-content\/uploads\/2021\/12\/agiq-10-reasons-8b-low.gif"},{"@type":"WebSite","@id":"https:\/\/agronomiciq.com\/fr\/#website","url":"https:\/\/agronomiciq.com\/fr\/","name":"AGronomic IQ","description":"Smart HVAC for Growth","publisher":{"@id":"https:\/\/agronomiciq.com\/fr\/#organization"},"potentialAction":[{"@type":"SearchAction","target":{"@type":"EntryPoint","urlTemplate":"https:\/\/agronomiciq.com\/fr\/?s={search_term_string}"},"query-input":{"@type":"PropertyValueSpecification","valueRequired":true,"valueName":"search_term_string"}}],"inLanguage":"fr-FR"},{"@type":"Organization","@id":"https:\/\/agronomiciq.com\/fr\/#organization","name":"AGronomic IQ","url":"https:\/\/agronomiciq.com\/fr\/","logo":{"@type":"ImageObject","inLanguage":"fr-FR","@id":"https:\/\/agronomiciq.com\/fr\/#\/schema\/logo\/image\/","url":"https:\/\/agronomiciq.com\/wp-content\/uploads\/2022\/05\/agiq-logo-sm.png","contentUrl":"https:\/\/agronomiciq.com\/wp-content\/uploads\/2022\/05\/agiq-logo-sm.png","width":800,"height":169,"caption":"AGronomic IQ"},"image":{"@id":"https:\/\/agronomiciq.com\/fr\/#\/schema\/logo\/image\/"},"sameAs":["https:\/\/www.linkedin.com\/company\/agronomic-iq\/","https:\/\/www.youtube.com\/channel\/UC_aE0qmeFqR6yVgiEczVhaA"]}]}},"_links":{"self":[{"href":"https:\/\/agronomiciq.com\/fr\/wp-json\/wp\/v2\/pages\/8563","targetHints":{"allow":["GET"]}}],"collection":[{"href":"https:\/\/agronomiciq.com\/fr\/wp-json\/wp\/v2\/pages"}],"about":[{"href":"https:\/\/agronomiciq.com\/fr\/wp-json\/wp\/v2\/types\/page"}],"author":[{"embeddable":true,"href":"https:\/\/agronomiciq.com\/fr\/wp-json\/wp\/v2\/users\/1"}],"replies":[{"embeddable":true,"href":"https:\/\/agronomiciq.com\/fr\/wp-json\/wp\/v2\/comments?post=8563"}],"version-history":[{"count":1,"href":"https:\/\/agronomiciq.com\/fr\/wp-json\/wp\/v2\/pages\/8563\/revisions"}],"predecessor-version":[{"id":8565,"href":"https:\/\/agronomiciq.com\/fr\/wp-json\/wp\/v2\/pages\/8563\/revisions\/8565"}],"wp:attachment":[{"href":"https:\/\/agronomiciq.com\/fr\/wp-json\/wp\/v2\/media?parent=8563"}],"curies":[{"name":"wp","href":"https:\/\/api.w.org\/{rel}","templated":true}]}}