{"id":8560,"date":"2021-03-18T17:12:31","date_gmt":"2021-03-18T17:12:31","guid":{"rendered":"https:\/\/agronomiciq.com\/raison-n-2-rejet-de-la-chaleur-par-le-refroidisseur-a-sec\/"},"modified":"2024-10-17T18:06:53","modified_gmt":"2024-10-17T18:06:53","slug":"raison-n-2-rejet-de-la-chaleur-par-le-refroidisseur-a-sec","status":"publish","type":"page","link":"https:\/\/agronomiciq.com\/fr\/raison-n-2-rejet-de-la-chaleur-par-le-refroidisseur-a-sec\/","title":{"rendered":"Raison n\u00b0 2 : Rejet de la chaleur par le refroidisseur \u00e0 sec"},"content":{"rendered":"\t\t<div data-elementor-type=\"wp-page\" data-elementor-id=\"8560\" class=\"elementor elementor-8560 elementor-5570\" data-elementor-post-type=\"page\">\n\t\t\t\t\t\t<section class=\"elementor-section elementor-top-section elementor-element elementor-element-a5ba59d elementor-section-boxed elementor-section-height-default elementor-section-height-default\" data-id=\"a5ba59d\" data-element_type=\"section\" data-e-type=\"section\">\n\t\t\t\t\t\t<div class=\"elementor-container elementor-column-gap-no\">\n\t\t\t\t\t<div class=\"elementor-column elementor-col-100 elementor-top-column elementor-element elementor-element-be6be99\" data-id=\"be6be99\" data-element_type=\"column\" data-e-type=\"column\">\n\t\t\t<div class=\"elementor-widget-wrap elementor-element-populated\">\n\t\t\t\t\t\t<div class=\"elementor-element elementor-element-d6dfaf8 elementor-widget elementor-widget-spacer\" data-id=\"d6dfaf8\" data-element_type=\"widget\" data-e-type=\"widget\" data-widget_type=\"spacer.default\">\n\t\t\t\t<div class=\"elementor-widget-container\">\n\t\t\t\t\t\t\t<div class=\"elementor-spacer\">\n\t\t\t<div class=\"elementor-spacer-inner\"><\/div>\n\t\t<\/div>\n\t\t\t\t\t\t<\/div>\n\t\t\t\t<\/div>\n\t\t\t\t<section class=\"elementor-section elementor-inner-section elementor-element elementor-element-b075095 elementor-section-boxed elementor-section-height-default elementor-section-height-default\" data-id=\"b075095\" data-element_type=\"section\" data-e-type=\"section\">\n\t\t\t\t\t\t<div class=\"elementor-container elementor-column-gap-extended\">\n\t\t\t\t\t<div class=\"elementor-column elementor-col-50 elementor-inner-column elementor-element elementor-element-4e1d308\" data-id=\"4e1d308\" data-element_type=\"column\" data-e-type=\"column\">\n\t\t\t<div class=\"elementor-widget-wrap elementor-element-populated\">\n\t\t\t\t\t\t<div class=\"elementor-element elementor-element-f4ac54c elementor-widget elementor-widget-image\" data-id=\"f4ac54c\" data-element_type=\"widget\" data-e-type=\"widget\" data-widget_type=\"image.default\">\n\t\t\t\t<div class=\"elementor-widget-container\">\n\t\t\t\t\t\t\t\t\t\t\t\t\t\t\t\t<a href=\"https:\/\/agronomiciq.com\/top-10-reasons\/#reason2\">\n\t\t\t\t\t\t\t<img fetchpriority=\"high\" decoding=\"async\" width=\"640\" height=\"360\" src=\"https:\/\/agronomiciq.com\/wp-content\/uploads\/2021\/12\/agiq-10-reasons-2-low.gif\" class=\"attachment-large size-large wp-image-8417\" alt=\"\" \/>\t\t\t\t\t\t\t\t<\/a>\n\t\t\t\t\t\t\t\t\t\t\t\t\t\t\t<\/div>\n\t\t\t\t<\/div>\n\t\t\t\t\t<\/div>\n\t\t<\/div>\n\t\t\t\t<div class=\"elementor-column elementor-col-50 elementor-inner-column elementor-element elementor-element-4938ff6\" data-id=\"4938ff6\" data-element_type=\"column\" data-e-type=\"column\">\n\t\t\t<div class=\"elementor-widget-wrap elementor-element-populated\">\n\t\t\t\t\t\t<div class=\"elementor-element elementor-element-4cd8d8b elementor-widget elementor-widget-text-editor\" data-id=\"4cd8d8b\" data-element_type=\"widget\" data-e-type=\"widget\" data-widget_type=\"text-editor.default\">\n\t\t\t\t<div class=\"elementor-widget-container\">\n\t\t\t\t\t\t\t\t\t<p>La deuxi\u00e8me raison pour laquelle les producteurs intelligents choisissent Agronomic IQ est notre syst\u00e8me de rejet de la chaleur s\u00e8che et froide. Tous nos syst\u00e8mes sont refroidis \u00e0 l&rsquo;eau ou au glycol, et nous livrons l&rsquo;\u00e9quipement soit avec un refroidisseur sec emball\u00e9, soit avec un refroidisseur sec divis\u00e9 qui comprend une pompe fournie par nous ou qui est \u00e9quip\u00e9 pour s&rsquo;interfacer avec un syst\u00e8me de tour de refroidissement en boucle de b\u00e2timent. Nous le faisons pour de tr\u00e8s bonnes raisons, notamment parce que cela permet de r\u00e9duire consid\u00e9rablement la quantit\u00e9 de r\u00e9frig\u00e9rant dans un syst\u00e8me. Cela nous permet de fournir un syst\u00e8me de r\u00e9frig\u00e9ration scell\u00e9 en usine.    &nbsp;<\/p>\n<p>Chaque fois que vous n&rsquo;avez pas d&rsquo;entrepreneur sur place pour effectuer des travaux sur le r\u00e9frig\u00e9rant, il n&rsquo;y a pas de travail \u00e0 chaud, ni de permis de travail \u00e0 chaud. Cela r\u00e9duit consid\u00e9rablement la quantit\u00e9 de r\u00e9frig\u00e9rant dans un syst\u00e8me, ce qui signifie que l&rsquo;entretien futur est moins co\u00fbteux. Il y a moins de responsabilit\u00e9 en termes de transition de r\u00e9frig\u00e9rant au cours des 15 ou 20 prochaines ann\u00e9es pendant lesquelles l&rsquo;\u00e9quipement restera sur votre toit.  <\/p>\n<p>Cela signifie \u00e9galement que nos syst\u00e8mes sont enti\u00e8rement isol\u00e9s des conditions ambiantes ext\u00e9rieures. Cela signifie qu&rsquo;il n&rsquo;y a pas besoin de contr\u00f4le des basses temp\u00e9ratures ambiantes. Il n&rsquo;y a pas de risque qu&rsquo;un compresseur ou une unit\u00e9 de condensation soit imbib\u00e9 de froid et ait des probl\u00e8mes de basse pression, comme c&rsquo;est g\u00e9n\u00e9ralement le cas avec un syst\u00e8me DCS split ou avec un condenseur ou un syst\u00e8me bas\u00e9 sur une unit\u00e9 de condensation.  &nbsp;<\/p>\n<p>Cela signifie que ce syst\u00e8me est v\u00e9ritablement con\u00e7u pour fonctionner le plus efficacement possible tout au long de l&rsquo;ann\u00e9e, quel que soit l&rsquo;environnement dans lequel vous le placez, qu&rsquo;il s&rsquo;agisse d&rsquo;une interface avec une tour de refroidissement en circuit ferm\u00e9 dans les d\u00e9serts de l&rsquo;Arizona, ou qu&rsquo;il s&rsquo;agisse de faire face \u00e0 des conditions de -40 degr\u00e9s dans une ville d&rsquo;Edmonton con\u00e7ue pour n&rsquo;importe quelle condition ext\u00e9rieure. Et la boucle s\u00e8che et plus froide est absolument la voie \u00e0 suivre dans ce cas. <\/p>\n\t\t\t\t\t\t\t\t<\/div>\n\t\t\t\t<\/div>\n\t\t\t\t<div class=\"elementor-element elementor-element-02b1bbb back elementor-widget elementor-widget-text-editor\" data-id=\"02b1bbb\" data-element_type=\"widget\" data-e-type=\"widget\" data-widget_type=\"text-editor.default\">\n\t\t\t\t<div class=\"elementor-widget-container\">\n\t\t\t\t\t\t\t\t\t<p><a href=\"https:\/\/agronomiciq.com\/top-10-reasons\/#reason2\">retour \u00e0 la vid\u00e9o<\/a><\/p>\n\t\t\t\t\t\t\t\t<\/div>\n\t\t\t\t<\/div>\n\t\t\t\t\t<\/div>\n\t\t<\/div>\n\t\t\t\t\t<\/div>\n\t\t<\/section>\n\t\t\t\t<div class=\"elementor-element elementor-element-8f65db6 elementor-widget elementor-widget-spacer\" data-id=\"8f65db6\" data-element_type=\"widget\" data-e-type=\"widget\" data-widget_type=\"spacer.default\">\n\t\t\t\t<div class=\"elementor-widget-container\">\n\t\t\t\t\t\t\t<div class=\"elementor-spacer\">\n\t\t\t<div class=\"elementor-spacer-inner\"><\/div>\n\t\t<\/div>\n\t\t\t\t\t\t<\/div>\n\t\t\t\t<\/div>\n\t\t\t\t\t<\/div>\n\t\t<\/div>\n\t\t\t\t\t<\/div>\n\t\t<\/section>\n\t\t\t\t<\/div>\n\t\t","protected":false},"excerpt":{"rendered":"<p>La deuxi\u00e8me raison pour laquelle les producteurs intelligents choisissent Agronomic IQ est notre syst\u00e8me de rejet de la chaleur s\u00e8che et froide. Tous nos syst\u00e8mes sont refroidis \u00e0 l&rsquo;eau ou au glycol, et nous livrons l&rsquo;\u00e9quipement soit avec un refroidisseur sec emball\u00e9, soit avec un refroidisseur sec divis\u00e9 qui comprend une pompe fournie par nous &#8230; <a title=\"Raison n\u00b0 2 : Rejet de la chaleur par le refroidisseur \u00e0 sec\" class=\"read-more\" href=\"https:\/\/agronomiciq.com\/fr\/raison-n-2-rejet-de-la-chaleur-par-le-refroidisseur-a-sec\/\" aria-label=\"En savoir plus sur Raison n\u00b0 2 : Rejet de la chaleur par le refroidisseur \u00e0 sec\">Lire plus<\/a><\/p>\n","protected":false},"author":1,"featured_media":0,"parent":0,"menu_order":0,"comment_status":"closed","ping_status":"closed","template":"elementor_header_footer","meta":{"footnotes":""},"class_list":["post-8560","page","type-page","status-publish"],"yoast_head":"<!-- This site is optimized with the Yoast SEO Premium plugin v27.4 (Yoast SEO v27.4) - https:\/\/yoast.com\/product\/yoast-seo-premium-wordpress\/ -->\n<title>Raison n\u00b0 2 : Rejet de la chaleur par le refroidisseur \u00e0 sec &#8211; AGronomic IQ<\/title>\n<meta name=\"robots\" content=\"index, follow, max-snippet:-1, max-image-preview:large, max-video-preview:-1\" \/>\n<link rel=\"canonical\" href=\"https:\/\/agronomiciq.com\/fr\/raison-n-2-rejet-de-la-chaleur-par-le-refroidisseur-a-sec\/\" \/>\n<meta property=\"og:locale\" content=\"fr_FR\" \/>\n<meta property=\"og:type\" content=\"article\" \/>\n<meta property=\"og:title\" content=\"Raison n\u00b0 2 : Rejet de la chaleur par le refroidisseur \u00e0 sec\" \/>\n<meta property=\"og:description\" content=\"La deuxi\u00e8me raison pour laquelle les producteurs intelligents choisissent Agronomic IQ est notre syst\u00e8me de rejet de la chaleur s\u00e8che et froide. Tous nos\" \/>\n<meta property=\"og:url\" content=\"https:\/\/agronomiciq.com\/fr\/raison-n-2-rejet-de-la-chaleur-par-le-refroidisseur-a-sec\/\" \/>\n<meta property=\"og:site_name\" content=\"AGronomic IQ\" \/>\n<meta property=\"article:modified_time\" content=\"2024-10-17T18:06:53+00:00\" \/>\n<meta property=\"og:image\" content=\"https:\/\/agronomiciq.com\/wp-content\/uploads\/2021\/12\/agiq-10-reasons-2-low.gif\" \/>\n\t<meta property=\"og:image:width\" content=\"640\" \/>\n\t<meta property=\"og:image:height\" content=\"360\" \/>\n\t<meta property=\"og:image:type\" content=\"image\/gif\" \/>\n<meta name=\"twitter:card\" content=\"summary_large_image\" \/>\n<meta name=\"twitter:label1\" content=\"Dur\u00e9e de lecture estim\u00e9e\" \/>\n\t<meta name=\"twitter:data1\" content=\"2 minutes\" \/>\n<script type=\"application\/ld+json\" class=\"yoast-schema-graph\">{\"@context\":\"https:\\\/\\\/schema.org\",\"@graph\":[{\"@type\":\"WebPage\",\"@id\":\"https:\\\/\\\/agronomiciq.com\\\/fr\\\/raison-n-2-rejet-de-la-chaleur-par-le-refroidisseur-a-sec\\\/\",\"url\":\"https:\\\/\\\/agronomiciq.com\\\/fr\\\/raison-n-2-rejet-de-la-chaleur-par-le-refroidisseur-a-sec\\\/\",\"name\":\"Raison n\u00b0 2 : Rejet de la chaleur par le refroidisseur \u00e0 sec &#8211; AGronomic IQ\",\"isPartOf\":{\"@id\":\"https:\\\/\\\/agronomiciq.com\\\/fr\\\/#website\"},\"primaryImageOfPage\":{\"@id\":\"https:\\\/\\\/agronomiciq.com\\\/fr\\\/raison-n-2-rejet-de-la-chaleur-par-le-refroidisseur-a-sec\\\/#primaryimage\"},\"image\":{\"@id\":\"https:\\\/\\\/agronomiciq.com\\\/fr\\\/raison-n-2-rejet-de-la-chaleur-par-le-refroidisseur-a-sec\\\/#primaryimage\"},\"thumbnailUrl\":\"https:\\\/\\\/agronomiciq.com\\\/wp-content\\\/uploads\\\/2021\\\/12\\\/agiq-10-reasons-2-low.gif\",\"datePublished\":\"2021-03-18T17:12:31+00:00\",\"dateModified\":\"2024-10-17T18:06:53+00:00\",\"inLanguage\":\"fr-FR\",\"potentialAction\":[{\"@type\":\"ReadAction\",\"target\":[\"https:\\\/\\\/agronomiciq.com\\\/fr\\\/raison-n-2-rejet-de-la-chaleur-par-le-refroidisseur-a-sec\\\/\"]}]},{\"@type\":\"ImageObject\",\"inLanguage\":\"fr-FR\",\"@id\":\"https:\\\/\\\/agronomiciq.com\\\/fr\\\/raison-n-2-rejet-de-la-chaleur-par-le-refroidisseur-a-sec\\\/#primaryimage\",\"url\":\"https:\\\/\\\/agronomiciq.com\\\/wp-content\\\/uploads\\\/2021\\\/12\\\/agiq-10-reasons-2-low.gif\",\"contentUrl\":\"https:\\\/\\\/agronomiciq.com\\\/wp-content\\\/uploads\\\/2021\\\/12\\\/agiq-10-reasons-2-low.gif\"},{\"@type\":\"WebSite\",\"@id\":\"https:\\\/\\\/agronomiciq.com\\\/fr\\\/#website\",\"url\":\"https:\\\/\\\/agronomiciq.com\\\/fr\\\/\",\"name\":\"AGronomic IQ\",\"description\":\"Smart HVAC for Growth\",\"publisher\":{\"@id\":\"https:\\\/\\\/agronomiciq.com\\\/fr\\\/#organization\"},\"potentialAction\":[{\"@type\":\"SearchAction\",\"target\":{\"@type\":\"EntryPoint\",\"urlTemplate\":\"https:\\\/\\\/agronomiciq.com\\\/fr\\\/?s={search_term_string}\"},\"query-input\":{\"@type\":\"PropertyValueSpecification\",\"valueRequired\":true,\"valueName\":\"search_term_string\"}}],\"inLanguage\":\"fr-FR\"},{\"@type\":\"Organization\",\"@id\":\"https:\\\/\\\/agronomiciq.com\\\/fr\\\/#organization\",\"name\":\"AGronomic IQ\",\"url\":\"https:\\\/\\\/agronomiciq.com\\\/fr\\\/\",\"logo\":{\"@type\":\"ImageObject\",\"inLanguage\":\"fr-FR\",\"@id\":\"https:\\\/\\\/agronomiciq.com\\\/fr\\\/#\\\/schema\\\/logo\\\/image\\\/\",\"url\":\"https:\\\/\\\/agronomiciq.com\\\/wp-content\\\/uploads\\\/2022\\\/05\\\/agiq-logo-sm.png\",\"contentUrl\":\"https:\\\/\\\/agronomiciq.com\\\/wp-content\\\/uploads\\\/2022\\\/05\\\/agiq-logo-sm.png\",\"width\":800,\"height\":169,\"caption\":\"AGronomic IQ\"},\"image\":{\"@id\":\"https:\\\/\\\/agronomiciq.com\\\/fr\\\/#\\\/schema\\\/logo\\\/image\\\/\"},\"sameAs\":[\"https:\\\/\\\/www.linkedin.com\\\/company\\\/agronomic-iq\\\/\",\"https:\\\/\\\/www.youtube.com\\\/channel\\\/UC_aE0qmeFqR6yVgiEczVhaA\"]}]}<\/script>\n<!-- \/ Yoast SEO Premium plugin. -->","yoast_head_json":{"title":"Raison n\u00b0 2 : Rejet de la chaleur par le refroidisseur \u00e0 sec &#8211; AGronomic IQ","robots":{"index":"index","follow":"follow","max-snippet":"max-snippet:-1","max-image-preview":"max-image-preview:large","max-video-preview":"max-video-preview:-1"},"canonical":"https:\/\/agronomiciq.com\/fr\/raison-n-2-rejet-de-la-chaleur-par-le-refroidisseur-a-sec\/","og_locale":"fr_FR","og_type":"article","og_title":"Raison n\u00b0 2 : Rejet de la chaleur par le refroidisseur \u00e0 sec","og_description":"La deuxi\u00e8me raison pour laquelle les producteurs intelligents choisissent Agronomic IQ est notre syst\u00e8me de rejet de la chaleur s\u00e8che et froide. Tous nos","og_url":"https:\/\/agronomiciq.com\/fr\/raison-n-2-rejet-de-la-chaleur-par-le-refroidisseur-a-sec\/","og_site_name":"AGronomic IQ","article_modified_time":"2024-10-17T18:06:53+00:00","og_image":[{"width":640,"height":360,"url":"https:\/\/agronomiciq.com\/wp-content\/uploads\/2021\/12\/agiq-10-reasons-2-low.gif","type":"image\/gif"}],"twitter_card":"summary_large_image","twitter_misc":{"Dur\u00e9e de lecture estim\u00e9e":"2 minutes"},"schema":{"@context":"https:\/\/schema.org","@graph":[{"@type":"WebPage","@id":"https:\/\/agronomiciq.com\/fr\/raison-n-2-rejet-de-la-chaleur-par-le-refroidisseur-a-sec\/","url":"https:\/\/agronomiciq.com\/fr\/raison-n-2-rejet-de-la-chaleur-par-le-refroidisseur-a-sec\/","name":"Raison n\u00b0 2 : Rejet de la chaleur par le refroidisseur \u00e0 sec &#8211; AGronomic IQ","isPartOf":{"@id":"https:\/\/agronomiciq.com\/fr\/#website"},"primaryImageOfPage":{"@id":"https:\/\/agronomiciq.com\/fr\/raison-n-2-rejet-de-la-chaleur-par-le-refroidisseur-a-sec\/#primaryimage"},"image":{"@id":"https:\/\/agronomiciq.com\/fr\/raison-n-2-rejet-de-la-chaleur-par-le-refroidisseur-a-sec\/#primaryimage"},"thumbnailUrl":"https:\/\/agronomiciq.com\/wp-content\/uploads\/2021\/12\/agiq-10-reasons-2-low.gif","datePublished":"2021-03-18T17:12:31+00:00","dateModified":"2024-10-17T18:06:53+00:00","inLanguage":"fr-FR","potentialAction":[{"@type":"ReadAction","target":["https:\/\/agronomiciq.com\/fr\/raison-n-2-rejet-de-la-chaleur-par-le-refroidisseur-a-sec\/"]}]},{"@type":"ImageObject","inLanguage":"fr-FR","@id":"https:\/\/agronomiciq.com\/fr\/raison-n-2-rejet-de-la-chaleur-par-le-refroidisseur-a-sec\/#primaryimage","url":"https:\/\/agronomiciq.com\/wp-content\/uploads\/2021\/12\/agiq-10-reasons-2-low.gif","contentUrl":"https:\/\/agronomiciq.com\/wp-content\/uploads\/2021\/12\/agiq-10-reasons-2-low.gif"},{"@type":"WebSite","@id":"https:\/\/agronomiciq.com\/fr\/#website","url":"https:\/\/agronomiciq.com\/fr\/","name":"AGronomic IQ","description":"Smart HVAC for Growth","publisher":{"@id":"https:\/\/agronomiciq.com\/fr\/#organization"},"potentialAction":[{"@type":"SearchAction","target":{"@type":"EntryPoint","urlTemplate":"https:\/\/agronomiciq.com\/fr\/?s={search_term_string}"},"query-input":{"@type":"PropertyValueSpecification","valueRequired":true,"valueName":"search_term_string"}}],"inLanguage":"fr-FR"},{"@type":"Organization","@id":"https:\/\/agronomiciq.com\/fr\/#organization","name":"AGronomic IQ","url":"https:\/\/agronomiciq.com\/fr\/","logo":{"@type":"ImageObject","inLanguage":"fr-FR","@id":"https:\/\/agronomiciq.com\/fr\/#\/schema\/logo\/image\/","url":"https:\/\/agronomiciq.com\/wp-content\/uploads\/2022\/05\/agiq-logo-sm.png","contentUrl":"https:\/\/agronomiciq.com\/wp-content\/uploads\/2022\/05\/agiq-logo-sm.png","width":800,"height":169,"caption":"AGronomic IQ"},"image":{"@id":"https:\/\/agronomiciq.com\/fr\/#\/schema\/logo\/image\/"},"sameAs":["https:\/\/www.linkedin.com\/company\/agronomic-iq\/","https:\/\/www.youtube.com\/channel\/UC_aE0qmeFqR6yVgiEczVhaA"]}]}},"_links":{"self":[{"href":"https:\/\/agronomiciq.com\/fr\/wp-json\/wp\/v2\/pages\/8560","targetHints":{"allow":["GET"]}}],"collection":[{"href":"https:\/\/agronomiciq.com\/fr\/wp-json\/wp\/v2\/pages"}],"about":[{"href":"https:\/\/agronomiciq.com\/fr\/wp-json\/wp\/v2\/types\/page"}],"author":[{"embeddable":true,"href":"https:\/\/agronomiciq.com\/fr\/wp-json\/wp\/v2\/users\/1"}],"replies":[{"embeddable":true,"href":"https:\/\/agronomiciq.com\/fr\/wp-json\/wp\/v2\/comments?post=8560"}],"version-history":[{"count":1,"href":"https:\/\/agronomiciq.com\/fr\/wp-json\/wp\/v2\/pages\/8560\/revisions"}],"predecessor-version":[{"id":8562,"href":"https:\/\/agronomiciq.com\/fr\/wp-json\/wp\/v2\/pages\/8560\/revisions\/8562"}],"wp:attachment":[{"href":"https:\/\/agronomiciq.com\/fr\/wp-json\/wp\/v2\/media?parent=8560"}],"curies":[{"name":"wp","href":"https:\/\/api.w.org\/{rel}","templated":true}]}}