{"id":8559,"date":"2021-03-18T17:14:22","date_gmt":"2021-03-18T17:14:22","guid":{"rendered":"https:\/\/agronomiciq.com\/raison-n-7-surveillance-de-linternet-et-controle-a-distance\/"},"modified":"2024-10-17T18:06:53","modified_gmt":"2024-10-17T18:06:53","slug":"raison-n-7-surveillance-de-linternet-et-controle-a-distance","status":"publish","type":"page","link":"https:\/\/agronomiciq.com\/fr\/raison-n-7-surveillance-de-linternet-et-controle-a-distance\/","title":{"rendered":"Raison n\u00b0 7 : Surveillance de l&rsquo;Internet et contr\u00f4le \u00e0 distance"},"content":{"rendered":"\t\t<div data-elementor-type=\"wp-page\" data-elementor-id=\"8559\" class=\"elementor elementor-8559 elementor-5580\" data-elementor-post-type=\"page\">\n\t\t\t\t\t\t<section class=\"elementor-section elementor-top-section elementor-element elementor-element-a5ba59d elementor-section-boxed elementor-section-height-default elementor-section-height-default\" data-id=\"a5ba59d\" data-element_type=\"section\" data-e-type=\"section\">\n\t\t\t\t\t\t<div class=\"elementor-container elementor-column-gap-no\">\n\t\t\t\t\t<div class=\"elementor-column elementor-col-100 elementor-top-column elementor-element elementor-element-be6be99\" data-id=\"be6be99\" data-element_type=\"column\" data-e-type=\"column\">\n\t\t\t<div class=\"elementor-widget-wrap elementor-element-populated\">\n\t\t\t\t\t\t<div class=\"elementor-element elementor-element-d6dfaf8 elementor-widget elementor-widget-spacer\" data-id=\"d6dfaf8\" data-element_type=\"widget\" data-e-type=\"widget\" data-widget_type=\"spacer.default\">\n\t\t\t\t<div class=\"elementor-widget-container\">\n\t\t\t\t\t\t\t<div class=\"elementor-spacer\">\n\t\t\t<div class=\"elementor-spacer-inner\"><\/div>\n\t\t<\/div>\n\t\t\t\t\t\t<\/div>\n\t\t\t\t<\/div>\n\t\t\t\t<section class=\"elementor-section elementor-inner-section elementor-element elementor-element-b075095 elementor-section-boxed elementor-section-height-default elementor-section-height-default\" data-id=\"b075095\" data-element_type=\"section\" data-e-type=\"section\">\n\t\t\t\t\t\t<div class=\"elementor-container elementor-column-gap-extended\">\n\t\t\t\t\t<div class=\"elementor-column elementor-col-50 elementor-inner-column elementor-element elementor-element-4e1d308\" data-id=\"4e1d308\" data-element_type=\"column\" data-e-type=\"column\">\n\t\t\t<div class=\"elementor-widget-wrap elementor-element-populated\">\n\t\t\t\t\t\t<div class=\"elementor-element elementor-element-f4ac54c elementor-widget elementor-widget-image\" data-id=\"f4ac54c\" data-element_type=\"widget\" data-e-type=\"widget\" data-widget_type=\"image.default\">\n\t\t\t\t<div class=\"elementor-widget-container\">\n\t\t\t\t\t\t\t\t\t\t\t\t\t\t\t\t<a href=\"https:\/\/agronomiciq.com\/top-10-reasons\/#reason7\">\n\t\t\t\t\t\t\t<img fetchpriority=\"high\" decoding=\"async\" width=\"640\" height=\"360\" src=\"https:\/\/agronomiciq.com\/wp-content\/uploads\/2021\/12\/agiq-10-reasons-7-low.gif\" class=\"attachment-large size-large wp-image-8422\" alt=\"\" \/>\t\t\t\t\t\t\t\t<\/a>\n\t\t\t\t\t\t\t\t\t\t\t\t\t\t\t<\/div>\n\t\t\t\t<\/div>\n\t\t\t\t\t<\/div>\n\t\t<\/div>\n\t\t\t\t<div class=\"elementor-column elementor-col-50 elementor-inner-column elementor-element elementor-element-4938ff6\" data-id=\"4938ff6\" data-element_type=\"column\" data-e-type=\"column\">\n\t\t\t<div class=\"elementor-widget-wrap elementor-element-populated\">\n\t\t\t\t\t\t<div class=\"elementor-element elementor-element-4cd8d8b elementor-widget elementor-widget-text-editor\" data-id=\"4cd8d8b\" data-element_type=\"widget\" data-e-type=\"widget\" data-widget_type=\"text-editor.default\">\n\t\t\t\t<div class=\"elementor-widget-container\">\n\t\t\t\t\t\t\t\t\t<p>La septi\u00e8me raison est notre surveillance par Internet et nos options de contr\u00f4le \u00e0 distance. Chaque unit\u00e9 livr\u00e9e est \u00e9quip\u00e9e de ce que l&rsquo;on appelle le gross century, une plateforme propri\u00e9taire qui permet \u00e0 notre \u00e9quipe de service form\u00e9e en usine de surveiller les performances de votre unit\u00e9 et d&rsquo;aider \u00e0 la diagnostiquer \u00e0 distance. <\/p>\n<p>Nous avons parl\u00e9 de notre offre de services et de la cinqui\u00e8me raison, mais une grande partie de ce qu&rsquo;ils font est de pouvoir se connecter \u00e0 distance \u00e0 l&rsquo;\u00e9quipement. R\u00e9gler cet \u00e9quipement. Veillez \u00e0 ce qu&rsquo;il fonctionne aussi parfaitement que possible pour contr\u00f4ler la pi\u00e8ce.  <\/p>\n<p>Chaque pi\u00e8ce est diff\u00e9rente et n\u00e9cessite un r\u00e9glage pr\u00e9cis. Et plus vite nous proc\u00e9dons \u00e0 ces r\u00e9glages, plus vite vous pourrez constater l&rsquo;augmentation de rendement que vous attendez de notre \u00e9quipement, et le fait de pouvoir se connecter \u00e0 l&rsquo;\u00e9quipement \u00e0 distance nous aide \u00e0 le faire de mani\u00e8re beaucoup plus efficace. <\/p>\n<p>Cela signifie \u00e9galement que si vous rencontrez un probl\u00e8me m\u00e9canique avec l&rsquo;\u00e9quipement, nous pouvons nous connecter et diagnostiquer 90 % des probl\u00e8mes \u00e0 distance, ce qui signifie que lorsque votre technicien de maintenance arrive sur place, il sait exactement ce qu&rsquo;il doit r\u00e9parer ou il est en mesure de r\u00e9duire consid\u00e9rablement son temps de service. C&rsquo;est en partie pour cette raison que nous offrons ce service gratuitement. Nous sommes en mesure d&rsquo;\u00e9conomiser de l&rsquo;argent sur la garantie et de remettre vos appareils en service plus rapidement. Nous \u00e9conomisons suffisamment d&rsquo;argent pour pouvoir vous proposer ce service gratuitement.   <\/p>\n<p>Il vous suffit de disposer d&rsquo;un c\u00e2ble Ethernet dans chaque unit\u00e9 pour vous connecter, et c&rsquo;est tout. C&rsquo;est une \u00e9vidence absolue et c&rsquo;est obligatoire sur tous nos \u00e9quipements. Il vous est fourni gratuitement et c&rsquo;est vraiment une caract\u00e9ristique qui change la donne sur ce march\u00e9.  <\/p>\n\t\t\t\t\t\t\t\t<\/div>\n\t\t\t\t<\/div>\n\t\t\t\t<div class=\"elementor-element elementor-element-02b1bbb back elementor-widget elementor-widget-text-editor\" data-id=\"02b1bbb\" data-element_type=\"widget\" data-e-type=\"widget\" data-widget_type=\"text-editor.default\">\n\t\t\t\t<div class=\"elementor-widget-container\">\n\t\t\t\t\t\t\t\t\t<p><a href=\"https:\/\/agronomiciq.com\/top-10-reasons\/#reason7\">retour \u00e0 la vid\u00e9o<\/a><\/p>\n\t\t\t\t\t\t\t\t<\/div>\n\t\t\t\t<\/div>\n\t\t\t\t\t<\/div>\n\t\t<\/div>\n\t\t\t\t\t<\/div>\n\t\t<\/section>\n\t\t\t\t<div class=\"elementor-element elementor-element-8f65db6 elementor-widget elementor-widget-spacer\" data-id=\"8f65db6\" data-element_type=\"widget\" data-e-type=\"widget\" data-widget_type=\"spacer.default\">\n\t\t\t\t<div class=\"elementor-widget-container\">\n\t\t\t\t\t\t\t<div class=\"elementor-spacer\">\n\t\t\t<div class=\"elementor-spacer-inner\"><\/div>\n\t\t<\/div>\n\t\t\t\t\t\t<\/div>\n\t\t\t\t<\/div>\n\t\t\t\t\t<\/div>\n\t\t<\/div>\n\t\t\t\t\t<\/div>\n\t\t<\/section>\n\t\t\t\t<\/div>\n\t\t","protected":false},"excerpt":{"rendered":"<p>La septi\u00e8me raison est notre surveillance par Internet et nos options de contr\u00f4le \u00e0 distance. Chaque unit\u00e9 livr\u00e9e est \u00e9quip\u00e9e de ce que l&rsquo;on appelle le gross century, une plateforme propri\u00e9taire qui permet \u00e0 notre \u00e9quipe de service form\u00e9e en usine de surveiller les performances de votre unit\u00e9 et d&rsquo;aider \u00e0 la diagnostiquer \u00e0 distance. &#8230; <a title=\"Raison n\u00b0 7 : Surveillance de l&rsquo;Internet et contr\u00f4le \u00e0 distance\" class=\"read-more\" href=\"https:\/\/agronomiciq.com\/fr\/raison-n-7-surveillance-de-linternet-et-controle-a-distance\/\" aria-label=\"En savoir plus sur Raison n\u00b0 7 : Surveillance de l&rsquo;Internet et contr\u00f4le \u00e0 distance\">Lire plus<\/a><\/p>\n","protected":false},"author":1,"featured_media":0,"parent":0,"menu_order":0,"comment_status":"closed","ping_status":"closed","template":"elementor_header_footer","meta":{"footnotes":""},"class_list":["post-8559","page","type-page","status-publish"],"yoast_head":"<!-- This site is optimized with the Yoast SEO Premium plugin v27.1 (Yoast SEO v27.1.1) - https:\/\/yoast.com\/product\/yoast-seo-premium-wordpress\/ -->\n<title>Raison n\u00b0 7 : Surveillance de l&#039;Internet et contr\u00f4le \u00e0 distance &#8211; AGronomic IQ<\/title>\n<meta name=\"robots\" content=\"index, follow, max-snippet:-1, max-image-preview:large, max-video-preview:-1\" \/>\n<link rel=\"canonical\" href=\"https:\/\/agronomiciq.com\/fr\/raison-n-7-surveillance-de-linternet-et-controle-a-distance\/\" \/>\n<meta property=\"og:locale\" content=\"fr_FR\" \/>\n<meta property=\"og:type\" content=\"article\" \/>\n<meta property=\"og:title\" content=\"Raison n\u00b0 7 : Surveillance de l&#039;Internet et contr\u00f4le \u00e0 distance\" \/>\n<meta property=\"og:description\" content=\"La septi\u00e8me raison est notre surveillance par Internet et nos options de contr\u00f4le \u00e0 distance. Chaque unit\u00e9 livr\u00e9e est \u00e9quip\u00e9e de ce que l&#039;on appelle le\" \/>\n<meta property=\"og:url\" content=\"https:\/\/agronomiciq.com\/fr\/raison-n-7-surveillance-de-linternet-et-controle-a-distance\/\" \/>\n<meta property=\"og:site_name\" content=\"AGronomic IQ\" \/>\n<meta property=\"article:modified_time\" content=\"2024-10-17T18:06:53+00:00\" \/>\n<meta property=\"og:image\" content=\"https:\/\/agronomiciq.com\/wp-content\/uploads\/2021\/12\/agiq-10-reasons-7-low.gif\" \/>\n\t<meta property=\"og:image:width\" content=\"640\" \/>\n\t<meta property=\"og:image:height\" content=\"360\" \/>\n\t<meta property=\"og:image:type\" content=\"image\/gif\" \/>\n<meta name=\"twitter:card\" content=\"summary_large_image\" \/>\n<meta name=\"twitter:label1\" content=\"Dur\u00e9e de lecture estim\u00e9e\" \/>\n\t<meta name=\"twitter:data1\" content=\"2 minutes\" \/>\n<script type=\"application\/ld+json\" class=\"yoast-schema-graph\">{\"@context\":\"https:\/\/schema.org\",\"@graph\":[{\"@type\":\"WebPage\",\"@id\":\"https:\/\/agronomiciq.com\/fr\/raison-n-7-surveillance-de-linternet-et-controle-a-distance\/\",\"url\":\"https:\/\/agronomiciq.com\/fr\/raison-n-7-surveillance-de-linternet-et-controle-a-distance\/\",\"name\":\"Raison n\u00b0 7 : Surveillance de l'Internet et contr\u00f4le \u00e0 distance &#8211; AGronomic IQ\",\"isPartOf\":{\"@id\":\"https:\/\/agronomiciq.com\/fr\/#website\"},\"primaryImageOfPage\":{\"@id\":\"https:\/\/agronomiciq.com\/fr\/raison-n-7-surveillance-de-linternet-et-controle-a-distance\/#primaryimage\"},\"image\":{\"@id\":\"https:\/\/agronomiciq.com\/fr\/raison-n-7-surveillance-de-linternet-et-controle-a-distance\/#primaryimage\"},\"thumbnailUrl\":\"https:\/\/agronomiciq.com\/wp-content\/uploads\/2021\/12\/agiq-10-reasons-7-low.gif\",\"datePublished\":\"2021-03-18T17:14:22+00:00\",\"dateModified\":\"2024-10-17T18:06:53+00:00\",\"inLanguage\":\"fr-FR\",\"potentialAction\":[{\"@type\":\"ReadAction\",\"target\":[\"https:\/\/agronomiciq.com\/fr\/raison-n-7-surveillance-de-linternet-et-controle-a-distance\/\"]}]},{\"@type\":\"ImageObject\",\"inLanguage\":\"fr-FR\",\"@id\":\"https:\/\/agronomiciq.com\/fr\/raison-n-7-surveillance-de-linternet-et-controle-a-distance\/#primaryimage\",\"url\":\"https:\/\/agronomiciq.com\/wp-content\/uploads\/2021\/12\/agiq-10-reasons-7-low.gif\",\"contentUrl\":\"https:\/\/agronomiciq.com\/wp-content\/uploads\/2021\/12\/agiq-10-reasons-7-low.gif\"},{\"@type\":\"WebSite\",\"@id\":\"https:\/\/agronomiciq.com\/fr\/#website\",\"url\":\"https:\/\/agronomiciq.com\/fr\/\",\"name\":\"AGronomic IQ\",\"description\":\"Smart HVAC for Growth\",\"publisher\":{\"@id\":\"https:\/\/agronomiciq.com\/fr\/#organization\"},\"potentialAction\":[{\"@type\":\"SearchAction\",\"target\":{\"@type\":\"EntryPoint\",\"urlTemplate\":\"https:\/\/agronomiciq.com\/fr\/?s={search_term_string}\"},\"query-input\":{\"@type\":\"PropertyValueSpecification\",\"valueRequired\":true,\"valueName\":\"search_term_string\"}}],\"inLanguage\":\"fr-FR\"},{\"@type\":\"Organization\",\"@id\":\"https:\/\/agronomiciq.com\/fr\/#organization\",\"name\":\"AGronomic IQ\",\"url\":\"https:\/\/agronomiciq.com\/fr\/\",\"logo\":{\"@type\":\"ImageObject\",\"inLanguage\":\"fr-FR\",\"@id\":\"https:\/\/agronomiciq.com\/fr\/#\/schema\/logo\/image\/\",\"url\":\"https:\/\/agronomiciq.com\/wp-content\/uploads\/2022\/05\/agiq-logo-sm.png\",\"contentUrl\":\"https:\/\/agronomiciq.com\/wp-content\/uploads\/2022\/05\/agiq-logo-sm.png\",\"width\":800,\"height\":169,\"caption\":\"AGronomic IQ\"},\"image\":{\"@id\":\"https:\/\/agronomiciq.com\/fr\/#\/schema\/logo\/image\/\"},\"sameAs\":[\"https:\/\/www.linkedin.com\/company\/agronomic-iq\/\",\"https:\/\/www.youtube.com\/channel\/UC_aE0qmeFqR6yVgiEczVhaA\"]}]}<\/script>\n<!-- \/ Yoast SEO Premium plugin. -->","yoast_head_json":{"title":"Raison n\u00b0 7 : Surveillance de l'Internet et contr\u00f4le \u00e0 distance &#8211; AGronomic IQ","robots":{"index":"index","follow":"follow","max-snippet":"max-snippet:-1","max-image-preview":"max-image-preview:large","max-video-preview":"max-video-preview:-1"},"canonical":"https:\/\/agronomiciq.com\/fr\/raison-n-7-surveillance-de-linternet-et-controle-a-distance\/","og_locale":"fr_FR","og_type":"article","og_title":"Raison n\u00b0 7 : Surveillance de l'Internet et contr\u00f4le \u00e0 distance","og_description":"La septi\u00e8me raison est notre surveillance par Internet et nos options de contr\u00f4le \u00e0 distance. Chaque unit\u00e9 livr\u00e9e est \u00e9quip\u00e9e de ce que l'on appelle le","og_url":"https:\/\/agronomiciq.com\/fr\/raison-n-7-surveillance-de-linternet-et-controle-a-distance\/","og_site_name":"AGronomic IQ","article_modified_time":"2024-10-17T18:06:53+00:00","og_image":[{"width":640,"height":360,"url":"https:\/\/agronomiciq.com\/wp-content\/uploads\/2021\/12\/agiq-10-reasons-7-low.gif","type":"image\/gif"}],"twitter_card":"summary_large_image","twitter_misc":{"Dur\u00e9e de lecture estim\u00e9e":"2 minutes"},"schema":{"@context":"https:\/\/schema.org","@graph":[{"@type":"WebPage","@id":"https:\/\/agronomiciq.com\/fr\/raison-n-7-surveillance-de-linternet-et-controle-a-distance\/","url":"https:\/\/agronomiciq.com\/fr\/raison-n-7-surveillance-de-linternet-et-controle-a-distance\/","name":"Raison n\u00b0 7 : Surveillance de l'Internet et contr\u00f4le \u00e0 distance &#8211; AGronomic IQ","isPartOf":{"@id":"https:\/\/agronomiciq.com\/fr\/#website"},"primaryImageOfPage":{"@id":"https:\/\/agronomiciq.com\/fr\/raison-n-7-surveillance-de-linternet-et-controle-a-distance\/#primaryimage"},"image":{"@id":"https:\/\/agronomiciq.com\/fr\/raison-n-7-surveillance-de-linternet-et-controle-a-distance\/#primaryimage"},"thumbnailUrl":"https:\/\/agronomiciq.com\/wp-content\/uploads\/2021\/12\/agiq-10-reasons-7-low.gif","datePublished":"2021-03-18T17:14:22+00:00","dateModified":"2024-10-17T18:06:53+00:00","inLanguage":"fr-FR","potentialAction":[{"@type":"ReadAction","target":["https:\/\/agronomiciq.com\/fr\/raison-n-7-surveillance-de-linternet-et-controle-a-distance\/"]}]},{"@type":"ImageObject","inLanguage":"fr-FR","@id":"https:\/\/agronomiciq.com\/fr\/raison-n-7-surveillance-de-linternet-et-controle-a-distance\/#primaryimage","url":"https:\/\/agronomiciq.com\/wp-content\/uploads\/2021\/12\/agiq-10-reasons-7-low.gif","contentUrl":"https:\/\/agronomiciq.com\/wp-content\/uploads\/2021\/12\/agiq-10-reasons-7-low.gif"},{"@type":"WebSite","@id":"https:\/\/agronomiciq.com\/fr\/#website","url":"https:\/\/agronomiciq.com\/fr\/","name":"AGronomic IQ","description":"Smart HVAC for Growth","publisher":{"@id":"https:\/\/agronomiciq.com\/fr\/#organization"},"potentialAction":[{"@type":"SearchAction","target":{"@type":"EntryPoint","urlTemplate":"https:\/\/agronomiciq.com\/fr\/?s={search_term_string}"},"query-input":{"@type":"PropertyValueSpecification","valueRequired":true,"valueName":"search_term_string"}}],"inLanguage":"fr-FR"},{"@type":"Organization","@id":"https:\/\/agronomiciq.com\/fr\/#organization","name":"AGronomic IQ","url":"https:\/\/agronomiciq.com\/fr\/","logo":{"@type":"ImageObject","inLanguage":"fr-FR","@id":"https:\/\/agronomiciq.com\/fr\/#\/schema\/logo\/image\/","url":"https:\/\/agronomiciq.com\/wp-content\/uploads\/2022\/05\/agiq-logo-sm.png","contentUrl":"https:\/\/agronomiciq.com\/wp-content\/uploads\/2022\/05\/agiq-logo-sm.png","width":800,"height":169,"caption":"AGronomic IQ"},"image":{"@id":"https:\/\/agronomiciq.com\/fr\/#\/schema\/logo\/image\/"},"sameAs":["https:\/\/www.linkedin.com\/company\/agronomic-iq\/","https:\/\/www.youtube.com\/channel\/UC_aE0qmeFqR6yVgiEczVhaA"]}]}},"_links":{"self":[{"href":"https:\/\/agronomiciq.com\/fr\/wp-json\/wp\/v2\/pages\/8559","targetHints":{"allow":["GET"]}}],"collection":[{"href":"https:\/\/agronomiciq.com\/fr\/wp-json\/wp\/v2\/pages"}],"about":[{"href":"https:\/\/agronomiciq.com\/fr\/wp-json\/wp\/v2\/types\/page"}],"author":[{"embeddable":true,"href":"https:\/\/agronomiciq.com\/fr\/wp-json\/wp\/v2\/users\/1"}],"replies":[{"embeddable":true,"href":"https:\/\/agronomiciq.com\/fr\/wp-json\/wp\/v2\/comments?post=8559"}],"version-history":[{"count":1,"href":"https:\/\/agronomiciq.com\/fr\/wp-json\/wp\/v2\/pages\/8559\/revisions"}],"predecessor-version":[{"id":8561,"href":"https:\/\/agronomiciq.com\/fr\/wp-json\/wp\/v2\/pages\/8559\/revisions\/8561"}],"wp:attachment":[{"href":"https:\/\/agronomiciq.com\/fr\/wp-json\/wp\/v2\/media?parent=8559"}],"curies":[{"name":"wp","href":"https:\/\/api.w.org\/{rel}","templated":true}]}}