{"id":8556,"date":"2021-03-18T17:12:00","date_gmt":"2021-03-18T17:12:00","guid":{"rendered":"https:\/\/agronomiciq.com\/raison-n-1-conception-dun-systeme-unitaire-avec-priorite-a-la-deshumidification\/"},"modified":"2024-10-17T18:06:53","modified_gmt":"2024-10-17T18:06:53","slug":"raison-n-1-conception-dun-systeme-unitaire-avec-priorite-a-la-deshumidification","status":"publish","type":"page","link":"https:\/\/agronomiciq.com\/fr\/raison-n-1-conception-dun-systeme-unitaire-avec-priorite-a-la-deshumidification\/","title":{"rendered":"Raison n\u00b0 1 : Conception d&rsquo;un syst\u00e8me unitaire avec priorit\u00e9 \u00e0 la d\u00e9shumidification"},"content":{"rendered":"\t\t<div data-elementor-type=\"wp-page\" data-elementor-id=\"8556\" class=\"elementor elementor-8556 elementor-5568\" data-elementor-post-type=\"page\">\n\t\t\t\t\t\t<section class=\"elementor-section elementor-top-section elementor-element elementor-element-a5ba59d elementor-section-boxed elementor-section-height-default elementor-section-height-default\" data-id=\"a5ba59d\" data-element_type=\"section\" data-e-type=\"section\">\n\t\t\t\t\t\t<div class=\"elementor-container elementor-column-gap-no\">\n\t\t\t\t\t<div class=\"elementor-column elementor-col-100 elementor-top-column elementor-element elementor-element-be6be99\" data-id=\"be6be99\" data-element_type=\"column\" data-e-type=\"column\">\n\t\t\t<div class=\"elementor-widget-wrap elementor-element-populated\">\n\t\t\t\t\t\t<div class=\"elementor-element elementor-element-d6dfaf8 elementor-widget elementor-widget-spacer\" data-id=\"d6dfaf8\" data-element_type=\"widget\" data-e-type=\"widget\" data-widget_type=\"spacer.default\">\n\t\t\t\t<div class=\"elementor-widget-container\">\n\t\t\t\t\t\t\t<div class=\"elementor-spacer\">\n\t\t\t<div class=\"elementor-spacer-inner\"><\/div>\n\t\t<\/div>\n\t\t\t\t\t\t<\/div>\n\t\t\t\t<\/div>\n\t\t\t\t<section class=\"elementor-section elementor-inner-section elementor-element elementor-element-b075095 elementor-section-boxed elementor-section-height-default elementor-section-height-default\" data-id=\"b075095\" data-element_type=\"section\" data-e-type=\"section\">\n\t\t\t\t\t\t<div class=\"elementor-container elementor-column-gap-extended\">\n\t\t\t\t\t<div class=\"elementor-column elementor-col-50 elementor-inner-column elementor-element elementor-element-4e1d308\" data-id=\"4e1d308\" data-element_type=\"column\" data-e-type=\"column\">\n\t\t\t<div class=\"elementor-widget-wrap elementor-element-populated\">\n\t\t\t\t\t\t<div class=\"elementor-element elementor-element-f4ac54c elementor-widget elementor-widget-image\" data-id=\"f4ac54c\" data-element_type=\"widget\" data-e-type=\"widget\" data-widget_type=\"image.default\">\n\t\t\t\t<div class=\"elementor-widget-container\">\n\t\t\t\t\t\t\t\t\t\t\t\t\t\t\t\t<a href=\"https:\/\/agronomiciq.com\/top-10-reasons\/#reason1\">\n\t\t\t\t\t\t\t<img fetchpriority=\"high\" decoding=\"async\" width=\"640\" height=\"360\" src=\"https:\/\/agronomiciq.com\/wp-content\/uploads\/2021\/12\/agiq-10-reasons-1-low.gif\" class=\"attachment-large size-large wp-image-8416\" alt=\"\" \/>\t\t\t\t\t\t\t\t<\/a>\n\t\t\t\t\t\t\t\t\t\t\t\t\t\t\t<\/div>\n\t\t\t\t<\/div>\n\t\t\t\t\t<\/div>\n\t\t<\/div>\n\t\t\t\t<div class=\"elementor-column elementor-col-50 elementor-inner-column elementor-element elementor-element-4938ff6\" data-id=\"4938ff6\" data-element_type=\"column\" data-e-type=\"column\">\n\t\t\t<div class=\"elementor-widget-wrap elementor-element-populated\">\n\t\t\t\t\t\t<div class=\"elementor-element elementor-element-4cd8d8b elementor-widget elementor-widget-text-editor\" data-id=\"4cd8d8b\" data-element_type=\"widget\" data-e-type=\"widget\" data-widget_type=\"text-editor.default\">\n\t\t\t\t<div class=\"elementor-widget-container\">\n\t\t\t\t\t\t\t\t\t<p>La premi\u00e8re raison pour laquelle les producteurs intelligents choisissent AGronomic IQ comme produit de choix dans ces salles est qu&rsquo;il s&rsquo;agit de syst\u00e8mes unitaires avec une priorit\u00e9 de d\u00e9shumidification. Cela signifie que ces d\u00e9shumidificateurs peuvent choisir o\u00f9 rejeter la chaleur perdue, soit dans le flux d&rsquo;air du processus comme le ferait un d\u00e9shumidificateur traditionnel, soit \u00e0 l&rsquo;ext\u00e9rieur, soit dans un circuit de tour de refroidissement du b\u00e2timent pour la climatisation, ou encore une modulation \u00e0 100 % entre ces deux possibilit\u00e9s. Cela signifie que ces unit\u00e9s sont con\u00e7ues pour \u00eatre le seul \u00e9quipement desservant votre salle de culture. Cela signifie que leur installation est moins co\u00fbteuse.   <\/p>\n<p>Les int\u00e9grer dans l&rsquo;espace est moins co\u00fbteux. Il est plus facile et moins co\u00fbteux d&rsquo;am\u00e9nager cette pi\u00e8ce et de la faire fonctionner comme vous le souhaitez. Il s&rsquo;agit vraiment d&rsquo;une solution facile pour les chambres de culture, qui offre un co\u00fbt initial in\u00e9gal\u00e9, ainsi que des co\u00fbts d&rsquo;exploitation permanents, et qui fait grimper en fl\u00e8che votre rendement et donc votre retour sur investissement. C&rsquo;est notre objectif, et nous souhaitons \u00eatre votre partenaire dans ce domaine avec un produit con\u00e7u d\u00e8s le d\u00e9part pour la culture du cannabis.   <\/p>\n\t\t\t\t\t\t\t\t<\/div>\n\t\t\t\t<\/div>\n\t\t\t\t<div class=\"elementor-element elementor-element-02b1bbb back elementor-widget elementor-widget-text-editor\" data-id=\"02b1bbb\" data-element_type=\"widget\" data-e-type=\"widget\" data-widget_type=\"text-editor.default\">\n\t\t\t\t<div class=\"elementor-widget-container\">\n\t\t\t\t\t\t\t\t\t<p><a href=\"https:\/\/agronomiciq.com\/top-10-reasons\/#reason1\">retour \u00e0 la vid\u00e9o<\/a><\/p>\n\t\t\t\t\t\t\t\t<\/div>\n\t\t\t\t<\/div>\n\t\t\t\t\t<\/div>\n\t\t<\/div>\n\t\t\t\t\t<\/div>\n\t\t<\/section>\n\t\t\t\t<div class=\"elementor-element elementor-element-8f65db6 elementor-widget elementor-widget-spacer\" data-id=\"8f65db6\" data-element_type=\"widget\" data-e-type=\"widget\" data-widget_type=\"spacer.default\">\n\t\t\t\t<div class=\"elementor-widget-container\">\n\t\t\t\t\t\t\t<div class=\"elementor-spacer\">\n\t\t\t<div class=\"elementor-spacer-inner\"><\/div>\n\t\t<\/div>\n\t\t\t\t\t\t<\/div>\n\t\t\t\t<\/div>\n\t\t\t\t\t<\/div>\n\t\t<\/div>\n\t\t\t\t\t<\/div>\n\t\t<\/section>\n\t\t\t\t<\/div>\n\t\t","protected":false},"excerpt":{"rendered":"<p>La premi\u00e8re raison pour laquelle les producteurs intelligents choisissent AGronomic IQ comme produit de choix dans ces salles est qu&rsquo;il s&rsquo;agit de syst\u00e8mes unitaires avec une priorit\u00e9 de d\u00e9shumidification. Cela signifie que ces d\u00e9shumidificateurs peuvent choisir o\u00f9 rejeter la chaleur perdue, soit dans le flux d&rsquo;air du processus comme le ferait un d\u00e9shumidificateur traditionnel, soit &#8230; <a title=\"Raison n\u00b0 1 : Conception d&rsquo;un syst\u00e8me unitaire avec priorit\u00e9 \u00e0 la d\u00e9shumidification\" class=\"read-more\" href=\"https:\/\/agronomiciq.com\/fr\/raison-n-1-conception-dun-systeme-unitaire-avec-priorite-a-la-deshumidification\/\" aria-label=\"En savoir plus sur Raison n\u00b0 1 : Conception d&rsquo;un syst\u00e8me unitaire avec priorit\u00e9 \u00e0 la d\u00e9shumidification\">Lire plus<\/a><\/p>\n","protected":false},"author":1,"featured_media":0,"parent":0,"menu_order":0,"comment_status":"closed","ping_status":"closed","template":"elementor_header_footer","meta":{"footnotes":""},"class_list":["post-8556","page","type-page","status-publish"],"yoast_head":"<!-- This site is optimized with the Yoast SEO Premium plugin v27.4 (Yoast SEO v27.4) - https:\/\/yoast.com\/product\/yoast-seo-premium-wordpress\/ -->\n<title>Raison n\u00b0 1 : Conception d&#039;un syst\u00e8me unitaire avec priorit\u00e9 \u00e0 la d\u00e9shumidification &#8211; AGronomic IQ<\/title>\n<meta name=\"robots\" content=\"index, follow, max-snippet:-1, max-image-preview:large, max-video-preview:-1\" \/>\n<link rel=\"canonical\" href=\"https:\/\/agronomiciq.com\/fr\/raison-n-1-conception-dun-systeme-unitaire-avec-priorite-a-la-deshumidification\/\" \/>\n<meta property=\"og:locale\" content=\"fr_FR\" \/>\n<meta property=\"og:type\" content=\"article\" \/>\n<meta property=\"og:title\" content=\"Raison n\u00b0 1 : Conception d&#039;un syst\u00e8me unitaire avec priorit\u00e9 \u00e0 la d\u00e9shumidification\" \/>\n<meta property=\"og:description\" content=\"La premi\u00e8re raison pour laquelle les producteurs intelligents choisissent AGronomic IQ comme produit de choix dans ces salles est qu&#039;il s&#039;agit de syst\u00e8mes\" \/>\n<meta property=\"og:url\" content=\"https:\/\/agronomiciq.com\/fr\/raison-n-1-conception-dun-systeme-unitaire-avec-priorite-a-la-deshumidification\/\" \/>\n<meta property=\"og:site_name\" content=\"AGronomic IQ\" \/>\n<meta property=\"article:modified_time\" content=\"2024-10-17T18:06:53+00:00\" \/>\n<meta property=\"og:image\" content=\"https:\/\/agronomiciq.com\/wp-content\/uploads\/2021\/12\/agiq-10-reasons-1-low.gif\" \/>\n\t<meta property=\"og:image:width\" content=\"640\" \/>\n\t<meta property=\"og:image:height\" content=\"360\" \/>\n\t<meta property=\"og:image:type\" content=\"image\/gif\" \/>\n<meta name=\"twitter:card\" content=\"summary_large_image\" \/>\n<meta name=\"twitter:label1\" content=\"Dur\u00e9e de lecture estim\u00e9e\" \/>\n\t<meta name=\"twitter:data1\" content=\"1 minute\" \/>\n<script type=\"application\/ld+json\" class=\"yoast-schema-graph\">{\"@context\":\"https:\\\/\\\/schema.org\",\"@graph\":[{\"@type\":\"WebPage\",\"@id\":\"https:\\\/\\\/agronomiciq.com\\\/fr\\\/raison-n-1-conception-dun-systeme-unitaire-avec-priorite-a-la-deshumidification\\\/\",\"url\":\"https:\\\/\\\/agronomiciq.com\\\/fr\\\/raison-n-1-conception-dun-systeme-unitaire-avec-priorite-a-la-deshumidification\\\/\",\"name\":\"Raison n\u00b0 1 : Conception d'un syst\u00e8me unitaire avec priorit\u00e9 \u00e0 la d\u00e9shumidification &#8211; AGronomic IQ\",\"isPartOf\":{\"@id\":\"https:\\\/\\\/agronomiciq.com\\\/fr\\\/#website\"},\"primaryImageOfPage\":{\"@id\":\"https:\\\/\\\/agronomiciq.com\\\/fr\\\/raison-n-1-conception-dun-systeme-unitaire-avec-priorite-a-la-deshumidification\\\/#primaryimage\"},\"image\":{\"@id\":\"https:\\\/\\\/agronomiciq.com\\\/fr\\\/raison-n-1-conception-dun-systeme-unitaire-avec-priorite-a-la-deshumidification\\\/#primaryimage\"},\"thumbnailUrl\":\"https:\\\/\\\/agronomiciq.com\\\/wp-content\\\/uploads\\\/2021\\\/12\\\/agiq-10-reasons-1-low.gif\",\"datePublished\":\"2021-03-18T17:12:00+00:00\",\"dateModified\":\"2024-10-17T18:06:53+00:00\",\"inLanguage\":\"fr-FR\",\"potentialAction\":[{\"@type\":\"ReadAction\",\"target\":[\"https:\\\/\\\/agronomiciq.com\\\/fr\\\/raison-n-1-conception-dun-systeme-unitaire-avec-priorite-a-la-deshumidification\\\/\"]}]},{\"@type\":\"ImageObject\",\"inLanguage\":\"fr-FR\",\"@id\":\"https:\\\/\\\/agronomiciq.com\\\/fr\\\/raison-n-1-conception-dun-systeme-unitaire-avec-priorite-a-la-deshumidification\\\/#primaryimage\",\"url\":\"https:\\\/\\\/agronomiciq.com\\\/wp-content\\\/uploads\\\/2021\\\/12\\\/agiq-10-reasons-1-low.gif\",\"contentUrl\":\"https:\\\/\\\/agronomiciq.com\\\/wp-content\\\/uploads\\\/2021\\\/12\\\/agiq-10-reasons-1-low.gif\"},{\"@type\":\"WebSite\",\"@id\":\"https:\\\/\\\/agronomiciq.com\\\/fr\\\/#website\",\"url\":\"https:\\\/\\\/agronomiciq.com\\\/fr\\\/\",\"name\":\"AGronomic IQ\",\"description\":\"Smart HVAC for Growth\",\"publisher\":{\"@id\":\"https:\\\/\\\/agronomiciq.com\\\/fr\\\/#organization\"},\"potentialAction\":[{\"@type\":\"SearchAction\",\"target\":{\"@type\":\"EntryPoint\",\"urlTemplate\":\"https:\\\/\\\/agronomiciq.com\\\/fr\\\/?s={search_term_string}\"},\"query-input\":{\"@type\":\"PropertyValueSpecification\",\"valueRequired\":true,\"valueName\":\"search_term_string\"}}],\"inLanguage\":\"fr-FR\"},{\"@type\":\"Organization\",\"@id\":\"https:\\\/\\\/agronomiciq.com\\\/fr\\\/#organization\",\"name\":\"AGronomic IQ\",\"url\":\"https:\\\/\\\/agronomiciq.com\\\/fr\\\/\",\"logo\":{\"@type\":\"ImageObject\",\"inLanguage\":\"fr-FR\",\"@id\":\"https:\\\/\\\/agronomiciq.com\\\/fr\\\/#\\\/schema\\\/logo\\\/image\\\/\",\"url\":\"https:\\\/\\\/agronomiciq.com\\\/wp-content\\\/uploads\\\/2022\\\/05\\\/agiq-logo-sm.png\",\"contentUrl\":\"https:\\\/\\\/agronomiciq.com\\\/wp-content\\\/uploads\\\/2022\\\/05\\\/agiq-logo-sm.png\",\"width\":800,\"height\":169,\"caption\":\"AGronomic IQ\"},\"image\":{\"@id\":\"https:\\\/\\\/agronomiciq.com\\\/fr\\\/#\\\/schema\\\/logo\\\/image\\\/\"},\"sameAs\":[\"https:\\\/\\\/www.linkedin.com\\\/company\\\/agronomic-iq\\\/\",\"https:\\\/\\\/www.youtube.com\\\/channel\\\/UC_aE0qmeFqR6yVgiEczVhaA\"]}]}<\/script>\n<!-- \/ Yoast SEO Premium plugin. -->","yoast_head_json":{"title":"Raison n\u00b0 1 : Conception d'un syst\u00e8me unitaire avec priorit\u00e9 \u00e0 la d\u00e9shumidification &#8211; AGronomic IQ","robots":{"index":"index","follow":"follow","max-snippet":"max-snippet:-1","max-image-preview":"max-image-preview:large","max-video-preview":"max-video-preview:-1"},"canonical":"https:\/\/agronomiciq.com\/fr\/raison-n-1-conception-dun-systeme-unitaire-avec-priorite-a-la-deshumidification\/","og_locale":"fr_FR","og_type":"article","og_title":"Raison n\u00b0 1 : Conception d'un syst\u00e8me unitaire avec priorit\u00e9 \u00e0 la d\u00e9shumidification","og_description":"La premi\u00e8re raison pour laquelle les producteurs intelligents choisissent AGronomic IQ comme produit de choix dans ces salles est qu'il s'agit de syst\u00e8mes","og_url":"https:\/\/agronomiciq.com\/fr\/raison-n-1-conception-dun-systeme-unitaire-avec-priorite-a-la-deshumidification\/","og_site_name":"AGronomic IQ","article_modified_time":"2024-10-17T18:06:53+00:00","og_image":[{"width":640,"height":360,"url":"https:\/\/agronomiciq.com\/wp-content\/uploads\/2021\/12\/agiq-10-reasons-1-low.gif","type":"image\/gif"}],"twitter_card":"summary_large_image","twitter_misc":{"Dur\u00e9e de lecture estim\u00e9e":"1 minute"},"schema":{"@context":"https:\/\/schema.org","@graph":[{"@type":"WebPage","@id":"https:\/\/agronomiciq.com\/fr\/raison-n-1-conception-dun-systeme-unitaire-avec-priorite-a-la-deshumidification\/","url":"https:\/\/agronomiciq.com\/fr\/raison-n-1-conception-dun-systeme-unitaire-avec-priorite-a-la-deshumidification\/","name":"Raison n\u00b0 1 : Conception d'un syst\u00e8me unitaire avec priorit\u00e9 \u00e0 la d\u00e9shumidification &#8211; AGronomic IQ","isPartOf":{"@id":"https:\/\/agronomiciq.com\/fr\/#website"},"primaryImageOfPage":{"@id":"https:\/\/agronomiciq.com\/fr\/raison-n-1-conception-dun-systeme-unitaire-avec-priorite-a-la-deshumidification\/#primaryimage"},"image":{"@id":"https:\/\/agronomiciq.com\/fr\/raison-n-1-conception-dun-systeme-unitaire-avec-priorite-a-la-deshumidification\/#primaryimage"},"thumbnailUrl":"https:\/\/agronomiciq.com\/wp-content\/uploads\/2021\/12\/agiq-10-reasons-1-low.gif","datePublished":"2021-03-18T17:12:00+00:00","dateModified":"2024-10-17T18:06:53+00:00","inLanguage":"fr-FR","potentialAction":[{"@type":"ReadAction","target":["https:\/\/agronomiciq.com\/fr\/raison-n-1-conception-dun-systeme-unitaire-avec-priorite-a-la-deshumidification\/"]}]},{"@type":"ImageObject","inLanguage":"fr-FR","@id":"https:\/\/agronomiciq.com\/fr\/raison-n-1-conception-dun-systeme-unitaire-avec-priorite-a-la-deshumidification\/#primaryimage","url":"https:\/\/agronomiciq.com\/wp-content\/uploads\/2021\/12\/agiq-10-reasons-1-low.gif","contentUrl":"https:\/\/agronomiciq.com\/wp-content\/uploads\/2021\/12\/agiq-10-reasons-1-low.gif"},{"@type":"WebSite","@id":"https:\/\/agronomiciq.com\/fr\/#website","url":"https:\/\/agronomiciq.com\/fr\/","name":"AGronomic IQ","description":"Smart HVAC for Growth","publisher":{"@id":"https:\/\/agronomiciq.com\/fr\/#organization"},"potentialAction":[{"@type":"SearchAction","target":{"@type":"EntryPoint","urlTemplate":"https:\/\/agronomiciq.com\/fr\/?s={search_term_string}"},"query-input":{"@type":"PropertyValueSpecification","valueRequired":true,"valueName":"search_term_string"}}],"inLanguage":"fr-FR"},{"@type":"Organization","@id":"https:\/\/agronomiciq.com\/fr\/#organization","name":"AGronomic IQ","url":"https:\/\/agronomiciq.com\/fr\/","logo":{"@type":"ImageObject","inLanguage":"fr-FR","@id":"https:\/\/agronomiciq.com\/fr\/#\/schema\/logo\/image\/","url":"https:\/\/agronomiciq.com\/wp-content\/uploads\/2022\/05\/agiq-logo-sm.png","contentUrl":"https:\/\/agronomiciq.com\/wp-content\/uploads\/2022\/05\/agiq-logo-sm.png","width":800,"height":169,"caption":"AGronomic IQ"},"image":{"@id":"https:\/\/agronomiciq.com\/fr\/#\/schema\/logo\/image\/"},"sameAs":["https:\/\/www.linkedin.com\/company\/agronomic-iq\/","https:\/\/www.youtube.com\/channel\/UC_aE0qmeFqR6yVgiEczVhaA"]}]}},"_links":{"self":[{"href":"https:\/\/agronomiciq.com\/fr\/wp-json\/wp\/v2\/pages\/8556","targetHints":{"allow":["GET"]}}],"collection":[{"href":"https:\/\/agronomiciq.com\/fr\/wp-json\/wp\/v2\/pages"}],"about":[{"href":"https:\/\/agronomiciq.com\/fr\/wp-json\/wp\/v2\/types\/page"}],"author":[{"embeddable":true,"href":"https:\/\/agronomiciq.com\/fr\/wp-json\/wp\/v2\/users\/1"}],"replies":[{"embeddable":true,"href":"https:\/\/agronomiciq.com\/fr\/wp-json\/wp\/v2\/comments?post=8556"}],"version-history":[{"count":1,"href":"https:\/\/agronomiciq.com\/fr\/wp-json\/wp\/v2\/pages\/8556\/revisions"}],"predecessor-version":[{"id":8558,"href":"https:\/\/agronomiciq.com\/fr\/wp-json\/wp\/v2\/pages\/8556\/revisions\/8558"}],"wp:attachment":[{"href":"https:\/\/agronomiciq.com\/fr\/wp-json\/wp\/v2\/media?parent=8556"}],"curies":[{"name":"wp","href":"https:\/\/api.w.org\/{rel}","templated":true}]}}