{"id":8555,"date":"2021-03-18T17:14:04","date_gmt":"2021-03-18T17:14:04","guid":{"rendered":"https:\/\/agronomiciq.com\/raison-n-6-compresseurs-a-capacite-variable\/"},"modified":"2024-10-17T18:06:53","modified_gmt":"2024-10-17T18:06:53","slug":"raison-n-6-compresseurs-a-capacite-variable","status":"publish","type":"page","link":"https:\/\/agronomiciq.com\/fr\/raison-n-6-compresseurs-a-capacite-variable\/","title":{"rendered":"Raison n\u00b0 6 : Compresseurs \u00e0 capacit\u00e9 variable"},"content":{"rendered":"\t\t<div data-elementor-type=\"wp-page\" data-elementor-id=\"8555\" class=\"elementor elementor-8555 elementor-5578\" data-elementor-post-type=\"page\">\n\t\t\t\t\t\t<section class=\"elementor-section elementor-top-section elementor-element elementor-element-a5ba59d elementor-section-boxed elementor-section-height-default elementor-section-height-default\" data-id=\"a5ba59d\" data-element_type=\"section\" data-e-type=\"section\">\n\t\t\t\t\t\t<div class=\"elementor-container elementor-column-gap-no\">\n\t\t\t\t\t<div class=\"elementor-column elementor-col-100 elementor-top-column elementor-element elementor-element-be6be99\" data-id=\"be6be99\" data-element_type=\"column\" data-e-type=\"column\">\n\t\t\t<div class=\"elementor-widget-wrap elementor-element-populated\">\n\t\t\t\t\t\t<div class=\"elementor-element elementor-element-d6dfaf8 elementor-widget elementor-widget-spacer\" data-id=\"d6dfaf8\" data-element_type=\"widget\" data-e-type=\"widget\" data-widget_type=\"spacer.default\">\n\t\t\t\t<div class=\"elementor-widget-container\">\n\t\t\t\t\t\t\t<div class=\"elementor-spacer\">\n\t\t\t<div class=\"elementor-spacer-inner\"><\/div>\n\t\t<\/div>\n\t\t\t\t\t\t<\/div>\n\t\t\t\t<\/div>\n\t\t\t\t<section class=\"elementor-section elementor-inner-section elementor-element elementor-element-b075095 elementor-section-boxed elementor-section-height-default elementor-section-height-default\" data-id=\"b075095\" data-element_type=\"section\" data-e-type=\"section\">\n\t\t\t\t\t\t<div class=\"elementor-container elementor-column-gap-extended\">\n\t\t\t\t\t<div class=\"elementor-column elementor-col-50 elementor-inner-column elementor-element elementor-element-4e1d308\" data-id=\"4e1d308\" data-element_type=\"column\" data-e-type=\"column\">\n\t\t\t<div class=\"elementor-widget-wrap elementor-element-populated\">\n\t\t\t\t\t\t<div class=\"elementor-element elementor-element-f4ac54c elementor-widget elementor-widget-image\" data-id=\"f4ac54c\" data-element_type=\"widget\" data-e-type=\"widget\" data-widget_type=\"image.default\">\n\t\t\t\t<div class=\"elementor-widget-container\">\n\t\t\t\t\t\t\t\t\t\t\t\t\t\t\t\t<a href=\"https:\/\/agronomiciq.com\/top-10-reasons\/#reason6\">\n\t\t\t\t\t\t\t<img fetchpriority=\"high\" decoding=\"async\" width=\"640\" height=\"360\" src=\"https:\/\/agronomiciq.com\/wp-content\/uploads\/2021\/12\/agiq-10-reasons-6-low.gif\" class=\"attachment-large size-large wp-image-8421\" alt=\"\" \/>\t\t\t\t\t\t\t\t<\/a>\n\t\t\t\t\t\t\t\t\t\t\t\t\t\t\t<\/div>\n\t\t\t\t<\/div>\n\t\t\t\t\t<\/div>\n\t\t<\/div>\n\t\t\t\t<div class=\"elementor-column elementor-col-50 elementor-inner-column elementor-element elementor-element-4938ff6\" data-id=\"4938ff6\" data-element_type=\"column\" data-e-type=\"column\">\n\t\t\t<div class=\"elementor-widget-wrap elementor-element-populated\">\n\t\t\t\t\t\t<div class=\"elementor-element elementor-element-4cd8d8b elementor-widget elementor-widget-text-editor\" data-id=\"4cd8d8b\" data-element_type=\"widget\" data-e-type=\"widget\" data-widget_type=\"text-editor.default\">\n\t\t\t\t<div class=\"elementor-widget-container\">\n\t\t\t\t\t\t\t\t\t<p>La sixi\u00e8me raison pour laquelle les cultivateurs avis\u00e9s choisissent de plus en plus l&rsquo;IQ agronomique sur ce march\u00e9, ce sont nos compresseurs \u00e0 capacit\u00e9 variable. Il s&rsquo;agit d&rsquo;une unit\u00e9 con\u00e7ue d\u00e8s le d\u00e9part pour ce march\u00e9, ce qui signifie que nous comprenons la n\u00e9cessit\u00e9 de pouvoir r\u00e9pondre aux conditions changeantes d&rsquo;une pi\u00e8ce. <\/p>\n<p>Les conditions ambiantes sont tr\u00e8s diff\u00e9rentes d&rsquo;une semaine \u00e0 l&rsquo;autre, d&rsquo;une semaine \u00e0 l&rsquo;autre, d&rsquo;une semaine de r\u00e9colte dans une chambre de culture. Nous avons besoin d&rsquo;un \u00e9quipement capable de r\u00e9pondre \u00e0 ces conditions de mani\u00e8re appropri\u00e9e et non excessive. Refroidir votre espace sans fournir suffisamment de d\u00e9shumidification ou surdimensionner votre espace sans le refroidir de mani\u00e8re ad\u00e9quate.  <\/p>\n<p>C&rsquo;est pourquoi nous utilisons des compresseurs \u00e0 capacit\u00e9 variable dans chaque unit\u00e9 que nous vendons sur ce march\u00e9. Il ne s&rsquo;agit pas de certains compresseurs, mais de tous les compresseurs. Chaque unit\u00e9 est \u00e9quip\u00e9e de compresseurs \u00e0 capacit\u00e9 variable ou de compresseurs plus petits. Utilisez les compresseurs Copeland pour mettre en sc\u00e8ne les compresseurs scrolls.   <\/p>\n<p>Les compresseurs les plus grands sont des compresseurs scrolls Bitzer \u00e9quip\u00e9s d&rsquo;un VFD, ce qui nous permet de r\u00e9duire la quantit\u00e9 de d\u00e9shumidification latente lorsque la demande est moindre ou qu&rsquo;il s&rsquo;agit uniquement de refroidissement, et d&rsquo;adapter les performances de l&rsquo;\u00e9quipement \u00e0 la demande de la pi\u00e8ce.<\/p>\n<p>Par ailleurs, le fait que les compresseurs restent allum\u00e9s plus longtemps signifie que l&rsquo;\u00e9tat de la pi\u00e8ce est plus stable. Lorsque vous \u00e9teignez un circuit, par exemple, toute l&rsquo;eau contenue dans le serpentin va s&rsquo;\u00e9vaporer dans l&rsquo;espace et vous finirez par changer l&rsquo;humidit\u00e9 de la pi\u00e8ce au fil du temps. <\/p>\n<p>Ainsi, en \u00e9tant en mesure de r\u00e9duire ces compresseurs, nous pouvons maintenir le fonctionnement du compresseur et conserver des conditions ambiantes tr\u00e8s stables. Cela am\u00e9liore \u00e9galement la long\u00e9vit\u00e9 du produit, car la mise en marche et l&rsquo;arr\u00eat d&rsquo;un compresseur est brutale pour les circuits de r\u00e9frig\u00e9ration, et nous faisons tout ce que nous pouvons pour que l&rsquo;unit\u00e9 fonctionne autant que possible. Nous faisons tout notre possible pour que l&rsquo;unit\u00e9 fonctionne autant que possible, mais aussi pr\u00e8s que possible des exigences de la pi\u00e8ce, afin de r\u00e9duire votre co\u00fbt \u00e9nerg\u00e9tique et de r\u00e9duire l&rsquo;usure de ces unit\u00e9s et d&rsquo;en prolonger la dur\u00e9e de vie.  <\/p>\n\t\t\t\t\t\t\t\t<\/div>\n\t\t\t\t<\/div>\n\t\t\t\t<div class=\"elementor-element elementor-element-02b1bbb back elementor-widget elementor-widget-text-editor\" data-id=\"02b1bbb\" data-element_type=\"widget\" data-e-type=\"widget\" data-widget_type=\"text-editor.default\">\n\t\t\t\t<div class=\"elementor-widget-container\">\n\t\t\t\t\t\t\t\t\t<p><a href=\"https:\/\/agronomiciq.com\/top-10-reasons\/#reason6\">retour \u00e0 la vid\u00e9o<\/a><\/p>\n\t\t\t\t\t\t\t\t<\/div>\n\t\t\t\t<\/div>\n\t\t\t\t\t<\/div>\n\t\t<\/div>\n\t\t\t\t\t<\/div>\n\t\t<\/section>\n\t\t\t\t<div class=\"elementor-element elementor-element-8f65db6 elementor-widget elementor-widget-spacer\" data-id=\"8f65db6\" data-element_type=\"widget\" data-e-type=\"widget\" data-widget_type=\"spacer.default\">\n\t\t\t\t<div class=\"elementor-widget-container\">\n\t\t\t\t\t\t\t<div class=\"elementor-spacer\">\n\t\t\t<div class=\"elementor-spacer-inner\"><\/div>\n\t\t<\/div>\n\t\t\t\t\t\t<\/div>\n\t\t\t\t<\/div>\n\t\t\t\t\t<\/div>\n\t\t<\/div>\n\t\t\t\t\t<\/div>\n\t\t<\/section>\n\t\t\t\t<\/div>\n\t\t","protected":false},"excerpt":{"rendered":"<p>La sixi\u00e8me raison pour laquelle les cultivateurs avis\u00e9s choisissent de plus en plus l&rsquo;IQ agronomique sur ce march\u00e9, ce sont nos compresseurs \u00e0 capacit\u00e9 variable. Il s&rsquo;agit d&rsquo;une unit\u00e9 con\u00e7ue d\u00e8s le d\u00e9part pour ce march\u00e9, ce qui signifie que nous comprenons la n\u00e9cessit\u00e9 de pouvoir r\u00e9pondre aux conditions changeantes d&rsquo;une pi\u00e8ce. Les conditions ambiantes &#8230; <a title=\"Raison n\u00b0 6 : Compresseurs \u00e0 capacit\u00e9 variable\" class=\"read-more\" href=\"https:\/\/agronomiciq.com\/fr\/raison-n-6-compresseurs-a-capacite-variable\/\" aria-label=\"En savoir plus sur Raison n\u00b0 6 : Compresseurs \u00e0 capacit\u00e9 variable\">Lire plus<\/a><\/p>\n","protected":false},"author":1,"featured_media":0,"parent":0,"menu_order":0,"comment_status":"closed","ping_status":"closed","template":"elementor_header_footer","meta":{"footnotes":""},"class_list":["post-8555","page","type-page","status-publish"],"yoast_head":"<!-- This site is optimized with the Yoast SEO Premium plugin v27.1 (Yoast SEO v27.1.1) - https:\/\/yoast.com\/product\/yoast-seo-premium-wordpress\/ -->\n<title>Raison n\u00b0 6 : Compresseurs \u00e0 capacit\u00e9 variable &#8211; AGronomic IQ<\/title>\n<meta name=\"robots\" content=\"index, follow, max-snippet:-1, max-image-preview:large, max-video-preview:-1\" \/>\n<link rel=\"canonical\" href=\"https:\/\/agronomiciq.com\/fr\/raison-n-6-compresseurs-a-capacite-variable\/\" \/>\n<meta property=\"og:locale\" content=\"fr_FR\" \/>\n<meta property=\"og:type\" content=\"article\" \/>\n<meta property=\"og:title\" content=\"Raison n\u00b0 6 : Compresseurs \u00e0 capacit\u00e9 variable\" \/>\n<meta property=\"og:description\" content=\"La sixi\u00e8me raison pour laquelle les cultivateurs avis\u00e9s choisissent de plus en plus l&#039;IQ agronomique sur ce march\u00e9, ce sont nos compresseurs \u00e0 capacit\u00e9\" \/>\n<meta property=\"og:url\" content=\"https:\/\/agronomiciq.com\/fr\/raison-n-6-compresseurs-a-capacite-variable\/\" \/>\n<meta property=\"og:site_name\" content=\"AGronomic IQ\" \/>\n<meta property=\"article:modified_time\" content=\"2024-10-17T18:06:53+00:00\" \/>\n<meta property=\"og:image\" content=\"https:\/\/agronomiciq.com\/wp-content\/uploads\/2021\/12\/agiq-10-reasons-6-low.gif\" \/>\n\t<meta property=\"og:image:width\" content=\"640\" \/>\n\t<meta property=\"og:image:height\" content=\"360\" \/>\n\t<meta property=\"og:image:type\" content=\"image\/gif\" \/>\n<meta name=\"twitter:card\" content=\"summary_large_image\" \/>\n<meta name=\"twitter:label1\" content=\"Dur\u00e9e de lecture estim\u00e9e\" \/>\n\t<meta name=\"twitter:data1\" content=\"2 minutes\" \/>\n<script type=\"application\/ld+json\" class=\"yoast-schema-graph\">{\"@context\":\"https:\/\/schema.org\",\"@graph\":[{\"@type\":\"WebPage\",\"@id\":\"https:\/\/agronomiciq.com\/fr\/raison-n-6-compresseurs-a-capacite-variable\/\",\"url\":\"https:\/\/agronomiciq.com\/fr\/raison-n-6-compresseurs-a-capacite-variable\/\",\"name\":\"Raison n\u00b0 6 : Compresseurs \u00e0 capacit\u00e9 variable &#8211; AGronomic IQ\",\"isPartOf\":{\"@id\":\"https:\/\/agronomiciq.com\/fr\/#website\"},\"primaryImageOfPage\":{\"@id\":\"https:\/\/agronomiciq.com\/fr\/raison-n-6-compresseurs-a-capacite-variable\/#primaryimage\"},\"image\":{\"@id\":\"https:\/\/agronomiciq.com\/fr\/raison-n-6-compresseurs-a-capacite-variable\/#primaryimage\"},\"thumbnailUrl\":\"https:\/\/agronomiciq.com\/wp-content\/uploads\/2021\/12\/agiq-10-reasons-6-low.gif\",\"datePublished\":\"2021-03-18T17:14:04+00:00\",\"dateModified\":\"2024-10-17T18:06:53+00:00\",\"inLanguage\":\"fr-FR\",\"potentialAction\":[{\"@type\":\"ReadAction\",\"target\":[\"https:\/\/agronomiciq.com\/fr\/raison-n-6-compresseurs-a-capacite-variable\/\"]}]},{\"@type\":\"ImageObject\",\"inLanguage\":\"fr-FR\",\"@id\":\"https:\/\/agronomiciq.com\/fr\/raison-n-6-compresseurs-a-capacite-variable\/#primaryimage\",\"url\":\"https:\/\/agronomiciq.com\/wp-content\/uploads\/2021\/12\/agiq-10-reasons-6-low.gif\",\"contentUrl\":\"https:\/\/agronomiciq.com\/wp-content\/uploads\/2021\/12\/agiq-10-reasons-6-low.gif\"},{\"@type\":\"WebSite\",\"@id\":\"https:\/\/agronomiciq.com\/fr\/#website\",\"url\":\"https:\/\/agronomiciq.com\/fr\/\",\"name\":\"AGronomic IQ\",\"description\":\"Smart HVAC for Growth\",\"publisher\":{\"@id\":\"https:\/\/agronomiciq.com\/fr\/#organization\"},\"potentialAction\":[{\"@type\":\"SearchAction\",\"target\":{\"@type\":\"EntryPoint\",\"urlTemplate\":\"https:\/\/agronomiciq.com\/fr\/?s={search_term_string}\"},\"query-input\":{\"@type\":\"PropertyValueSpecification\",\"valueRequired\":true,\"valueName\":\"search_term_string\"}}],\"inLanguage\":\"fr-FR\"},{\"@type\":\"Organization\",\"@id\":\"https:\/\/agronomiciq.com\/fr\/#organization\",\"name\":\"AGronomic IQ\",\"url\":\"https:\/\/agronomiciq.com\/fr\/\",\"logo\":{\"@type\":\"ImageObject\",\"inLanguage\":\"fr-FR\",\"@id\":\"https:\/\/agronomiciq.com\/fr\/#\/schema\/logo\/image\/\",\"url\":\"https:\/\/agronomiciq.com\/wp-content\/uploads\/2022\/05\/agiq-logo-sm.png\",\"contentUrl\":\"https:\/\/agronomiciq.com\/wp-content\/uploads\/2022\/05\/agiq-logo-sm.png\",\"width\":800,\"height\":169,\"caption\":\"AGronomic IQ\"},\"image\":{\"@id\":\"https:\/\/agronomiciq.com\/fr\/#\/schema\/logo\/image\/\"},\"sameAs\":[\"https:\/\/www.linkedin.com\/company\/agronomic-iq\/\",\"https:\/\/www.youtube.com\/channel\/UC_aE0qmeFqR6yVgiEczVhaA\"]}]}<\/script>\n<!-- \/ Yoast SEO Premium plugin. -->","yoast_head_json":{"title":"Raison n\u00b0 6 : Compresseurs \u00e0 capacit\u00e9 variable &#8211; AGronomic IQ","robots":{"index":"index","follow":"follow","max-snippet":"max-snippet:-1","max-image-preview":"max-image-preview:large","max-video-preview":"max-video-preview:-1"},"canonical":"https:\/\/agronomiciq.com\/fr\/raison-n-6-compresseurs-a-capacite-variable\/","og_locale":"fr_FR","og_type":"article","og_title":"Raison n\u00b0 6 : Compresseurs \u00e0 capacit\u00e9 variable","og_description":"La sixi\u00e8me raison pour laquelle les cultivateurs avis\u00e9s choisissent de plus en plus l'IQ agronomique sur ce march\u00e9, ce sont nos compresseurs \u00e0 capacit\u00e9","og_url":"https:\/\/agronomiciq.com\/fr\/raison-n-6-compresseurs-a-capacite-variable\/","og_site_name":"AGronomic IQ","article_modified_time":"2024-10-17T18:06:53+00:00","og_image":[{"width":640,"height":360,"url":"https:\/\/agronomiciq.com\/wp-content\/uploads\/2021\/12\/agiq-10-reasons-6-low.gif","type":"image\/gif"}],"twitter_card":"summary_large_image","twitter_misc":{"Dur\u00e9e de lecture estim\u00e9e":"2 minutes"},"schema":{"@context":"https:\/\/schema.org","@graph":[{"@type":"WebPage","@id":"https:\/\/agronomiciq.com\/fr\/raison-n-6-compresseurs-a-capacite-variable\/","url":"https:\/\/agronomiciq.com\/fr\/raison-n-6-compresseurs-a-capacite-variable\/","name":"Raison n\u00b0 6 : Compresseurs \u00e0 capacit\u00e9 variable &#8211; AGronomic IQ","isPartOf":{"@id":"https:\/\/agronomiciq.com\/fr\/#website"},"primaryImageOfPage":{"@id":"https:\/\/agronomiciq.com\/fr\/raison-n-6-compresseurs-a-capacite-variable\/#primaryimage"},"image":{"@id":"https:\/\/agronomiciq.com\/fr\/raison-n-6-compresseurs-a-capacite-variable\/#primaryimage"},"thumbnailUrl":"https:\/\/agronomiciq.com\/wp-content\/uploads\/2021\/12\/agiq-10-reasons-6-low.gif","datePublished":"2021-03-18T17:14:04+00:00","dateModified":"2024-10-17T18:06:53+00:00","inLanguage":"fr-FR","potentialAction":[{"@type":"ReadAction","target":["https:\/\/agronomiciq.com\/fr\/raison-n-6-compresseurs-a-capacite-variable\/"]}]},{"@type":"ImageObject","inLanguage":"fr-FR","@id":"https:\/\/agronomiciq.com\/fr\/raison-n-6-compresseurs-a-capacite-variable\/#primaryimage","url":"https:\/\/agronomiciq.com\/wp-content\/uploads\/2021\/12\/agiq-10-reasons-6-low.gif","contentUrl":"https:\/\/agronomiciq.com\/wp-content\/uploads\/2021\/12\/agiq-10-reasons-6-low.gif"},{"@type":"WebSite","@id":"https:\/\/agronomiciq.com\/fr\/#website","url":"https:\/\/agronomiciq.com\/fr\/","name":"AGronomic IQ","description":"Smart HVAC for Growth","publisher":{"@id":"https:\/\/agronomiciq.com\/fr\/#organization"},"potentialAction":[{"@type":"SearchAction","target":{"@type":"EntryPoint","urlTemplate":"https:\/\/agronomiciq.com\/fr\/?s={search_term_string}"},"query-input":{"@type":"PropertyValueSpecification","valueRequired":true,"valueName":"search_term_string"}}],"inLanguage":"fr-FR"},{"@type":"Organization","@id":"https:\/\/agronomiciq.com\/fr\/#organization","name":"AGronomic IQ","url":"https:\/\/agronomiciq.com\/fr\/","logo":{"@type":"ImageObject","inLanguage":"fr-FR","@id":"https:\/\/agronomiciq.com\/fr\/#\/schema\/logo\/image\/","url":"https:\/\/agronomiciq.com\/wp-content\/uploads\/2022\/05\/agiq-logo-sm.png","contentUrl":"https:\/\/agronomiciq.com\/wp-content\/uploads\/2022\/05\/agiq-logo-sm.png","width":800,"height":169,"caption":"AGronomic IQ"},"image":{"@id":"https:\/\/agronomiciq.com\/fr\/#\/schema\/logo\/image\/"},"sameAs":["https:\/\/www.linkedin.com\/company\/agronomic-iq\/","https:\/\/www.youtube.com\/channel\/UC_aE0qmeFqR6yVgiEczVhaA"]}]}},"_links":{"self":[{"href":"https:\/\/agronomiciq.com\/fr\/wp-json\/wp\/v2\/pages\/8555","targetHints":{"allow":["GET"]}}],"collection":[{"href":"https:\/\/agronomiciq.com\/fr\/wp-json\/wp\/v2\/pages"}],"about":[{"href":"https:\/\/agronomiciq.com\/fr\/wp-json\/wp\/v2\/types\/page"}],"author":[{"embeddable":true,"href":"https:\/\/agronomiciq.com\/fr\/wp-json\/wp\/v2\/users\/1"}],"replies":[{"embeddable":true,"href":"https:\/\/agronomiciq.com\/fr\/wp-json\/wp\/v2\/comments?post=8555"}],"version-history":[{"count":1,"href":"https:\/\/agronomiciq.com\/fr\/wp-json\/wp\/v2\/pages\/8555\/revisions"}],"predecessor-version":[{"id":8557,"href":"https:\/\/agronomiciq.com\/fr\/wp-json\/wp\/v2\/pages\/8555\/revisions\/8557"}],"wp:attachment":[{"href":"https:\/\/agronomiciq.com\/fr\/wp-json\/wp\/v2\/media?parent=8555"}],"curies":[{"name":"wp","href":"https:\/\/api.w.org\/{rel}","templated":true}]}}