{"id":8548,"date":"2021-03-18T17:13:24","date_gmt":"2021-03-18T17:13:24","guid":{"rendered":"https:\/\/agronomiciq.com\/raison-n-4-technologie-des-parois-de-compresseurs\/"},"modified":"2024-10-17T18:06:53","modified_gmt":"2024-10-17T18:06:53","slug":"raison-n-4-technologie-des-parois-de-compresseurs","status":"publish","type":"page","link":"https:\/\/agronomiciq.com\/fr\/raison-n-4-technologie-des-parois-de-compresseurs\/","title":{"rendered":"Raison n\u00b0 4 : Technologie des parois de compresseurs"},"content":{"rendered":"\t\t<div data-elementor-type=\"wp-page\" data-elementor-id=\"8548\" class=\"elementor elementor-8548 elementor-5574\" data-elementor-post-type=\"page\">\n\t\t\t\t\t\t<section class=\"elementor-section elementor-top-section elementor-element elementor-element-a5ba59d elementor-section-boxed elementor-section-height-default elementor-section-height-default\" data-id=\"a5ba59d\" data-element_type=\"section\" data-e-type=\"section\">\n\t\t\t\t\t\t<div class=\"elementor-container elementor-column-gap-no\">\n\t\t\t\t\t<div class=\"elementor-column elementor-col-100 elementor-top-column elementor-element elementor-element-be6be99\" data-id=\"be6be99\" data-element_type=\"column\" data-e-type=\"column\">\n\t\t\t<div class=\"elementor-widget-wrap elementor-element-populated\">\n\t\t\t\t\t\t<div class=\"elementor-element elementor-element-d6dfaf8 elementor-widget elementor-widget-spacer\" data-id=\"d6dfaf8\" data-element_type=\"widget\" data-e-type=\"widget\" data-widget_type=\"spacer.default\">\n\t\t\t\t<div class=\"elementor-widget-container\">\n\t\t\t\t\t\t\t<div class=\"elementor-spacer\">\n\t\t\t<div class=\"elementor-spacer-inner\"><\/div>\n\t\t<\/div>\n\t\t\t\t\t\t<\/div>\n\t\t\t\t<\/div>\n\t\t\t\t<section class=\"elementor-section elementor-inner-section elementor-element elementor-element-b075095 elementor-section-boxed elementor-section-height-default elementor-section-height-default\" data-id=\"b075095\" data-element_type=\"section\" data-e-type=\"section\">\n\t\t\t\t\t\t<div class=\"elementor-container elementor-column-gap-extended\">\n\t\t\t\t\t<div class=\"elementor-column elementor-col-50 elementor-inner-column elementor-element elementor-element-4e1d308\" data-id=\"4e1d308\" data-element_type=\"column\" data-e-type=\"column\">\n\t\t\t<div class=\"elementor-widget-wrap elementor-element-populated\">\n\t\t\t\t\t\t<div class=\"elementor-element elementor-element-f4ac54c elementor-widget elementor-widget-image\" data-id=\"f4ac54c\" data-element_type=\"widget\" data-e-type=\"widget\" data-widget_type=\"image.default\">\n\t\t\t\t<div class=\"elementor-widget-container\">\n\t\t\t\t\t\t\t\t\t\t\t\t\t\t\t\t<a href=\"https:\/\/agronomiciq.com\/top-10-reasons\/#reason4\">\n\t\t\t\t\t\t\t<img fetchpriority=\"high\" decoding=\"async\" width=\"640\" height=\"360\" src=\"https:\/\/agronomiciq.com\/wp-content\/uploads\/2021\/12\/agiq-10-reasons-4-low.gif\" class=\"attachment-large size-large wp-image-8419\" alt=\"\" \/>\t\t\t\t\t\t\t\t<\/a>\n\t\t\t\t\t\t\t\t\t\t\t\t\t\t\t<\/div>\n\t\t\t\t<\/div>\n\t\t\t\t\t<\/div>\n\t\t<\/div>\n\t\t\t\t<div class=\"elementor-column elementor-col-50 elementor-inner-column elementor-element elementor-element-4938ff6\" data-id=\"4938ff6\" data-element_type=\"column\" data-e-type=\"column\">\n\t\t\t<div class=\"elementor-widget-wrap elementor-element-populated\">\n\t\t\t\t\t\t<div class=\"elementor-element elementor-element-4cd8d8b elementor-widget elementor-widget-text-editor\" data-id=\"4cd8d8b\" data-element_type=\"widget\" data-e-type=\"widget\" data-widget_type=\"text-editor.default\">\n\t\t\t\t<div class=\"elementor-widget-container\">\n\t\t\t\t\t\t\t\t\t<p>La quatri\u00e8me raison est notre technologie de paroi de compresseur en instance de brevet et v\u00e9ritablement innovante, qui prend d&rsquo;assaut le march\u00e9 des unit\u00e9s d&rsquo;\u00e9quipement ext\u00e9rieures emball\u00e9es. La technologie de paroi de compresseur est en fait une forme de compresseur mise en place en usine, et ces unit\u00e9s utilisent de multiples circuits de compresseur relativement petits.<\/p>\n<p>Chacun d&rsquo;entre eux est un compresseur \u00e0 deux \u00e9tages qui fournit un contr\u00f4le suppl\u00e9mentaire int\u00e9gr\u00e9 dans un seul syst\u00e8me. Ainsi, dans notre plus grande taille, vous pouvez avoir jusqu&rsquo;\u00e0 16 circuits de compresseur, chacun avec un compresseur \u00e0 deux \u00e9tages qui fournit les besoins de refroidissement et de d\u00e9shumidification de votre espace. <\/p>\n<p>Cela permet d&rsquo;obtenir une redondance in\u00e9gal\u00e9e dans cette pi\u00e8ce. La perte d&rsquo;un seul compresseur dans une unit\u00e9 de 16 tonnes, par exemple, ne r\u00e9duit votre capacit\u00e9 que de 6 %. Ce n&rsquo;est donc pas un probl\u00e8me du point de vue des op\u00e9rations. Nous avons int\u00e9gr\u00e9 des ventilateurs redondants avec des amortisseurs de Backdraft pour garantir que ces unit\u00e9s restent op\u00e9rationnelles en cas de d\u00e9faillance m\u00e9canique. Mais cela signifie \u00e9galement que vous b\u00e9n\u00e9ficiez d&rsquo;un excellent contr\u00f4le. Gr\u00e2ce au fonctionnement du compresseur \u00e0 deux \u00e9tages, nous sommes en mesure de contr\u00f4ler ces serpentins pour qu&rsquo;ils refroidissent judicieusement, qu&rsquo;ils soient entra\u00een\u00e9s ou qu&rsquo;ils refroidissent tardivement et judicieusement du c\u00f4t\u00e9 de la climatisation et du c\u00f4t\u00e9 de la d\u00e9shumidification, ce qui signifie que nous pouvons adapter tr\u00e8s \u00e9troitement le fonctionnement de l&rsquo;unit\u00e9 aux exigences de votre espace, ce qui signifie que nous pouvons contr\u00f4ler votre espace avec pr\u00e9cision.     &nbsp;<\/p>\n<p>Qu&rsquo;il s&rsquo;agisse d&rsquo;une floraison pr\u00e9coce ou d&rsquo;une culture en place jusqu&rsquo;\u00e0 la sixi\u00e8me semaine de floraison, o\u00f9 les besoins en d\u00e9shumidification sont aussi \u00e9lev\u00e9s qu&rsquo;ils le sont jusqu&rsquo;\u00e0 la fin de votre cycle de floraison, o\u00f9 vous r\u00e9duisez la temp\u00e9rature de votre pi\u00e8ce et la refroidissez.<\/p>\n<p>Nous sommes en mesure d&rsquo;adapter tr\u00e8s pr\u00e9cis\u00e9ment les performances de nos unit\u00e9s aux exigences de l&rsquo;espace, ce qui signifie que vous b\u00e9n\u00e9ficiez d&rsquo;un excellent contr\u00f4le et que vous r\u00e9duisez vos co\u00fbts d&rsquo;exploitation. Ce sont les deux caract\u00e9ristiques des unit\u00e9s \u00e0 technologie murale \u00e0 compresseur. C&rsquo;est pourquoi elles sont devenues le leader de l&rsquo;industrie, la solution par d\u00e9faut pour de nombreux grands cultivateurs dans cet espace.  <\/p>\n\t\t\t\t\t\t\t\t<\/div>\n\t\t\t\t<\/div>\n\t\t\t\t<div class=\"elementor-element elementor-element-02b1bbb back elementor-widget elementor-widget-text-editor\" data-id=\"02b1bbb\" data-element_type=\"widget\" data-e-type=\"widget\" data-widget_type=\"text-editor.default\">\n\t\t\t\t<div class=\"elementor-widget-container\">\n\t\t\t\t\t\t\t\t\t<p><a href=\"https:\/\/agronomiciq.com\/top-10-reasons\/#reason4\">retour \u00e0 la vid\u00e9o<\/a><\/p>\n\t\t\t\t\t\t\t\t<\/div>\n\t\t\t\t<\/div>\n\t\t\t\t\t<\/div>\n\t\t<\/div>\n\t\t\t\t\t<\/div>\n\t\t<\/section>\n\t\t\t\t<div class=\"elementor-element elementor-element-8f65db6 elementor-widget elementor-widget-spacer\" data-id=\"8f65db6\" data-element_type=\"widget\" data-e-type=\"widget\" data-widget_type=\"spacer.default\">\n\t\t\t\t<div class=\"elementor-widget-container\">\n\t\t\t\t\t\t\t<div class=\"elementor-spacer\">\n\t\t\t<div class=\"elementor-spacer-inner\"><\/div>\n\t\t<\/div>\n\t\t\t\t\t\t<\/div>\n\t\t\t\t<\/div>\n\t\t\t\t\t<\/div>\n\t\t<\/div>\n\t\t\t\t\t<\/div>\n\t\t<\/section>\n\t\t\t\t<\/div>\n\t\t","protected":false},"excerpt":{"rendered":"<p>La quatri\u00e8me raison est notre technologie de paroi de compresseur en instance de brevet et v\u00e9ritablement innovante, qui prend d&rsquo;assaut le march\u00e9 des unit\u00e9s d&rsquo;\u00e9quipement ext\u00e9rieures emball\u00e9es. La technologie de paroi de compresseur est en fait une forme de compresseur mise en place en usine, et ces unit\u00e9s utilisent de multiples circuits de compresseur relativement &#8230; <a title=\"Raison n\u00b0 4 : Technologie des parois de compresseurs\" class=\"read-more\" href=\"https:\/\/agronomiciq.com\/fr\/raison-n-4-technologie-des-parois-de-compresseurs\/\" aria-label=\"En savoir plus sur Raison n\u00b0 4 : Technologie des parois de compresseurs\">Lire plus<\/a><\/p>\n","protected":false},"author":1,"featured_media":0,"parent":0,"menu_order":0,"comment_status":"closed","ping_status":"closed","template":"elementor_header_footer","meta":{"footnotes":""},"class_list":["post-8548","page","type-page","status-publish"],"yoast_head":"<!-- This site is optimized with the Yoast SEO Premium plugin v27.4 (Yoast SEO v27.4) - https:\/\/yoast.com\/product\/yoast-seo-premium-wordpress\/ -->\n<title>Raison n\u00b0 4 : Technologie des parois de compresseurs &#8211; AGronomic IQ<\/title>\n<meta name=\"robots\" content=\"index, follow, max-snippet:-1, max-image-preview:large, max-video-preview:-1\" \/>\n<link rel=\"canonical\" href=\"https:\/\/agronomiciq.com\/fr\/raison-n-4-technologie-des-parois-de-compresseurs\/\" \/>\n<meta property=\"og:locale\" content=\"fr_FR\" \/>\n<meta property=\"og:type\" content=\"article\" \/>\n<meta property=\"og:title\" content=\"Raison n\u00b0 4 : Technologie des parois de compresseurs\" \/>\n<meta property=\"og:description\" content=\"La quatri\u00e8me raison est notre technologie de paroi de compresseur en instance de brevet et v\u00e9ritablement innovante, qui prend d&#039;assaut le march\u00e9 des\" \/>\n<meta property=\"og:url\" content=\"https:\/\/agronomiciq.com\/fr\/raison-n-4-technologie-des-parois-de-compresseurs\/\" \/>\n<meta property=\"og:site_name\" content=\"AGronomic IQ\" \/>\n<meta property=\"article:modified_time\" content=\"2024-10-17T18:06:53+00:00\" \/>\n<meta property=\"og:image\" content=\"https:\/\/agronomiciq.com\/wp-content\/uploads\/2021\/12\/agiq-10-reasons-4-low.gif\" \/>\n\t<meta property=\"og:image:width\" content=\"640\" \/>\n\t<meta property=\"og:image:height\" content=\"360\" \/>\n\t<meta property=\"og:image:type\" content=\"image\/gif\" \/>\n<meta name=\"twitter:card\" content=\"summary_large_image\" \/>\n<meta name=\"twitter:label1\" content=\"Dur\u00e9e de lecture estim\u00e9e\" \/>\n\t<meta name=\"twitter:data1\" content=\"2 minutes\" \/>\n<script type=\"application\/ld+json\" class=\"yoast-schema-graph\">{\"@context\":\"https:\\\/\\\/schema.org\",\"@graph\":[{\"@type\":\"WebPage\",\"@id\":\"https:\\\/\\\/agronomiciq.com\\\/fr\\\/raison-n-4-technologie-des-parois-de-compresseurs\\\/\",\"url\":\"https:\\\/\\\/agronomiciq.com\\\/fr\\\/raison-n-4-technologie-des-parois-de-compresseurs\\\/\",\"name\":\"Raison n\u00b0 4 : Technologie des parois de compresseurs &#8211; AGronomic IQ\",\"isPartOf\":{\"@id\":\"https:\\\/\\\/agronomiciq.com\\\/fr\\\/#website\"},\"primaryImageOfPage\":{\"@id\":\"https:\\\/\\\/agronomiciq.com\\\/fr\\\/raison-n-4-technologie-des-parois-de-compresseurs\\\/#primaryimage\"},\"image\":{\"@id\":\"https:\\\/\\\/agronomiciq.com\\\/fr\\\/raison-n-4-technologie-des-parois-de-compresseurs\\\/#primaryimage\"},\"thumbnailUrl\":\"https:\\\/\\\/agronomiciq.com\\\/wp-content\\\/uploads\\\/2021\\\/12\\\/agiq-10-reasons-4-low.gif\",\"datePublished\":\"2021-03-18T17:13:24+00:00\",\"dateModified\":\"2024-10-17T18:06:53+00:00\",\"inLanguage\":\"fr-FR\",\"potentialAction\":[{\"@type\":\"ReadAction\",\"target\":[\"https:\\\/\\\/agronomiciq.com\\\/fr\\\/raison-n-4-technologie-des-parois-de-compresseurs\\\/\"]}]},{\"@type\":\"ImageObject\",\"inLanguage\":\"fr-FR\",\"@id\":\"https:\\\/\\\/agronomiciq.com\\\/fr\\\/raison-n-4-technologie-des-parois-de-compresseurs\\\/#primaryimage\",\"url\":\"https:\\\/\\\/agronomiciq.com\\\/wp-content\\\/uploads\\\/2021\\\/12\\\/agiq-10-reasons-4-low.gif\",\"contentUrl\":\"https:\\\/\\\/agronomiciq.com\\\/wp-content\\\/uploads\\\/2021\\\/12\\\/agiq-10-reasons-4-low.gif\"},{\"@type\":\"WebSite\",\"@id\":\"https:\\\/\\\/agronomiciq.com\\\/fr\\\/#website\",\"url\":\"https:\\\/\\\/agronomiciq.com\\\/fr\\\/\",\"name\":\"AGronomic IQ\",\"description\":\"Smart HVAC for Growth\",\"publisher\":{\"@id\":\"https:\\\/\\\/agronomiciq.com\\\/fr\\\/#organization\"},\"potentialAction\":[{\"@type\":\"SearchAction\",\"target\":{\"@type\":\"EntryPoint\",\"urlTemplate\":\"https:\\\/\\\/agronomiciq.com\\\/fr\\\/?s={search_term_string}\"},\"query-input\":{\"@type\":\"PropertyValueSpecification\",\"valueRequired\":true,\"valueName\":\"search_term_string\"}}],\"inLanguage\":\"fr-FR\"},{\"@type\":\"Organization\",\"@id\":\"https:\\\/\\\/agronomiciq.com\\\/fr\\\/#organization\",\"name\":\"AGronomic IQ\",\"url\":\"https:\\\/\\\/agronomiciq.com\\\/fr\\\/\",\"logo\":{\"@type\":\"ImageObject\",\"inLanguage\":\"fr-FR\",\"@id\":\"https:\\\/\\\/agronomiciq.com\\\/fr\\\/#\\\/schema\\\/logo\\\/image\\\/\",\"url\":\"https:\\\/\\\/agronomiciq.com\\\/wp-content\\\/uploads\\\/2022\\\/05\\\/agiq-logo-sm.png\",\"contentUrl\":\"https:\\\/\\\/agronomiciq.com\\\/wp-content\\\/uploads\\\/2022\\\/05\\\/agiq-logo-sm.png\",\"width\":800,\"height\":169,\"caption\":\"AGronomic IQ\"},\"image\":{\"@id\":\"https:\\\/\\\/agronomiciq.com\\\/fr\\\/#\\\/schema\\\/logo\\\/image\\\/\"},\"sameAs\":[\"https:\\\/\\\/www.linkedin.com\\\/company\\\/agronomic-iq\\\/\",\"https:\\\/\\\/www.youtube.com\\\/channel\\\/UC_aE0qmeFqR6yVgiEczVhaA\"]}]}<\/script>\n<!-- \/ Yoast SEO Premium plugin. -->","yoast_head_json":{"title":"Raison n\u00b0 4 : Technologie des parois de compresseurs &#8211; AGronomic IQ","robots":{"index":"index","follow":"follow","max-snippet":"max-snippet:-1","max-image-preview":"max-image-preview:large","max-video-preview":"max-video-preview:-1"},"canonical":"https:\/\/agronomiciq.com\/fr\/raison-n-4-technologie-des-parois-de-compresseurs\/","og_locale":"fr_FR","og_type":"article","og_title":"Raison n\u00b0 4 : Technologie des parois de compresseurs","og_description":"La quatri\u00e8me raison est notre technologie de paroi de compresseur en instance de brevet et v\u00e9ritablement innovante, qui prend d'assaut le march\u00e9 des","og_url":"https:\/\/agronomiciq.com\/fr\/raison-n-4-technologie-des-parois-de-compresseurs\/","og_site_name":"AGronomic IQ","article_modified_time":"2024-10-17T18:06:53+00:00","og_image":[{"width":640,"height":360,"url":"https:\/\/agronomiciq.com\/wp-content\/uploads\/2021\/12\/agiq-10-reasons-4-low.gif","type":"image\/gif"}],"twitter_card":"summary_large_image","twitter_misc":{"Dur\u00e9e de lecture estim\u00e9e":"2 minutes"},"schema":{"@context":"https:\/\/schema.org","@graph":[{"@type":"WebPage","@id":"https:\/\/agronomiciq.com\/fr\/raison-n-4-technologie-des-parois-de-compresseurs\/","url":"https:\/\/agronomiciq.com\/fr\/raison-n-4-technologie-des-parois-de-compresseurs\/","name":"Raison n\u00b0 4 : Technologie des parois de compresseurs &#8211; AGronomic IQ","isPartOf":{"@id":"https:\/\/agronomiciq.com\/fr\/#website"},"primaryImageOfPage":{"@id":"https:\/\/agronomiciq.com\/fr\/raison-n-4-technologie-des-parois-de-compresseurs\/#primaryimage"},"image":{"@id":"https:\/\/agronomiciq.com\/fr\/raison-n-4-technologie-des-parois-de-compresseurs\/#primaryimage"},"thumbnailUrl":"https:\/\/agronomiciq.com\/wp-content\/uploads\/2021\/12\/agiq-10-reasons-4-low.gif","datePublished":"2021-03-18T17:13:24+00:00","dateModified":"2024-10-17T18:06:53+00:00","inLanguage":"fr-FR","potentialAction":[{"@type":"ReadAction","target":["https:\/\/agronomiciq.com\/fr\/raison-n-4-technologie-des-parois-de-compresseurs\/"]}]},{"@type":"ImageObject","inLanguage":"fr-FR","@id":"https:\/\/agronomiciq.com\/fr\/raison-n-4-technologie-des-parois-de-compresseurs\/#primaryimage","url":"https:\/\/agronomiciq.com\/wp-content\/uploads\/2021\/12\/agiq-10-reasons-4-low.gif","contentUrl":"https:\/\/agronomiciq.com\/wp-content\/uploads\/2021\/12\/agiq-10-reasons-4-low.gif"},{"@type":"WebSite","@id":"https:\/\/agronomiciq.com\/fr\/#website","url":"https:\/\/agronomiciq.com\/fr\/","name":"AGronomic IQ","description":"Smart HVAC for Growth","publisher":{"@id":"https:\/\/agronomiciq.com\/fr\/#organization"},"potentialAction":[{"@type":"SearchAction","target":{"@type":"EntryPoint","urlTemplate":"https:\/\/agronomiciq.com\/fr\/?s={search_term_string}"},"query-input":{"@type":"PropertyValueSpecification","valueRequired":true,"valueName":"search_term_string"}}],"inLanguage":"fr-FR"},{"@type":"Organization","@id":"https:\/\/agronomiciq.com\/fr\/#organization","name":"AGronomic IQ","url":"https:\/\/agronomiciq.com\/fr\/","logo":{"@type":"ImageObject","inLanguage":"fr-FR","@id":"https:\/\/agronomiciq.com\/fr\/#\/schema\/logo\/image\/","url":"https:\/\/agronomiciq.com\/wp-content\/uploads\/2022\/05\/agiq-logo-sm.png","contentUrl":"https:\/\/agronomiciq.com\/wp-content\/uploads\/2022\/05\/agiq-logo-sm.png","width":800,"height":169,"caption":"AGronomic IQ"},"image":{"@id":"https:\/\/agronomiciq.com\/fr\/#\/schema\/logo\/image\/"},"sameAs":["https:\/\/www.linkedin.com\/company\/agronomic-iq\/","https:\/\/www.youtube.com\/channel\/UC_aE0qmeFqR6yVgiEczVhaA"]}]}},"_links":{"self":[{"href":"https:\/\/agronomiciq.com\/fr\/wp-json\/wp\/v2\/pages\/8548","targetHints":{"allow":["GET"]}}],"collection":[{"href":"https:\/\/agronomiciq.com\/fr\/wp-json\/wp\/v2\/pages"}],"about":[{"href":"https:\/\/agronomiciq.com\/fr\/wp-json\/wp\/v2\/types\/page"}],"author":[{"embeddable":true,"href":"https:\/\/agronomiciq.com\/fr\/wp-json\/wp\/v2\/users\/1"}],"replies":[{"embeddable":true,"href":"https:\/\/agronomiciq.com\/fr\/wp-json\/wp\/v2\/comments?post=8548"}],"version-history":[{"count":1,"href":"https:\/\/agronomiciq.com\/fr\/wp-json\/wp\/v2\/pages\/8548\/revisions"}],"predecessor-version":[{"id":8549,"href":"https:\/\/agronomiciq.com\/fr\/wp-json\/wp\/v2\/pages\/8548\/revisions\/8549"}],"wp:attachment":[{"href":"https:\/\/agronomiciq.com\/fr\/wp-json\/wp\/v2\/media?parent=8548"}],"curies":[{"name":"wp","href":"https:\/\/api.w.org\/{rel}","templated":true}]}}