{"id":8547,"date":"2021-03-16T21:42:33","date_gmt":"2021-03-16T21:42:33","guid":{"rendered":"https:\/\/agronomiciq.com\/introduction-de-la-technologie-des-murs-a-compresseur-pour-les-chambres-de-culture\/"},"modified":"2024-10-17T18:06:53","modified_gmt":"2024-10-17T18:06:53","slug":"introduction-de-la-technologie-des-murs-a-compresseur-pour-les-chambres-de-culture","status":"publish","type":"page","link":"https:\/\/agronomiciq.com\/fr\/introduction-de-la-technologie-des-murs-a-compresseur-pour-les-chambres-de-culture\/","title":{"rendered":"Introduction de la technologie des murs \u00e0 compresseur pour les chambres de culture"},"content":{"rendered":"\t\t<div data-elementor-type=\"wp-page\" data-elementor-id=\"8547\" class=\"elementor elementor-8547 elementor-5021\" data-elementor-post-type=\"page\">\n\t\t\t\t\t\t<section class=\"elementor-section elementor-top-section elementor-element elementor-element-a5ba59d elementor-section-boxed elementor-section-height-default elementor-section-height-default\" data-id=\"a5ba59d\" data-element_type=\"section\" data-e-type=\"section\">\n\t\t\t\t\t\t<div class=\"elementor-container elementor-column-gap-no\">\n\t\t\t\t\t<div class=\"elementor-column elementor-col-100 elementor-top-column elementor-element elementor-element-be6be99\" data-id=\"be6be99\" data-element_type=\"column\" data-e-type=\"column\">\n\t\t\t<div class=\"elementor-widget-wrap elementor-element-populated\">\n\t\t\t\t\t\t<div class=\"elementor-element elementor-element-d6dfaf8 elementor-widget elementor-widget-spacer\" data-id=\"d6dfaf8\" data-element_type=\"widget\" data-e-type=\"widget\" data-widget_type=\"spacer.default\">\n\t\t\t\t<div class=\"elementor-widget-container\">\n\t\t\t\t\t\t\t<div class=\"elementor-spacer\">\n\t\t\t<div class=\"elementor-spacer-inner\"><\/div>\n\t\t<\/div>\n\t\t\t\t\t\t<\/div>\n\t\t\t\t<\/div>\n\t\t\t\t<section class=\"elementor-section elementor-inner-section elementor-element elementor-element-b075095 elementor-section-boxed elementor-section-height-default elementor-section-height-default\" data-id=\"b075095\" data-element_type=\"section\" data-e-type=\"section\">\n\t\t\t\t\t\t<div class=\"elementor-container elementor-column-gap-extended\">\n\t\t\t\t\t<div class=\"elementor-column elementor-col-50 elementor-inner-column elementor-element elementor-element-4e1d308\" data-id=\"4e1d308\" data-element_type=\"column\" data-e-type=\"column\">\n\t\t\t<div class=\"elementor-widget-wrap elementor-element-populated\">\n\t\t\t\t\t\t<div class=\"elementor-element elementor-element-143009c elementor-position-top elementor-widget elementor-widget-image-box\" data-id=\"143009c\" data-element_type=\"widget\" data-e-type=\"widget\" data-widget_type=\"image-box.default\">\n\t\t\t\t<div class=\"elementor-widget-container\">\n\t\t\t\t\t<div class=\"elementor-image-box-wrapper\"><figure class=\"elementor-image-box-img\"><a href=\"https:\/\/agronomiciq.com\/compressor-wall\/#video\" tabindex=\"-1\"><img fetchpriority=\"high\" decoding=\"async\" width=\"739\" height=\"415\" src=\"https:\/\/agronomiciq.com\/wp-content\/uploads\/2022\/03\/agronomic-iq-compressor-wall-technology-quick-overview-high.gif\" class=\"attachment-full size-full wp-image-8448\" alt=\"\" \/><\/a><\/figure><div class=\"elementor-image-box-content\"><p class=\"elementor-image-box-title\"><a href=\"https:\/\/agronomiciq.com\/compressor-wall\/#video\">Voir la vid\u00e9o compl\u00e8te<\/a><\/p><\/div><\/div>\t\t\t\t<\/div>\n\t\t\t\t<\/div>\n\t\t\t\t\t<\/div>\n\t\t<\/div>\n\t\t\t\t<div class=\"elementor-column elementor-col-50 elementor-inner-column elementor-element elementor-element-4938ff6\" data-id=\"4938ff6\" data-element_type=\"column\" data-e-type=\"column\">\n\t\t\t<div class=\"elementor-widget-wrap elementor-element-populated\">\n\t\t\t\t\t\t<div class=\"elementor-element elementor-element-4cd8d8b elementor-widget elementor-widget-text-editor\" data-id=\"4cd8d8b\" data-element_type=\"widget\" data-e-type=\"widget\" data-widget_type=\"text-editor.default\">\n\t\t\t\t<div class=\"elementor-widget-container\">\n\t\t\t\t\t\t\t\t\t<p>La technologie brevet\u00e9e Compressor wall d&rsquo;Agronomic IQ va de 10 \u00e0 120 tonnes et est con\u00e7ue d\u00e8s le d\u00e9part pour vous offrir une contr\u00f4labilit\u00e9, une redondance et un rendement in\u00e9gal\u00e9s, \u00e0 vous, le cultivateur. Chacune de ces unit\u00e9s est con\u00e7ue sp\u00e9cifiquement pour le march\u00e9 de l&rsquo;agriculture et comprend plusieurs petits circuits de compresseurs, chacun avec un compresseur \u00e0 deux \u00e9tages pour adapter ses performances aux exigences de votre pi\u00e8ce. <\/p>\n<p>Notre objectif est de faire en sorte que vous, le cultivateur, puissiez vous concentrer sur vos plantes, sur votre \u00e9clairage, sur vos nutriments, et que vous n&rsquo;ayez pas le mal de t\u00eate que vous avez d\u00e9j\u00e0 eu. Historiquement, c&rsquo;est ce que nous faisons ici \u00e0 Agronomic IQ, et nous avons une vid\u00e9o plus longue d\u00e9crivant le mur de compresseurs de 55 tonnes que vous voyez derri\u00e8re moi et le fonctionnement interne de cette unit\u00e9. <\/p>\n<p>Je vous invite donc \u00e0 y jeter un coup d&rsquo;\u0153il si vous le souhaitez. Mais je vous invite \u00e9galement \u00e0 prendre contact avec nous et je me r\u00e9jouis de travailler avec vous sur votre projet. <\/p>\n\t\t\t\t\t\t\t\t<\/div>\n\t\t\t\t<\/div>\n\t\t\t\t<div class=\"elementor-element elementor-element-02b1bbb back elementor-widget elementor-widget-text-editor\" data-id=\"02b1bbb\" data-element_type=\"widget\" data-e-type=\"widget\" data-widget_type=\"text-editor.default\">\n\t\t\t\t<div class=\"elementor-widget-container\">\n\t\t\t\t\t\t\t\t\t<p><a href=\"https:\/\/agronomiciq.com\/compressor-wall\/#video\">retour \u00e0 la vid\u00e9o<\/a><\/p>\n\t\t\t\t\t\t\t\t<\/div>\n\t\t\t\t<\/div>\n\t\t\t\t\t<\/div>\n\t\t<\/div>\n\t\t\t\t\t<\/div>\n\t\t<\/section>\n\t\t\t\t<div class=\"elementor-element elementor-element-8f65db6 elementor-widget elementor-widget-spacer\" data-id=\"8f65db6\" data-element_type=\"widget\" data-e-type=\"widget\" data-widget_type=\"spacer.default\">\n\t\t\t\t<div class=\"elementor-widget-container\">\n\t\t\t\t\t\t\t<div class=\"elementor-spacer\">\n\t\t\t<div class=\"elementor-spacer-inner\"><\/div>\n\t\t<\/div>\n\t\t\t\t\t\t<\/div>\n\t\t\t\t<\/div>\n\t\t\t\t\t<\/div>\n\t\t<\/div>\n\t\t\t\t\t<\/div>\n\t\t<\/section>\n\t\t\t\t<\/div>\n\t\t","protected":false},"excerpt":{"rendered":"<p>Voir la vid\u00e9o compl\u00e8te La technologie brevet\u00e9e Compressor wall d&rsquo;Agronomic IQ va de 10 \u00e0 120 tonnes et est con\u00e7ue d\u00e8s le d\u00e9part pour vous offrir une contr\u00f4labilit\u00e9, une redondance et un rendement in\u00e9gal\u00e9s, \u00e0 vous, le cultivateur. Chacune de ces unit\u00e9s est con\u00e7ue sp\u00e9cifiquement pour le march\u00e9 de l&rsquo;agriculture et comprend plusieurs petits circuits &#8230; <a title=\"Introduction de la technologie des murs \u00e0 compresseur pour les chambres de culture\" class=\"read-more\" href=\"https:\/\/agronomiciq.com\/fr\/introduction-de-la-technologie-des-murs-a-compresseur-pour-les-chambres-de-culture\/\" aria-label=\"En savoir plus sur Introduction de la technologie des murs \u00e0 compresseur pour les chambres de culture\">Lire plus<\/a><\/p>\n","protected":false},"author":1,"featured_media":0,"parent":0,"menu_order":0,"comment_status":"closed","ping_status":"closed","template":"elementor_header_footer","meta":{"footnotes":""},"class_list":["post-8547","page","type-page","status-publish"],"yoast_head":"<!-- This site is optimized with the Yoast SEO Premium plugin v27.1 (Yoast SEO v27.1.1) - https:\/\/yoast.com\/product\/yoast-seo-premium-wordpress\/ -->\n<title>Introduction de la technologie des murs \u00e0 compresseur pour les chambres de culture &#8211; AGronomic IQ<\/title>\n<meta name=\"robots\" content=\"index, follow, max-snippet:-1, max-image-preview:large, max-video-preview:-1\" \/>\n<link rel=\"canonical\" href=\"https:\/\/agronomiciq.com\/fr\/introduction-de-la-technologie-des-murs-a-compresseur-pour-les-chambres-de-culture\/\" \/>\n<meta property=\"og:locale\" content=\"fr_FR\" \/>\n<meta property=\"og:type\" content=\"article\" \/>\n<meta property=\"og:title\" content=\"Introduction de la technologie des murs \u00e0 compresseur pour les chambres de culture\" \/>\n<meta property=\"og:description\" content=\"Voir la vid\u00e9o compl\u00e8te La technologie brevet\u00e9e Compressor wall d&#039;Agronomic IQ va de 10 \u00e0 120 tonnes et est con\u00e7ue d\u00e8s le d\u00e9part pour vous offrir une\" \/>\n<meta property=\"og:url\" content=\"https:\/\/agronomiciq.com\/fr\/introduction-de-la-technologie-des-murs-a-compresseur-pour-les-chambres-de-culture\/\" \/>\n<meta property=\"og:site_name\" content=\"AGronomic IQ\" \/>\n<meta property=\"article:modified_time\" content=\"2024-10-17T18:06:53+00:00\" \/>\n<meta property=\"og:image\" content=\"https:\/\/agronomiciq.com\/wp-content\/uploads\/2022\/03\/agronomic-iq-compressor-wall-technology-quick-overview-high.gif\" \/>\n\t<meta property=\"og:image:width\" content=\"739\" \/>\n\t<meta property=\"og:image:height\" content=\"415\" \/>\n\t<meta property=\"og:image:type\" content=\"image\/gif\" \/>\n<meta name=\"twitter:card\" content=\"summary_large_image\" \/>\n<meta name=\"twitter:label1\" content=\"Dur\u00e9e de lecture estim\u00e9e\" \/>\n\t<meta name=\"twitter:data1\" content=\"1 minute\" \/>\n<script type=\"application\/ld+json\" class=\"yoast-schema-graph\">{\"@context\":\"https:\/\/schema.org\",\"@graph\":[{\"@type\":\"WebPage\",\"@id\":\"https:\/\/agronomiciq.com\/fr\/introduction-de-la-technologie-des-murs-a-compresseur-pour-les-chambres-de-culture\/\",\"url\":\"https:\/\/agronomiciq.com\/fr\/introduction-de-la-technologie-des-murs-a-compresseur-pour-les-chambres-de-culture\/\",\"name\":\"Introduction de la technologie des murs \u00e0 compresseur pour les chambres de culture &#8211; AGronomic IQ\",\"isPartOf\":{\"@id\":\"https:\/\/agronomiciq.com\/fr\/#website\"},\"primaryImageOfPage\":{\"@id\":\"https:\/\/agronomiciq.com\/fr\/introduction-de-la-technologie-des-murs-a-compresseur-pour-les-chambres-de-culture\/#primaryimage\"},\"image\":{\"@id\":\"https:\/\/agronomiciq.com\/fr\/introduction-de-la-technologie-des-murs-a-compresseur-pour-les-chambres-de-culture\/#primaryimage\"},\"thumbnailUrl\":\"https:\/\/agronomiciq.com\/wp-content\/uploads\/2022\/03\/agronomic-iq-compressor-wall-technology-quick-overview-high.gif\",\"datePublished\":\"2021-03-16T21:42:33+00:00\",\"dateModified\":\"2024-10-17T18:06:53+00:00\",\"inLanguage\":\"fr-FR\",\"potentialAction\":[{\"@type\":\"ReadAction\",\"target\":[\"https:\/\/agronomiciq.com\/fr\/introduction-de-la-technologie-des-murs-a-compresseur-pour-les-chambres-de-culture\/\"]}]},{\"@type\":\"ImageObject\",\"inLanguage\":\"fr-FR\",\"@id\":\"https:\/\/agronomiciq.com\/fr\/introduction-de-la-technologie-des-murs-a-compresseur-pour-les-chambres-de-culture\/#primaryimage\",\"url\":\"https:\/\/agronomiciq.com\/wp-content\/uploads\/2022\/03\/agronomic-iq-compressor-wall-technology-quick-overview-high.gif\",\"contentUrl\":\"https:\/\/agronomiciq.com\/wp-content\/uploads\/2022\/03\/agronomic-iq-compressor-wall-technology-quick-overview-high.gif\"},{\"@type\":\"WebSite\",\"@id\":\"https:\/\/agronomiciq.com\/fr\/#website\",\"url\":\"https:\/\/agronomiciq.com\/fr\/\",\"name\":\"AGronomic IQ\",\"description\":\"Smart HVAC for Growth\",\"publisher\":{\"@id\":\"https:\/\/agronomiciq.com\/fr\/#organization\"},\"potentialAction\":[{\"@type\":\"SearchAction\",\"target\":{\"@type\":\"EntryPoint\",\"urlTemplate\":\"https:\/\/agronomiciq.com\/fr\/?s={search_term_string}\"},\"query-input\":{\"@type\":\"PropertyValueSpecification\",\"valueRequired\":true,\"valueName\":\"search_term_string\"}}],\"inLanguage\":\"fr-FR\"},{\"@type\":\"Organization\",\"@id\":\"https:\/\/agronomiciq.com\/fr\/#organization\",\"name\":\"AGronomic IQ\",\"url\":\"https:\/\/agronomiciq.com\/fr\/\",\"logo\":{\"@type\":\"ImageObject\",\"inLanguage\":\"fr-FR\",\"@id\":\"https:\/\/agronomiciq.com\/fr\/#\/schema\/logo\/image\/\",\"url\":\"https:\/\/agronomiciq.com\/wp-content\/uploads\/2022\/05\/agiq-logo-sm.png\",\"contentUrl\":\"https:\/\/agronomiciq.com\/wp-content\/uploads\/2022\/05\/agiq-logo-sm.png\",\"width\":800,\"height\":169,\"caption\":\"AGronomic IQ\"},\"image\":{\"@id\":\"https:\/\/agronomiciq.com\/fr\/#\/schema\/logo\/image\/\"},\"sameAs\":[\"https:\/\/www.linkedin.com\/company\/agronomic-iq\/\",\"https:\/\/www.youtube.com\/channel\/UC_aE0qmeFqR6yVgiEczVhaA\"]}]}<\/script>\n<!-- \/ Yoast SEO Premium plugin. -->","yoast_head_json":{"title":"Introduction de la technologie des murs \u00e0 compresseur pour les chambres de culture &#8211; AGronomic IQ","robots":{"index":"index","follow":"follow","max-snippet":"max-snippet:-1","max-image-preview":"max-image-preview:large","max-video-preview":"max-video-preview:-1"},"canonical":"https:\/\/agronomiciq.com\/fr\/introduction-de-la-technologie-des-murs-a-compresseur-pour-les-chambres-de-culture\/","og_locale":"fr_FR","og_type":"article","og_title":"Introduction de la technologie des murs \u00e0 compresseur pour les chambres de culture","og_description":"Voir la vid\u00e9o compl\u00e8te La technologie brevet\u00e9e Compressor wall d'Agronomic IQ va de 10 \u00e0 120 tonnes et est con\u00e7ue d\u00e8s le d\u00e9part pour vous offrir une","og_url":"https:\/\/agronomiciq.com\/fr\/introduction-de-la-technologie-des-murs-a-compresseur-pour-les-chambres-de-culture\/","og_site_name":"AGronomic IQ","article_modified_time":"2024-10-17T18:06:53+00:00","og_image":[{"url":"https:\/\/agronomiciq.com\/wp-content\/uploads\/2022\/03\/agronomic-iq-compressor-wall-technology-quick-overview-high.gif","width":739,"height":415,"type":"image\/gif"}],"twitter_card":"summary_large_image","twitter_misc":{"Dur\u00e9e de lecture estim\u00e9e":"1 minute"},"schema":{"@context":"https:\/\/schema.org","@graph":[{"@type":"WebPage","@id":"https:\/\/agronomiciq.com\/fr\/introduction-de-la-technologie-des-murs-a-compresseur-pour-les-chambres-de-culture\/","url":"https:\/\/agronomiciq.com\/fr\/introduction-de-la-technologie-des-murs-a-compresseur-pour-les-chambres-de-culture\/","name":"Introduction de la technologie des murs \u00e0 compresseur pour les chambres de culture &#8211; AGronomic IQ","isPartOf":{"@id":"https:\/\/agronomiciq.com\/fr\/#website"},"primaryImageOfPage":{"@id":"https:\/\/agronomiciq.com\/fr\/introduction-de-la-technologie-des-murs-a-compresseur-pour-les-chambres-de-culture\/#primaryimage"},"image":{"@id":"https:\/\/agronomiciq.com\/fr\/introduction-de-la-technologie-des-murs-a-compresseur-pour-les-chambres-de-culture\/#primaryimage"},"thumbnailUrl":"https:\/\/agronomiciq.com\/wp-content\/uploads\/2022\/03\/agronomic-iq-compressor-wall-technology-quick-overview-high.gif","datePublished":"2021-03-16T21:42:33+00:00","dateModified":"2024-10-17T18:06:53+00:00","inLanguage":"fr-FR","potentialAction":[{"@type":"ReadAction","target":["https:\/\/agronomiciq.com\/fr\/introduction-de-la-technologie-des-murs-a-compresseur-pour-les-chambres-de-culture\/"]}]},{"@type":"ImageObject","inLanguage":"fr-FR","@id":"https:\/\/agronomiciq.com\/fr\/introduction-de-la-technologie-des-murs-a-compresseur-pour-les-chambres-de-culture\/#primaryimage","url":"https:\/\/agronomiciq.com\/wp-content\/uploads\/2022\/03\/agronomic-iq-compressor-wall-technology-quick-overview-high.gif","contentUrl":"https:\/\/agronomiciq.com\/wp-content\/uploads\/2022\/03\/agronomic-iq-compressor-wall-technology-quick-overview-high.gif"},{"@type":"WebSite","@id":"https:\/\/agronomiciq.com\/fr\/#website","url":"https:\/\/agronomiciq.com\/fr\/","name":"AGronomic IQ","description":"Smart HVAC for Growth","publisher":{"@id":"https:\/\/agronomiciq.com\/fr\/#organization"},"potentialAction":[{"@type":"SearchAction","target":{"@type":"EntryPoint","urlTemplate":"https:\/\/agronomiciq.com\/fr\/?s={search_term_string}"},"query-input":{"@type":"PropertyValueSpecification","valueRequired":true,"valueName":"search_term_string"}}],"inLanguage":"fr-FR"},{"@type":"Organization","@id":"https:\/\/agronomiciq.com\/fr\/#organization","name":"AGronomic IQ","url":"https:\/\/agronomiciq.com\/fr\/","logo":{"@type":"ImageObject","inLanguage":"fr-FR","@id":"https:\/\/agronomiciq.com\/fr\/#\/schema\/logo\/image\/","url":"https:\/\/agronomiciq.com\/wp-content\/uploads\/2022\/05\/agiq-logo-sm.png","contentUrl":"https:\/\/agronomiciq.com\/wp-content\/uploads\/2022\/05\/agiq-logo-sm.png","width":800,"height":169,"caption":"AGronomic IQ"},"image":{"@id":"https:\/\/agronomiciq.com\/fr\/#\/schema\/logo\/image\/"},"sameAs":["https:\/\/www.linkedin.com\/company\/agronomic-iq\/","https:\/\/www.youtube.com\/channel\/UC_aE0qmeFqR6yVgiEczVhaA"]}]}},"_links":{"self":[{"href":"https:\/\/agronomiciq.com\/fr\/wp-json\/wp\/v2\/pages\/8547","targetHints":{"allow":["GET"]}}],"collection":[{"href":"https:\/\/agronomiciq.com\/fr\/wp-json\/wp\/v2\/pages"}],"about":[{"href":"https:\/\/agronomiciq.com\/fr\/wp-json\/wp\/v2\/types\/page"}],"author":[{"embeddable":true,"href":"https:\/\/agronomiciq.com\/fr\/wp-json\/wp\/v2\/users\/1"}],"replies":[{"embeddable":true,"href":"https:\/\/agronomiciq.com\/fr\/wp-json\/wp\/v2\/comments?post=8547"}],"version-history":[{"count":1,"href":"https:\/\/agronomiciq.com\/fr\/wp-json\/wp\/v2\/pages\/8547\/revisions"}],"predecessor-version":[{"id":8550,"href":"https:\/\/agronomiciq.com\/fr\/wp-json\/wp\/v2\/pages\/8547\/revisions\/8550"}],"wp:attachment":[{"href":"https:\/\/agronomiciq.com\/fr\/wp-json\/wp\/v2\/media?parent=8547"}],"curies":[{"name":"wp","href":"https:\/\/api.w.org\/{rel}","templated":true}]}}