{"id":8545,"date":"2021-03-18T17:15:40","date_gmt":"2021-03-18T17:15:40","guid":{"rendered":"https:\/\/agronomiciq.com\/raison-n-5-un-service-et-une-assistance-cvc-a-la-pointe-de-lindustrie\/"},"modified":"2024-10-17T18:06:26","modified_gmt":"2024-10-17T18:06:26","slug":"raison-n-5-un-service-et-une-assistance-cvc-a-la-pointe-de-lindustrie","status":"publish","type":"page","link":"https:\/\/agronomiciq.com\/fr\/raison-n-5-un-service-et-une-assistance-cvc-a-la-pointe-de-lindustrie\/","title":{"rendered":"Raison n\u00b0 5 : Un service et une assistance CVC \u00e0 la pointe de l&rsquo;industrie"},"content":{"rendered":"\t\t<div data-elementor-type=\"wp-page\" data-elementor-id=\"8545\" class=\"elementor elementor-8545 elementor-5588\" data-elementor-post-type=\"page\">\n\t\t\t\t\t\t<section class=\"elementor-section elementor-top-section elementor-element elementor-element-a5ba59d elementor-section-boxed elementor-section-height-default elementor-section-height-default\" data-id=\"a5ba59d\" data-element_type=\"section\" data-e-type=\"section\">\n\t\t\t\t\t\t<div class=\"elementor-container elementor-column-gap-no\">\n\t\t\t\t\t<div class=\"elementor-column elementor-col-100 elementor-top-column elementor-element elementor-element-be6be99\" data-id=\"be6be99\" data-element_type=\"column\" data-e-type=\"column\">\n\t\t\t<div class=\"elementor-widget-wrap elementor-element-populated\">\n\t\t\t\t\t\t<div class=\"elementor-element elementor-element-d6dfaf8 elementor-widget elementor-widget-spacer\" data-id=\"d6dfaf8\" data-element_type=\"widget\" data-e-type=\"widget\" data-widget_type=\"spacer.default\">\n\t\t\t\t<div class=\"elementor-widget-container\">\n\t\t\t\t\t\t\t<div class=\"elementor-spacer\">\n\t\t\t<div class=\"elementor-spacer-inner\"><\/div>\n\t\t<\/div>\n\t\t\t\t\t\t<\/div>\n\t\t\t\t<\/div>\n\t\t\t\t<section class=\"elementor-section elementor-inner-section elementor-element elementor-element-b075095 elementor-section-boxed elementor-section-height-default elementor-section-height-default\" data-id=\"b075095\" data-element_type=\"section\" data-e-type=\"section\">\n\t\t\t\t\t\t<div class=\"elementor-container elementor-column-gap-extended\">\n\t\t\t\t\t<div class=\"elementor-column elementor-col-50 elementor-inner-column elementor-element elementor-element-4e1d308\" data-id=\"4e1d308\" data-element_type=\"column\" data-e-type=\"column\">\n\t\t\t<div class=\"elementor-widget-wrap elementor-element-populated\">\n\t\t\t\t\t\t<div class=\"elementor-element elementor-element-f4ac54c elementor-widget elementor-widget-image\" data-id=\"f4ac54c\" data-element_type=\"widget\" data-e-type=\"widget\" data-widget_type=\"image.default\">\n\t\t\t\t<div class=\"elementor-widget-container\">\n\t\t\t\t\t\t\t\t\t\t\t\t\t\t\t\t<a href=\"https:\/\/agronomiciq.com\/top-10-reasons\/#reason11\">\n\t\t\t\t\t\t\t<img fetchpriority=\"high\" decoding=\"async\" width=\"640\" height=\"360\" src=\"https:\/\/agronomiciq.com\/wp-content\/uploads\/2021\/12\/agiq-10-reasons-5-low.gif\" class=\"attachment-large size-large wp-image-8420\" alt=\"\" \/>\t\t\t\t\t\t\t\t<\/a>\n\t\t\t\t\t\t\t\t\t\t\t\t\t\t\t<\/div>\n\t\t\t\t<\/div>\n\t\t\t\t\t<\/div>\n\t\t<\/div>\n\t\t\t\t<div class=\"elementor-column elementor-col-50 elementor-inner-column elementor-element elementor-element-4938ff6\" data-id=\"4938ff6\" data-element_type=\"column\" data-e-type=\"column\">\n\t\t\t<div class=\"elementor-widget-wrap elementor-element-populated\">\n\t\t\t\t\t\t<div class=\"elementor-element elementor-element-4cd8d8b elementor-widget elementor-widget-text-editor\" data-id=\"4cd8d8b\" data-element_type=\"widget\" data-e-type=\"widget\" data-widget_type=\"text-editor.default\">\n\t\t\t\t<div class=\"elementor-widget-container\">\n\t\t\t\t\t\t\t\t\t<p>La cinqui\u00e8me raison pour laquelle les cultivateurs avis\u00e9s choisissent toujours agronomic IQ, c&rsquo;est que nous offrons un service et une assistance de premier ordre. Notre \u00e9quipe de service est employ\u00e9e par l&rsquo;usine. Ce ne sont pas des sous-traitants. Ils sont employ\u00e9s par notre organisation, ce qui signifie que vous disposez d&rsquo;une entit\u00e9 connue qui vous soutiendra \u00e0 l&rsquo;avenir.     <\/p>\n<p>Ces personnes ont acc\u00e8s \u00e0 notre \u00e9quipe d&rsquo;ing\u00e9nieurs. Nous sommes \u00e9galement l&rsquo;\u00e9quipementier. Nous ne rebadgeons pas l&rsquo;\u00e9quipement d&rsquo;un tiers. Nous concevons et construisons l&rsquo;\u00e9quipement en interne. Notre \u00e9quipe de service est l\u00e0 pour vous aider dans le processus de conception. Ces personnes savent tout ce qu&rsquo;il y a \u00e0 savoir sur l&rsquo;\u00e9quipement.     <\/p>\n<p>Dans le cadre de notre offre, nous incluons la mise en service de chaque \u00e9quipement, ce qui signifie que nos techniciens d&rsquo;usine seront pr\u00e9sents sur le site avec votre entrepreneur en m\u00e9canique, pour mettre en service l&rsquo;\u00e9quipement, faire fonctionner vos pi\u00e8ces et les r\u00e9gler avec pr\u00e9cision.<\/p>\n<p>Encore une fois, nous sommes des partenaires dans ce secteur. Nous voulons que vous r\u00e9ussissiez. C&rsquo;est tr\u00e8s important pour nous, ce qui signifie que nous allons faire plusieurs voyages. En r\u00e8gle g\u00e9n\u00e9rale, nous nous rendons sur place avant le d\u00e9marrage pour nous assurer que votre entrepreneur a obtenu des r\u00e9ponses \u00e0 toutes ses questions concernant l&rsquo;installation correcte de l&rsquo;\u00e9quipement, la pose des conduits, tout ce qu&rsquo;il a besoin de savoir. Nous l&rsquo;aiderons. Nous sommes l\u00e0 pour vous aider \u00e0 d\u00e9marrer l&rsquo;\u00e9quipement, pour former les propri\u00e9taires exploitants. Votre responsable de la maintenance, celui qui s&rsquo;occupera des \u00e9quipements au quotidien, est cens\u00e9 faire partie de ce processus.      <\/p>\n<p>Nous voulons qu&rsquo;il participe \u00e0 ce processus, qu&rsquo;il pose des questions, qu&rsquo;il se familiarise avec les machines, et nous assurerons ensuite le suivi. Nous avons la possibilit\u00e9 d&rsquo;effectuer des r\u00e9glages fins \u00e0 distance, dont nous parlerons dans quelques vid\u00e9os, mais nous avons aussi la possibilit\u00e9 de retourner sur le site et de nous assurer que, le plus rapidement possible, votre salle fonctionne parfaitement. Et c&rsquo;est une grande partie de ce que nous voulons faire, nous voulons que votre salle soit op\u00e9rationnelle le plus rapidement possible.    <\/p>\n<p>La mise en route, l&rsquo;installation et le r\u00e9glage sont donc rapides, de sorte qu&rsquo;en l&rsquo;espace d&rsquo;un cycle ou deux dans la salle de floraison, vous atteignez votre capacit\u00e9 maximale absolue et vous augmentez vos rendements et votre retour sur investissement de fa\u00e7on spectaculaire. Tel est notre objectif. <\/p>\n\t\t\t\t\t\t\t\t<\/div>\n\t\t\t\t<\/div>\n\t\t\t\t<div class=\"elementor-element elementor-element-02b1bbb back elementor-widget elementor-widget-text-editor\" data-id=\"02b1bbb\" data-element_type=\"widget\" data-e-type=\"widget\" data-widget_type=\"text-editor.default\">\n\t\t\t\t<div class=\"elementor-widget-container\">\n\t\t\t\t\t\t\t\t\t<p><a href=\"https:\/\/agronomiciq.com\/top-10-reasons\/#reason11\">retour \u00e0 la vid\u00e9o<\/a><\/p>\n\t\t\t\t\t\t\t\t<\/div>\n\t\t\t\t<\/div>\n\t\t\t\t\t<\/div>\n\t\t<\/div>\n\t\t\t\t\t<\/div>\n\t\t<\/section>\n\t\t\t\t<div class=\"elementor-element elementor-element-8f65db6 elementor-widget elementor-widget-spacer\" data-id=\"8f65db6\" data-element_type=\"widget\" data-e-type=\"widget\" data-widget_type=\"spacer.default\">\n\t\t\t\t<div class=\"elementor-widget-container\">\n\t\t\t\t\t\t\t<div class=\"elementor-spacer\">\n\t\t\t<div class=\"elementor-spacer-inner\"><\/div>\n\t\t<\/div>\n\t\t\t\t\t\t<\/div>\n\t\t\t\t<\/div>\n\t\t\t\t\t<\/div>\n\t\t<\/div>\n\t\t\t\t\t<\/div>\n\t\t<\/section>\n\t\t\t\t<\/div>\n\t\t","protected":false},"excerpt":{"rendered":"<p>La cinqui\u00e8me raison pour laquelle les cultivateurs avis\u00e9s choisissent toujours agronomic IQ, c&rsquo;est que nous offrons un service et une assistance de premier ordre. Notre \u00e9quipe de service est employ\u00e9e par l&rsquo;usine. Ce ne sont pas des sous-traitants. Ils sont employ\u00e9s par notre organisation, ce qui signifie que vous disposez d&rsquo;une entit\u00e9 connue qui vous &#8230; <a title=\"Raison n\u00b0 5 : Un service et une assistance CVC \u00e0 la pointe de l&rsquo;industrie\" class=\"read-more\" href=\"https:\/\/agronomiciq.com\/fr\/raison-n-5-un-service-et-une-assistance-cvc-a-la-pointe-de-lindustrie\/\" aria-label=\"En savoir plus sur Raison n\u00b0 5 : Un service et une assistance CVC \u00e0 la pointe de l&rsquo;industrie\">Lire plus<\/a><\/p>\n","protected":false},"author":1,"featured_media":0,"parent":0,"menu_order":0,"comment_status":"closed","ping_status":"closed","template":"elementor_header_footer","meta":{"footnotes":""},"class_list":["post-8545","page","type-page","status-publish"],"yoast_head":"<!-- This site is optimized with the Yoast SEO Premium plugin v27.1 (Yoast SEO v27.1.1) - https:\/\/yoast.com\/product\/yoast-seo-premium-wordpress\/ -->\n<title>Raison n\u00b0 5 : Un service et une assistance CVC \u00e0 la pointe de l&#039;industrie &#8211; AGronomic IQ<\/title>\n<meta name=\"robots\" content=\"index, follow, max-snippet:-1, max-image-preview:large, max-video-preview:-1\" \/>\n<link rel=\"canonical\" href=\"https:\/\/agronomiciq.com\/fr\/raison-n-5-un-service-et-une-assistance-cvc-a-la-pointe-de-lindustrie\/\" \/>\n<meta property=\"og:locale\" content=\"fr_FR\" \/>\n<meta property=\"og:type\" content=\"article\" \/>\n<meta property=\"og:title\" content=\"Raison n\u00b0 5 : Un service et une assistance CVC \u00e0 la pointe de l&#039;industrie\" \/>\n<meta property=\"og:description\" content=\"La cinqui\u00e8me raison pour laquelle les cultivateurs avis\u00e9s choisissent toujours agronomic IQ, c&#039;est que nous offrons un service et une assistance de\" \/>\n<meta property=\"og:url\" content=\"https:\/\/agronomiciq.com\/fr\/raison-n-5-un-service-et-une-assistance-cvc-a-la-pointe-de-lindustrie\/\" \/>\n<meta property=\"og:site_name\" content=\"AGronomic IQ\" \/>\n<meta property=\"article:modified_time\" content=\"2024-10-17T18:06:26+00:00\" \/>\n<meta property=\"og:image\" content=\"https:\/\/agronomiciq.com\/wp-content\/uploads\/2021\/12\/agiq-10-reasons-5-low.gif\" \/>\n\t<meta property=\"og:image:width\" content=\"640\" \/>\n\t<meta property=\"og:image:height\" content=\"360\" \/>\n\t<meta property=\"og:image:type\" content=\"image\/gif\" \/>\n<meta name=\"twitter:card\" content=\"summary_large_image\" \/>\n<meta name=\"twitter:label1\" content=\"Dur\u00e9e de lecture estim\u00e9e\" \/>\n\t<meta name=\"twitter:data1\" content=\"2 minutes\" \/>\n<script type=\"application\/ld+json\" class=\"yoast-schema-graph\">{\"@context\":\"https:\/\/schema.org\",\"@graph\":[{\"@type\":\"WebPage\",\"@id\":\"https:\/\/agronomiciq.com\/fr\/raison-n-5-un-service-et-une-assistance-cvc-a-la-pointe-de-lindustrie\/\",\"url\":\"https:\/\/agronomiciq.com\/fr\/raison-n-5-un-service-et-une-assistance-cvc-a-la-pointe-de-lindustrie\/\",\"name\":\"Raison n\u00b0 5 : Un service et une assistance CVC \u00e0 la pointe de l'industrie &#8211; AGronomic IQ\",\"isPartOf\":{\"@id\":\"https:\/\/agronomiciq.com\/fr\/#website\"},\"primaryImageOfPage\":{\"@id\":\"https:\/\/agronomiciq.com\/fr\/raison-n-5-un-service-et-une-assistance-cvc-a-la-pointe-de-lindustrie\/#primaryimage\"},\"image\":{\"@id\":\"https:\/\/agronomiciq.com\/fr\/raison-n-5-un-service-et-une-assistance-cvc-a-la-pointe-de-lindustrie\/#primaryimage\"},\"thumbnailUrl\":\"https:\/\/agronomiciq.com\/wp-content\/uploads\/2021\/12\/agiq-10-reasons-5-low.gif\",\"datePublished\":\"2021-03-18T17:15:40+00:00\",\"dateModified\":\"2024-10-17T18:06:26+00:00\",\"inLanguage\":\"fr-FR\",\"potentialAction\":[{\"@type\":\"ReadAction\",\"target\":[\"https:\/\/agronomiciq.com\/fr\/raison-n-5-un-service-et-une-assistance-cvc-a-la-pointe-de-lindustrie\/\"]}]},{\"@type\":\"ImageObject\",\"inLanguage\":\"fr-FR\",\"@id\":\"https:\/\/agronomiciq.com\/fr\/raison-n-5-un-service-et-une-assistance-cvc-a-la-pointe-de-lindustrie\/#primaryimage\",\"url\":\"https:\/\/agronomiciq.com\/wp-content\/uploads\/2021\/12\/agiq-10-reasons-5-low.gif\",\"contentUrl\":\"https:\/\/agronomiciq.com\/wp-content\/uploads\/2021\/12\/agiq-10-reasons-5-low.gif\"},{\"@type\":\"WebSite\",\"@id\":\"https:\/\/agronomiciq.com\/fr\/#website\",\"url\":\"https:\/\/agronomiciq.com\/fr\/\",\"name\":\"AGronomic IQ\",\"description\":\"Smart HVAC for Growth\",\"publisher\":{\"@id\":\"https:\/\/agronomiciq.com\/fr\/#organization\"},\"potentialAction\":[{\"@type\":\"SearchAction\",\"target\":{\"@type\":\"EntryPoint\",\"urlTemplate\":\"https:\/\/agronomiciq.com\/fr\/?s={search_term_string}\"},\"query-input\":{\"@type\":\"PropertyValueSpecification\",\"valueRequired\":true,\"valueName\":\"search_term_string\"}}],\"inLanguage\":\"fr-FR\"},{\"@type\":\"Organization\",\"@id\":\"https:\/\/agronomiciq.com\/fr\/#organization\",\"name\":\"AGronomic IQ\",\"url\":\"https:\/\/agronomiciq.com\/fr\/\",\"logo\":{\"@type\":\"ImageObject\",\"inLanguage\":\"fr-FR\",\"@id\":\"https:\/\/agronomiciq.com\/fr\/#\/schema\/logo\/image\/\",\"url\":\"https:\/\/agronomiciq.com\/wp-content\/uploads\/2022\/05\/agiq-logo-sm.png\",\"contentUrl\":\"https:\/\/agronomiciq.com\/wp-content\/uploads\/2022\/05\/agiq-logo-sm.png\",\"width\":800,\"height\":169,\"caption\":\"AGronomic IQ\"},\"image\":{\"@id\":\"https:\/\/agronomiciq.com\/fr\/#\/schema\/logo\/image\/\"},\"sameAs\":[\"https:\/\/www.linkedin.com\/company\/agronomic-iq\/\",\"https:\/\/www.youtube.com\/channel\/UC_aE0qmeFqR6yVgiEczVhaA\"]}]}<\/script>\n<!-- \/ Yoast SEO Premium plugin. -->","yoast_head_json":{"title":"Raison n\u00b0 5 : Un service et une assistance CVC \u00e0 la pointe de l'industrie &#8211; AGronomic IQ","robots":{"index":"index","follow":"follow","max-snippet":"max-snippet:-1","max-image-preview":"max-image-preview:large","max-video-preview":"max-video-preview:-1"},"canonical":"https:\/\/agronomiciq.com\/fr\/raison-n-5-un-service-et-une-assistance-cvc-a-la-pointe-de-lindustrie\/","og_locale":"fr_FR","og_type":"article","og_title":"Raison n\u00b0 5 : Un service et une assistance CVC \u00e0 la pointe de l'industrie","og_description":"La cinqui\u00e8me raison pour laquelle les cultivateurs avis\u00e9s choisissent toujours agronomic IQ, c'est que nous offrons un service et une assistance de","og_url":"https:\/\/agronomiciq.com\/fr\/raison-n-5-un-service-et-une-assistance-cvc-a-la-pointe-de-lindustrie\/","og_site_name":"AGronomic IQ","article_modified_time":"2024-10-17T18:06:26+00:00","og_image":[{"width":640,"height":360,"url":"https:\/\/agronomiciq.com\/wp-content\/uploads\/2021\/12\/agiq-10-reasons-5-low.gif","type":"image\/gif"}],"twitter_card":"summary_large_image","twitter_misc":{"Dur\u00e9e de lecture estim\u00e9e":"2 minutes"},"schema":{"@context":"https:\/\/schema.org","@graph":[{"@type":"WebPage","@id":"https:\/\/agronomiciq.com\/fr\/raison-n-5-un-service-et-une-assistance-cvc-a-la-pointe-de-lindustrie\/","url":"https:\/\/agronomiciq.com\/fr\/raison-n-5-un-service-et-une-assistance-cvc-a-la-pointe-de-lindustrie\/","name":"Raison n\u00b0 5 : Un service et une assistance CVC \u00e0 la pointe de l'industrie &#8211; AGronomic IQ","isPartOf":{"@id":"https:\/\/agronomiciq.com\/fr\/#website"},"primaryImageOfPage":{"@id":"https:\/\/agronomiciq.com\/fr\/raison-n-5-un-service-et-une-assistance-cvc-a-la-pointe-de-lindustrie\/#primaryimage"},"image":{"@id":"https:\/\/agronomiciq.com\/fr\/raison-n-5-un-service-et-une-assistance-cvc-a-la-pointe-de-lindustrie\/#primaryimage"},"thumbnailUrl":"https:\/\/agronomiciq.com\/wp-content\/uploads\/2021\/12\/agiq-10-reasons-5-low.gif","datePublished":"2021-03-18T17:15:40+00:00","dateModified":"2024-10-17T18:06:26+00:00","inLanguage":"fr-FR","potentialAction":[{"@type":"ReadAction","target":["https:\/\/agronomiciq.com\/fr\/raison-n-5-un-service-et-une-assistance-cvc-a-la-pointe-de-lindustrie\/"]}]},{"@type":"ImageObject","inLanguage":"fr-FR","@id":"https:\/\/agronomiciq.com\/fr\/raison-n-5-un-service-et-une-assistance-cvc-a-la-pointe-de-lindustrie\/#primaryimage","url":"https:\/\/agronomiciq.com\/wp-content\/uploads\/2021\/12\/agiq-10-reasons-5-low.gif","contentUrl":"https:\/\/agronomiciq.com\/wp-content\/uploads\/2021\/12\/agiq-10-reasons-5-low.gif"},{"@type":"WebSite","@id":"https:\/\/agronomiciq.com\/fr\/#website","url":"https:\/\/agronomiciq.com\/fr\/","name":"AGronomic IQ","description":"Smart HVAC for Growth","publisher":{"@id":"https:\/\/agronomiciq.com\/fr\/#organization"},"potentialAction":[{"@type":"SearchAction","target":{"@type":"EntryPoint","urlTemplate":"https:\/\/agronomiciq.com\/fr\/?s={search_term_string}"},"query-input":{"@type":"PropertyValueSpecification","valueRequired":true,"valueName":"search_term_string"}}],"inLanguage":"fr-FR"},{"@type":"Organization","@id":"https:\/\/agronomiciq.com\/fr\/#organization","name":"AGronomic IQ","url":"https:\/\/agronomiciq.com\/fr\/","logo":{"@type":"ImageObject","inLanguage":"fr-FR","@id":"https:\/\/agronomiciq.com\/fr\/#\/schema\/logo\/image\/","url":"https:\/\/agronomiciq.com\/wp-content\/uploads\/2022\/05\/agiq-logo-sm.png","contentUrl":"https:\/\/agronomiciq.com\/wp-content\/uploads\/2022\/05\/agiq-logo-sm.png","width":800,"height":169,"caption":"AGronomic IQ"},"image":{"@id":"https:\/\/agronomiciq.com\/fr\/#\/schema\/logo\/image\/"},"sameAs":["https:\/\/www.linkedin.com\/company\/agronomic-iq\/","https:\/\/www.youtube.com\/channel\/UC_aE0qmeFqR6yVgiEczVhaA"]}]}},"_links":{"self":[{"href":"https:\/\/agronomiciq.com\/fr\/wp-json\/wp\/v2\/pages\/8545","targetHints":{"allow":["GET"]}}],"collection":[{"href":"https:\/\/agronomiciq.com\/fr\/wp-json\/wp\/v2\/pages"}],"about":[{"href":"https:\/\/agronomiciq.com\/fr\/wp-json\/wp\/v2\/types\/page"}],"author":[{"embeddable":true,"href":"https:\/\/agronomiciq.com\/fr\/wp-json\/wp\/v2\/users\/1"}],"replies":[{"embeddable":true,"href":"https:\/\/agronomiciq.com\/fr\/wp-json\/wp\/v2\/comments?post=8545"}],"version-history":[{"count":1,"href":"https:\/\/agronomiciq.com\/fr\/wp-json\/wp\/v2\/pages\/8545\/revisions"}],"predecessor-version":[{"id":8546,"href":"https:\/\/agronomiciq.com\/fr\/wp-json\/wp\/v2\/pages\/8545\/revisions\/8546"}],"wp:attachment":[{"href":"https:\/\/agronomiciq.com\/fr\/wp-json\/wp\/v2\/media?parent=8545"}],"curies":[{"name":"wp","href":"https:\/\/api.w.org\/{rel}","templated":true}]}}