{"id":8543,"date":"2021-03-18T17:15:19","date_gmt":"2021-03-18T17:15:19","guid":{"rendered":"https:\/\/agronomiciq.com\/raison-n-10-soutien-a-la-conception-de-systemes-de-chauffage-de-ventilation-et-de-climatisation-a-la-pointe-de-lindustrie\/"},"modified":"2024-10-17T18:06:26","modified_gmt":"2024-10-17T18:06:26","slug":"raison-n-10-soutien-a-la-conception-de-systemes-de-chauffage-de-ventilation-et-de-climatisation-a-la-pointe-de-lindustrie","status":"publish","type":"page","link":"https:\/\/agronomiciq.com\/fr\/raison-n-10-soutien-a-la-conception-de-systemes-de-chauffage-de-ventilation-et-de-climatisation-a-la-pointe-de-lindustrie\/","title":{"rendered":"Raison n\u00b0 10 : Soutien \u00e0 la conception de syst\u00e8mes de chauffage, de ventilation et de climatisation \u00e0 la pointe de l&rsquo;industrie"},"content":{"rendered":"\t\t<div data-elementor-type=\"wp-page\" data-elementor-id=\"8543\" class=\"elementor elementor-8543 elementor-5586\" data-elementor-post-type=\"page\">\n\t\t\t\t\t\t<section class=\"elementor-section elementor-top-section elementor-element elementor-element-a5ba59d elementor-section-boxed elementor-section-height-default elementor-section-height-default\" data-id=\"a5ba59d\" data-element_type=\"section\" data-e-type=\"section\">\n\t\t\t\t\t\t<div class=\"elementor-container elementor-column-gap-no\">\n\t\t\t\t\t<div class=\"elementor-column elementor-col-100 elementor-top-column elementor-element elementor-element-be6be99\" data-id=\"be6be99\" data-element_type=\"column\" data-e-type=\"column\">\n\t\t\t<div class=\"elementor-widget-wrap elementor-element-populated\">\n\t\t\t\t\t\t<div class=\"elementor-element elementor-element-d6dfaf8 elementor-widget elementor-widget-spacer\" data-id=\"d6dfaf8\" data-element_type=\"widget\" data-e-type=\"widget\" data-widget_type=\"spacer.default\">\n\t\t\t\t<div class=\"elementor-widget-container\">\n\t\t\t\t\t\t\t<div class=\"elementor-spacer\">\n\t\t\t<div class=\"elementor-spacer-inner\"><\/div>\n\t\t<\/div>\n\t\t\t\t\t\t<\/div>\n\t\t\t\t<\/div>\n\t\t\t\t<section class=\"elementor-section elementor-inner-section elementor-element elementor-element-b075095 elementor-section-boxed elementor-section-height-default elementor-section-height-default\" data-id=\"b075095\" data-element_type=\"section\" data-e-type=\"section\">\n\t\t\t\t\t\t<div class=\"elementor-container elementor-column-gap-extended\">\n\t\t\t\t\t<div class=\"elementor-column elementor-col-50 elementor-inner-column elementor-element elementor-element-4e1d308\" data-id=\"4e1d308\" data-element_type=\"column\" data-e-type=\"column\">\n\t\t\t<div class=\"elementor-widget-wrap elementor-element-populated\">\n\t\t\t\t\t\t<div class=\"elementor-element elementor-element-f4ac54c elementor-widget elementor-widget-image\" data-id=\"f4ac54c\" data-element_type=\"widget\" data-e-type=\"widget\" data-widget_type=\"image.default\">\n\t\t\t\t<div class=\"elementor-widget-container\">\n\t\t\t\t\t\t\t\t\t\t\t\t\t\t\t\t<a href=\"https:\/\/agronomiciq.com\/top-10-reasons\/#reason10\">\n\t\t\t\t\t\t\t<img fetchpriority=\"high\" decoding=\"async\" width=\"640\" height=\"360\" src=\"https:\/\/agronomiciq.com\/wp-content\/uploads\/2021\/12\/agiq-10-reasons-10-low.gif\" class=\"attachment-large size-large wp-image-8425\" alt=\"\" \/>\t\t\t\t\t\t\t\t<\/a>\n\t\t\t\t\t\t\t\t\t\t\t\t\t\t\t<\/div>\n\t\t\t\t<\/div>\n\t\t\t\t\t<\/div>\n\t\t<\/div>\n\t\t\t\t<div class=\"elementor-column elementor-col-50 elementor-inner-column elementor-element elementor-element-4938ff6\" data-id=\"4938ff6\" data-element_type=\"column\" data-e-type=\"column\">\n\t\t\t<div class=\"elementor-widget-wrap elementor-element-populated\">\n\t\t\t\t\t\t<div class=\"elementor-element elementor-element-4cd8d8b elementor-widget elementor-widget-text-editor\" data-id=\"4cd8d8b\" data-element_type=\"widget\" data-e-type=\"widget\" data-widget_type=\"text-editor.default\">\n\t\t\t\t<div class=\"elementor-widget-container\">\n\t\t\t\t\t\t\t\t\t<p>Dixi\u00e8me raison. La raison la plus importante, comme le dernier point, est que nous disposons d&rsquo;un support de conception de pointe, d&rsquo;une \u00e9quipe d&rsquo;ing\u00e9nieurs bas\u00e9e \u00e0 l&rsquo;usine qui apprend \u00e0 vous conna\u00eetre, vous et votre chambre de culture, de mani\u00e8re tr\u00e8s intime. Nous voulons savoir tout ce qui se passe dans cette pi\u00e8ce afin de dimensionner l&rsquo;\u00e9quipement de mani\u00e8re appropri\u00e9e et de nous assurer que vous obtenez le bon r\u00e9sultat d\u00e8s la premi\u00e8re fois. La quantit\u00e9 d&rsquo;informations que nous vous demandons peut vous sembler \u00e9trange, voire frustrante, mais je peux vous assurer que toutes les questions que nous posons sont le fruit de notre exp\u00e9rience sur ce march\u00e9, et que nous voulons \u00eatre un partenaire de votre r\u00e9ussite pour y parvenir.   <\/p>\n<p>Je ne peux pas dimensionner l&rsquo;\u00e9quipement sur la base de r\u00e8gles empiriques, de prix budg\u00e9taires ou de ce qu&rsquo;un ing\u00e9nieur inconnu a pens\u00e9 que vous pourriez avoir besoin. Je dois le faire. Nous devons le faire nous-m\u00eames. Nous devons \u00eatre tr\u00e8s confiants dans ces s\u00e9lections pour nous assurer que vous obtenez le bon produit, que vous n&rsquo;achetez pas trop ou que vous n&rsquo;affaiblissez pas le syst\u00e8me.   <\/p>\n<p>Il s&rsquo;agit de deux probl\u00e8mes et nous souhaitons que vous puissiez \u00eatre op\u00e9rationnels le plus rapidement possible. Encore une fois, nous voulons vraiment \u00eatre les partenaires de votre r\u00e9ussite. Et cela inclut des choses telles que l&rsquo;examen de vos ventilateurs dans l&rsquo;espace, l&rsquo;examen de votre distribution d&rsquo;air, et m\u00eame des choses telles que vouloir conna\u00eetre l&#8217;emploi du temps de votre personnel.  <\/p>\n<p>Avez-vous l&rsquo;intention de faire fonctionner les salles pendant la nuit pour profiter des heures creuses ? Comment cela affecte-t-il la salle avec le dimensionnement de l&rsquo;\u00e9quipement ? Comment cela affectera-t-il vos d\u00e9cisions \u00e0 l&rsquo;avenir ? Nous voulons vraiment \u00eatre impliqu\u00e9s dans tout.   <\/p>\n<p>Il est tr\u00e8s important pour nous d&rsquo;en savoir le plus possible sur ce que vous faites afin de pouvoir vous aider \u00e0 construire une meilleure installation et \u00e0 \u00e9viter certains des pi\u00e8ges que nous avons vus. Encore une fois, nous avons construit des centaines d&rsquo;installations, nous savons donc ce que les gens ont fait de bien et ce qu&rsquo;ils ont fait de moins bien, et nous voulons partager un peu de cette exp\u00e9rience avec vous et nous assurer que votre projet avec nous est aussi parfait que possible. Notre partenariat est aussi parfait que possible.  <\/p>\n\t\t\t\t\t\t\t\t<\/div>\n\t\t\t\t<\/div>\n\t\t\t\t<div class=\"elementor-element elementor-element-02b1bbb back elementor-widget elementor-widget-text-editor\" data-id=\"02b1bbb\" data-element_type=\"widget\" data-e-type=\"widget\" data-widget_type=\"text-editor.default\">\n\t\t\t\t<div class=\"elementor-widget-container\">\n\t\t\t\t\t\t\t\t\t<p><a href=\"https:\/\/agronomiciq.com\/top-10-reasons\/#reason10\">retour \u00e0 la vid\u00e9o<\/a><\/p>\n\t\t\t\t\t\t\t\t<\/div>\n\t\t\t\t<\/div>\n\t\t\t\t\t<\/div>\n\t\t<\/div>\n\t\t\t\t\t<\/div>\n\t\t<\/section>\n\t\t\t\t<div class=\"elementor-element elementor-element-8f65db6 elementor-widget elementor-widget-spacer\" data-id=\"8f65db6\" data-element_type=\"widget\" data-e-type=\"widget\" data-widget_type=\"spacer.default\">\n\t\t\t\t<div class=\"elementor-widget-container\">\n\t\t\t\t\t\t\t<div class=\"elementor-spacer\">\n\t\t\t<div class=\"elementor-spacer-inner\"><\/div>\n\t\t<\/div>\n\t\t\t\t\t\t<\/div>\n\t\t\t\t<\/div>\n\t\t\t\t\t<\/div>\n\t\t<\/div>\n\t\t\t\t\t<\/div>\n\t\t<\/section>\n\t\t\t\t<\/div>\n\t\t","protected":false},"excerpt":{"rendered":"<p>Dixi\u00e8me raison. La raison la plus importante, comme le dernier point, est que nous disposons d&rsquo;un support de conception de pointe, d&rsquo;une \u00e9quipe d&rsquo;ing\u00e9nieurs bas\u00e9e \u00e0 l&rsquo;usine qui apprend \u00e0 vous conna\u00eetre, vous et votre chambre de culture, de mani\u00e8re tr\u00e8s intime. Nous voulons savoir tout ce qui se passe dans cette pi\u00e8ce afin de &#8230; <a title=\"Raison n\u00b0 10 : Soutien \u00e0 la conception de syst\u00e8mes de chauffage, de ventilation et de climatisation \u00e0 la pointe de l&rsquo;industrie\" class=\"read-more\" href=\"https:\/\/agronomiciq.com\/fr\/raison-n-10-soutien-a-la-conception-de-systemes-de-chauffage-de-ventilation-et-de-climatisation-a-la-pointe-de-lindustrie\/\" aria-label=\"En savoir plus sur Raison n\u00b0 10 : Soutien \u00e0 la conception de syst\u00e8mes de chauffage, de ventilation et de climatisation \u00e0 la pointe de l&rsquo;industrie\">Lire plus<\/a><\/p>\n","protected":false},"author":1,"featured_media":0,"parent":0,"menu_order":0,"comment_status":"closed","ping_status":"closed","template":"elementor_header_footer","meta":{"footnotes":""},"class_list":["post-8543","page","type-page","status-publish"],"yoast_head":"<!-- This site is optimized with the Yoast SEO Premium plugin v27.1 (Yoast SEO v27.1.1) - https:\/\/yoast.com\/product\/yoast-seo-premium-wordpress\/ -->\n<title>Raison n\u00b0 10 : Soutien \u00e0 la conception de syst\u00e8mes de chauffage, de ventilation et de climatisation \u00e0 la pointe de l&#039;industrie &#8211; AGronomic IQ<\/title>\n<meta name=\"robots\" content=\"index, follow, max-snippet:-1, max-image-preview:large, max-video-preview:-1\" \/>\n<link rel=\"canonical\" href=\"https:\/\/agronomiciq.com\/fr\/raison-n-10-soutien-a-la-conception-de-systemes-de-chauffage-de-ventilation-et-de-climatisation-a-la-pointe-de-lindustrie\/\" \/>\n<meta property=\"og:locale\" content=\"fr_FR\" \/>\n<meta property=\"og:type\" content=\"article\" \/>\n<meta property=\"og:title\" content=\"Raison n\u00b0 10 : Soutien \u00e0 la conception de syst\u00e8mes de chauffage, de ventilation et de climatisation \u00e0 la pointe de l&#039;industrie\" \/>\n<meta property=\"og:description\" content=\"Dixi\u00e8me raison. La raison la plus importante, comme le dernier point, est que nous disposons d&#039;un support de conception de pointe, d&#039;une \u00e9quipe\" \/>\n<meta property=\"og:url\" content=\"https:\/\/agronomiciq.com\/fr\/raison-n-10-soutien-a-la-conception-de-systemes-de-chauffage-de-ventilation-et-de-climatisation-a-la-pointe-de-lindustrie\/\" \/>\n<meta property=\"og:site_name\" content=\"AGronomic IQ\" \/>\n<meta property=\"article:modified_time\" content=\"2024-10-17T18:06:26+00:00\" \/>\n<meta property=\"og:image\" content=\"https:\/\/agronomiciq.com\/wp-content\/uploads\/2021\/12\/agiq-10-reasons-10-low.gif\" \/>\n\t<meta property=\"og:image:width\" content=\"640\" \/>\n\t<meta property=\"og:image:height\" content=\"360\" \/>\n\t<meta property=\"og:image:type\" content=\"image\/gif\" \/>\n<meta name=\"twitter:card\" content=\"summary_large_image\" \/>\n<meta name=\"twitter:label1\" content=\"Dur\u00e9e de lecture estim\u00e9e\" \/>\n\t<meta name=\"twitter:data1\" content=\"2 minutes\" \/>\n<script type=\"application\/ld+json\" class=\"yoast-schema-graph\">{\"@context\":\"https:\/\/schema.org\",\"@graph\":[{\"@type\":\"WebPage\",\"@id\":\"https:\/\/agronomiciq.com\/fr\/raison-n-10-soutien-a-la-conception-de-systemes-de-chauffage-de-ventilation-et-de-climatisation-a-la-pointe-de-lindustrie\/\",\"url\":\"https:\/\/agronomiciq.com\/fr\/raison-n-10-soutien-a-la-conception-de-systemes-de-chauffage-de-ventilation-et-de-climatisation-a-la-pointe-de-lindustrie\/\",\"name\":\"Raison n\u00b0 10 : Soutien \u00e0 la conception de syst\u00e8mes de chauffage, de ventilation et de climatisation \u00e0 la pointe de l'industrie &#8211; AGronomic IQ\",\"isPartOf\":{\"@id\":\"https:\/\/agronomiciq.com\/fr\/#website\"},\"primaryImageOfPage\":{\"@id\":\"https:\/\/agronomiciq.com\/fr\/raison-n-10-soutien-a-la-conception-de-systemes-de-chauffage-de-ventilation-et-de-climatisation-a-la-pointe-de-lindustrie\/#primaryimage\"},\"image\":{\"@id\":\"https:\/\/agronomiciq.com\/fr\/raison-n-10-soutien-a-la-conception-de-systemes-de-chauffage-de-ventilation-et-de-climatisation-a-la-pointe-de-lindustrie\/#primaryimage\"},\"thumbnailUrl\":\"https:\/\/agronomiciq.com\/wp-content\/uploads\/2021\/12\/agiq-10-reasons-10-low.gif\",\"datePublished\":\"2021-03-18T17:15:19+00:00\",\"dateModified\":\"2024-10-17T18:06:26+00:00\",\"inLanguage\":\"fr-FR\",\"potentialAction\":[{\"@type\":\"ReadAction\",\"target\":[\"https:\/\/agronomiciq.com\/fr\/raison-n-10-soutien-a-la-conception-de-systemes-de-chauffage-de-ventilation-et-de-climatisation-a-la-pointe-de-lindustrie\/\"]}]},{\"@type\":\"ImageObject\",\"inLanguage\":\"fr-FR\",\"@id\":\"https:\/\/agronomiciq.com\/fr\/raison-n-10-soutien-a-la-conception-de-systemes-de-chauffage-de-ventilation-et-de-climatisation-a-la-pointe-de-lindustrie\/#primaryimage\",\"url\":\"https:\/\/agronomiciq.com\/wp-content\/uploads\/2021\/12\/agiq-10-reasons-10-low.gif\",\"contentUrl\":\"https:\/\/agronomiciq.com\/wp-content\/uploads\/2021\/12\/agiq-10-reasons-10-low.gif\"},{\"@type\":\"WebSite\",\"@id\":\"https:\/\/agronomiciq.com\/fr\/#website\",\"url\":\"https:\/\/agronomiciq.com\/fr\/\",\"name\":\"AGronomic IQ\",\"description\":\"Smart HVAC for Growth\",\"publisher\":{\"@id\":\"https:\/\/agronomiciq.com\/fr\/#organization\"},\"potentialAction\":[{\"@type\":\"SearchAction\",\"target\":{\"@type\":\"EntryPoint\",\"urlTemplate\":\"https:\/\/agronomiciq.com\/fr\/?s={search_term_string}\"},\"query-input\":{\"@type\":\"PropertyValueSpecification\",\"valueRequired\":true,\"valueName\":\"search_term_string\"}}],\"inLanguage\":\"fr-FR\"},{\"@type\":\"Organization\",\"@id\":\"https:\/\/agronomiciq.com\/fr\/#organization\",\"name\":\"AGronomic IQ\",\"url\":\"https:\/\/agronomiciq.com\/fr\/\",\"logo\":{\"@type\":\"ImageObject\",\"inLanguage\":\"fr-FR\",\"@id\":\"https:\/\/agronomiciq.com\/fr\/#\/schema\/logo\/image\/\",\"url\":\"https:\/\/agronomiciq.com\/wp-content\/uploads\/2022\/05\/agiq-logo-sm.png\",\"contentUrl\":\"https:\/\/agronomiciq.com\/wp-content\/uploads\/2022\/05\/agiq-logo-sm.png\",\"width\":800,\"height\":169,\"caption\":\"AGronomic IQ\"},\"image\":{\"@id\":\"https:\/\/agronomiciq.com\/fr\/#\/schema\/logo\/image\/\"},\"sameAs\":[\"https:\/\/www.linkedin.com\/company\/agronomic-iq\/\",\"https:\/\/www.youtube.com\/channel\/UC_aE0qmeFqR6yVgiEczVhaA\"]}]}<\/script>\n<!-- \/ Yoast SEO Premium plugin. -->","yoast_head_json":{"title":"Raison n\u00b0 10 : Soutien \u00e0 la conception de syst\u00e8mes de chauffage, de ventilation et de climatisation \u00e0 la pointe de l'industrie &#8211; AGronomic IQ","robots":{"index":"index","follow":"follow","max-snippet":"max-snippet:-1","max-image-preview":"max-image-preview:large","max-video-preview":"max-video-preview:-1"},"canonical":"https:\/\/agronomiciq.com\/fr\/raison-n-10-soutien-a-la-conception-de-systemes-de-chauffage-de-ventilation-et-de-climatisation-a-la-pointe-de-lindustrie\/","og_locale":"fr_FR","og_type":"article","og_title":"Raison n\u00b0 10 : Soutien \u00e0 la conception de syst\u00e8mes de chauffage, de ventilation et de climatisation \u00e0 la pointe de l'industrie","og_description":"Dixi\u00e8me raison. La raison la plus importante, comme le dernier point, est que nous disposons d'un support de conception de pointe, d'une \u00e9quipe","og_url":"https:\/\/agronomiciq.com\/fr\/raison-n-10-soutien-a-la-conception-de-systemes-de-chauffage-de-ventilation-et-de-climatisation-a-la-pointe-de-lindustrie\/","og_site_name":"AGronomic IQ","article_modified_time":"2024-10-17T18:06:26+00:00","og_image":[{"width":640,"height":360,"url":"https:\/\/agronomiciq.com\/wp-content\/uploads\/2021\/12\/agiq-10-reasons-10-low.gif","type":"image\/gif"}],"twitter_card":"summary_large_image","twitter_misc":{"Dur\u00e9e de lecture estim\u00e9e":"2 minutes"},"schema":{"@context":"https:\/\/schema.org","@graph":[{"@type":"WebPage","@id":"https:\/\/agronomiciq.com\/fr\/raison-n-10-soutien-a-la-conception-de-systemes-de-chauffage-de-ventilation-et-de-climatisation-a-la-pointe-de-lindustrie\/","url":"https:\/\/agronomiciq.com\/fr\/raison-n-10-soutien-a-la-conception-de-systemes-de-chauffage-de-ventilation-et-de-climatisation-a-la-pointe-de-lindustrie\/","name":"Raison n\u00b0 10 : Soutien \u00e0 la conception de syst\u00e8mes de chauffage, de ventilation et de climatisation \u00e0 la pointe de l'industrie &#8211; AGronomic IQ","isPartOf":{"@id":"https:\/\/agronomiciq.com\/fr\/#website"},"primaryImageOfPage":{"@id":"https:\/\/agronomiciq.com\/fr\/raison-n-10-soutien-a-la-conception-de-systemes-de-chauffage-de-ventilation-et-de-climatisation-a-la-pointe-de-lindustrie\/#primaryimage"},"image":{"@id":"https:\/\/agronomiciq.com\/fr\/raison-n-10-soutien-a-la-conception-de-systemes-de-chauffage-de-ventilation-et-de-climatisation-a-la-pointe-de-lindustrie\/#primaryimage"},"thumbnailUrl":"https:\/\/agronomiciq.com\/wp-content\/uploads\/2021\/12\/agiq-10-reasons-10-low.gif","datePublished":"2021-03-18T17:15:19+00:00","dateModified":"2024-10-17T18:06:26+00:00","inLanguage":"fr-FR","potentialAction":[{"@type":"ReadAction","target":["https:\/\/agronomiciq.com\/fr\/raison-n-10-soutien-a-la-conception-de-systemes-de-chauffage-de-ventilation-et-de-climatisation-a-la-pointe-de-lindustrie\/"]}]},{"@type":"ImageObject","inLanguage":"fr-FR","@id":"https:\/\/agronomiciq.com\/fr\/raison-n-10-soutien-a-la-conception-de-systemes-de-chauffage-de-ventilation-et-de-climatisation-a-la-pointe-de-lindustrie\/#primaryimage","url":"https:\/\/agronomiciq.com\/wp-content\/uploads\/2021\/12\/agiq-10-reasons-10-low.gif","contentUrl":"https:\/\/agronomiciq.com\/wp-content\/uploads\/2021\/12\/agiq-10-reasons-10-low.gif"},{"@type":"WebSite","@id":"https:\/\/agronomiciq.com\/fr\/#website","url":"https:\/\/agronomiciq.com\/fr\/","name":"AGronomic IQ","description":"Smart HVAC for Growth","publisher":{"@id":"https:\/\/agronomiciq.com\/fr\/#organization"},"potentialAction":[{"@type":"SearchAction","target":{"@type":"EntryPoint","urlTemplate":"https:\/\/agronomiciq.com\/fr\/?s={search_term_string}"},"query-input":{"@type":"PropertyValueSpecification","valueRequired":true,"valueName":"search_term_string"}}],"inLanguage":"fr-FR"},{"@type":"Organization","@id":"https:\/\/agronomiciq.com\/fr\/#organization","name":"AGronomic IQ","url":"https:\/\/agronomiciq.com\/fr\/","logo":{"@type":"ImageObject","inLanguage":"fr-FR","@id":"https:\/\/agronomiciq.com\/fr\/#\/schema\/logo\/image\/","url":"https:\/\/agronomiciq.com\/wp-content\/uploads\/2022\/05\/agiq-logo-sm.png","contentUrl":"https:\/\/agronomiciq.com\/wp-content\/uploads\/2022\/05\/agiq-logo-sm.png","width":800,"height":169,"caption":"AGronomic IQ"},"image":{"@id":"https:\/\/agronomiciq.com\/fr\/#\/schema\/logo\/image\/"},"sameAs":["https:\/\/www.linkedin.com\/company\/agronomic-iq\/","https:\/\/www.youtube.com\/channel\/UC_aE0qmeFqR6yVgiEczVhaA"]}]}},"_links":{"self":[{"href":"https:\/\/agronomiciq.com\/fr\/wp-json\/wp\/v2\/pages\/8543","targetHints":{"allow":["GET"]}}],"collection":[{"href":"https:\/\/agronomiciq.com\/fr\/wp-json\/wp\/v2\/pages"}],"about":[{"href":"https:\/\/agronomiciq.com\/fr\/wp-json\/wp\/v2\/types\/page"}],"author":[{"embeddable":true,"href":"https:\/\/agronomiciq.com\/fr\/wp-json\/wp\/v2\/users\/1"}],"replies":[{"embeddable":true,"href":"https:\/\/agronomiciq.com\/fr\/wp-json\/wp\/v2\/comments?post=8543"}],"version-history":[{"count":1,"href":"https:\/\/agronomiciq.com\/fr\/wp-json\/wp\/v2\/pages\/8543\/revisions"}],"predecessor-version":[{"id":8544,"href":"https:\/\/agronomiciq.com\/fr\/wp-json\/wp\/v2\/pages\/8543\/revisions\/8544"}],"wp:attachment":[{"href":"https:\/\/agronomiciq.com\/fr\/wp-json\/wp\/v2\/media?parent=8543"}],"curies":[{"name":"wp","href":"https:\/\/api.w.org\/{rel}","templated":true}]}}