{"id":8541,"date":"2021-03-18T17:15:02","date_gmt":"2021-03-18T17:15:02","guid":{"rendered":"https:\/\/agronomiciq.com\/raison-9-protection-des-composants-du-vestibule-de-service\/"},"modified":"2024-10-17T18:06:26","modified_gmt":"2024-10-17T18:06:26","slug":"raison-9-protection-des-composants-du-vestibule-de-service","status":"publish","type":"page","link":"https:\/\/agronomiciq.com\/fr\/raison-9-protection-des-composants-du-vestibule-de-service\/","title":{"rendered":"Raison #9 : Protection des composants du vestibule de service"},"content":{"rendered":"\t\t<div data-elementor-type=\"wp-page\" data-elementor-id=\"8541\" class=\"elementor elementor-8541 elementor-5584\" data-elementor-post-type=\"page\">\n\t\t\t\t\t\t<section class=\"elementor-section elementor-top-section elementor-element elementor-element-a5ba59d elementor-section-boxed elementor-section-height-default elementor-section-height-default\" data-id=\"a5ba59d\" data-element_type=\"section\" data-e-type=\"section\">\n\t\t\t\t\t\t<div class=\"elementor-container elementor-column-gap-no\">\n\t\t\t\t\t<div class=\"elementor-column elementor-col-100 elementor-top-column elementor-element elementor-element-be6be99\" data-id=\"be6be99\" data-element_type=\"column\" data-e-type=\"column\">\n\t\t\t<div class=\"elementor-widget-wrap elementor-element-populated\">\n\t\t\t\t\t\t<div class=\"elementor-element elementor-element-d6dfaf8 elementor-widget elementor-widget-spacer\" data-id=\"d6dfaf8\" data-element_type=\"widget\" data-e-type=\"widget\" data-widget_type=\"spacer.default\">\n\t\t\t\t<div class=\"elementor-widget-container\">\n\t\t\t\t\t\t\t<div class=\"elementor-spacer\">\n\t\t\t<div class=\"elementor-spacer-inner\"><\/div>\n\t\t<\/div>\n\t\t\t\t\t\t<\/div>\n\t\t\t\t<\/div>\n\t\t\t\t<section class=\"elementor-section elementor-inner-section elementor-element elementor-element-b075095 elementor-section-boxed elementor-section-height-default elementor-section-height-default\" data-id=\"b075095\" data-element_type=\"section\" data-e-type=\"section\">\n\t\t\t\t\t\t<div class=\"elementor-container elementor-column-gap-extended\">\n\t\t\t\t\t<div class=\"elementor-column elementor-col-50 elementor-inner-column elementor-element elementor-element-4e1d308\" data-id=\"4e1d308\" data-element_type=\"column\" data-e-type=\"column\">\n\t\t\t<div class=\"elementor-widget-wrap elementor-element-populated\">\n\t\t\t\t\t\t<div class=\"elementor-element elementor-element-f4ac54c elementor-widget elementor-widget-image\" data-id=\"f4ac54c\" data-element_type=\"widget\" data-e-type=\"widget\" data-widget_type=\"image.default\">\n\t\t\t\t<div class=\"elementor-widget-container\">\n\t\t\t\t\t\t\t\t\t\t\t\t\t\t\t\t<a href=\"https:\/\/agronomiciq.com\/top-10-reasons\/#reason9\">\n\t\t\t\t\t\t\t<img fetchpriority=\"high\" decoding=\"async\" width=\"640\" height=\"360\" src=\"https:\/\/agronomiciq.com\/wp-content\/uploads\/2021\/12\/agiq-10-reasons-9-low.gif\" class=\"attachment-large size-large wp-image-8424\" alt=\"\" \/>\t\t\t\t\t\t\t\t<\/a>\n\t\t\t\t\t\t\t\t\t\t\t\t\t\t\t<\/div>\n\t\t\t\t<\/div>\n\t\t\t\t\t<\/div>\n\t\t<\/div>\n\t\t\t\t<div class=\"elementor-column elementor-col-50 elementor-inner-column elementor-element elementor-element-4938ff6\" data-id=\"4938ff6\" data-element_type=\"column\" data-e-type=\"column\">\n\t\t\t<div class=\"elementor-widget-wrap elementor-element-populated\">\n\t\t\t\t\t\t<div class=\"elementor-element elementor-element-4cd8d8b elementor-widget elementor-widget-text-editor\" data-id=\"4cd8d8b\" data-element_type=\"widget\" data-e-type=\"widget\" data-widget_type=\"text-editor.default\">\n\t\t\t\t<div class=\"elementor-widget-container\">\n\t\t\t\t\t\t\t\t\t<p>La neuvi\u00e8me raison de choisir academic IQ pour votre base brute est notre facilit\u00e9 d&rsquo;entretien et, pour ce faire, nos festivals d&rsquo;entretien jouent un r\u00f4le important. Ils sont con\u00e7us pour la plupart de nos produits afin d&rsquo;inclure tous les principaux composants frigorifiques, \u00e9lectriques et m\u00e9caniques, en les maintenant \u00e0 l&rsquo;\u00e9cart de l&rsquo;Airstream ou de l&rsquo;airstream de traitement, ce qui vous permet d&rsquo;intervenir sur ces composants pendant que la machine fonctionne. Cela signifie \u00e9galement que vous disposez d&rsquo;un tunnel d&rsquo;air propre qui n&rsquo;est pas contamin\u00e9 par les travailleurs qui entrent et sortent des machines ou des activit\u00e9s de maintenance. C&rsquo;est tr\u00e8s important pour \u00e9viter la contamination crois\u00e9e.   <\/p>\n<p>Un \u00e9l\u00e9ment important est que cela signifie qu&rsquo;il est beaucoup plus rapide de faire fonctionner l&rsquo;\u00e9quipement correctement au moment de la mise en route. Vous pouvez imaginer que si vous avez une machine dont les portes sont ferm\u00e9es, le flux d&rsquo;air dans les serpentins est tr\u00e8s diff\u00e9rent, bien s\u00fbr, parce que vous n&rsquo;avez pas de portes et que vous essayez de r\u00e9gler les vannes alors que nos vannes sont hors du flux d&rsquo;air, ce qui signifie que vous pouvez les r\u00e9gler tout en ayant le flux d&rsquo;air nominal, la machine passant \u00e0 travers ces serpentins. Cela signifie qu&rsquo;au lieu de proc\u00e9der par essais et erreurs en ouvrant les portes, en perturbant le flux d&rsquo;air, en r\u00e9glant les vannes, puis en fermant les portes, en voyant ce qui se passe et en r\u00e9essayant, vous obtenez un retour d&rsquo;information en temps r\u00e9el. Vous obtenez un retour d&rsquo;information en temps r\u00e9el et nos commandes num\u00e9riques vous donnent ce retour d&rsquo;information en temps r\u00e9el \u00e0 partir des capteurs de pression et de temp\u00e9rature du fluide frigorig\u00e8ne des deux c\u00f4t\u00e9s du circuit de r\u00e9frig\u00e9ration. Tout ce que nous avons fait est de rendre ces unit\u00e9s plus faciles \u00e0 entretenir, plus faciles \u00e0 d\u00e9marrer et plus rapides \u00e0 int\u00e9grer.    <\/p>\n<p>Et ceci n&rsquo;est qu&rsquo;un exemple de plus. Toutes ces petites choses acc\u00e9l\u00e8rent les choses. Autre exemple, dans nos grandes unit\u00e9s, le fait d&rsquo;avoir des panneaux de commande s\u00e9par\u00e9s pour la haute et la basse tension permet aux gens de travailler sur ces machines en toute s\u00e9curit\u00e9 pendant qu&rsquo;elles sont sous tension, ce que de nombreux fabricants d&rsquo;\u00e9quipement ne peuvent pas faire.  <\/p>\n<p>Soit vous avez un Turc m\u00e9canique qui prend un risque sur une machine \u00e0 laquelle 480 volts sont appliqu\u00e9s, soit ils ont \u00e9teint la machine et font des changements tout en mettant une pi\u00e8ce hors ligne. Nous n&rsquo;acceptons ni l&rsquo;une ni l&rsquo;autre de ces situations, c&rsquo;est pourquoi nos conceptions sont sp\u00e9cifiquement con\u00e7ues dans cette optique. <\/p>\n<p>Encore une fois, le service est facile, le d\u00e9marrage est facile, l&rsquo;int\u00e9gration est rapide, la croissance est rapide.<\/p>\n\t\t\t\t\t\t\t\t<\/div>\n\t\t\t\t<\/div>\n\t\t\t\t<div class=\"elementor-element elementor-element-02b1bbb back elementor-widget elementor-widget-text-editor\" data-id=\"02b1bbb\" data-element_type=\"widget\" data-e-type=\"widget\" data-widget_type=\"text-editor.default\">\n\t\t\t\t<div class=\"elementor-widget-container\">\n\t\t\t\t\t\t\t\t\t<p><a href=\"https:\/\/agronomiciq.com\/top-10-reasons\/#reason9\">retour \u00e0 la vid\u00e9o<\/a><\/p>\n\t\t\t\t\t\t\t\t<\/div>\n\t\t\t\t<\/div>\n\t\t\t\t\t<\/div>\n\t\t<\/div>\n\t\t\t\t\t<\/div>\n\t\t<\/section>\n\t\t\t\t<div class=\"elementor-element elementor-element-8f65db6 elementor-widget elementor-widget-spacer\" data-id=\"8f65db6\" data-element_type=\"widget\" data-e-type=\"widget\" data-widget_type=\"spacer.default\">\n\t\t\t\t<div class=\"elementor-widget-container\">\n\t\t\t\t\t\t\t<div class=\"elementor-spacer\">\n\t\t\t<div class=\"elementor-spacer-inner\"><\/div>\n\t\t<\/div>\n\t\t\t\t\t\t<\/div>\n\t\t\t\t<\/div>\n\t\t\t\t\t<\/div>\n\t\t<\/div>\n\t\t\t\t\t<\/div>\n\t\t<\/section>\n\t\t\t\t<\/div>\n\t\t","protected":false},"excerpt":{"rendered":"<p>La neuvi\u00e8me raison de choisir academic IQ pour votre base brute est notre facilit\u00e9 d&rsquo;entretien et, pour ce faire, nos festivals d&rsquo;entretien jouent un r\u00f4le important. Ils sont con\u00e7us pour la plupart de nos produits afin d&rsquo;inclure tous les principaux composants frigorifiques, \u00e9lectriques et m\u00e9caniques, en les maintenant \u00e0 l&rsquo;\u00e9cart de l&rsquo;Airstream ou de l&rsquo;airstream &#8230; <a title=\"Raison #9 : Protection des composants du vestibule de service\" class=\"read-more\" href=\"https:\/\/agronomiciq.com\/fr\/raison-9-protection-des-composants-du-vestibule-de-service\/\" aria-label=\"En savoir plus sur Raison #9 : Protection des composants du vestibule de service\">Lire plus<\/a><\/p>\n","protected":false},"author":1,"featured_media":0,"parent":0,"menu_order":0,"comment_status":"closed","ping_status":"closed","template":"elementor_header_footer","meta":{"footnotes":""},"class_list":["post-8541","page","type-page","status-publish"],"yoast_head":"<!-- This site is optimized with the Yoast SEO Premium plugin v27.1 (Yoast SEO v27.1.1) - https:\/\/yoast.com\/product\/yoast-seo-premium-wordpress\/ -->\n<title>Raison #9 : Protection des composants du vestibule de service &#8211; AGronomic IQ<\/title>\n<meta name=\"robots\" content=\"index, follow, max-snippet:-1, max-image-preview:large, max-video-preview:-1\" \/>\n<link rel=\"canonical\" href=\"https:\/\/agronomiciq.com\/fr\/raison-9-protection-des-composants-du-vestibule-de-service\/\" \/>\n<meta property=\"og:locale\" content=\"fr_FR\" \/>\n<meta property=\"og:type\" content=\"article\" \/>\n<meta property=\"og:title\" content=\"Raison #9 : Protection des composants du vestibule de service\" \/>\n<meta property=\"og:description\" content=\"La neuvi\u00e8me raison de choisir academic IQ pour votre base brute est notre facilit\u00e9 d&#039;entretien et, pour ce faire, nos festivals d&#039;entretien jouent un r\u00f4le\" \/>\n<meta property=\"og:url\" content=\"https:\/\/agronomiciq.com\/fr\/raison-9-protection-des-composants-du-vestibule-de-service\/\" \/>\n<meta property=\"og:site_name\" content=\"AGronomic IQ\" \/>\n<meta property=\"article:modified_time\" content=\"2024-10-17T18:06:26+00:00\" \/>\n<meta property=\"og:image\" content=\"https:\/\/agronomiciq.com\/wp-content\/uploads\/2021\/12\/agiq-10-reasons-9-low.gif\" \/>\n\t<meta property=\"og:image:width\" content=\"640\" \/>\n\t<meta property=\"og:image:height\" content=\"360\" \/>\n\t<meta property=\"og:image:type\" content=\"image\/gif\" \/>\n<meta name=\"twitter:card\" content=\"summary_large_image\" \/>\n<meta name=\"twitter:label1\" content=\"Dur\u00e9e de lecture estim\u00e9e\" \/>\n\t<meta name=\"twitter:data1\" content=\"2 minutes\" \/>\n<script type=\"application\/ld+json\" class=\"yoast-schema-graph\">{\"@context\":\"https:\/\/schema.org\",\"@graph\":[{\"@type\":\"WebPage\",\"@id\":\"https:\/\/agronomiciq.com\/fr\/raison-9-protection-des-composants-du-vestibule-de-service\/\",\"url\":\"https:\/\/agronomiciq.com\/fr\/raison-9-protection-des-composants-du-vestibule-de-service\/\",\"name\":\"Raison #9 : Protection des composants du vestibule de service &#8211; AGronomic IQ\",\"isPartOf\":{\"@id\":\"https:\/\/agronomiciq.com\/fr\/#website\"},\"primaryImageOfPage\":{\"@id\":\"https:\/\/agronomiciq.com\/fr\/raison-9-protection-des-composants-du-vestibule-de-service\/#primaryimage\"},\"image\":{\"@id\":\"https:\/\/agronomiciq.com\/fr\/raison-9-protection-des-composants-du-vestibule-de-service\/#primaryimage\"},\"thumbnailUrl\":\"https:\/\/agronomiciq.com\/wp-content\/uploads\/2021\/12\/agiq-10-reasons-9-low.gif\",\"datePublished\":\"2021-03-18T17:15:02+00:00\",\"dateModified\":\"2024-10-17T18:06:26+00:00\",\"inLanguage\":\"fr-FR\",\"potentialAction\":[{\"@type\":\"ReadAction\",\"target\":[\"https:\/\/agronomiciq.com\/fr\/raison-9-protection-des-composants-du-vestibule-de-service\/\"]}]},{\"@type\":\"ImageObject\",\"inLanguage\":\"fr-FR\",\"@id\":\"https:\/\/agronomiciq.com\/fr\/raison-9-protection-des-composants-du-vestibule-de-service\/#primaryimage\",\"url\":\"https:\/\/agronomiciq.com\/wp-content\/uploads\/2021\/12\/agiq-10-reasons-9-low.gif\",\"contentUrl\":\"https:\/\/agronomiciq.com\/wp-content\/uploads\/2021\/12\/agiq-10-reasons-9-low.gif\"},{\"@type\":\"WebSite\",\"@id\":\"https:\/\/agronomiciq.com\/fr\/#website\",\"url\":\"https:\/\/agronomiciq.com\/fr\/\",\"name\":\"AGronomic IQ\",\"description\":\"Smart HVAC for Growth\",\"publisher\":{\"@id\":\"https:\/\/agronomiciq.com\/fr\/#organization\"},\"potentialAction\":[{\"@type\":\"SearchAction\",\"target\":{\"@type\":\"EntryPoint\",\"urlTemplate\":\"https:\/\/agronomiciq.com\/fr\/?s={search_term_string}\"},\"query-input\":{\"@type\":\"PropertyValueSpecification\",\"valueRequired\":true,\"valueName\":\"search_term_string\"}}],\"inLanguage\":\"fr-FR\"},{\"@type\":\"Organization\",\"@id\":\"https:\/\/agronomiciq.com\/fr\/#organization\",\"name\":\"AGronomic IQ\",\"url\":\"https:\/\/agronomiciq.com\/fr\/\",\"logo\":{\"@type\":\"ImageObject\",\"inLanguage\":\"fr-FR\",\"@id\":\"https:\/\/agronomiciq.com\/fr\/#\/schema\/logo\/image\/\",\"url\":\"https:\/\/agronomiciq.com\/wp-content\/uploads\/2022\/05\/agiq-logo-sm.png\",\"contentUrl\":\"https:\/\/agronomiciq.com\/wp-content\/uploads\/2022\/05\/agiq-logo-sm.png\",\"width\":800,\"height\":169,\"caption\":\"AGronomic IQ\"},\"image\":{\"@id\":\"https:\/\/agronomiciq.com\/fr\/#\/schema\/logo\/image\/\"},\"sameAs\":[\"https:\/\/www.linkedin.com\/company\/agronomic-iq\/\",\"https:\/\/www.youtube.com\/channel\/UC_aE0qmeFqR6yVgiEczVhaA\"]}]}<\/script>\n<!-- \/ Yoast SEO Premium plugin. -->","yoast_head_json":{"title":"Raison #9 : Protection des composants du vestibule de service &#8211; AGronomic IQ","robots":{"index":"index","follow":"follow","max-snippet":"max-snippet:-1","max-image-preview":"max-image-preview:large","max-video-preview":"max-video-preview:-1"},"canonical":"https:\/\/agronomiciq.com\/fr\/raison-9-protection-des-composants-du-vestibule-de-service\/","og_locale":"fr_FR","og_type":"article","og_title":"Raison #9 : Protection des composants du vestibule de service","og_description":"La neuvi\u00e8me raison de choisir academic IQ pour votre base brute est notre facilit\u00e9 d'entretien et, pour ce faire, nos festivals d'entretien jouent un r\u00f4le","og_url":"https:\/\/agronomiciq.com\/fr\/raison-9-protection-des-composants-du-vestibule-de-service\/","og_site_name":"AGronomic IQ","article_modified_time":"2024-10-17T18:06:26+00:00","og_image":[{"width":640,"height":360,"url":"https:\/\/agronomiciq.com\/wp-content\/uploads\/2021\/12\/agiq-10-reasons-9-low.gif","type":"image\/gif"}],"twitter_card":"summary_large_image","twitter_misc":{"Dur\u00e9e de lecture estim\u00e9e":"2 minutes"},"schema":{"@context":"https:\/\/schema.org","@graph":[{"@type":"WebPage","@id":"https:\/\/agronomiciq.com\/fr\/raison-9-protection-des-composants-du-vestibule-de-service\/","url":"https:\/\/agronomiciq.com\/fr\/raison-9-protection-des-composants-du-vestibule-de-service\/","name":"Raison #9 : Protection des composants du vestibule de service &#8211; AGronomic IQ","isPartOf":{"@id":"https:\/\/agronomiciq.com\/fr\/#website"},"primaryImageOfPage":{"@id":"https:\/\/agronomiciq.com\/fr\/raison-9-protection-des-composants-du-vestibule-de-service\/#primaryimage"},"image":{"@id":"https:\/\/agronomiciq.com\/fr\/raison-9-protection-des-composants-du-vestibule-de-service\/#primaryimage"},"thumbnailUrl":"https:\/\/agronomiciq.com\/wp-content\/uploads\/2021\/12\/agiq-10-reasons-9-low.gif","datePublished":"2021-03-18T17:15:02+00:00","dateModified":"2024-10-17T18:06:26+00:00","inLanguage":"fr-FR","potentialAction":[{"@type":"ReadAction","target":["https:\/\/agronomiciq.com\/fr\/raison-9-protection-des-composants-du-vestibule-de-service\/"]}]},{"@type":"ImageObject","inLanguage":"fr-FR","@id":"https:\/\/agronomiciq.com\/fr\/raison-9-protection-des-composants-du-vestibule-de-service\/#primaryimage","url":"https:\/\/agronomiciq.com\/wp-content\/uploads\/2021\/12\/agiq-10-reasons-9-low.gif","contentUrl":"https:\/\/agronomiciq.com\/wp-content\/uploads\/2021\/12\/agiq-10-reasons-9-low.gif"},{"@type":"WebSite","@id":"https:\/\/agronomiciq.com\/fr\/#website","url":"https:\/\/agronomiciq.com\/fr\/","name":"AGronomic IQ","description":"Smart HVAC for Growth","publisher":{"@id":"https:\/\/agronomiciq.com\/fr\/#organization"},"potentialAction":[{"@type":"SearchAction","target":{"@type":"EntryPoint","urlTemplate":"https:\/\/agronomiciq.com\/fr\/?s={search_term_string}"},"query-input":{"@type":"PropertyValueSpecification","valueRequired":true,"valueName":"search_term_string"}}],"inLanguage":"fr-FR"},{"@type":"Organization","@id":"https:\/\/agronomiciq.com\/fr\/#organization","name":"AGronomic IQ","url":"https:\/\/agronomiciq.com\/fr\/","logo":{"@type":"ImageObject","inLanguage":"fr-FR","@id":"https:\/\/agronomiciq.com\/fr\/#\/schema\/logo\/image\/","url":"https:\/\/agronomiciq.com\/wp-content\/uploads\/2022\/05\/agiq-logo-sm.png","contentUrl":"https:\/\/agronomiciq.com\/wp-content\/uploads\/2022\/05\/agiq-logo-sm.png","width":800,"height":169,"caption":"AGronomic IQ"},"image":{"@id":"https:\/\/agronomiciq.com\/fr\/#\/schema\/logo\/image\/"},"sameAs":["https:\/\/www.linkedin.com\/company\/agronomic-iq\/","https:\/\/www.youtube.com\/channel\/UC_aE0qmeFqR6yVgiEczVhaA"]}]}},"_links":{"self":[{"href":"https:\/\/agronomiciq.com\/fr\/wp-json\/wp\/v2\/pages\/8541","targetHints":{"allow":["GET"]}}],"collection":[{"href":"https:\/\/agronomiciq.com\/fr\/wp-json\/wp\/v2\/pages"}],"about":[{"href":"https:\/\/agronomiciq.com\/fr\/wp-json\/wp\/v2\/types\/page"}],"author":[{"embeddable":true,"href":"https:\/\/agronomiciq.com\/fr\/wp-json\/wp\/v2\/users\/1"}],"replies":[{"embeddable":true,"href":"https:\/\/agronomiciq.com\/fr\/wp-json\/wp\/v2\/comments?post=8541"}],"version-history":[{"count":1,"href":"https:\/\/agronomiciq.com\/fr\/wp-json\/wp\/v2\/pages\/8541\/revisions"}],"predecessor-version":[{"id":8542,"href":"https:\/\/agronomiciq.com\/fr\/wp-json\/wp\/v2\/pages\/8541\/revisions\/8542"}],"wp:attachment":[{"href":"https:\/\/agronomiciq.com\/fr\/wp-json\/wp\/v2\/media?parent=8541"}],"curies":[{"name":"wp","href":"https:\/\/api.w.org\/{rel}","templated":true}]}}