{"id":8535,"date":"2021-03-18T20:46:15","date_gmt":"2021-03-18T20:46:15","guid":{"rendered":"https:\/\/agronomiciq.com\/systemes-decouples\/"},"modified":"2024-10-17T18:05:49","modified_gmt":"2024-10-17T18:05:49","slug":"systemes-decouples","status":"publish","type":"page","link":"https:\/\/agronomiciq.com\/fr\/systemes-decouples\/","title":{"rendered":"Syst\u00e8mes d\u00e9coupl\u00e9s"},"content":{"rendered":"\t\t<div data-elementor-type=\"wp-page\" data-elementor-id=\"8535\" class=\"elementor elementor-8535 elementor-5839\" data-elementor-post-type=\"page\">\n\t\t\t\t\t\t<section class=\"elementor-section elementor-top-section elementor-element elementor-element-a5ba59d elementor-section-boxed elementor-section-height-default elementor-section-height-default\" data-id=\"a5ba59d\" data-element_type=\"section\" data-e-type=\"section\">\n\t\t\t\t\t\t<div class=\"elementor-container elementor-column-gap-no\">\n\t\t\t\t\t<div class=\"elementor-column elementor-col-100 elementor-top-column elementor-element elementor-element-be6be99\" data-id=\"be6be99\" data-element_type=\"column\" data-e-type=\"column\">\n\t\t\t<div class=\"elementor-widget-wrap elementor-element-populated\">\n\t\t\t\t\t\t<div class=\"elementor-element elementor-element-d6dfaf8 elementor-widget elementor-widget-spacer\" data-id=\"d6dfaf8\" data-element_type=\"widget\" data-e-type=\"widget\" data-widget_type=\"spacer.default\">\n\t\t\t\t<div class=\"elementor-widget-container\">\n\t\t\t\t\t\t\t<div class=\"elementor-spacer\">\n\t\t\t<div class=\"elementor-spacer-inner\"><\/div>\n\t\t<\/div>\n\t\t\t\t\t\t<\/div>\n\t\t\t\t<\/div>\n\t\t\t\t<section class=\"elementor-section elementor-inner-section elementor-element elementor-element-b075095 elementor-section-boxed elementor-section-height-default elementor-section-height-default\" data-id=\"b075095\" data-element_type=\"section\" data-e-type=\"section\">\n\t\t\t\t\t\t<div class=\"elementor-container elementor-column-gap-extended\">\n\t\t\t\t\t<div class=\"elementor-column elementor-col-50 elementor-inner-column elementor-element elementor-element-4e1d308\" data-id=\"4e1d308\" data-element_type=\"column\" data-e-type=\"column\">\n\t\t\t<div class=\"elementor-widget-wrap elementor-element-populated\">\n\t\t\t\t\t\t<div class=\"elementor-element elementor-element-f4f9a76 shadowedGreen elementor-hidden-tablet elementor-hidden-phone elementor-widget elementor-widget-video\" data-id=\"f4f9a76\" data-element_type=\"widget\" data-e-type=\"widget\" data-settings=\"{&quot;video_type&quot;:&quot;vimeo&quot;,&quot;show_image_overlay&quot;:&quot;yes&quot;,&quot;image_overlay&quot;:{&quot;url&quot;:&quot;https:\\\/\\\/agronomiciq.com\\\/wp-content\\\/uploads\\\/2021\\\/12\\\/agiq-decoupled-systems-low.gif&quot;,&quot;id&quot;:8426,&quot;size&quot;:&quot;&quot;,&quot;alt&quot;:&quot;&quot;,&quot;source&quot;:&quot;library&quot;},&quot;lightbox&quot;:&quot;yes&quot;}\" data-widget_type=\"video.default\">\n\t\t\t\t<div class=\"elementor-widget-container\">\n\t\t\t\t\t\t\t<div class=\"elementor-wrapper elementor-open-lightbox\">\n\t\t\t\t\t\t\t<div class=\"elementor-custom-embed-image-overlay\" data-elementor-open-lightbox=\"yes\" data-elementor-lightbox=\"{&quot;type&quot;:&quot;video&quot;,&quot;videoType&quot;:&quot;vimeo&quot;,&quot;url&quot;:&quot;https:\\\/\\\/player.vimeo.com\\\/video\\\/654523659?color&amp;autopause=0&amp;loop=0&amp;muted=0&amp;title=0&amp;portrait=0&amp;byline=0#t=&quot;,&quot;autoplay&quot;:&quot;&quot;,&quot;modalOptions&quot;:{&quot;id&quot;:&quot;elementor-lightbox-f4f9a76&quot;,&quot;entranceAnimation&quot;:&quot;&quot;,&quot;entranceAnimation_tablet&quot;:&quot;&quot;,&quot;entranceAnimation_mobile&quot;:&quot;&quot;,&quot;videoAspectRatio&quot;:&quot;169&quot;}}\" data-e-action-hash=\"#elementor-action%3Aaction%3Dlightbox%26settings%3DeyJ0eXBlIjoidmlkZW8iLCJ2aWRlb1R5cGUiOiJ2aW1lbyIsInVybCI6Imh0dHBzOlwvXC9wbGF5ZXIudmltZW8uY29tXC92aWRlb1wvNjU0NTIzNjU5P2NvbG9yJmF1dG9wYXVzZT0wJmxvb3A9MCZtdXRlZD0wJnRpdGxlPTAmcG9ydHJhaXQ9MCZieWxpbmU9MCN0PSIsImF1dG9wbGF5IjoiIiwibW9kYWxPcHRpb25zIjp7ImlkIjoiZWxlbWVudG9yLWxpZ2h0Ym94LWY0ZjlhNzYiLCJlbnRyYW5jZUFuaW1hdGlvbiI6IiIsImVudHJhbmNlQW5pbWF0aW9uX3RhYmxldCI6IiIsImVudHJhbmNlQW5pbWF0aW9uX21vYmlsZSI6IiIsInZpZGVvQXNwZWN0UmF0aW8iOiIxNjkifX0%3D\">\n\t\t\t\t\t\t\t\t\t\t\t<img fetchpriority=\"high\" decoding=\"async\" width=\"640\" height=\"360\" src=\"https:\/\/agronomiciq.com\/wp-content\/uploads\/2021\/12\/agiq-decoupled-systems-low.gif\" class=\"attachment-full size-full wp-image-8426\" alt=\"\" \/>\t\t\t\t\t\t\t\t\t\t\t\t\t\t\t\t<div class=\"elementor-custom-embed-play\" role=\"button\" aria-label=\"Lire la vid\u00e9o\" tabindex=\"0\">\n\t\t\t\t\t\t\t<svg aria-hidden=\"true\" class=\"e-font-icon-svg e-eicon-play\" viewBox=\"0 0 1000 1000\" xmlns=\"http:\/\/www.w3.org\/2000\/svg\"><path d=\"M838 162C746 71 633 25 500 25 371 25 258 71 163 162 71 254 25 367 25 500 25 633 71 746 163 837 254 929 367 979 500 979 633 979 746 933 838 837 929 746 975 633 975 500 975 367 929 254 838 162M808 192C892 279 933 379 933 500 933 621 892 725 808 808 725 892 621 938 500 938 379 938 279 896 196 808 113 725 67 621 67 500 67 379 108 279 196 192 279 108 383 62 500 62 621 62 721 108 808 192M438 392V642L642 517 438 392Z\"><\/path><\/svg>\t\t\t\t\t\t<\/div>\n\t\t\t\t\t\t\t\t\t<\/div>\n\t\t\t\t\t<\/div>\n\t\t\t\t\t\t<\/div>\n\t\t\t\t<\/div>\n\t\t\t\t\t<\/div>\n\t\t<\/div>\n\t\t\t\t<div class=\"elementor-column elementor-col-50 elementor-inner-column elementor-element elementor-element-4938ff6\" data-id=\"4938ff6\" data-element_type=\"column\" data-e-type=\"column\">\n\t\t\t<div class=\"elementor-widget-wrap elementor-element-populated\">\n\t\t\t\t\t\t<div class=\"elementor-element elementor-element-4cd8d8b elementor-widget elementor-widget-text-editor\" data-id=\"4cd8d8b\" data-element_type=\"widget\" data-e-type=\"widget\" data-widget_type=\"text-editor.default\">\n\t\t\t\t<div class=\"elementor-widget-container\">\n\t\t\t\t\t\t\t\t\t<p>L&rsquo;une des autres approches tr\u00e8s courantes sur ce march\u00e9, en particulier dans les premiers temps, est le d\u00e9couplage des syst\u00e8mes. Ainsi, un syst\u00e8me de refroidissement est associ\u00e9 \u00e0 un syst\u00e8me de d\u00e9shumidification et \u00e9ventuellement \u00e0 un syst\u00e8me de chauffage pour maintenir les conditions de l&rsquo;espace. C&rsquo;est ainsi que ces espaces \u00e9taient entretenus dans les tout premiers temps et, \u00e9videmment, lors de la transition du march\u00e9 noir vers le march\u00e9 gris de la l\u00e9galisation. C&rsquo;est ainsi que les espaces \u00e9taient construits. Vous installiez un climatiseur et vous n&rsquo;aviez pas assez de d\u00e9shumidification \u00e0 certains moments de votre croissance, alors vous ajoutiez un d\u00e9shumidificateur, et si vous vous agrandissiez, vous en ajoutiez d&rsquo;autres.    <\/p>\n<p>Cette approche est encore tr\u00e8s couramment utilis\u00e9e aujourd&rsquo;hui pour les installations. Parlons-en. Ce dont je parle, c&rsquo;est d&rsquo;un syst\u00e8me d\u00e9coupl\u00e9, d&rsquo;une unit\u00e9 de refroidissement d&rsquo;une sorte d&rsquo;unit\u00e9 de toit emball\u00e9e, d&rsquo;un syst\u00e8me divis\u00e9, d&rsquo;un syst\u00e8me d&rsquo;eau glac\u00e9e \u00e0 deux tuyaux.  <\/p>\n<p>Il y a beaucoup de fa\u00e7ons diff\u00e9rentes d&rsquo;obtenir un refroidissement, mais un syst\u00e8me de refroidissement qui n&rsquo;a pas une capacit\u00e9 de d\u00e9shumidification suffisante. Il faut donc l&rsquo;associer \u00e0 un syst\u00e8me de d\u00e9shumidification. Ainsi, ce syst\u00e8me de refroidissement seul est g\u00e9n\u00e9ralement utilis\u00e9 pour une d\u00e9shumidification partielle, puis vous le compl\u00e9tez, comme je l&rsquo;ai dit, et ce d\u00e9shumidificateur s\u00e9par\u00e9 est \u00e9galement ce que vous utilisez et \u00e9teignez.  <\/p>\n<p>De toute \u00e9vidence, lorsque vos lumi\u00e8res sont \u00e9teintes, vous n&rsquo;avez pas de demande de refroidissement, donc votre syst\u00e8me de refroidissement ne va pas fonctionner et ne va donc pas vous fournir de d\u00e9shumidification. Il s&rsquo;agit d&rsquo;une approche tr\u00e8s peu int\u00e9gr\u00e9e de la gestion de ces espaces. Nous voyons g\u00e9n\u00e9ralement des unit\u00e9s de refroidissement de cinq \u00e0 dix tonnes avec des d\u00e9shumidificateurs relativement petits allant jusqu&rsquo;\u00e0 25 livres par heure.  <\/p>\n<p>Les d\u00e9shumidificateurs sont en quelque sorte la limite sup\u00e9rieure d&rsquo;un syst\u00e8me coupl\u00e9 typique. Cela signifie qu&rsquo;il en faut beaucoup. Une pi\u00e8ce typique peut avoir une douzaine de climatiseurs et 20 d\u00e9shumidificateurs, par exemple.  <\/p>\n<p>Cette approche non int\u00e9gr\u00e9e signifie que vous avez quelques avantages, mais aussi quelques d\u00e9fis \u00e0 relever. L&rsquo;un des avantages est la rapidit\u00e9 de l&rsquo;installation et de l&rsquo;exp\u00e9dition. <\/p>\n<p>Ces unit\u00e9s ne sont pas personnalis\u00e9es. Elles sont disponibles dans le commerce, et donc rapides et faciles \u00e0 installer, avec un co\u00fbt d&rsquo;investissement relativement faible, en tout cas par rapport \u00e0 d&rsquo;autres options. Dans le pass\u00e9, ces installations ont \u00e9t\u00e9 r\u00e9alis\u00e9es par des bricoleurs ou des entrepreneurs r\u00e9sidentiels, pas n\u00e9cessairement le type d&rsquo;entrepreneur que vous attendez pour un b\u00e2timent de 50 tonnes, par exemple. Et ces syst\u00e8mes sont g\u00e9n\u00e9ralement bien adapt\u00e9s aux petites installations, aux tr\u00e8s petites pi\u00e8ces, mais pas une fois que l&rsquo;\u00e9chelle passe \u00e0 la croissance commerciale en g\u00e9n\u00e9ral. Certains des d\u00e9fis pos\u00e9s par les syst\u00e8mes d\u00e9coupl\u00e9s sont probablement les suivants : il n&rsquo;y a pas d&rsquo;int\u00e9gration des contr\u00f4les entre les unit\u00e9s de refroidissement et les unit\u00e9s de d\u00e9shumidification.    <\/p>\n<p>En fait, votre unit\u00e9 de refroidissement a g\u00e9n\u00e9ralement son propre thermostat. Votre unit\u00e9 de d\u00e9shumidification se trouve sur un autre bien humide et les deux ne se parlent pas, ils font leurs propres affaires avec des commandes compl\u00e8tement s\u00e9par\u00e9es et aucune int\u00e9gration d&rsquo;automatisation du b\u00e2timent entre les deux. <\/p>\n<p>Cela permet \u00e9videmment d&rsquo;am\u00e9liorer la redondance, mais cela signifie que votre pi\u00e8ce ne sera jamais contr\u00f4l\u00e9e avec pr\u00e9cision. Vous aurez un thermostat r\u00e9sidentiel typique qui, esp\u00e9rons-le, est mont\u00e9 \u00e0 un endroit intelligent pour d\u00e9tecter avec pr\u00e9cision cette partie de la pi\u00e8ce. <\/p>\n<p>Mais vous en avez probablement une douzaine dans votre pi\u00e8ce, chacun contr\u00f4lant un appareil de traitement de l&rsquo;air distinct, ce qui signifie qu&rsquo;aucun d&rsquo;entre eux ne fonctionne ensemble. Vous aurez \u00e9galement des d\u00e9shumidificateurs, et c&rsquo;est la m\u00eame chose. Vous payez donc pour refroidir, vous payez pour le d\u00e9shumidificateur et vous devez payer une troisi\u00e8me fois pour refroidir l&rsquo;\u00e9nergie de d\u00e9shumidification qui a \u00e9t\u00e9 rejet\u00e9e dans votre espace, ce qui signifie que ces appareils consomment beaucoup d&rsquo;\u00e9nergie. Par ailleurs, de nombreuses personnes s&rsquo;attendent \u00e0 ce que ces syst\u00e8mes consomment environ 30 % d&rsquo;\u00e9nergie en plus qu&rsquo;un syst\u00e8me unitaire avec d\u00e9shumidification et rejet de chaleur int\u00e9gr\u00e9s, ou les comprennent et les utilisent g\u00e9n\u00e9ralement.   <\/p>\n<p>L&rsquo;une des r\u00e9ponses \u00e0 cette question est que vous pouvez obtenir des syst\u00e8mes de refroidissement \u00e0 tr\u00e8s haute efficacit\u00e9 et des syst\u00e8mes de d\u00e9shumidification \u00e0 tr\u00e8s haute efficacit\u00e9, et c&rsquo;est vrai. L&rsquo;ironie, c&rsquo;est que les climatiseurs \u00e0 haut rendement ont tendance \u00e0 avoir un coefficient de chaleur sensible plus \u00e9lev\u00e9 et font moins de travail de d\u00e9shumidification, ce qui signifie que vous avez besoin de d\u00e9shumidificateurs suppl\u00e9mentaires, ce qui annule en grande partie le gain obtenu. <\/p>\n<p>Et \u00e9videmment, lorsque vous avez une tonne d&rsquo;unit\u00e9s dans votre espace, vous avez plus de points de d\u00e9faillance, vous avez plus d&rsquo;unit\u00e9s \u00e0 entretenir les courroies de ventilateur, \u00e0 changer les filtres, plus d&rsquo;unit\u00e9s \u00e0 nettoyer entre les cycles de croissance. Si vous deviez avoir une infection dans votre espace. <\/p>\n<p>Il sera plus difficile d&rsquo;en venir \u00e0 bout parce que vous aurez plus de coins et de recoins \u00e0 nettoyer dans votre chambre. Tout cela signifie qu&rsquo;il s&rsquo;agit d&rsquo;une fausse \u00e9conomie. D&rsquo;une mani\u00e8re g\u00e9n\u00e9rale, vous n&rsquo;obtiendrez pas un tr\u00e8s bon contr\u00f4le de la pi\u00e8ce, et il sera co\u00fbteux d&rsquo;entretenir cet espace, ainsi que de le faire fonctionner en termes de co\u00fbts \u00e9nerg\u00e9tiques et de co\u00fbts de maintenance. C&rsquo;est une option, et c&rsquo;est certainement une option bon march\u00e9 pour commencer. Mais en g\u00e9n\u00e9ral, la plupart des producteurs qui s&rsquo;engagent dans cette voie vont envisager une approche plus int\u00e9gr\u00e9e pour leur phase d&rsquo;expansion ou pour le prochain b\u00e2timent qu&rsquo;ils construiront.    <\/p>\n\t\t\t\t\t\t\t\t<\/div>\n\t\t\t\t<\/div>\n\t\t\t\t<div class=\"elementor-element elementor-element-02b1bbb back elementor-widget elementor-widget-text-editor\" data-id=\"02b1bbb\" data-element_type=\"widget\" data-e-type=\"widget\" data-widget_type=\"text-editor.default\">\n\t\t\t\t<div class=\"elementor-widget-container\">\n\t\t\t\t\t\t\t\t\t<p><a href=\"https:\/\/agronomiciq.com\/purpose-built-hvac\/\">Retour \u00e0 la vid\u00e9o<\/a><\/p>\n\t\t\t\t\t\t\t\t<\/div>\n\t\t\t\t<\/div>\n\t\t\t\t\t<\/div>\n\t\t<\/div>\n\t\t\t\t\t<\/div>\n\t\t<\/section>\n\t\t\t\t<div class=\"elementor-element elementor-element-8f65db6 elementor-widget elementor-widget-spacer\" data-id=\"8f65db6\" data-element_type=\"widget\" data-e-type=\"widget\" data-widget_type=\"spacer.default\">\n\t\t\t\t<div class=\"elementor-widget-container\">\n\t\t\t\t\t\t\t<div class=\"elementor-spacer\">\n\t\t\t<div class=\"elementor-spacer-inner\"><\/div>\n\t\t<\/div>\n\t\t\t\t\t\t<\/div>\n\t\t\t\t<\/div>\n\t\t\t\t\t<\/div>\n\t\t<\/div>\n\t\t\t\t\t<\/div>\n\t\t<\/section>\n\t\t\t\t<\/div>\n\t\t","protected":false},"excerpt":{"rendered":"<p>https:\/\/vimeo.com\/654523659 L&rsquo;une des autres approches tr\u00e8s courantes sur ce march\u00e9, en particulier dans les premiers temps, est le d\u00e9couplage des syst\u00e8mes. Ainsi, un syst\u00e8me de refroidissement est associ\u00e9 \u00e0 un syst\u00e8me de d\u00e9shumidification et \u00e9ventuellement \u00e0 un syst\u00e8me de chauffage pour maintenir les conditions de l&rsquo;espace. C&rsquo;est ainsi que ces espaces \u00e9taient entretenus dans les &#8230; <a title=\"Syst\u00e8mes d\u00e9coupl\u00e9s\" class=\"read-more\" href=\"https:\/\/agronomiciq.com\/fr\/systemes-decouples\/\" aria-label=\"En savoir plus sur Syst\u00e8mes d\u00e9coupl\u00e9s\">Lire plus<\/a><\/p>\n","protected":false},"author":1,"featured_media":0,"parent":0,"menu_order":0,"comment_status":"closed","ping_status":"closed","template":"elementor_header_footer","meta":{"footnotes":""},"class_list":["post-8535","page","type-page","status-publish"],"yoast_head":"<!-- This site is optimized with the Yoast SEO Premium plugin v27.4 (Yoast SEO v27.4) - https:\/\/yoast.com\/product\/yoast-seo-premium-wordpress\/ -->\n<title>Syst\u00e8mes d\u00e9coupl\u00e9s &#8211; AGronomic IQ<\/title>\n<meta name=\"robots\" content=\"index, follow, max-snippet:-1, max-image-preview:large, max-video-preview:-1\" \/>\n<link rel=\"canonical\" href=\"https:\/\/agronomiciq.com\/fr\/systemes-decouples\/\" \/>\n<meta property=\"og:locale\" content=\"fr_FR\" \/>\n<meta property=\"og:type\" content=\"article\" \/>\n<meta property=\"og:title\" content=\"Syst\u00e8mes d\u00e9coupl\u00e9s\" \/>\n<meta property=\"og:description\" content=\"https:\/\/vimeo.com\/654523659L&#039;une des autres approches tr\u00e8s courantes sur ce march\u00e9, en particulier dans les premiers temps, est le d\u00e9couplage des\" \/>\n<meta property=\"og:url\" content=\"https:\/\/agronomiciq.com\/fr\/systemes-decouples\/\" \/>\n<meta property=\"og:site_name\" content=\"AGronomic IQ\" \/>\n<meta property=\"article:modified_time\" content=\"2024-10-17T18:05:49+00:00\" \/>\n<meta name=\"twitter:card\" content=\"summary_large_image\" \/>\n<meta name=\"twitter:label1\" content=\"Dur\u00e9e de lecture estim\u00e9e\" \/>\n\t<meta name=\"twitter:data1\" content=\"5 minutes\" \/>\n<script type=\"application\/ld+json\" class=\"yoast-schema-graph\">{\"@context\":\"https:\\\/\\\/schema.org\",\"@graph\":[{\"@type\":\"WebPage\",\"@id\":\"https:\\\/\\\/agronomiciq.com\\\/fr\\\/systemes-decouples\\\/\",\"url\":\"https:\\\/\\\/agronomiciq.com\\\/fr\\\/systemes-decouples\\\/\",\"name\":\"Syst\u00e8mes d\u00e9coupl\u00e9s &#8211; AGronomic IQ\",\"isPartOf\":{\"@id\":\"https:\\\/\\\/agronomiciq.com\\\/fr\\\/#website\"},\"datePublished\":\"2021-03-18T20:46:15+00:00\",\"dateModified\":\"2024-10-17T18:05:49+00:00\",\"inLanguage\":\"fr-FR\",\"potentialAction\":[{\"@type\":\"ReadAction\",\"target\":[\"https:\\\/\\\/agronomiciq.com\\\/fr\\\/systemes-decouples\\\/\"]}]},{\"@type\":\"WebSite\",\"@id\":\"https:\\\/\\\/agronomiciq.com\\\/fr\\\/#website\",\"url\":\"https:\\\/\\\/agronomiciq.com\\\/fr\\\/\",\"name\":\"AGronomic IQ\",\"description\":\"Smart HVAC for Growth\",\"publisher\":{\"@id\":\"https:\\\/\\\/agronomiciq.com\\\/fr\\\/#organization\"},\"potentialAction\":[{\"@type\":\"SearchAction\",\"target\":{\"@type\":\"EntryPoint\",\"urlTemplate\":\"https:\\\/\\\/agronomiciq.com\\\/fr\\\/?s={search_term_string}\"},\"query-input\":{\"@type\":\"PropertyValueSpecification\",\"valueRequired\":true,\"valueName\":\"search_term_string\"}}],\"inLanguage\":\"fr-FR\"},{\"@type\":\"Organization\",\"@id\":\"https:\\\/\\\/agronomiciq.com\\\/fr\\\/#organization\",\"name\":\"AGronomic IQ\",\"url\":\"https:\\\/\\\/agronomiciq.com\\\/fr\\\/\",\"logo\":{\"@type\":\"ImageObject\",\"inLanguage\":\"fr-FR\",\"@id\":\"https:\\\/\\\/agronomiciq.com\\\/fr\\\/#\\\/schema\\\/logo\\\/image\\\/\",\"url\":\"https:\\\/\\\/agronomiciq.com\\\/wp-content\\\/uploads\\\/2022\\\/05\\\/agiq-logo-sm.png\",\"contentUrl\":\"https:\\\/\\\/agronomiciq.com\\\/wp-content\\\/uploads\\\/2022\\\/05\\\/agiq-logo-sm.png\",\"width\":800,\"height\":169,\"caption\":\"AGronomic IQ\"},\"image\":{\"@id\":\"https:\\\/\\\/agronomiciq.com\\\/fr\\\/#\\\/schema\\\/logo\\\/image\\\/\"},\"sameAs\":[\"https:\\\/\\\/www.linkedin.com\\\/company\\\/agronomic-iq\\\/\",\"https:\\\/\\\/www.youtube.com\\\/channel\\\/UC_aE0qmeFqR6yVgiEczVhaA\"]}]}<\/script>\n<!-- \/ Yoast SEO Premium plugin. -->","yoast_head_json":{"title":"Syst\u00e8mes d\u00e9coupl\u00e9s &#8211; AGronomic IQ","robots":{"index":"index","follow":"follow","max-snippet":"max-snippet:-1","max-image-preview":"max-image-preview:large","max-video-preview":"max-video-preview:-1"},"canonical":"https:\/\/agronomiciq.com\/fr\/systemes-decouples\/","og_locale":"fr_FR","og_type":"article","og_title":"Syst\u00e8mes d\u00e9coupl\u00e9s","og_description":"https:\/\/vimeo.com\/654523659L'une des autres approches tr\u00e8s courantes sur ce march\u00e9, en particulier dans les premiers temps, est le d\u00e9couplage des","og_url":"https:\/\/agronomiciq.com\/fr\/systemes-decouples\/","og_site_name":"AGronomic IQ","article_modified_time":"2024-10-17T18:05:49+00:00","twitter_card":"summary_large_image","twitter_misc":{"Dur\u00e9e de lecture estim\u00e9e":"5 minutes"},"schema":{"@context":"https:\/\/schema.org","@graph":[{"@type":"WebPage","@id":"https:\/\/agronomiciq.com\/fr\/systemes-decouples\/","url":"https:\/\/agronomiciq.com\/fr\/systemes-decouples\/","name":"Syst\u00e8mes d\u00e9coupl\u00e9s &#8211; AGronomic IQ","isPartOf":{"@id":"https:\/\/agronomiciq.com\/fr\/#website"},"datePublished":"2021-03-18T20:46:15+00:00","dateModified":"2024-10-17T18:05:49+00:00","inLanguage":"fr-FR","potentialAction":[{"@type":"ReadAction","target":["https:\/\/agronomiciq.com\/fr\/systemes-decouples\/"]}]},{"@type":"WebSite","@id":"https:\/\/agronomiciq.com\/fr\/#website","url":"https:\/\/agronomiciq.com\/fr\/","name":"AGronomic IQ","description":"Smart HVAC for Growth","publisher":{"@id":"https:\/\/agronomiciq.com\/fr\/#organization"},"potentialAction":[{"@type":"SearchAction","target":{"@type":"EntryPoint","urlTemplate":"https:\/\/agronomiciq.com\/fr\/?s={search_term_string}"},"query-input":{"@type":"PropertyValueSpecification","valueRequired":true,"valueName":"search_term_string"}}],"inLanguage":"fr-FR"},{"@type":"Organization","@id":"https:\/\/agronomiciq.com\/fr\/#organization","name":"AGronomic IQ","url":"https:\/\/agronomiciq.com\/fr\/","logo":{"@type":"ImageObject","inLanguage":"fr-FR","@id":"https:\/\/agronomiciq.com\/fr\/#\/schema\/logo\/image\/","url":"https:\/\/agronomiciq.com\/wp-content\/uploads\/2022\/05\/agiq-logo-sm.png","contentUrl":"https:\/\/agronomiciq.com\/wp-content\/uploads\/2022\/05\/agiq-logo-sm.png","width":800,"height":169,"caption":"AGronomic IQ"},"image":{"@id":"https:\/\/agronomiciq.com\/fr\/#\/schema\/logo\/image\/"},"sameAs":["https:\/\/www.linkedin.com\/company\/agronomic-iq\/","https:\/\/www.youtube.com\/channel\/UC_aE0qmeFqR6yVgiEczVhaA"]}]}},"_links":{"self":[{"href":"https:\/\/agronomiciq.com\/fr\/wp-json\/wp\/v2\/pages\/8535","targetHints":{"allow":["GET"]}}],"collection":[{"href":"https:\/\/agronomiciq.com\/fr\/wp-json\/wp\/v2\/pages"}],"about":[{"href":"https:\/\/agronomiciq.com\/fr\/wp-json\/wp\/v2\/types\/page"}],"author":[{"embeddable":true,"href":"https:\/\/agronomiciq.com\/fr\/wp-json\/wp\/v2\/users\/1"}],"replies":[{"embeddable":true,"href":"https:\/\/agronomiciq.com\/fr\/wp-json\/wp\/v2\/comments?post=8535"}],"version-history":[{"count":1,"href":"https:\/\/agronomiciq.com\/fr\/wp-json\/wp\/v2\/pages\/8535\/revisions"}],"predecessor-version":[{"id":8536,"href":"https:\/\/agronomiciq.com\/fr\/wp-json\/wp\/v2\/pages\/8535\/revisions\/8536"}],"wp:attachment":[{"href":"https:\/\/agronomiciq.com\/fr\/wp-json\/wp\/v2\/media?parent=8535"}],"curies":[{"name":"wp","href":"https:\/\/api.w.org\/{rel}","templated":true}]}}