{"id":8521,"date":"2021-03-18T20:49:25","date_gmt":"2021-03-18T20:49:25","guid":{"rendered":"https:\/\/agronomiciq.com\/un-veritable-equipement-sur-mesure\/"},"modified":"2024-10-28T18:22:00","modified_gmt":"2024-10-28T18:22:00","slug":"equipements-sur-mesure","status":"publish","type":"page","link":"https:\/\/agronomiciq.com\/fr\/equipements-sur-mesure\/","title":{"rendered":"\u00c9quipements sur mesure"},"content":{"rendered":"\t\t<div data-elementor-type=\"wp-page\" data-elementor-id=\"8521\" class=\"elementor elementor-8521 elementor-5847\" data-elementor-post-type=\"page\">\n\t\t\t\t\t\t<section class=\"elementor-section elementor-top-section elementor-element elementor-element-a5ba59d elementor-section-boxed elementor-section-height-default elementor-section-height-default\" data-id=\"a5ba59d\" data-element_type=\"section\" data-e-type=\"section\">\n\t\t\t\t\t\t<div class=\"elementor-container elementor-column-gap-no\">\n\t\t\t\t\t<div class=\"elementor-column elementor-col-100 elementor-top-column elementor-element elementor-element-be6be99\" data-id=\"be6be99\" data-element_type=\"column\" data-e-type=\"column\">\n\t\t\t<div class=\"elementor-widget-wrap elementor-element-populated\">\n\t\t\t\t\t\t<div class=\"elementor-element elementor-element-d6dfaf8 elementor-widget elementor-widget-spacer\" data-id=\"d6dfaf8\" data-element_type=\"widget\" data-e-type=\"widget\" data-widget_type=\"spacer.default\">\n\t\t\t\t<div class=\"elementor-widget-container\">\n\t\t\t\t\t\t\t<div class=\"elementor-spacer\">\n\t\t\t<div class=\"elementor-spacer-inner\"><\/div>\n\t\t<\/div>\n\t\t\t\t\t\t<\/div>\n\t\t\t\t<\/div>\n\t\t\t\t<section class=\"elementor-section elementor-inner-section elementor-element elementor-element-b075095 elementor-section-boxed elementor-section-height-default elementor-section-height-default\" data-id=\"b075095\" data-element_type=\"section\" data-e-type=\"section\">\n\t\t\t\t\t\t<div class=\"elementor-container elementor-column-gap-extended\">\n\t\t\t\t\t<div class=\"elementor-column elementor-col-50 elementor-inner-column elementor-element elementor-element-4e1d308\" data-id=\"4e1d308\" data-element_type=\"column\" data-e-type=\"column\">\n\t\t\t<div class=\"elementor-widget-wrap elementor-element-populated\">\n\t\t\t\t\t\t<div class=\"elementor-element elementor-element-f50b071 shadowedGreen elementor-hidden-tablet elementor-hidden-phone elementor-widget elementor-widget-video\" data-id=\"f50b071\" data-element_type=\"widget\" data-e-type=\"widget\" data-settings=\"{&quot;video_type&quot;:&quot;vimeo&quot;,&quot;show_image_overlay&quot;:&quot;yes&quot;,&quot;image_overlay&quot;:{&quot;url&quot;:&quot;https:\\\/\\\/agronomiciq.com\\\/wp-content\\\/uploads\\\/2021\\\/12\\\/agiq-true-purpose-built-equipment-low.gif&quot;,&quot;id&quot;:8428,&quot;size&quot;:&quot;&quot;,&quot;alt&quot;:&quot;&quot;,&quot;source&quot;:&quot;library&quot;},&quot;lightbox&quot;:&quot;yes&quot;}\" data-widget_type=\"video.default\">\n\t\t\t\t<div class=\"elementor-widget-container\">\n\t\t\t\t\t\t\t<div class=\"elementor-wrapper elementor-open-lightbox\">\n\t\t\t\t\t\t\t<div class=\"elementor-custom-embed-image-overlay\" data-elementor-open-lightbox=\"yes\" data-elementor-lightbox=\"{&quot;type&quot;:&quot;video&quot;,&quot;videoType&quot;:&quot;vimeo&quot;,&quot;url&quot;:&quot;https:\\\/\\\/player.vimeo.com\\\/video\\\/654545928?color&amp;autopause=0&amp;loop=0&amp;muted=0&amp;title=0&amp;portrait=0&amp;byline=0#t=&quot;,&quot;autoplay&quot;:&quot;&quot;,&quot;modalOptions&quot;:{&quot;id&quot;:&quot;elementor-lightbox-f50b071&quot;,&quot;entranceAnimation&quot;:&quot;&quot;,&quot;entranceAnimation_tablet&quot;:&quot;&quot;,&quot;entranceAnimation_mobile&quot;:&quot;&quot;,&quot;videoAspectRatio&quot;:&quot;169&quot;}}\" data-e-action-hash=\"#elementor-action%3Aaction%3Dlightbox%26settings%3DeyJ0eXBlIjoidmlkZW8iLCJ2aWRlb1R5cGUiOiJ2aW1lbyIsInVybCI6Imh0dHBzOlwvXC9wbGF5ZXIudmltZW8uY29tXC92aWRlb1wvNjU0NTQ1OTI4P2NvbG9yJmF1dG9wYXVzZT0wJmxvb3A9MCZtdXRlZD0wJnRpdGxlPTAmcG9ydHJhaXQ9MCZieWxpbmU9MCN0PSIsImF1dG9wbGF5IjoiIiwibW9kYWxPcHRpb25zIjp7ImlkIjoiZWxlbWVudG9yLWxpZ2h0Ym94LWY1MGIwNzEiLCJlbnRyYW5jZUFuaW1hdGlvbiI6IiIsImVudHJhbmNlQW5pbWF0aW9uX3RhYmxldCI6IiIsImVudHJhbmNlQW5pbWF0aW9uX21vYmlsZSI6IiIsInZpZGVvQXNwZWN0UmF0aW8iOiIxNjkifX0%3D\">\n\t\t\t\t\t\t\t\t\t\t\t<img fetchpriority=\"high\" decoding=\"async\" width=\"640\" height=\"360\" src=\"https:\/\/agronomiciq.com\/wp-content\/uploads\/2021\/12\/agiq-true-purpose-built-equipment-low.gif\" class=\"attachment-full size-full wp-image-8428\" alt=\"\" \/>\t\t\t\t\t\t\t\t\t\t\t\t\t\t\t\t<div class=\"elementor-custom-embed-play\" role=\"button\" aria-label=\"Lire la vid\u00e9o\" tabindex=\"0\">\n\t\t\t\t\t\t\t<svg aria-hidden=\"true\" class=\"e-font-icon-svg e-eicon-play\" viewBox=\"0 0 1000 1000\" xmlns=\"http:\/\/www.w3.org\/2000\/svg\"><path d=\"M838 162C746 71 633 25 500 25 371 25 258 71 163 162 71 254 25 367 25 500 25 633 71 746 163 837 254 929 367 979 500 979 633 979 746 933 838 837 929 746 975 633 975 500 975 367 929 254 838 162M808 192C892 279 933 379 933 500 933 621 892 725 808 808 725 892 621 938 500 938 379 938 279 896 196 808 113 725 67 621 67 500 67 379 108 279 196 192 279 108 383 62 500 62 621 62 721 108 808 192M438 392V642L642 517 438 392Z\"><\/path><\/svg>\t\t\t\t\t\t<\/div>\n\t\t\t\t\t\t\t\t\t<\/div>\n\t\t\t\t\t<\/div>\n\t\t\t\t\t\t<\/div>\n\t\t\t\t<\/div>\n\t\t\t\t\t<\/div>\n\t\t<\/div>\n\t\t\t\t<div class=\"elementor-column elementor-col-50 elementor-inner-column elementor-element elementor-element-4938ff6\" data-id=\"4938ff6\" data-element_type=\"column\" data-e-type=\"column\">\n\t\t\t<div class=\"elementor-widget-wrap elementor-element-populated\">\n\t\t\t\t\t\t<div class=\"elementor-element elementor-element-4cd8d8b elementor-widget elementor-widget-text-editor\" data-id=\"4cd8d8b\" data-element_type=\"widget\" data-e-type=\"widget\" data-widget_type=\"text-editor.default\">\n\t\t\t\t<div class=\"elementor-widget-container\">\n\t\t\t\t\t\t\t\t\t<p>L&rsquo;avantage d&rsquo;AGronomic IQ sur ce march\u00e9 est que nous sommes sp\u00e9cialement construits, H-back, con\u00e7us pour le march\u00e9 CEA, vraiment construits \u00e0 partir de la base, con\u00e7us pour ce march\u00e9. Nous avons une longue exp\u00e9rience de la d\u00e9shumidification industrielle, mais nous avons cr\u00e9\u00e9 des \u00e9quipements adapt\u00e9s \u00e0 ce march\u00e9. <\/p>\n<p>Tirer les le\u00e7ons du pass\u00e9, mais ne pas se contenter de r\u00e9appliquer le m\u00eame \u00e9quipement. Nous avons des commandes int\u00e9gr\u00e9es fiables qui essaient de vous soulager du fardeau des commandes, de la conception d&rsquo;un syst\u00e8me personnalis\u00e9 pour contr\u00f4ler vos quatre ou cinq syst\u00e8mes d&rsquo;eau glac\u00e9e ou d&rsquo;un syst\u00e8me personnalis\u00e9 pour essayer de faire fonctionner ensemble des syst\u00e8mes de refroidissement et de d\u00e9shumidification disparates. Les unit\u00e9s sont con\u00e7ues pour \u00eatre r\u00e9gl\u00e9es et oubli\u00e9es. Les commandes int\u00e9gr\u00e9es sont pr\u00eates \u00e0 l&#8217;emploi. Nous avons \u00e9galement int\u00e9gr\u00e9 la redondance. Certains des avantages d&rsquo;un syst\u00e8me d\u00e9coupl\u00e9, par exemple, sont une grande diversit\u00e9 en termes d&rsquo;unit\u00e9s.     <\/p>\n<p>Vous ne perdez pas cette redondance en choisissant un syst\u00e8me AGronomic IQ qui est con\u00e7u pour avoir une redondance int\u00e9gr\u00e9e d\u00e8s le d\u00e9part, nous avons une conception tr\u00e8s \u00e9volutive, ce qui signifie que vous \u00eates en mesure d&rsquo;appliquer des unit\u00e9s \u00e0 la m\u00eame phase un que vous \u00eates \u00e0 la phase cinq et vous n&rsquo;avez pas \u00e0 prendre une d\u00e9cision autour d&rsquo;une centrale pour savoir si vous allez vous \u00e9tendre ou si vous dimensionnez votre centrale uniquement pour votre premi\u00e8re phase et ensuite essayer de l&rsquo;augmenter \u00e0 l&rsquo;avenir pour faire face \u00e0 votre succ\u00e8s. Nous avons la capacit\u00e9 d&rsquo;exp\u00e9dier plus d&rsquo;unit\u00e9s, de traiter chaque pi\u00e8ce comme une pi\u00e8ce individuelle, ce qui pr\u00e9sente de grands avantages du point de vue de la redondance et des temps d&rsquo;arr\u00eat, vous n&rsquo;avez pas un seul point de d\u00e9faillance qui va mettre hors service toute une installation. C&rsquo;est ainsi qu&rsquo;il est con\u00e7u. Nos unit\u00e9s sont \u00e9galement con\u00e7ues pour \u00eatre tr\u00e8s efficaces sur le plan \u00e9nerg\u00e9tique. Nos unit\u00e9s ext\u00e9rieures typiques ont une efficacit\u00e9 \u00e9nerg\u00e9tique, un indice E R de l&rsquo;ordre de quatre dizaines, bien plus \u00e9lev\u00e9 que celui d&rsquo;un \u00e9quipement de toiture typique.    <\/p>\n<p>Cela signifie que, coupl\u00e9 \u00e0 des compresseurs \u00e0 capacit\u00e9 variable modulant le r\u00e9chauffage, nous sommes en mesure de contr\u00f4ler tr\u00e8s pr\u00e9cis\u00e9ment votre espace, mais aussi de le faire de mani\u00e8re tr\u00e8s \u00e9conomique et tr\u00e8s efficace. Nous avons con\u00e7u ce syst\u00e8me pour qu&rsquo;il soit facile \u00e0 int\u00e9grer. <\/p>\n<p>Notre objectif est d&rsquo;\u00eatre votre partenaire, de vous guider tout au long du processus, mais de faire en sorte que ce processus soit facile, que vous soyez rapidement op\u00e9rationnel, que vos rendements augmentent rapidement, que votre investissement soit rapidement rentabilis\u00e9, et c&rsquo;est ce dont il s&rsquo;agit pour nous.<\/p>\n<p>Je serais ravi d&rsquo;en savoir plus sur votre projet et sur la mani\u00e8re dont nous pouvons vous aider \u00e0 appuyer sur le bouton \u00ab\u00a0facile\u00a0\u00bb. Faites fonctionner votre \u00e9tablissement. Obtenez d&rsquo;excellents r\u00e9sultats.  <\/p>\n\t\t\t\t\t\t\t\t<\/div>\n\t\t\t\t<\/div>\n\t\t\t\t<div class=\"elementor-element elementor-element-02b1bbb back elementor-widget elementor-widget-text-editor\" data-id=\"02b1bbb\" data-element_type=\"widget\" data-e-type=\"widget\" data-widget_type=\"text-editor.default\">\n\t\t\t\t<div class=\"elementor-widget-container\">\n\t\t\t\t\t\t\t\t\t<p><a href=\"https:\/\/agronomiciq.com\/purpose-built-hvac\/\">Retour \u00e0 la vid\u00e9o<\/a><\/p>\n\t\t\t\t\t\t\t\t<\/div>\n\t\t\t\t<\/div>\n\t\t\t\t\t<\/div>\n\t\t<\/div>\n\t\t\t\t\t<\/div>\n\t\t<\/section>\n\t\t\t\t<div class=\"elementor-element elementor-element-8f65db6 elementor-widget elementor-widget-spacer\" data-id=\"8f65db6\" data-element_type=\"widget\" data-e-type=\"widget\" data-widget_type=\"spacer.default\">\n\t\t\t\t<div class=\"elementor-widget-container\">\n\t\t\t\t\t\t\t<div class=\"elementor-spacer\">\n\t\t\t<div class=\"elementor-spacer-inner\"><\/div>\n\t\t<\/div>\n\t\t\t\t\t\t<\/div>\n\t\t\t\t<\/div>\n\t\t\t\t\t<\/div>\n\t\t<\/div>\n\t\t\t\t\t<\/div>\n\t\t<\/section>\n\t\t\t\t<\/div>\n\t\t","protected":false},"excerpt":{"rendered":"<p>https:\/\/vimeo.com\/654545928 L&rsquo;avantage d&rsquo;AGronomic IQ sur ce march\u00e9 est que nous sommes sp\u00e9cialement construits, H-back, con\u00e7us pour le march\u00e9 CEA, vraiment construits \u00e0 partir de la base, con\u00e7us pour ce march\u00e9. Nous avons une longue exp\u00e9rience de la d\u00e9shumidification industrielle, mais nous avons cr\u00e9\u00e9 des \u00e9quipements adapt\u00e9s \u00e0 ce march\u00e9. Tirer les le\u00e7ons du pass\u00e9, mais &#8230; <a title=\"\u00c9quipements sur mesure\" class=\"read-more\" href=\"https:\/\/agronomiciq.com\/fr\/equipements-sur-mesure\/\" aria-label=\"En savoir plus sur \u00c9quipements sur mesure\">Lire plus<\/a><\/p>\n","protected":false},"author":1,"featured_media":0,"parent":0,"menu_order":0,"comment_status":"closed","ping_status":"closed","template":"elementor_header_footer","meta":{"footnotes":""},"class_list":["post-8521","page","type-page","status-publish"],"yoast_head":"<!-- This site is optimized with the Yoast SEO Premium plugin v27.1 (Yoast SEO v27.1.1) - https:\/\/yoast.com\/product\/yoast-seo-premium-wordpress\/ -->\n<title>\u00c9quipements sur mesure &#8211; AGronomic IQ<\/title>\n<meta name=\"robots\" content=\"index, follow, max-snippet:-1, max-image-preview:large, max-video-preview:-1\" \/>\n<link rel=\"canonical\" href=\"https:\/\/agronomiciq.com\/fr\/equipements-sur-mesure\/\" \/>\n<meta property=\"og:locale\" content=\"fr_FR\" \/>\n<meta property=\"og:type\" content=\"article\" \/>\n<meta property=\"og:title\" content=\"\u00c9quipements sur mesure\" \/>\n<meta property=\"og:description\" content=\"https:\/\/vimeo.com\/654545928L&#039;avantage d&#039;AGronomic IQ sur ce march\u00e9 est que nous sommes sp\u00e9cialement construits, H-back, con\u00e7us pour le march\u00e9 CEA,\" \/>\n<meta property=\"og:url\" content=\"https:\/\/agronomiciq.com\/fr\/equipements-sur-mesure\/\" \/>\n<meta property=\"og:site_name\" content=\"AGronomic IQ\" \/>\n<meta property=\"article:modified_time\" content=\"2024-10-28T18:22:00+00:00\" \/>\n<meta name=\"twitter:card\" content=\"summary_large_image\" \/>\n<meta name=\"twitter:label1\" content=\"Dur\u00e9e de lecture estim\u00e9e\" \/>\n\t<meta name=\"twitter:data1\" content=\"3 minutes\" \/>\n<script type=\"application\/ld+json\" class=\"yoast-schema-graph\">{\"@context\":\"https:\/\/schema.org\",\"@graph\":[{\"@type\":\"WebPage\",\"@id\":\"https:\/\/agronomiciq.com\/fr\/equipements-sur-mesure\/\",\"url\":\"https:\/\/agronomiciq.com\/fr\/equipements-sur-mesure\/\",\"name\":\"\u00c9quipements sur mesure &#8211; AGronomic IQ\",\"isPartOf\":{\"@id\":\"https:\/\/agronomiciq.com\/fr\/#website\"},\"datePublished\":\"2021-03-18T20:49:25+00:00\",\"dateModified\":\"2024-10-28T18:22:00+00:00\",\"inLanguage\":\"fr-FR\",\"potentialAction\":[{\"@type\":\"ReadAction\",\"target\":[\"https:\/\/agronomiciq.com\/fr\/equipements-sur-mesure\/\"]}]},{\"@type\":\"WebSite\",\"@id\":\"https:\/\/agronomiciq.com\/fr\/#website\",\"url\":\"https:\/\/agronomiciq.com\/fr\/\",\"name\":\"AGronomic IQ\",\"description\":\"Smart HVAC for Growth\",\"publisher\":{\"@id\":\"https:\/\/agronomiciq.com\/fr\/#organization\"},\"potentialAction\":[{\"@type\":\"SearchAction\",\"target\":{\"@type\":\"EntryPoint\",\"urlTemplate\":\"https:\/\/agronomiciq.com\/fr\/?s={search_term_string}\"},\"query-input\":{\"@type\":\"PropertyValueSpecification\",\"valueRequired\":true,\"valueName\":\"search_term_string\"}}],\"inLanguage\":\"fr-FR\"},{\"@type\":\"Organization\",\"@id\":\"https:\/\/agronomiciq.com\/fr\/#organization\",\"name\":\"AGronomic IQ\",\"url\":\"https:\/\/agronomiciq.com\/fr\/\",\"logo\":{\"@type\":\"ImageObject\",\"inLanguage\":\"fr-FR\",\"@id\":\"https:\/\/agronomiciq.com\/fr\/#\/schema\/logo\/image\/\",\"url\":\"https:\/\/agronomiciq.com\/wp-content\/uploads\/2022\/05\/agiq-logo-sm.png\",\"contentUrl\":\"https:\/\/agronomiciq.com\/wp-content\/uploads\/2022\/05\/agiq-logo-sm.png\",\"width\":800,\"height\":169,\"caption\":\"AGronomic IQ\"},\"image\":{\"@id\":\"https:\/\/agronomiciq.com\/fr\/#\/schema\/logo\/image\/\"},\"sameAs\":[\"https:\/\/www.linkedin.com\/company\/agronomic-iq\/\",\"https:\/\/www.youtube.com\/channel\/UC_aE0qmeFqR6yVgiEczVhaA\"]}]}<\/script>\n<!-- \/ Yoast SEO Premium plugin. -->","yoast_head_json":{"title":"\u00c9quipements sur mesure &#8211; AGronomic IQ","robots":{"index":"index","follow":"follow","max-snippet":"max-snippet:-1","max-image-preview":"max-image-preview:large","max-video-preview":"max-video-preview:-1"},"canonical":"https:\/\/agronomiciq.com\/fr\/equipements-sur-mesure\/","og_locale":"fr_FR","og_type":"article","og_title":"\u00c9quipements sur mesure","og_description":"https:\/\/vimeo.com\/654545928L'avantage d'AGronomic IQ sur ce march\u00e9 est que nous sommes sp\u00e9cialement construits, H-back, con\u00e7us pour le march\u00e9 CEA,","og_url":"https:\/\/agronomiciq.com\/fr\/equipements-sur-mesure\/","og_site_name":"AGronomic IQ","article_modified_time":"2024-10-28T18:22:00+00:00","twitter_card":"summary_large_image","twitter_misc":{"Dur\u00e9e de lecture estim\u00e9e":"3 minutes"},"schema":{"@context":"https:\/\/schema.org","@graph":[{"@type":"WebPage","@id":"https:\/\/agronomiciq.com\/fr\/equipements-sur-mesure\/","url":"https:\/\/agronomiciq.com\/fr\/equipements-sur-mesure\/","name":"\u00c9quipements sur mesure &#8211; AGronomic IQ","isPartOf":{"@id":"https:\/\/agronomiciq.com\/fr\/#website"},"datePublished":"2021-03-18T20:49:25+00:00","dateModified":"2024-10-28T18:22:00+00:00","inLanguage":"fr-FR","potentialAction":[{"@type":"ReadAction","target":["https:\/\/agronomiciq.com\/fr\/equipements-sur-mesure\/"]}]},{"@type":"WebSite","@id":"https:\/\/agronomiciq.com\/fr\/#website","url":"https:\/\/agronomiciq.com\/fr\/","name":"AGronomic IQ","description":"Smart HVAC for Growth","publisher":{"@id":"https:\/\/agronomiciq.com\/fr\/#organization"},"potentialAction":[{"@type":"SearchAction","target":{"@type":"EntryPoint","urlTemplate":"https:\/\/agronomiciq.com\/fr\/?s={search_term_string}"},"query-input":{"@type":"PropertyValueSpecification","valueRequired":true,"valueName":"search_term_string"}}],"inLanguage":"fr-FR"},{"@type":"Organization","@id":"https:\/\/agronomiciq.com\/fr\/#organization","name":"AGronomic IQ","url":"https:\/\/agronomiciq.com\/fr\/","logo":{"@type":"ImageObject","inLanguage":"fr-FR","@id":"https:\/\/agronomiciq.com\/fr\/#\/schema\/logo\/image\/","url":"https:\/\/agronomiciq.com\/wp-content\/uploads\/2022\/05\/agiq-logo-sm.png","contentUrl":"https:\/\/agronomiciq.com\/wp-content\/uploads\/2022\/05\/agiq-logo-sm.png","width":800,"height":169,"caption":"AGronomic IQ"},"image":{"@id":"https:\/\/agronomiciq.com\/fr\/#\/schema\/logo\/image\/"},"sameAs":["https:\/\/www.linkedin.com\/company\/agronomic-iq\/","https:\/\/www.youtube.com\/channel\/UC_aE0qmeFqR6yVgiEczVhaA"]}]}},"_links":{"self":[{"href":"https:\/\/agronomiciq.com\/fr\/wp-json\/wp\/v2\/pages\/8521","targetHints":{"allow":["GET"]}}],"collection":[{"href":"https:\/\/agronomiciq.com\/fr\/wp-json\/wp\/v2\/pages"}],"about":[{"href":"https:\/\/agronomiciq.com\/fr\/wp-json\/wp\/v2\/types\/page"}],"author":[{"embeddable":true,"href":"https:\/\/agronomiciq.com\/fr\/wp-json\/wp\/v2\/users\/1"}],"replies":[{"embeddable":true,"href":"https:\/\/agronomiciq.com\/fr\/wp-json\/wp\/v2\/comments?post=8521"}],"version-history":[{"count":2,"href":"https:\/\/agronomiciq.com\/fr\/wp-json\/wp\/v2\/pages\/8521\/revisions"}],"predecessor-version":[{"id":8714,"href":"https:\/\/agronomiciq.com\/fr\/wp-json\/wp\/v2\/pages\/8521\/revisions\/8714"}],"wp:attachment":[{"href":"https:\/\/agronomiciq.com\/fr\/wp-json\/wp\/v2\/media?parent=8521"}],"curies":[{"name":"wp","href":"https:\/\/api.w.org\/{rel}","templated":true}]}}